{"id":1164,"date":"2021-02-22T09:58:04","date_gmt":"2021-02-22T09:58:04","guid":{"rendered":"https:\/\/bluewaves.hr\/?page_id=1164"},"modified":"2021-04-28T12:29:58","modified_gmt":"2021-04-28T12:29:58","slug":"buchen-mit-25-rabatt","status":"publish","type":"page","link":"https:\/\/bluewaves.hr\/de\/buchen-mit-25-rabatt\/","title":{"rendered":"BUCHEN MIT 25% RABATT"},"content":{"rendered":"<p>Auf der Suche nach einem Familienurlaub, aber trotzdem mit dem Gef\u00fchl, zu Hause zu sein? Das Blue Waves Resort ist ein Familienresort mit vielseitigen Einrichtungen, die einen unvergesslichen Familienurlaub garantieren.<\/p>\n<p>Nur mit dem Geheimcode <strong>CAMP-HR25 <\/strong>haben Sie Anspruch auf bis zu <strong>25% Rabatt<\/strong> <strong>bis April 30<\/strong>.<br \/>\nVerwenden Sie es f\u00fcr eine direkte Reservierung auf unserer Website. Wir garantieren den besten verf\u00fcgbaren Online-Preis.<\/p>\n<p><strong>Die Vorteile bei direkter Buchung:<\/strong><br \/>\n1) Bester verf\u00fcgbarer Preis, mit diesem Angebot erhalten Sie 25% Rabatt.<br \/>\n2) Eine kostenlose Stornierung m\u00f6glich.<br \/>\n3) Kostenlose \u00c4nderung Ihrer Reservierung zu anderen Terminen und in Absprache mit unserer Reservierungsabteilung.<\/p>\n<p>Wie benutze ich den Code? Klicken Sie auf den Link <a href=\"https:\/\/bit.ly\/3sjTlmb\"><strong><span style=\"color: #0000ff\">https:\/\/bit.ly\/3sjTlmb<\/span>\u00a0<\/strong><\/a>und w\u00e4hlen Sie Ihre Daten aus! Der Code ist schon da.<\/p>\n<p>&nbsp;<\/p>\n<p>Sie werden diese Dienstleistungen w\u00e4hrend Ihres Aufenthalts kostenlos genie\u00dfen:<br \/>\n&#8211; Nutzung von Au\u00dfenpools in der Badesaison<br \/>\n&#8211; Benutzung von Sonnenliegen und Sonnenschirmen neben den Pools<br \/>\n&#8211; Verwendung von Strandt\u00fcchern<br \/>\n&#8211; Nutzung des Health &amp; Relax-Bereichs (Innenpool, Whirlpool, Fitness)<br \/>\n&#8211; Nutzung von SPA sind (finnische Sauna, Biosauna, Dampfbad, Keramikliegen, Duschen)<br \/>\n&#8211; Kostenloses WLAN in allen G\u00e4stezimmern und Gemeinschaftsbereichen<br \/>\n&#8211; Freier Zugang zum Strand vor dem Hotel<\/p>\n<p>&nbsp;<\/p>\n<p>Unser 4-Sterne-Hotel liegt am sch\u00f6nen Strand Rova in Malinska auf der Insel Krk. Die Insel Krk befindet sich in der n\u00f6rdlichen Region Kvarner und ist mit Ihrem Auto leicht zu erreichen.<\/p>\n<p>Unser engagiertes Team wird sich gut um Sie k\u00fcmmern und sicherstellen, dass alle Gesundheits- und Sicherheitsma\u00dfnahmen umgesetzt werden, sodass Sie nicht dar\u00fcber nachdenken m\u00fcssen. Wenn Sie Fragen zur Sicherheit, zu den Buchungsbedingungen oder zu Ihrem Aufenthalt im Blue Waves Resort haben, senden Sie uns bitte eine E-Mail an <strong><span style=\"color: #0000ff\"><a style=\"color: #0000ff\" href=\"mailto:reservations@bluewaves.hr\">reservations@bluewaves.hr<\/a><\/span><\/strong> oder rufen Sie uns unter +38551654002 (Montag bis Freitag) an.<\/p>\n<p>Wenn Sie sicherstellen m\u00f6chten, dass Sie immer das beste Angebot erhalten, abonnieren Sie bitte unseren <a href=\"https:\/\/bluewaves.hr\/de\/newsletter-2\/\"><strong><span style=\"color: #0000ff\">Newsletter<\/span><\/strong><\/a>. Sie k\u00f6nnen sich jederzeit abmelden.<\/p>\n","protected":false},"excerpt":{"rendered":"<p>Auf der Suche nach einem Familienurlaub, aber trotzdem mit dem Gef\u00fchl, zu Hause zu sein? Das Blue Waves Resort ist ein Familienresort mit vielseitigen Einrichtungen, die einen unvergesslichen Familienurlaub garantieren. Nur mit dem Geheimcode CAMP-HR25 haben Sie Anspruch auf bis zu 25% Rabatt bis April 30. Verwenden Sie es f\u00fcr eine direkte Reservierung auf unserer [&hellip;]<\/p>\n","protected":false},"author":98,"featured_media":0,"parent":0,"menu_order":0,"comment_status":"closed","ping_status":"closed","template":"","meta":{"footnotes":""},"class_list":["post-1164","page","type-page","status-publish","hentry"],"yoast_head":"<!-- This site is optimized with the Yoast SEO plugin v26.9 - https:\/\/yoast.com\/product\/yoast-seo-wordpress\/ -->\n<title>BUCHEN MIT 25% RABATT - Blue Waves Resort Insel Krk<\/title>\n<meta name=\"description\" content=\"Nur mit dem Geheimcode CAMP-BWR25 haben Sie Anspruch auf bis zu 25% Rabatt bis April 30.Verwenden Sie es f\u00fcr eine direkte Reservierung auf unserer Website.\" \/>\n<meta name=\"robots\" content=\"index, follow, max-snippet:-1, max-image-preview:large, max-video-preview:-1\" \/>\n<link rel=\"canonical\" href=\"https:\/\/bluewaves.hr\/de\/buchen-mit-25-rabatt\/\" \/>\n<meta property=\"og:locale\" content=\"de_DE\" \/>\n<meta property=\"og:type\" content=\"article\" \/>\n<meta property=\"og:title\" content=\"BUCHEN MIT 25% RABATT - Blue Waves Resort Insel Krk\" \/>\n<meta property=\"og:description\" content=\"Nur mit dem Geheimcode CAMP-BWR25 haben Sie Anspruch auf bis zu 25% Rabatt bis April 30.Verwenden Sie es f\u00fcr eine direkte Reservierung auf unserer Website.\" \/>\n<meta property=\"og:url\" content=\"https:\/\/bluewaves.hr\/de\/buchen-mit-25-rabatt\/\" \/>\n<meta property=\"og:site_name\" content=\"Blue Waves Resort\" \/>\n<meta property=\"article:modified_time\" content=\"2021-04-28T12:29:58+00:00\" \/>\n<meta name=\"twitter:card\" content=\"summary_large_image\" \/>\n<meta name=\"twitter:label1\" content=\"Gesch\u00e4tzte Lesezeit\" \/>\n\t<meta name=\"twitter:data1\" content=\"2 Minuten\" \/>\n<script type=\"application\/ld+json\" class=\"yoast-schema-graph\">{\"@context\":\"https:\/\/schema.org\",\"@graph\":[{\"@type\":\"WebPage\",\"@id\":\"https:\/\/bluewaves.hr\/de\/buchen-mit-25-rabatt\/\",\"url\":\"https:\/\/bluewaves.hr\/de\/buchen-mit-25-rabatt\/\",\"name\":\"BUCHEN MIT 25% RABATT - Blue Waves Resort Insel Krk\",\"isPartOf\":{\"@id\":\"https:\/\/bluewaves.hr\/de\/#website\"},\"datePublished\":\"2021-02-22T09:58:04+00:00\",\"dateModified\":\"2021-04-28T12:29:58+00:00\",\"description\":\"Nur mit dem Geheimcode CAMP-BWR25 haben Sie Anspruch auf bis zu 25% Rabatt bis April 30.Verwenden Sie es f\u00fcr eine direkte Reservierung auf unserer Website.\",\"breadcrumb\":{\"@id\":\"https:\/\/bluewaves.hr\/de\/buchen-mit-25-rabatt\/#breadcrumb\"},\"inLanguage\":\"de-DE\",\"potentialAction\":[{\"@type\":\"ReadAction\",\"target\":[\"https:\/\/bluewaves.hr\/de\/buchen-mit-25-rabatt\/\"]}]},{\"@type\":\"BreadcrumbList\",\"@id\":\"https:\/\/bluewaves.hr\/de\/buchen-mit-25-rabatt\/#breadcrumb\",\"itemListElement\":[{\"@type\":\"ListItem\",\"position\":1,\"name\":\"Home\",\"item\":\"https:\/\/bluewaves.hr\/de\/\"},{\"@type\":\"ListItem\",\"position\":2,\"name\":\"BUCHEN MIT 25% RABATT\"}]},{\"@type\":\"WebSite\",\"@id\":\"https:\/\/bluewaves.hr\/de\/#website\",\"url\":\"https:\/\/bluewaves.hr\/de\/\",\"name\":\"Blue Waves Resort\",\"description\":\"Just another ms.decms.eu site\",\"publisher\":{\"@id\":\"https:\/\/bluewaves.hr\/de\/#organization\"},\"potentialAction\":[{\"@type\":\"SearchAction\",\"target\":{\"@type\":\"EntryPoint\",\"urlTemplate\":\"https:\/\/bluewaves.hr\/de\/?s={search_term_string}\"},\"query-input\":{\"@type\":\"PropertyValueSpecification\",\"valueRequired\":true,\"valueName\":\"search_term_string\"}}],\"inLanguage\":\"de-DE\"},{\"@type\":\"Organization\",\"@id\":\"https:\/\/bluewaves.hr\/de\/#organization\",\"name\":\"Blue Waves Resort\",\"url\":\"https:\/\/bluewaves.hr\/de\/\",\"logo\":{\"@type\":\"ImageObject\",\"inLanguage\":\"de-DE\",\"@id\":\"https:\/\/bluewaves.hr\/de\/#\/schema\/logo\/image\/\",\"url\":\"https:\/\/bluewaves.hr\/wp-content\/uploads\/sites\/100\/2024\/01\/Blue-waves-logo-zlatni.png\",\"contentUrl\":\"https:\/\/bluewaves.hr\/wp-content\/uploads\/sites\/100\/2024\/01\/Blue-waves-logo-zlatni.png\",\"width\":1168,\"height\":652,\"caption\":\"Blue Waves Resort\"},\"image\":{\"@id\":\"https:\/\/bluewaves.hr\/de\/#\/schema\/logo\/image\/\"}}]}<\/script>\n<!-- \/ Yoast SEO plugin. -->","yoast_head_json":{"title":"BUCHEN MIT 25% RABATT - Blue Waves Resort Insel Krk","description":"Nur mit dem Geheimcode CAMP-BWR25 haben Sie Anspruch auf bis zu 25% Rabatt bis April 30.Verwenden Sie es f\u00fcr eine direkte Reservierung auf unserer Website.","robots":{"index":"index","follow":"follow","max-snippet":"max-snippet:-1","max-image-preview":"max-image-preview:large","max-video-preview":"max-video-preview:-1"},"canonical":"https:\/\/bluewaves.hr\/de\/buchen-mit-25-rabatt\/","og_locale":"de_DE","og_type":"article","og_title":"BUCHEN MIT 25% RABATT - Blue Waves Resort Insel Krk","og_description":"Nur mit dem Geheimcode CAMP-BWR25 haben Sie Anspruch auf bis zu 25% Rabatt bis April 30.Verwenden Sie es f\u00fcr eine direkte Reservierung auf unserer Website.","og_url":"https:\/\/bluewaves.hr\/de\/buchen-mit-25-rabatt\/","og_site_name":"Blue Waves Resort","article_modified_time":"2021-04-28T12:29:58+00:00","twitter_card":"summary_large_image","twitter_misc":{"Gesch\u00e4tzte Lesezeit":"2 Minuten"},"schema":{"@context":"https:\/\/schema.org","@graph":[{"@type":"WebPage","@id":"https:\/\/bluewaves.hr\/de\/buchen-mit-25-rabatt\/","url":"https:\/\/bluewaves.hr\/de\/buchen-mit-25-rabatt\/","name":"BUCHEN MIT 25% RABATT - Blue Waves Resort Insel Krk","isPartOf":{"@id":"https:\/\/bluewaves.hr\/de\/#website"},"datePublished":"2021-02-22T09:58:04+00:00","dateModified":"2021-04-28T12:29:58+00:00","description":"Nur mit dem Geheimcode CAMP-BWR25 haben Sie Anspruch auf bis zu 25% Rabatt bis April 30.Verwenden Sie es f\u00fcr eine direkte Reservierung auf unserer Website.","breadcrumb":{"@id":"https:\/\/bluewaves.hr\/de\/buchen-mit-25-rabatt\/#breadcrumb"},"inLanguage":"de-DE","potentialAction":[{"@type":"ReadAction","target":["https:\/\/bluewaves.hr\/de\/buchen-mit-25-rabatt\/"]}]},{"@type":"BreadcrumbList","@id":"https:\/\/bluewaves.hr\/de\/buchen-mit-25-rabatt\/#breadcrumb","itemListElement":[{"@type":"ListItem","position":1,"name":"Home","item":"https:\/\/bluewaves.hr\/de\/"},{"@type":"ListItem","position":2,"name":"BUCHEN MIT 25% RABATT"}]},{"@type":"WebSite","@id":"https:\/\/bluewaves.hr\/de\/#website","url":"https:\/\/bluewaves.hr\/de\/","name":"Blue Waves Resort","description":"Just another ms.decms.eu site","publisher":{"@id":"https:\/\/bluewaves.hr\/de\/#organization"},"potentialAction":[{"@type":"SearchAction","target":{"@type":"EntryPoint","urlTemplate":"https:\/\/bluewaves.hr\/de\/?s={search_term_string}"},"query-input":{"@type":"PropertyValueSpecification","valueRequired":true,"valueName":"search_term_string"}}],"inLanguage":"de-DE"},{"@type":"Organization","@id":"https:\/\/bluewaves.hr\/de\/#organization","name":"Blue Waves Resort","url":"https:\/\/bluewaves.hr\/de\/","logo":{"@type":"ImageObject","inLanguage":"de-DE","@id":"https:\/\/bluewaves.hr\/de\/#\/schema\/logo\/image\/","url":"https:\/\/bluewaves.hr\/wp-content\/uploads\/sites\/100\/2024\/01\/Blue-waves-logo-zlatni.png","contentUrl":"https:\/\/bluewaves.hr\/wp-content\/uploads\/sites\/100\/2024\/01\/Blue-waves-logo-zlatni.png","width":1168,"height":652,"caption":"Blue Waves Resort"},"image":{"@id":"https:\/\/bluewaves.hr\/de\/#\/schema\/logo\/image\/"}}]}},"acf":[],"_links":{"self":[{"href":"https:\/\/bluewaves.hr\/de\/wp-json\/wp\/v2\/pages\/1164","targetHints":{"allow":["GET"]}}],"collection":[{"href":"https:\/\/bluewaves.hr\/de\/wp-json\/wp\/v2\/pages"}],"about":[{"href":"https:\/\/bluewaves.hr\/de\/wp-json\/wp\/v2\/types\/page"}],"author":[{"embeddable":true,"href":"https:\/\/bluewaves.hr\/de\/wp-json\/wp\/v2\/users\/98"}],"replies":[{"embeddable":true,"href":"https:\/\/bluewaves.hr\/de\/wp-json\/wp\/v2\/comments?post=1164"}],"version-history":[{"count":0,"href":"https:\/\/bluewaves.hr\/de\/wp-json\/wp\/v2\/pages\/1164\/revisions"}],"wp:attachment":[{"href":"https:\/\/bluewaves.hr\/de\/wp-json\/wp\/v2\/media?parent=1164"}],"curies":[{"name":"wp","href":"https:\/\/api.w.org\/{rel}","templated":true}]}}