{"id":1290,"date":"2021-04-23T05:24:19","date_gmt":"2021-04-23T05:24:19","guid":{"rendered":"https:\/\/bluewaves.hr\/last-minute\/"},"modified":"2022-10-13T13:30:47","modified_gmt":"2022-10-13T13:30:47","slug":"urlaub","status":"publish","type":"page","link":"https:\/\/bluewaves.hr\/de\/urlaub\/","title":{"rendered":"URLAUB"},"content":{"rendered":"<p>Das Blue Waves Resort ist ein 4-Sterne-Hotel in Malinska, Insel Krk. Es liegt direkt am Strand in einer ruhigen Umgebung. Das Hotel bietet 2 Au\u00dfenpools, eine Sonnenterrasse mit kostenlosen Sonnenliegen und Sonnenschirmen, eine ger\u00e4umige Terrassenbar neben dem Strand, ein Restaurant mit Meerblick und ein Spielzimmer. Das Parken ist in der Hotelgarage oder drau\u00dfen auf dem Hotelgel\u00e4nde m\u00f6glich. Wellness &amp; SPA bieten Innenpool, Whirlpool, eine Auswahl an Saunen und beheizte Keramikliegen im Ruhebereich.<\/p>\n<p><strong>Verpassen Sie nicht unsere Sonderangebote und genie\u00dfen Sie die Vorteile!<\/strong><\/p>\n<p>Erhalten Sie den Blue Waves Resort <a href=\"https:\/\/bluewaves.hr\/de\/newsletter\/\"><strong>Newsletter<\/strong><\/a>, um als Erster Sonderangebote und Rabatte zu erhalten.<\/p>\n","protected":false},"excerpt":{"rendered":"<p>Das Blue Waves Resort ist ein 4-Sterne-Hotel in Malinska, Insel Krk. Es liegt direkt am Strand in einer ruhigen Umgebung. Das Hotel bietet 2 Au\u00dfenpools, eine Sonnenterrasse mit kostenlosen Sonnenliegen und Sonnenschirmen, eine ger\u00e4umige Terrassenbar neben dem Strand, ein Restaurant mit Meerblick und ein Spielzimmer. Das Parken ist in der Hotelgarage oder drau\u00dfen auf dem [&hellip;]<\/p>\n","protected":false},"author":98,"featured_media":0,"parent":0,"menu_order":0,"comment_status":"closed","ping_status":"closed","template":"template-restaurants.php","meta":{"footnotes":""},"class_list":["post-1290","page","type-page","status-publish","hentry"],"yoast_head":"<!-- This site is optimized with the Yoast SEO plugin v26.9 - https:\/\/yoast.com\/product\/yoast-seo-wordpress\/ -->\n<title>URLAUB ANGEBOTEN - Blue Waves Resort<\/title>\n<meta name=\"description\" content=\"Das Blue Waves Resort ist ein 4-Sterne-Hotel in Malinska, Insel Krk. Verpassen Sie nicht unsere Sonderangebote und genie\u00dfen Sie die Vorteile!\" \/>\n<meta name=\"robots\" content=\"index, follow, max-snippet:-1, max-image-preview:large, max-video-preview:-1\" \/>\n<link rel=\"canonical\" href=\"https:\/\/bluewaves.hr\/de\/urlaub\/\" \/>\n<meta property=\"og:locale\" content=\"de_DE\" \/>\n<meta property=\"og:type\" content=\"article\" \/>\n<meta property=\"og:title\" content=\"URLAUB ANGEBOTEN - Blue Waves Resort\" \/>\n<meta property=\"og:description\" content=\"Das Blue Waves Resort ist ein 4-Sterne-Hotel in Malinska, Insel Krk. Verpassen Sie nicht unsere Sonderangebote und genie\u00dfen Sie die Vorteile!\" \/>\n<meta property=\"og:url\" content=\"https:\/\/bluewaves.hr\/de\/urlaub\/\" \/>\n<meta property=\"og:site_name\" content=\"Blue Waves Resort\" \/>\n<meta property=\"article:modified_time\" content=\"2022-10-13T13:30:47+00:00\" \/>\n<meta name=\"twitter:card\" content=\"summary_large_image\" \/>\n<meta name=\"twitter:label1\" content=\"Gesch\u00e4tzte Lesezeit\" \/>\n\t<meta name=\"twitter:data1\" content=\"1 Minute\" \/>\n<script type=\"application\/ld+json\" class=\"yoast-schema-graph\">{\"@context\":\"https:\/\/schema.org\",\"@graph\":[{\"@type\":\"WebPage\",\"@id\":\"https:\/\/bluewaves.hr\/de\/urlaub\/\",\"url\":\"https:\/\/bluewaves.hr\/de\/urlaub\/\",\"name\":\"URLAUB ANGEBOTEN - Blue Waves Resort\",\"isPartOf\":{\"@id\":\"https:\/\/bluewaves.hr\/de\/#website\"},\"datePublished\":\"2021-04-23T05:24:19+00:00\",\"dateModified\":\"2022-10-13T13:30:47+00:00\",\"description\":\"Das Blue Waves Resort ist ein 4-Sterne-Hotel in Malinska, Insel Krk. Verpassen Sie nicht unsere Sonderangebote und genie\u00dfen Sie die Vorteile!\",\"breadcrumb\":{\"@id\":\"https:\/\/bluewaves.hr\/de\/urlaub\/#breadcrumb\"},\"inLanguage\":\"de-DE\",\"potentialAction\":[{\"@type\":\"ReadAction\",\"target\":[\"https:\/\/bluewaves.hr\/de\/urlaub\/\"]}]},{\"@type\":\"BreadcrumbList\",\"@id\":\"https:\/\/bluewaves.hr\/de\/urlaub\/#breadcrumb\",\"itemListElement\":[{\"@type\":\"ListItem\",\"position\":1,\"name\":\"Home\",\"item\":\"https:\/\/bluewaves.hr\/de\/\"},{\"@type\":\"ListItem\",\"position\":2,\"name\":\"URLAUB\"}]},{\"@type\":\"WebSite\",\"@id\":\"https:\/\/bluewaves.hr\/de\/#website\",\"url\":\"https:\/\/bluewaves.hr\/de\/\",\"name\":\"Blue Waves Resort\",\"description\":\"Just another ms.decms.eu site\",\"publisher\":{\"@id\":\"https:\/\/bluewaves.hr\/de\/#organization\"},\"potentialAction\":[{\"@type\":\"SearchAction\",\"target\":{\"@type\":\"EntryPoint\",\"urlTemplate\":\"https:\/\/bluewaves.hr\/de\/?s={search_term_string}\"},\"query-input\":{\"@type\":\"PropertyValueSpecification\",\"valueRequired\":true,\"valueName\":\"search_term_string\"}}],\"inLanguage\":\"de-DE\"},{\"@type\":\"Organization\",\"@id\":\"https:\/\/bluewaves.hr\/de\/#organization\",\"name\":\"Blue Waves Resort\",\"url\":\"https:\/\/bluewaves.hr\/de\/\",\"logo\":{\"@type\":\"ImageObject\",\"inLanguage\":\"de-DE\",\"@id\":\"https:\/\/bluewaves.hr\/de\/#\/schema\/logo\/image\/\",\"url\":\"https:\/\/bluewaves.hr\/wp-content\/uploads\/sites\/100\/2024\/01\/Blue-waves-logo-zlatni.png\",\"contentUrl\":\"https:\/\/bluewaves.hr\/wp-content\/uploads\/sites\/100\/2024\/01\/Blue-waves-logo-zlatni.png\",\"width\":1168,\"height\":652,\"caption\":\"Blue Waves Resort\"},\"image\":{\"@id\":\"https:\/\/bluewaves.hr\/de\/#\/schema\/logo\/image\/\"}}]}<\/script>\n<!-- \/ Yoast SEO plugin. -->","yoast_head_json":{"title":"URLAUB ANGEBOTEN - Blue Waves Resort","description":"Das Blue Waves Resort ist ein 4-Sterne-Hotel in Malinska, Insel Krk. Verpassen Sie nicht unsere Sonderangebote und genie\u00dfen Sie die Vorteile!","robots":{"index":"index","follow":"follow","max-snippet":"max-snippet:-1","max-image-preview":"max-image-preview:large","max-video-preview":"max-video-preview:-1"},"canonical":"https:\/\/bluewaves.hr\/de\/urlaub\/","og_locale":"de_DE","og_type":"article","og_title":"URLAUB ANGEBOTEN - Blue Waves Resort","og_description":"Das Blue Waves Resort ist ein 4-Sterne-Hotel in Malinska, Insel Krk. Verpassen Sie nicht unsere Sonderangebote und genie\u00dfen Sie die Vorteile!","og_url":"https:\/\/bluewaves.hr\/de\/urlaub\/","og_site_name":"Blue Waves Resort","article_modified_time":"2022-10-13T13:30:47+00:00","twitter_card":"summary_large_image","twitter_misc":{"Gesch\u00e4tzte Lesezeit":"1 Minute"},"schema":{"@context":"https:\/\/schema.org","@graph":[{"@type":"WebPage","@id":"https:\/\/bluewaves.hr\/de\/urlaub\/","url":"https:\/\/bluewaves.hr\/de\/urlaub\/","name":"URLAUB ANGEBOTEN - Blue Waves Resort","isPartOf":{"@id":"https:\/\/bluewaves.hr\/de\/#website"},"datePublished":"2021-04-23T05:24:19+00:00","dateModified":"2022-10-13T13:30:47+00:00","description":"Das Blue Waves Resort ist ein 4-Sterne-Hotel in Malinska, Insel Krk. Verpassen Sie nicht unsere Sonderangebote und genie\u00dfen Sie die Vorteile!","breadcrumb":{"@id":"https:\/\/bluewaves.hr\/de\/urlaub\/#breadcrumb"},"inLanguage":"de-DE","potentialAction":[{"@type":"ReadAction","target":["https:\/\/bluewaves.hr\/de\/urlaub\/"]}]},{"@type":"BreadcrumbList","@id":"https:\/\/bluewaves.hr\/de\/urlaub\/#breadcrumb","itemListElement":[{"@type":"ListItem","position":1,"name":"Home","item":"https:\/\/bluewaves.hr\/de\/"},{"@type":"ListItem","position":2,"name":"URLAUB"}]},{"@type":"WebSite","@id":"https:\/\/bluewaves.hr\/de\/#website","url":"https:\/\/bluewaves.hr\/de\/","name":"Blue Waves Resort","description":"Just another ms.decms.eu site","publisher":{"@id":"https:\/\/bluewaves.hr\/de\/#organization"},"potentialAction":[{"@type":"SearchAction","target":{"@type":"EntryPoint","urlTemplate":"https:\/\/bluewaves.hr\/de\/?s={search_term_string}"},"query-input":{"@type":"PropertyValueSpecification","valueRequired":true,"valueName":"search_term_string"}}],"inLanguage":"de-DE"},{"@type":"Organization","@id":"https:\/\/bluewaves.hr\/de\/#organization","name":"Blue Waves Resort","url":"https:\/\/bluewaves.hr\/de\/","logo":{"@type":"ImageObject","inLanguage":"de-DE","@id":"https:\/\/bluewaves.hr\/de\/#\/schema\/logo\/image\/","url":"https:\/\/bluewaves.hr\/wp-content\/uploads\/sites\/100\/2024\/01\/Blue-waves-logo-zlatni.png","contentUrl":"https:\/\/bluewaves.hr\/wp-content\/uploads\/sites\/100\/2024\/01\/Blue-waves-logo-zlatni.png","width":1168,"height":652,"caption":"Blue Waves Resort"},"image":{"@id":"https:\/\/bluewaves.hr\/de\/#\/schema\/logo\/image\/"}}]}},"acf":[],"_links":{"self":[{"href":"https:\/\/bluewaves.hr\/de\/wp-json\/wp\/v2\/pages\/1290","targetHints":{"allow":["GET"]}}],"collection":[{"href":"https:\/\/bluewaves.hr\/de\/wp-json\/wp\/v2\/pages"}],"about":[{"href":"https:\/\/bluewaves.hr\/de\/wp-json\/wp\/v2\/types\/page"}],"author":[{"embeddable":true,"href":"https:\/\/bluewaves.hr\/de\/wp-json\/wp\/v2\/users\/98"}],"replies":[{"embeddable":true,"href":"https:\/\/bluewaves.hr\/de\/wp-json\/wp\/v2\/comments?post=1290"}],"version-history":[{"count":0,"href":"https:\/\/bluewaves.hr\/de\/wp-json\/wp\/v2\/pages\/1290\/revisions"}],"wp:attachment":[{"href":"https:\/\/bluewaves.hr\/de\/wp-json\/wp\/v2\/media?parent=1290"}],"curies":[{"name":"wp","href":"https:\/\/api.w.org\/{rel}","templated":true}]}}