{"id":1303,"date":"2021-04-23T05:28:20","date_gmt":"2021-04-23T05:28:20","guid":{"rendered":"https:\/\/bluewaves.hr\/last-minute\/proljetni-odmor-28-05-06-06-2021\/"},"modified":"2026-03-30T12:27:47","modified_gmt":"2026-03-30T12:27:47","slug":"fruhjahrsurlaub-malinska-kroatien","status":"publish","type":"page","link":"https:\/\/bluewaves.hr\/de\/urlaub\/fruhjahrsurlaub-malinska-kroatien\/","title":{"rendered":"FR\u00dcHJAHRSURLAUB"},"content":{"rendered":"<p class=\"isSelectedEnd\"><strong>Fr\u00fchlings-Wellnessangebot \u2013 15 % Rabatt f\u00fcr Ihre perfekte Auszeit<\/strong><\/p>\n<p class=\"isSelectedEnd\">Nutzen Sie unser spezielles Fr\u00fchlingsangebot und genie\u00dfen Sie <strong>15 % Rabatt auf Ihren Aufenthalt<\/strong>. Der Fr\u00fchling ist die ideale Zeit, um K\u00f6rper und Geist zu regenerieren \u2013 mit zus\u00e4tzlichen Vorteilen wird Ihr Aufenthalt noch entspannter.<\/p>\n<p class=\"isSelectedEnd\">Im Angebot enthalten:<\/p>\n<ul data-spread=\"false\">\n<li><strong>120 Minuten Nutzung des SPA-Bereichs pro Person<\/strong><\/li>\n<li><strong>Gutschein im Wert von 8 \u20ac f\u00fcr eine Massage<\/strong><\/li>\n<\/ul>\n<p class=\"isSelectedEnd\">Genie\u00dfen Sie die wohltuende W\u00e4rme des Wellnessbereichs, lassen Sie den Alltagsstress hinter sich und tanken Sie neue Energie. Ob romantisches Wochenende oder kurzer Erholungsurlaub \u2013 dieses Angebot verbindet Entspannung und Ersparnis perfekt.<\/p>\n<p><strong>Buchen Sie rechtzeitig und sichern Sie sich Ihre Fr\u00fchlingsauszeit zum Vorteilspreis.<\/strong><\/p>\n","protected":false},"excerpt":{"rendered":"<p>Fr\u00fchlings-Wellnessangebot \u2013 15 % Rabatt f\u00fcr Ihre perfekte Auszeit Nutzen Sie unser spezielles Fr\u00fchlingsangebot und genie\u00dfen Sie 15 % Rabatt auf Ihren Aufenthalt. Der Fr\u00fchling ist die ideale Zeit, um K\u00f6rper und Geist zu regenerieren \u2013 mit zus\u00e4tzlichen Vorteilen wird Ihr Aufenthalt noch entspannter. Im Angebot enthalten: 120 Minuten Nutzung des SPA-Bereichs pro Person Gutschein [&hellip;]<\/p>\n","protected":false},"author":98,"featured_media":1568,"parent":1290,"menu_order":1,"comment_status":"closed","ping_status":"closed","template":"","meta":{"footnotes":""},"class_list":["post-1303","page","type-page","status-publish","has-post-thumbnail","hentry"],"yoast_head":"<!-- This site is optimized with the Yoast SEO plugin v26.9 - https:\/\/yoast.com\/product\/yoast-seo-wordpress\/ -->\n<title>FR\u00dcHJAHRSURLAUB - Blue Waves Resort<\/title>\n<meta name=\"description\" content=\"Genie\u00dfen Sie unser Fr\u00fchlings-Wellnessangebot mit 15 % Rabatt, 120 Minuten SPA und Massage-Gutschein. Jetzt Ihren erholsamen Aufenthalt buchen!\" \/>\n<meta name=\"robots\" content=\"index, follow, max-snippet:-1, max-image-preview:large, max-video-preview:-1\" \/>\n<link rel=\"canonical\" href=\"https:\/\/bluewaves.hr\/de\/urlaub\/fruhjahrsurlaub-malinska-kroatien\/\" \/>\n<meta property=\"og:locale\" content=\"de_DE\" \/>\n<meta property=\"og:type\" content=\"article\" \/>\n<meta property=\"og:title\" content=\"FR\u00dcHJAHRSURLAUB - Blue Waves Resort\" \/>\n<meta property=\"og:description\" content=\"Genie\u00dfen Sie unser Fr\u00fchlings-Wellnessangebot mit 15 % Rabatt, 120 Minuten SPA und Massage-Gutschein. Jetzt Ihren erholsamen Aufenthalt buchen!\" \/>\n<meta property=\"og:url\" content=\"https:\/\/bluewaves.hr\/de\/urlaub\/fruhjahrsurlaub-malinska-kroatien\/\" \/>\n<meta property=\"og:site_name\" content=\"Blue Waves Resort\" \/>\n<meta property=\"article:modified_time\" content=\"2026-03-30T12:27:47+00:00\" \/>\n<meta property=\"og:image\" content=\"https:\/\/bluewaves.hr\/wp-content\/uploads\/sites\/100\/2022\/10\/Dodir-Mediterana-1024x819.png\" \/>\n\t<meta property=\"og:image:width\" content=\"1024\" \/>\n\t<meta property=\"og:image:height\" content=\"819\" \/>\n\t<meta property=\"og:image:type\" content=\"image\/png\" \/>\n<meta name=\"twitter:card\" content=\"summary_large_image\" \/>\n<meta name=\"twitter:label1\" content=\"Gesch\u00e4tzte Lesezeit\" \/>\n\t<meta name=\"twitter:data1\" content=\"1 Minute\" \/>\n<script type=\"application\/ld+json\" class=\"yoast-schema-graph\">{\"@context\":\"https:\/\/schema.org\",\"@graph\":[{\"@type\":\"WebPage\",\"@id\":\"https:\/\/bluewaves.hr\/de\/urlaub\/fruhjahrsurlaub-malinska-kroatien\/\",\"url\":\"https:\/\/bluewaves.hr\/de\/urlaub\/fruhjahrsurlaub-malinska-kroatien\/\",\"name\":\"FR\u00dcHJAHRSURLAUB - Blue Waves Resort\",\"isPartOf\":{\"@id\":\"https:\/\/bluewaves.hr\/de\/#website\"},\"primaryImageOfPage\":{\"@id\":\"https:\/\/bluewaves.hr\/de\/urlaub\/fruhjahrsurlaub-malinska-kroatien\/#primaryimage\"},\"image\":{\"@id\":\"https:\/\/bluewaves.hr\/de\/urlaub\/fruhjahrsurlaub-malinska-kroatien\/#primaryimage\"},\"thumbnailUrl\":\"https:\/\/bluewaves.hr\/wp-content\/uploads\/sites\/100\/2022\/10\/Dodir-Mediterana.png\",\"datePublished\":\"2021-04-23T05:28:20+00:00\",\"dateModified\":\"2026-03-30T12:27:47+00:00\",\"description\":\"Genie\u00dfen Sie unser Fr\u00fchlings-Wellnessangebot mit 15 % Rabatt, 120 Minuten SPA und Massage-Gutschein. Jetzt Ihren erholsamen Aufenthalt buchen!\",\"breadcrumb\":{\"@id\":\"https:\/\/bluewaves.hr\/de\/urlaub\/fruhjahrsurlaub-malinska-kroatien\/#breadcrumb\"},\"inLanguage\":\"de-DE\",\"potentialAction\":[{\"@type\":\"ReadAction\",\"target\":[\"https:\/\/bluewaves.hr\/de\/urlaub\/fruhjahrsurlaub-malinska-kroatien\/\"]}]},{\"@type\":\"ImageObject\",\"inLanguage\":\"de-DE\",\"@id\":\"https:\/\/bluewaves.hr\/de\/urlaub\/fruhjahrsurlaub-malinska-kroatien\/#primaryimage\",\"url\":\"https:\/\/bluewaves.hr\/wp-content\/uploads\/sites\/100\/2022\/10\/Dodir-Mediterana.png\",\"contentUrl\":\"https:\/\/bluewaves.hr\/wp-content\/uploads\/sites\/100\/2022\/10\/Dodir-Mediterana.png\",\"width\":1500,\"height\":1200,\"caption\":\"Promo image for the spa package with finnish sauna and a massage.\"},{\"@type\":\"BreadcrumbList\",\"@id\":\"https:\/\/bluewaves.hr\/de\/urlaub\/fruhjahrsurlaub-malinska-kroatien\/#breadcrumb\",\"itemListElement\":[{\"@type\":\"ListItem\",\"position\":1,\"name\":\"Home\",\"item\":\"https:\/\/bluewaves.hr\/de\/\"},{\"@type\":\"ListItem\",\"position\":2,\"name\":\"URLAUB\",\"item\":\"https:\/\/bluewaves.hr\/de\/urlaub\/\"},{\"@type\":\"ListItem\",\"position\":3,\"name\":\"FR\u00dcHJAHRSURLAUB\"}]},{\"@type\":\"WebSite\",\"@id\":\"https:\/\/bluewaves.hr\/de\/#website\",\"url\":\"https:\/\/bluewaves.hr\/de\/\",\"name\":\"Blue Waves Resort\",\"description\":\"Just another ms.decms.eu site\",\"publisher\":{\"@id\":\"https:\/\/bluewaves.hr\/de\/#organization\"},\"potentialAction\":[{\"@type\":\"SearchAction\",\"target\":{\"@type\":\"EntryPoint\",\"urlTemplate\":\"https:\/\/bluewaves.hr\/de\/?s={search_term_string}\"},\"query-input\":{\"@type\":\"PropertyValueSpecification\",\"valueRequired\":true,\"valueName\":\"search_term_string\"}}],\"inLanguage\":\"de-DE\"},{\"@type\":\"Organization\",\"@id\":\"https:\/\/bluewaves.hr\/de\/#organization\",\"name\":\"Blue Waves Resort\",\"url\":\"https:\/\/bluewaves.hr\/de\/\",\"logo\":{\"@type\":\"ImageObject\",\"inLanguage\":\"de-DE\",\"@id\":\"https:\/\/bluewaves.hr\/de\/#\/schema\/logo\/image\/\",\"url\":\"https:\/\/bluewaves.hr\/wp-content\/uploads\/sites\/100\/2024\/01\/Blue-waves-logo-zlatni.png\",\"contentUrl\":\"https:\/\/bluewaves.hr\/wp-content\/uploads\/sites\/100\/2024\/01\/Blue-waves-logo-zlatni.png\",\"width\":1168,\"height\":652,\"caption\":\"Blue Waves Resort\"},\"image\":{\"@id\":\"https:\/\/bluewaves.hr\/de\/#\/schema\/logo\/image\/\"}}]}<\/script>\n<!-- \/ Yoast SEO plugin. -->","yoast_head_json":{"title":"FR\u00dcHJAHRSURLAUB - Blue Waves Resort","description":"Genie\u00dfen Sie unser Fr\u00fchlings-Wellnessangebot mit 15 % Rabatt, 120 Minuten SPA und Massage-Gutschein. Jetzt Ihren erholsamen Aufenthalt buchen!","robots":{"index":"index","follow":"follow","max-snippet":"max-snippet:-1","max-image-preview":"max-image-preview:large","max-video-preview":"max-video-preview:-1"},"canonical":"https:\/\/bluewaves.hr\/de\/urlaub\/fruhjahrsurlaub-malinska-kroatien\/","og_locale":"de_DE","og_type":"article","og_title":"FR\u00dcHJAHRSURLAUB - Blue Waves Resort","og_description":"Genie\u00dfen Sie unser Fr\u00fchlings-Wellnessangebot mit 15 % Rabatt, 120 Minuten SPA und Massage-Gutschein. Jetzt Ihren erholsamen Aufenthalt buchen!","og_url":"https:\/\/bluewaves.hr\/de\/urlaub\/fruhjahrsurlaub-malinska-kroatien\/","og_site_name":"Blue Waves Resort","article_modified_time":"2026-03-30T12:27:47+00:00","og_image":[{"width":1024,"height":819,"url":"https:\/\/bluewaves.hr\/wp-content\/uploads\/sites\/100\/2022\/10\/Dodir-Mediterana-1024x819.png","type":"image\/png"}],"twitter_card":"summary_large_image","twitter_misc":{"Gesch\u00e4tzte Lesezeit":"1 Minute"},"schema":{"@context":"https:\/\/schema.org","@graph":[{"@type":"WebPage","@id":"https:\/\/bluewaves.hr\/de\/urlaub\/fruhjahrsurlaub-malinska-kroatien\/","url":"https:\/\/bluewaves.hr\/de\/urlaub\/fruhjahrsurlaub-malinska-kroatien\/","name":"FR\u00dcHJAHRSURLAUB - Blue Waves Resort","isPartOf":{"@id":"https:\/\/bluewaves.hr\/de\/#website"},"primaryImageOfPage":{"@id":"https:\/\/bluewaves.hr\/de\/urlaub\/fruhjahrsurlaub-malinska-kroatien\/#primaryimage"},"image":{"@id":"https:\/\/bluewaves.hr\/de\/urlaub\/fruhjahrsurlaub-malinska-kroatien\/#primaryimage"},"thumbnailUrl":"https:\/\/bluewaves.hr\/wp-content\/uploads\/sites\/100\/2022\/10\/Dodir-Mediterana.png","datePublished":"2021-04-23T05:28:20+00:00","dateModified":"2026-03-30T12:27:47+00:00","description":"Genie\u00dfen Sie unser Fr\u00fchlings-Wellnessangebot mit 15 % Rabatt, 120 Minuten SPA und Massage-Gutschein. Jetzt Ihren erholsamen Aufenthalt buchen!","breadcrumb":{"@id":"https:\/\/bluewaves.hr\/de\/urlaub\/fruhjahrsurlaub-malinska-kroatien\/#breadcrumb"},"inLanguage":"de-DE","potentialAction":[{"@type":"ReadAction","target":["https:\/\/bluewaves.hr\/de\/urlaub\/fruhjahrsurlaub-malinska-kroatien\/"]}]},{"@type":"ImageObject","inLanguage":"de-DE","@id":"https:\/\/bluewaves.hr\/de\/urlaub\/fruhjahrsurlaub-malinska-kroatien\/#primaryimage","url":"https:\/\/bluewaves.hr\/wp-content\/uploads\/sites\/100\/2022\/10\/Dodir-Mediterana.png","contentUrl":"https:\/\/bluewaves.hr\/wp-content\/uploads\/sites\/100\/2022\/10\/Dodir-Mediterana.png","width":1500,"height":1200,"caption":"Promo image for the spa package with finnish sauna and a massage."},{"@type":"BreadcrumbList","@id":"https:\/\/bluewaves.hr\/de\/urlaub\/fruhjahrsurlaub-malinska-kroatien\/#breadcrumb","itemListElement":[{"@type":"ListItem","position":1,"name":"Home","item":"https:\/\/bluewaves.hr\/de\/"},{"@type":"ListItem","position":2,"name":"URLAUB","item":"https:\/\/bluewaves.hr\/de\/urlaub\/"},{"@type":"ListItem","position":3,"name":"FR\u00dcHJAHRSURLAUB"}]},{"@type":"WebSite","@id":"https:\/\/bluewaves.hr\/de\/#website","url":"https:\/\/bluewaves.hr\/de\/","name":"Blue Waves Resort","description":"Just another ms.decms.eu site","publisher":{"@id":"https:\/\/bluewaves.hr\/de\/#organization"},"potentialAction":[{"@type":"SearchAction","target":{"@type":"EntryPoint","urlTemplate":"https:\/\/bluewaves.hr\/de\/?s={search_term_string}"},"query-input":{"@type":"PropertyValueSpecification","valueRequired":true,"valueName":"search_term_string"}}],"inLanguage":"de-DE"},{"@type":"Organization","@id":"https:\/\/bluewaves.hr\/de\/#organization","name":"Blue Waves Resort","url":"https:\/\/bluewaves.hr\/de\/","logo":{"@type":"ImageObject","inLanguage":"de-DE","@id":"https:\/\/bluewaves.hr\/de\/#\/schema\/logo\/image\/","url":"https:\/\/bluewaves.hr\/wp-content\/uploads\/sites\/100\/2024\/01\/Blue-waves-logo-zlatni.png","contentUrl":"https:\/\/bluewaves.hr\/wp-content\/uploads\/sites\/100\/2024\/01\/Blue-waves-logo-zlatni.png","width":1168,"height":652,"caption":"Blue Waves Resort"},"image":{"@id":"https:\/\/bluewaves.hr\/de\/#\/schema\/logo\/image\/"}}]}},"acf":[],"_links":{"self":[{"href":"https:\/\/bluewaves.hr\/de\/wp-json\/wp\/v2\/pages\/1303","targetHints":{"allow":["GET"]}}],"collection":[{"href":"https:\/\/bluewaves.hr\/de\/wp-json\/wp\/v2\/pages"}],"about":[{"href":"https:\/\/bluewaves.hr\/de\/wp-json\/wp\/v2\/types\/page"}],"author":[{"embeddable":true,"href":"https:\/\/bluewaves.hr\/de\/wp-json\/wp\/v2\/users\/98"}],"replies":[{"embeddable":true,"href":"https:\/\/bluewaves.hr\/de\/wp-json\/wp\/v2\/comments?post=1303"}],"version-history":[{"count":0,"href":"https:\/\/bluewaves.hr\/de\/wp-json\/wp\/v2\/pages\/1303\/revisions"}],"up":[{"embeddable":true,"href":"https:\/\/bluewaves.hr\/de\/wp-json\/wp\/v2\/pages\/1290"}],"wp:featuredmedia":[{"embeddable":true,"href":"https:\/\/bluewaves.hr\/de\/wp-json\/wp\/v2\/media\/1568"}],"wp:attachment":[{"href":"https:\/\/bluewaves.hr\/de\/wp-json\/wp\/v2\/media?parent=1303"}],"curies":[{"name":"wp","href":"https:\/\/api.w.org\/{rel}","templated":true}]}}