{"id":1410,"date":"2021-05-06T07:02:44","date_gmt":"2021-05-06T07:02:44","guid":{"rendered":"https:\/\/bluewaves.hr\/wellness-spa\/cjenik-usluga\/"},"modified":"2026-04-07T08:00:16","modified_gmt":"2026-04-07T08:00:16","slug":"preisliste-spa","status":"publish","type":"page","link":"https:\/\/bluewaves.hr\/de\/wellness-spa\/preisliste-spa\/","title":{"rendered":"PREISLISTE SPA"},"content":{"rendered":"<p style=\"text-align: center\">Sie k\u00f6nnen einen Termin f\u00fcr eine Massage oder SPA an der Hotelrezeption buchen. SPA Dienstleistungen sind f\u00fcr Personen \u00fcber 16 Jahre zur Verf\u00fcgung.<\/p>\n<p style=\"text-align: center\">Preis f\u00fcr die Nutzung des <strong>SPA<\/strong> (Saunen, Keramikliegest\u00fchle, Duschen) bis zu <strong>120 min. pro Person<\/strong>:<br \/>\nHotelg\u00e4ste 10,00 \u20ac<br \/>\nExterne G\u00e4ste 25,00 \u20ac<\/p>\n<p style=\"text-align: center\"><strong>MASSAGEPREISE<\/strong>:<\/p>\n<p style=\"text-align: center\">TEILK\u00d6RPERMASSAGE 25&#8242;\u00a0 \u00a0 \u00a0 \u00a0 \u00a0 \u00a0 \u00a0 \u00a0 \u00a0 \u00a035,00 \u20ac<br \/>\nRELAX MASSAGE 45&#8242;\u00a0 \u00a0 \u00a0 \u00a0 \u00a0 \u00a0 \u00a0 \u00a0 \u00a0 \u00a0 \u00a0 \u00a0 \u00a0 \u00a0 \u00a0 \u00a055,00 \u20ac<br \/>\nANTICELLULITE MASSAGE 45&#8242;\u00a0 \u00a0 \u00a0 \u00a0 \u00a0 \u00a0 60,00 \u20ac<br \/>\nMEDIZINISCHE MASSAGE 45&#8242;\u00a0 \u00a0 \u00a0 \u00a0 \u00a0 \u00a0 \u00a0 60,00 \u20ac<br \/>\nBORA MASSAGE 45&#8242;\u00a0 \u00a0 \u00a0 \u00a0 \u00a0 \u00a0 \u00a0 \u00a0 \u00a0 \u00a0 \u00a0 \u00a0 \u00a0 \u00a0 \u00a0 \u00a0 \u00a0 65,00 \u20ac<br \/>\nMEDITERANSKI SAN 45&#8242;\u00a0 \u00a0 \u00a0 \u00a0 \u00a0 \u00a0 \u00a0 \u00a0 \u00a0 \u00a0 \u00a0 \u00a0 \u00a0 65,00 \u20ac<br \/>\nSPORTMASSAGE 45&#8242;\u00a0 \u00a0 \u00a0 \u00a0 \u00a0 \u00a0 \u00a0 \u00a0 \u00a0 \u00a0 \u00a0 \u00a0 \u00a0 \u00a0 \u00a0 \u00a0 \u00a0 65,00 \u20ac<br \/>\nWEINK\u00d6RPERBEHANDLUNG 45&#8242;\u00a0 \u00a0 \u00a0 \u00a0 \u00a070,00 \u20ac<br \/>\nK\u00d6RPER-PEELING MIT MASSAGE 50&#8242; 75,00 \u20ac<br \/>\nROYAL RELAX MASSAGE 75&#8242;\u00a0 \u00a0 \u00a0 \u00a0 \u00a0 \u00a0 \u00a0 \u00a0 \u00a0 \u00a080,00 \u20ac<\/p>\n","protected":false},"excerpt":{"rendered":"<p>Sie k\u00f6nnen einen Termin f\u00fcr eine Massage oder SPA an der Hotelrezeption buchen. SPA Dienstleistungen sind f\u00fcr Personen \u00fcber 16 Jahre zur Verf\u00fcgung. Preis f\u00fcr die Nutzung des SPA (Saunen, Keramikliegest\u00fchle, Duschen) bis zu 120 min. pro Person: Hotelg\u00e4ste 10,00 \u20ac Externe G\u00e4ste 25,00 \u20ac MASSAGEPREISE: TEILK\u00d6RPERMASSAGE 25&#8242;\u00a0 \u00a0 \u00a0 \u00a0 \u00a0 \u00a0 \u00a0 \u00a0 [&hellip;]<\/p>\n","protected":false},"author":98,"featured_media":0,"parent":741,"menu_order":0,"comment_status":"closed","ping_status":"closed","template":"","meta":{"footnotes":""},"class_list":["post-1410","page","type-page","status-publish","hentry"],"yoast_head":"<!-- This site is optimized with the Yoast SEO plugin v26.9 - https:\/\/yoast.com\/product\/yoast-seo-wordpress\/ -->\n<title>PREISLISTE SPA - Blue Waves Resort<\/title>\n<meta name=\"description\" content=\"Im Blue Waves Resort k\u00f6nnen Sie sich wirklich ausruhen und entspannen. Eine entspannende Massage oder die Hitze der Sauna werden Sie sicherlich entspannen, und es gibt auch einen kleinen Innenpool mit beheiztem S\u00fc\u00dfwasser und einen Whirlpool.\" \/>\n<meta name=\"robots\" content=\"index, follow, max-snippet:-1, max-image-preview:large, max-video-preview:-1\" \/>\n<link rel=\"canonical\" href=\"https:\/\/bluewaves.hr\/de\/wellness-spa\/preisliste-spa\/\" \/>\n<meta property=\"og:locale\" content=\"de_DE\" \/>\n<meta property=\"og:type\" content=\"article\" \/>\n<meta property=\"og:title\" content=\"PREISLISTE SPA - Blue Waves Resort\" \/>\n<meta property=\"og:description\" content=\"Im Blue Waves Resort k\u00f6nnen Sie sich wirklich ausruhen und entspannen. Eine entspannende Massage oder die Hitze der Sauna werden Sie sicherlich entspannen, und es gibt auch einen kleinen Innenpool mit beheiztem S\u00fc\u00dfwasser und einen Whirlpool.\" \/>\n<meta property=\"og:url\" content=\"https:\/\/bluewaves.hr\/de\/wellness-spa\/preisliste-spa\/\" \/>\n<meta property=\"og:site_name\" content=\"Blue Waves Resort\" \/>\n<meta property=\"article:modified_time\" content=\"2026-04-07T08:00:16+00:00\" \/>\n<meta name=\"twitter:card\" content=\"summary_large_image\" \/>\n<meta name=\"twitter:label1\" content=\"Gesch\u00e4tzte Lesezeit\" \/>\n\t<meta name=\"twitter:data1\" content=\"1 Minute\" \/>\n<script type=\"application\/ld+json\" class=\"yoast-schema-graph\">{\"@context\":\"https:\/\/schema.org\",\"@graph\":[{\"@type\":\"WebPage\",\"@id\":\"https:\/\/bluewaves.hr\/de\/wellness-spa\/preisliste-spa\/\",\"url\":\"https:\/\/bluewaves.hr\/de\/wellness-spa\/preisliste-spa\/\",\"name\":\"PREISLISTE SPA - Blue Waves Resort\",\"isPartOf\":{\"@id\":\"https:\/\/bluewaves.hr\/de\/#website\"},\"datePublished\":\"2021-05-06T07:02:44+00:00\",\"dateModified\":\"2026-04-07T08:00:16+00:00\",\"description\":\"Im Blue Waves Resort k\u00f6nnen Sie sich wirklich ausruhen und entspannen. Eine entspannende Massage oder die Hitze der Sauna werden Sie sicherlich entspannen, und es gibt auch einen kleinen Innenpool mit beheiztem S\u00fc\u00dfwasser und einen Whirlpool.\",\"breadcrumb\":{\"@id\":\"https:\/\/bluewaves.hr\/de\/wellness-spa\/preisliste-spa\/#breadcrumb\"},\"inLanguage\":\"de-DE\",\"potentialAction\":[{\"@type\":\"ReadAction\",\"target\":[\"https:\/\/bluewaves.hr\/de\/wellness-spa\/preisliste-spa\/\"]}]},{\"@type\":\"BreadcrumbList\",\"@id\":\"https:\/\/bluewaves.hr\/de\/wellness-spa\/preisliste-spa\/#breadcrumb\",\"itemListElement\":[{\"@type\":\"ListItem\",\"position\":1,\"name\":\"Home\",\"item\":\"https:\/\/bluewaves.hr\/de\/\"},{\"@type\":\"ListItem\",\"position\":2,\"name\":\"Wellness &#038; SPA\",\"item\":\"https:\/\/bluewaves.hr\/de\/wellness-spa\/\"},{\"@type\":\"ListItem\",\"position\":3,\"name\":\"PREISLISTE SPA\"}]},{\"@type\":\"WebSite\",\"@id\":\"https:\/\/bluewaves.hr\/de\/#website\",\"url\":\"https:\/\/bluewaves.hr\/de\/\",\"name\":\"Blue Waves Resort\",\"description\":\"Just another ms.decms.eu site\",\"publisher\":{\"@id\":\"https:\/\/bluewaves.hr\/de\/#organization\"},\"potentialAction\":[{\"@type\":\"SearchAction\",\"target\":{\"@type\":\"EntryPoint\",\"urlTemplate\":\"https:\/\/bluewaves.hr\/de\/?s={search_term_string}\"},\"query-input\":{\"@type\":\"PropertyValueSpecification\",\"valueRequired\":true,\"valueName\":\"search_term_string\"}}],\"inLanguage\":\"de-DE\"},{\"@type\":\"Organization\",\"@id\":\"https:\/\/bluewaves.hr\/de\/#organization\",\"name\":\"Blue Waves Resort\",\"url\":\"https:\/\/bluewaves.hr\/de\/\",\"logo\":{\"@type\":\"ImageObject\",\"inLanguage\":\"de-DE\",\"@id\":\"https:\/\/bluewaves.hr\/de\/#\/schema\/logo\/image\/\",\"url\":\"https:\/\/bluewaves.hr\/wp-content\/uploads\/sites\/100\/2024\/01\/Blue-waves-logo-zlatni.png\",\"contentUrl\":\"https:\/\/bluewaves.hr\/wp-content\/uploads\/sites\/100\/2024\/01\/Blue-waves-logo-zlatni.png\",\"width\":1168,\"height\":652,\"caption\":\"Blue Waves Resort\"},\"image\":{\"@id\":\"https:\/\/bluewaves.hr\/de\/#\/schema\/logo\/image\/\"}}]}<\/script>\n<!-- \/ Yoast SEO plugin. -->","yoast_head_json":{"title":"PREISLISTE SPA - Blue Waves Resort","description":"Im Blue Waves Resort k\u00f6nnen Sie sich wirklich ausruhen und entspannen. Eine entspannende Massage oder die Hitze der Sauna werden Sie sicherlich entspannen, und es gibt auch einen kleinen Innenpool mit beheiztem S\u00fc\u00dfwasser und einen Whirlpool.","robots":{"index":"index","follow":"follow","max-snippet":"max-snippet:-1","max-image-preview":"max-image-preview:large","max-video-preview":"max-video-preview:-1"},"canonical":"https:\/\/bluewaves.hr\/de\/wellness-spa\/preisliste-spa\/","og_locale":"de_DE","og_type":"article","og_title":"PREISLISTE SPA - Blue Waves Resort","og_description":"Im Blue Waves Resort k\u00f6nnen Sie sich wirklich ausruhen und entspannen. Eine entspannende Massage oder die Hitze der Sauna werden Sie sicherlich entspannen, und es gibt auch einen kleinen Innenpool mit beheiztem S\u00fc\u00dfwasser und einen Whirlpool.","og_url":"https:\/\/bluewaves.hr\/de\/wellness-spa\/preisliste-spa\/","og_site_name":"Blue Waves Resort","article_modified_time":"2026-04-07T08:00:16+00:00","twitter_card":"summary_large_image","twitter_misc":{"Gesch\u00e4tzte Lesezeit":"1 Minute"},"schema":{"@context":"https:\/\/schema.org","@graph":[{"@type":"WebPage","@id":"https:\/\/bluewaves.hr\/de\/wellness-spa\/preisliste-spa\/","url":"https:\/\/bluewaves.hr\/de\/wellness-spa\/preisliste-spa\/","name":"PREISLISTE SPA - Blue Waves Resort","isPartOf":{"@id":"https:\/\/bluewaves.hr\/de\/#website"},"datePublished":"2021-05-06T07:02:44+00:00","dateModified":"2026-04-07T08:00:16+00:00","description":"Im Blue Waves Resort k\u00f6nnen Sie sich wirklich ausruhen und entspannen. Eine entspannende Massage oder die Hitze der Sauna werden Sie sicherlich entspannen, und es gibt auch einen kleinen Innenpool mit beheiztem S\u00fc\u00dfwasser und einen Whirlpool.","breadcrumb":{"@id":"https:\/\/bluewaves.hr\/de\/wellness-spa\/preisliste-spa\/#breadcrumb"},"inLanguage":"de-DE","potentialAction":[{"@type":"ReadAction","target":["https:\/\/bluewaves.hr\/de\/wellness-spa\/preisliste-spa\/"]}]},{"@type":"BreadcrumbList","@id":"https:\/\/bluewaves.hr\/de\/wellness-spa\/preisliste-spa\/#breadcrumb","itemListElement":[{"@type":"ListItem","position":1,"name":"Home","item":"https:\/\/bluewaves.hr\/de\/"},{"@type":"ListItem","position":2,"name":"Wellness &#038; SPA","item":"https:\/\/bluewaves.hr\/de\/wellness-spa\/"},{"@type":"ListItem","position":3,"name":"PREISLISTE SPA"}]},{"@type":"WebSite","@id":"https:\/\/bluewaves.hr\/de\/#website","url":"https:\/\/bluewaves.hr\/de\/","name":"Blue Waves Resort","description":"Just another ms.decms.eu site","publisher":{"@id":"https:\/\/bluewaves.hr\/de\/#organization"},"potentialAction":[{"@type":"SearchAction","target":{"@type":"EntryPoint","urlTemplate":"https:\/\/bluewaves.hr\/de\/?s={search_term_string}"},"query-input":{"@type":"PropertyValueSpecification","valueRequired":true,"valueName":"search_term_string"}}],"inLanguage":"de-DE"},{"@type":"Organization","@id":"https:\/\/bluewaves.hr\/de\/#organization","name":"Blue Waves Resort","url":"https:\/\/bluewaves.hr\/de\/","logo":{"@type":"ImageObject","inLanguage":"de-DE","@id":"https:\/\/bluewaves.hr\/de\/#\/schema\/logo\/image\/","url":"https:\/\/bluewaves.hr\/wp-content\/uploads\/sites\/100\/2024\/01\/Blue-waves-logo-zlatni.png","contentUrl":"https:\/\/bluewaves.hr\/wp-content\/uploads\/sites\/100\/2024\/01\/Blue-waves-logo-zlatni.png","width":1168,"height":652,"caption":"Blue Waves Resort"},"image":{"@id":"https:\/\/bluewaves.hr\/de\/#\/schema\/logo\/image\/"}}]}},"acf":[],"_links":{"self":[{"href":"https:\/\/bluewaves.hr\/de\/wp-json\/wp\/v2\/pages\/1410","targetHints":{"allow":["GET"]}}],"collection":[{"href":"https:\/\/bluewaves.hr\/de\/wp-json\/wp\/v2\/pages"}],"about":[{"href":"https:\/\/bluewaves.hr\/de\/wp-json\/wp\/v2\/types\/page"}],"author":[{"embeddable":true,"href":"https:\/\/bluewaves.hr\/de\/wp-json\/wp\/v2\/users\/98"}],"replies":[{"embeddable":true,"href":"https:\/\/bluewaves.hr\/de\/wp-json\/wp\/v2\/comments?post=1410"}],"version-history":[{"count":0,"href":"https:\/\/bluewaves.hr\/de\/wp-json\/wp\/v2\/pages\/1410\/revisions"}],"up":[{"embeddable":true,"href":"https:\/\/bluewaves.hr\/de\/wp-json\/wp\/v2\/pages\/741"}],"wp:attachment":[{"href":"https:\/\/bluewaves.hr\/de\/wp-json\/wp\/v2\/media?parent=1410"}],"curies":[{"name":"wp","href":"https:\/\/api.w.org\/{rel}","templated":true}]}}