{"id":1428,"date":"2021-05-06T08:29:28","date_gmt":"2021-05-06T08:29:28","guid":{"rendered":"https:\/\/bluewaves.hr\/preislisten-von-hoteldienstleistungen\/hotelske-sobe\/"},"modified":"2021-05-06T08:55:51","modified_gmt":"2021-05-06T08:55:51","slug":"kontakt-rezeption","status":"publish","type":"page","link":"https:\/\/bluewaves.hr\/de\/preislisten-von-hoteldienstleistungen\/kontakt-rezeption\/","title":{"rendered":"KONTAKT REZEPTION"},"content":{"rendered":"<p style=\"text-align: center\">Liebe G\u00e4ste,<\/p>\n<p style=\"text-align: center\">Die Rezeption ist 24 Stunden am Tag, 7 Tage die Woche verf\u00fcgbar. Wenn Sie Fragen haben oder einen Hotelservice bestellen und buchen m\u00f6chten, k\u00f6nnen Sie sich gerne an uns wenden.<br \/>\nSie k\u00f6nnen die Rezeption vom Festnetz im Zimmer aus anrufen, indem Sie <strong>0<\/strong> w\u00e4hlen.<br \/>\nWenn Sie von Ihrem Telefon aus anrufen, w\u00e4hlen Sie <strong>+385911654538<\/strong>.<\/p>\n<p style=\"text-align: center\">Wir w\u00fcnschen Ihnen einen angenehmen Aufenthalt!<\/p>\n<p style=\"text-align: center\"><strong>Blue Waves Resort<\/strong><\/p>\n","protected":false},"excerpt":{"rendered":"<p>Liebe G\u00e4ste, Die Rezeption ist 24 Stunden am Tag, 7 Tage die Woche verf\u00fcgbar. Wenn Sie Fragen haben oder einen Hotelservice bestellen und buchen m\u00f6chten, k\u00f6nnen Sie sich gerne an uns wenden. Sie k\u00f6nnen die Rezeption vom Festnetz im Zimmer aus anrufen, indem Sie 0 w\u00e4hlen. Wenn Sie von Ihrem Telefon aus anrufen, w\u00e4hlen Sie [&hellip;]<\/p>\n","protected":false},"author":98,"featured_media":0,"parent":1397,"menu_order":0,"comment_status":"closed","ping_status":"closed","template":"","meta":{"footnotes":""},"class_list":["post-1428","page","type-page","status-publish","hentry"],"yoast_head":"<!-- This site is optimized with the Yoast SEO plugin v26.9 - https:\/\/yoast.com\/product\/yoast-seo-wordpress\/ -->\n<title>KONTAKT REZEPTION - Blue Waves Resort<\/title>\n<meta name=\"robots\" content=\"index, follow, max-snippet:-1, max-image-preview:large, max-video-preview:-1\" \/>\n<link rel=\"canonical\" href=\"https:\/\/bluewaves.hr\/de\/preislisten-von-hoteldienstleistungen\/kontakt-rezeption\/\" \/>\n<meta property=\"og:locale\" content=\"de_DE\" \/>\n<meta property=\"og:type\" content=\"article\" \/>\n<meta property=\"og:title\" content=\"KONTAKT REZEPTION - Blue Waves Resort\" \/>\n<meta property=\"og:description\" content=\"Liebe G\u00e4ste, Die Rezeption ist 24 Stunden am Tag, 7 Tage die Woche verf\u00fcgbar. Wenn Sie Fragen haben oder einen Hotelservice bestellen und buchen m\u00f6chten, k\u00f6nnen Sie sich gerne an uns wenden. Sie k\u00f6nnen die Rezeption vom Festnetz im Zimmer aus anrufen, indem Sie 0 w\u00e4hlen. Wenn Sie von Ihrem Telefon aus anrufen, w\u00e4hlen Sie [&hellip;]\" \/>\n<meta property=\"og:url\" content=\"https:\/\/bluewaves.hr\/de\/preislisten-von-hoteldienstleistungen\/kontakt-rezeption\/\" \/>\n<meta property=\"og:site_name\" content=\"Blue Waves Resort\" \/>\n<meta property=\"article:modified_time\" content=\"2021-05-06T08:55:51+00:00\" \/>\n<meta name=\"twitter:card\" content=\"summary_large_image\" \/>\n<script type=\"application\/ld+json\" class=\"yoast-schema-graph\">{\"@context\":\"https:\/\/schema.org\",\"@graph\":[{\"@type\":\"WebPage\",\"@id\":\"https:\/\/bluewaves.hr\/de\/preislisten-von-hoteldienstleistungen\/kontakt-rezeption\/\",\"url\":\"https:\/\/bluewaves.hr\/de\/preislisten-von-hoteldienstleistungen\/kontakt-rezeption\/\",\"name\":\"KONTAKT REZEPTION - Blue Waves Resort\",\"isPartOf\":{\"@id\":\"https:\/\/bluewaves.hr\/de\/#website\"},\"datePublished\":\"2021-05-06T08:29:28+00:00\",\"dateModified\":\"2021-05-06T08:55:51+00:00\",\"breadcrumb\":{\"@id\":\"https:\/\/bluewaves.hr\/de\/preislisten-von-hoteldienstleistungen\/kontakt-rezeption\/#breadcrumb\"},\"inLanguage\":\"de-DE\",\"potentialAction\":[{\"@type\":\"ReadAction\",\"target\":[\"https:\/\/bluewaves.hr\/de\/preislisten-von-hoteldienstleistungen\/kontakt-rezeption\/\"]}]},{\"@type\":\"BreadcrumbList\",\"@id\":\"https:\/\/bluewaves.hr\/de\/preislisten-von-hoteldienstleistungen\/kontakt-rezeption\/#breadcrumb\",\"itemListElement\":[{\"@type\":\"ListItem\",\"position\":1,\"name\":\"Home\",\"item\":\"https:\/\/bluewaves.hr\/de\/\"},{\"@type\":\"ListItem\",\"position\":2,\"name\":\"PREISLISTEN VON HOTELDIENSTLEISTUNGEN\",\"item\":\"https:\/\/bluewaves.hr\/de\/preislisten-von-hoteldienstleistungen\/\"},{\"@type\":\"ListItem\",\"position\":3,\"name\":\"KONTAKT REZEPTION\"}]},{\"@type\":\"WebSite\",\"@id\":\"https:\/\/bluewaves.hr\/de\/#website\",\"url\":\"https:\/\/bluewaves.hr\/de\/\",\"name\":\"Blue Waves Resort\",\"description\":\"Just another ms.decms.eu site\",\"publisher\":{\"@id\":\"https:\/\/bluewaves.hr\/de\/#organization\"},\"potentialAction\":[{\"@type\":\"SearchAction\",\"target\":{\"@type\":\"EntryPoint\",\"urlTemplate\":\"https:\/\/bluewaves.hr\/de\/?s={search_term_string}\"},\"query-input\":{\"@type\":\"PropertyValueSpecification\",\"valueRequired\":true,\"valueName\":\"search_term_string\"}}],\"inLanguage\":\"de-DE\"},{\"@type\":\"Organization\",\"@id\":\"https:\/\/bluewaves.hr\/de\/#organization\",\"name\":\"Blue Waves Resort\",\"url\":\"https:\/\/bluewaves.hr\/de\/\",\"logo\":{\"@type\":\"ImageObject\",\"inLanguage\":\"de-DE\",\"@id\":\"https:\/\/bluewaves.hr\/de\/#\/schema\/logo\/image\/\",\"url\":\"https:\/\/bluewaves.hr\/wp-content\/uploads\/sites\/100\/2024\/01\/Blue-waves-logo-zlatni.png\",\"contentUrl\":\"https:\/\/bluewaves.hr\/wp-content\/uploads\/sites\/100\/2024\/01\/Blue-waves-logo-zlatni.png\",\"width\":1168,\"height\":652,\"caption\":\"Blue Waves Resort\"},\"image\":{\"@id\":\"https:\/\/bluewaves.hr\/de\/#\/schema\/logo\/image\/\"}}]}<\/script>\n<!-- \/ Yoast SEO plugin. -->","yoast_head_json":{"title":"KONTAKT REZEPTION - Blue Waves Resort","robots":{"index":"index","follow":"follow","max-snippet":"max-snippet:-1","max-image-preview":"max-image-preview:large","max-video-preview":"max-video-preview:-1"},"canonical":"https:\/\/bluewaves.hr\/de\/preislisten-von-hoteldienstleistungen\/kontakt-rezeption\/","og_locale":"de_DE","og_type":"article","og_title":"KONTAKT REZEPTION - Blue Waves Resort","og_description":"Liebe G\u00e4ste, Die Rezeption ist 24 Stunden am Tag, 7 Tage die Woche verf\u00fcgbar. Wenn Sie Fragen haben oder einen Hotelservice bestellen und buchen m\u00f6chten, k\u00f6nnen Sie sich gerne an uns wenden. Sie k\u00f6nnen die Rezeption vom Festnetz im Zimmer aus anrufen, indem Sie 0 w\u00e4hlen. Wenn Sie von Ihrem Telefon aus anrufen, w\u00e4hlen Sie [&hellip;]","og_url":"https:\/\/bluewaves.hr\/de\/preislisten-von-hoteldienstleistungen\/kontakt-rezeption\/","og_site_name":"Blue Waves Resort","article_modified_time":"2021-05-06T08:55:51+00:00","twitter_card":"summary_large_image","schema":{"@context":"https:\/\/schema.org","@graph":[{"@type":"WebPage","@id":"https:\/\/bluewaves.hr\/de\/preislisten-von-hoteldienstleistungen\/kontakt-rezeption\/","url":"https:\/\/bluewaves.hr\/de\/preislisten-von-hoteldienstleistungen\/kontakt-rezeption\/","name":"KONTAKT REZEPTION - Blue Waves Resort","isPartOf":{"@id":"https:\/\/bluewaves.hr\/de\/#website"},"datePublished":"2021-05-06T08:29:28+00:00","dateModified":"2021-05-06T08:55:51+00:00","breadcrumb":{"@id":"https:\/\/bluewaves.hr\/de\/preislisten-von-hoteldienstleistungen\/kontakt-rezeption\/#breadcrumb"},"inLanguage":"de-DE","potentialAction":[{"@type":"ReadAction","target":["https:\/\/bluewaves.hr\/de\/preislisten-von-hoteldienstleistungen\/kontakt-rezeption\/"]}]},{"@type":"BreadcrumbList","@id":"https:\/\/bluewaves.hr\/de\/preislisten-von-hoteldienstleistungen\/kontakt-rezeption\/#breadcrumb","itemListElement":[{"@type":"ListItem","position":1,"name":"Home","item":"https:\/\/bluewaves.hr\/de\/"},{"@type":"ListItem","position":2,"name":"PREISLISTEN VON HOTELDIENSTLEISTUNGEN","item":"https:\/\/bluewaves.hr\/de\/preislisten-von-hoteldienstleistungen\/"},{"@type":"ListItem","position":3,"name":"KONTAKT REZEPTION"}]},{"@type":"WebSite","@id":"https:\/\/bluewaves.hr\/de\/#website","url":"https:\/\/bluewaves.hr\/de\/","name":"Blue Waves Resort","description":"Just another ms.decms.eu site","publisher":{"@id":"https:\/\/bluewaves.hr\/de\/#organization"},"potentialAction":[{"@type":"SearchAction","target":{"@type":"EntryPoint","urlTemplate":"https:\/\/bluewaves.hr\/de\/?s={search_term_string}"},"query-input":{"@type":"PropertyValueSpecification","valueRequired":true,"valueName":"search_term_string"}}],"inLanguage":"de-DE"},{"@type":"Organization","@id":"https:\/\/bluewaves.hr\/de\/#organization","name":"Blue Waves Resort","url":"https:\/\/bluewaves.hr\/de\/","logo":{"@type":"ImageObject","inLanguage":"de-DE","@id":"https:\/\/bluewaves.hr\/de\/#\/schema\/logo\/image\/","url":"https:\/\/bluewaves.hr\/wp-content\/uploads\/sites\/100\/2024\/01\/Blue-waves-logo-zlatni.png","contentUrl":"https:\/\/bluewaves.hr\/wp-content\/uploads\/sites\/100\/2024\/01\/Blue-waves-logo-zlatni.png","width":1168,"height":652,"caption":"Blue Waves Resort"},"image":{"@id":"https:\/\/bluewaves.hr\/de\/#\/schema\/logo\/image\/"}}]}},"acf":[],"_links":{"self":[{"href":"https:\/\/bluewaves.hr\/de\/wp-json\/wp\/v2\/pages\/1428","targetHints":{"allow":["GET"]}}],"collection":[{"href":"https:\/\/bluewaves.hr\/de\/wp-json\/wp\/v2\/pages"}],"about":[{"href":"https:\/\/bluewaves.hr\/de\/wp-json\/wp\/v2\/types\/page"}],"author":[{"embeddable":true,"href":"https:\/\/bluewaves.hr\/de\/wp-json\/wp\/v2\/users\/98"}],"replies":[{"embeddable":true,"href":"https:\/\/bluewaves.hr\/de\/wp-json\/wp\/v2\/comments?post=1428"}],"version-history":[{"count":0,"href":"https:\/\/bluewaves.hr\/de\/wp-json\/wp\/v2\/pages\/1428\/revisions"}],"up":[{"embeddable":true,"href":"https:\/\/bluewaves.hr\/de\/wp-json\/wp\/v2\/pages\/1397"}],"wp:attachment":[{"href":"https:\/\/bluewaves.hr\/de\/wp-json\/wp\/v2\/media?parent=1428"}],"curies":[{"name":"wp","href":"https:\/\/api.w.org\/{rel}","templated":true}]}}