{"id":1468,"date":"2021-12-09T08:27:26","date_gmt":"2021-12-09T08:27:26","guid":{"rendered":"https:\/\/bluewaves.hr\/?page_id=1468"},"modified":"2021-12-09T08:45:42","modified_gmt":"2021-12-09T08:45:42","slug":"family-superior-suite-mit-terrasse","status":"publish","type":"page","link":"https:\/\/bluewaves.hr\/de\/zimmer-und-suiten\/family-superior-suite-mit-terrasse\/","title":{"rendered":"Family Superior Suite mit Terrasse"},"content":{"rendered":"<p>Unser Motto \u201e<strong>Ihr Zuhause am Strand<\/strong>\u201c kommt in diesem Zimmer besonders zum Ausdruck. Einen Urlaub am Meer mit der Familie oder mit Freunden mit dem Gef\u00fchl, zu Hause zu sein, finden Sie in <strong>diesem wirklich ger\u00e4umigen, modernen Zimmer<\/strong>. Suchen Sie sich ein Pl\u00e4tzchen ganz nach Laune und Bedarf aus. Egal ob Sie sich f\u00fcr ein Sonnenbad auf dem <strong>Terrasse entscheiden<\/strong>, oder aber Ihr Lieblingsprogramm auf dem LCD-Satellitenfernseher im ger\u00e4umigen Wohnzimmer anschauen, Sie werden sich wie zu Hause f\u00fchlen.<\/p>\n","protected":false},"excerpt":{"rendered":"<p>Unser Motto \u201eIhr Zuhause am Strand\u201c kommt in diesem Zimmer besonders zum Ausdruck. Einen Urlaub am Meer mit der Familie oder mit Freunden mit dem Gef\u00fchl, zu Hause zu sein, finden Sie in diesem wirklich ger\u00e4umigen, modernen Zimmer. Suchen Sie sich ein Pl\u00e4tzchen ganz nach Laune und Bedarf aus. Egal ob Sie sich f\u00fcr ein [&hellip;]<\/p>\n","protected":false},"author":98,"featured_media":0,"parent":626,"menu_order":9,"comment_status":"closed","ping_status":"closed","template":"template-single-room.php","meta":{"footnotes":""},"class_list":["post-1468","page","type-page","status-publish","hentry"],"yoast_head":"<!-- This site is optimized with the Yoast SEO plugin v26.9 - https:\/\/yoast.com\/product\/yoast-seo-wordpress\/ -->\n<title>Family Superior Suite mit Terrasse - Blue Waves Resort<\/title>\n<meta name=\"description\" content=\"Genie\u00dfen Sie ger\u00e4umige Unterk\u00fcnfte mit 2 Schlafzimmern und einem Wohnzimmer, einem Terrasse, einem Badezimmer und einer zus\u00e4tzlichen Toilette.\" \/>\n<meta name=\"robots\" content=\"index, follow, max-snippet:-1, max-image-preview:large, max-video-preview:-1\" \/>\n<link rel=\"canonical\" href=\"https:\/\/bluewaves.hr\/de\/zimmer-und-suiten\/family-superior-suite-mit-terrasse\/\" \/>\n<meta property=\"og:locale\" content=\"de_DE\" \/>\n<meta property=\"og:type\" content=\"article\" \/>\n<meta property=\"og:title\" content=\"Family Superior Suite mit Terrasse - Blue Waves Resort\" \/>\n<meta property=\"og:description\" content=\"Genie\u00dfen Sie ger\u00e4umige Unterk\u00fcnfte mit 2 Schlafzimmern und einem Wohnzimmer, einem Terrasse, einem Badezimmer und einer zus\u00e4tzlichen Toilette.\" \/>\n<meta property=\"og:url\" content=\"https:\/\/bluewaves.hr\/de\/zimmer-und-suiten\/family-superior-suite-mit-terrasse\/\" \/>\n<meta property=\"og:site_name\" content=\"Blue Waves Resort\" \/>\n<meta property=\"article:modified_time\" content=\"2021-12-09T08:45:42+00:00\" \/>\n<meta name=\"twitter:card\" content=\"summary_large_image\" \/>\n<script type=\"application\/ld+json\" class=\"yoast-schema-graph\">{\"@context\":\"https:\/\/schema.org\",\"@graph\":[{\"@type\":\"WebPage\",\"@id\":\"https:\/\/bluewaves.hr\/de\/zimmer-und-suiten\/family-superior-suite-mit-terrasse\/\",\"url\":\"https:\/\/bluewaves.hr\/de\/zimmer-und-suiten\/family-superior-suite-mit-terrasse\/\",\"name\":\"Family Superior Suite mit Terrasse - Blue Waves Resort\",\"isPartOf\":{\"@id\":\"https:\/\/bluewaves.hr\/de\/#website\"},\"datePublished\":\"2021-12-09T08:27:26+00:00\",\"dateModified\":\"2021-12-09T08:45:42+00:00\",\"description\":\"Genie\u00dfen Sie ger\u00e4umige Unterk\u00fcnfte mit 2 Schlafzimmern und einem Wohnzimmer, einem Terrasse, einem Badezimmer und einer zus\u00e4tzlichen Toilette.\",\"breadcrumb\":{\"@id\":\"https:\/\/bluewaves.hr\/de\/zimmer-und-suiten\/family-superior-suite-mit-terrasse\/#breadcrumb\"},\"inLanguage\":\"de-DE\",\"potentialAction\":[{\"@type\":\"ReadAction\",\"target\":[\"https:\/\/bluewaves.hr\/de\/zimmer-und-suiten\/family-superior-suite-mit-terrasse\/\"]}]},{\"@type\":\"BreadcrumbList\",\"@id\":\"https:\/\/bluewaves.hr\/de\/zimmer-und-suiten\/family-superior-suite-mit-terrasse\/#breadcrumb\",\"itemListElement\":[{\"@type\":\"ListItem\",\"position\":1,\"name\":\"Home\",\"item\":\"https:\/\/bluewaves.hr\/de\/\"},{\"@type\":\"ListItem\",\"position\":2,\"name\":\"Zimmer &amp; Suiten\",\"item\":\"https:\/\/bluewaves.hr\/de\/zimmer-und-suiten\/\"},{\"@type\":\"ListItem\",\"position\":3,\"name\":\"Family Superior Suite mit Terrasse\"}]},{\"@type\":\"WebSite\",\"@id\":\"https:\/\/bluewaves.hr\/de\/#website\",\"url\":\"https:\/\/bluewaves.hr\/de\/\",\"name\":\"Blue Waves Resort\",\"description\":\"Just another ms.decms.eu site\",\"publisher\":{\"@id\":\"https:\/\/bluewaves.hr\/de\/#organization\"},\"potentialAction\":[{\"@type\":\"SearchAction\",\"target\":{\"@type\":\"EntryPoint\",\"urlTemplate\":\"https:\/\/bluewaves.hr\/de\/?s={search_term_string}\"},\"query-input\":{\"@type\":\"PropertyValueSpecification\",\"valueRequired\":true,\"valueName\":\"search_term_string\"}}],\"inLanguage\":\"de-DE\"},{\"@type\":\"Organization\",\"@id\":\"https:\/\/bluewaves.hr\/de\/#organization\",\"name\":\"Blue Waves Resort\",\"url\":\"https:\/\/bluewaves.hr\/de\/\",\"logo\":{\"@type\":\"ImageObject\",\"inLanguage\":\"de-DE\",\"@id\":\"https:\/\/bluewaves.hr\/de\/#\/schema\/logo\/image\/\",\"url\":\"https:\/\/bluewaves.hr\/wp-content\/uploads\/sites\/100\/2024\/01\/Blue-waves-logo-zlatni.png\",\"contentUrl\":\"https:\/\/bluewaves.hr\/wp-content\/uploads\/sites\/100\/2024\/01\/Blue-waves-logo-zlatni.png\",\"width\":1168,\"height\":652,\"caption\":\"Blue Waves Resort\"},\"image\":{\"@id\":\"https:\/\/bluewaves.hr\/de\/#\/schema\/logo\/image\/\"}}]}<\/script>\n<!-- \/ Yoast SEO plugin. -->","yoast_head_json":{"title":"Family Superior Suite mit Terrasse - Blue Waves Resort","description":"Genie\u00dfen Sie ger\u00e4umige Unterk\u00fcnfte mit 2 Schlafzimmern und einem Wohnzimmer, einem Terrasse, einem Badezimmer und einer zus\u00e4tzlichen Toilette.","robots":{"index":"index","follow":"follow","max-snippet":"max-snippet:-1","max-image-preview":"max-image-preview:large","max-video-preview":"max-video-preview:-1"},"canonical":"https:\/\/bluewaves.hr\/de\/zimmer-und-suiten\/family-superior-suite-mit-terrasse\/","og_locale":"de_DE","og_type":"article","og_title":"Family Superior Suite mit Terrasse - Blue Waves Resort","og_description":"Genie\u00dfen Sie ger\u00e4umige Unterk\u00fcnfte mit 2 Schlafzimmern und einem Wohnzimmer, einem Terrasse, einem Badezimmer und einer zus\u00e4tzlichen Toilette.","og_url":"https:\/\/bluewaves.hr\/de\/zimmer-und-suiten\/family-superior-suite-mit-terrasse\/","og_site_name":"Blue Waves Resort","article_modified_time":"2021-12-09T08:45:42+00:00","twitter_card":"summary_large_image","schema":{"@context":"https:\/\/schema.org","@graph":[{"@type":"WebPage","@id":"https:\/\/bluewaves.hr\/de\/zimmer-und-suiten\/family-superior-suite-mit-terrasse\/","url":"https:\/\/bluewaves.hr\/de\/zimmer-und-suiten\/family-superior-suite-mit-terrasse\/","name":"Family Superior Suite mit Terrasse - Blue Waves Resort","isPartOf":{"@id":"https:\/\/bluewaves.hr\/de\/#website"},"datePublished":"2021-12-09T08:27:26+00:00","dateModified":"2021-12-09T08:45:42+00:00","description":"Genie\u00dfen Sie ger\u00e4umige Unterk\u00fcnfte mit 2 Schlafzimmern und einem Wohnzimmer, einem Terrasse, einem Badezimmer und einer zus\u00e4tzlichen Toilette.","breadcrumb":{"@id":"https:\/\/bluewaves.hr\/de\/zimmer-und-suiten\/family-superior-suite-mit-terrasse\/#breadcrumb"},"inLanguage":"de-DE","potentialAction":[{"@type":"ReadAction","target":["https:\/\/bluewaves.hr\/de\/zimmer-und-suiten\/family-superior-suite-mit-terrasse\/"]}]},{"@type":"BreadcrumbList","@id":"https:\/\/bluewaves.hr\/de\/zimmer-und-suiten\/family-superior-suite-mit-terrasse\/#breadcrumb","itemListElement":[{"@type":"ListItem","position":1,"name":"Home","item":"https:\/\/bluewaves.hr\/de\/"},{"@type":"ListItem","position":2,"name":"Zimmer &amp; Suiten","item":"https:\/\/bluewaves.hr\/de\/zimmer-und-suiten\/"},{"@type":"ListItem","position":3,"name":"Family Superior Suite mit Terrasse"}]},{"@type":"WebSite","@id":"https:\/\/bluewaves.hr\/de\/#website","url":"https:\/\/bluewaves.hr\/de\/","name":"Blue Waves Resort","description":"Just another ms.decms.eu site","publisher":{"@id":"https:\/\/bluewaves.hr\/de\/#organization"},"potentialAction":[{"@type":"SearchAction","target":{"@type":"EntryPoint","urlTemplate":"https:\/\/bluewaves.hr\/de\/?s={search_term_string}"},"query-input":{"@type":"PropertyValueSpecification","valueRequired":true,"valueName":"search_term_string"}}],"inLanguage":"de-DE"},{"@type":"Organization","@id":"https:\/\/bluewaves.hr\/de\/#organization","name":"Blue Waves Resort","url":"https:\/\/bluewaves.hr\/de\/","logo":{"@type":"ImageObject","inLanguage":"de-DE","@id":"https:\/\/bluewaves.hr\/de\/#\/schema\/logo\/image\/","url":"https:\/\/bluewaves.hr\/wp-content\/uploads\/sites\/100\/2024\/01\/Blue-waves-logo-zlatni.png","contentUrl":"https:\/\/bluewaves.hr\/wp-content\/uploads\/sites\/100\/2024\/01\/Blue-waves-logo-zlatni.png","width":1168,"height":652,"caption":"Blue Waves Resort"},"image":{"@id":"https:\/\/bluewaves.hr\/de\/#\/schema\/logo\/image\/"}}]}},"acf":[],"_links":{"self":[{"href":"https:\/\/bluewaves.hr\/de\/wp-json\/wp\/v2\/pages\/1468","targetHints":{"allow":["GET"]}}],"collection":[{"href":"https:\/\/bluewaves.hr\/de\/wp-json\/wp\/v2\/pages"}],"about":[{"href":"https:\/\/bluewaves.hr\/de\/wp-json\/wp\/v2\/types\/page"}],"author":[{"embeddable":true,"href":"https:\/\/bluewaves.hr\/de\/wp-json\/wp\/v2\/users\/98"}],"replies":[{"embeddable":true,"href":"https:\/\/bluewaves.hr\/de\/wp-json\/wp\/v2\/comments?post=1468"}],"version-history":[{"count":0,"href":"https:\/\/bluewaves.hr\/de\/wp-json\/wp\/v2\/pages\/1468\/revisions"}],"up":[{"embeddable":true,"href":"https:\/\/bluewaves.hr\/de\/wp-json\/wp\/v2\/pages\/626"}],"wp:attachment":[{"href":"https:\/\/bluewaves.hr\/de\/wp-json\/wp\/v2\/media?parent=1468"}],"curies":[{"name":"wp","href":"https:\/\/api.w.org\/{rel}","templated":true}]}}