{"id":1581,"date":"2022-11-11T08:42:54","date_gmt":"2022-11-11T08:42:54","guid":{"rendered":"https:\/\/bluewaves.hr\/?page_id=1581"},"modified":"2026-03-31T10:28:43","modified_gmt":"2026-03-31T10:28:43","slug":"sonderangebot-kroatien-insel-krk","status":"publish","type":"page","link":"https:\/\/bluewaves.hr\/de\/urlaub\/sonderangebot-kroatien-insel-krk\/","title":{"rendered":"BESTER VERF\u00dcGBARER PREIS"},"content":{"rendered":"<p class=\"\" data-start=\"1254\" data-end=\"1379\">Nutzen Sie den <strong data-start=\"1269\" data-end=\"1292\">Bester verf\u00fcgbarer Preis<\/strong> im Blue Waves Resort und erhalten Sie einen <strong>Rabatt von 5%<\/strong> auf Ihren perfekten Urlaub in <strong>Juni, Juli und August<\/strong>!<\/p>\n<h3 class=\"\" data-start=\"1381\" data-end=\"1423\">Was erwartet Sie im <span style=\"color: #000080\">Blue Waves Resort<\/span>?<\/h3>\n<ul>\n<li data-start=\"1381\" data-end=\"1423\"><strong>Ger\u00e4umige und modern eingerichtete Zimmer am meisten mit Meerblick.<\/strong><\/li>\n<li data-start=\"1486\" data-end=\"1550\"><strong>Au\u00dfenpools und ein Wellnessbereich f\u00fcr vollst\u00e4ndige Entspannung.<\/strong><\/li>\n<li data-start=\"1486\" data-end=\"1550\"><strong>Eine reiche Auswahl an gastronomischen K\u00f6stlichkeiten in unserem Restaurant mit Meerblick.<\/strong><\/li>\n<li data-start=\"1486\" data-end=\"1550\"><strong><strong>Aktivit\u00e4ten f\u00fcr die ganze Familie, darunter ein Kinderspielzimmer und Unterhaltung in Juli und August.<\/strong><\/strong><\/li>\n<\/ul>\n<p>&nbsp;<\/p>\n<h3 class=\"\" data-start=\"1731\" data-end=\"1772\">Warum den <span style=\"color: #000080\">Bester verf\u00fcgbarer Preis<\/span>\u00a0w\u00e4hlen?<\/h3>\n<ul>\n<li data-start=\"1776\" data-end=\"1885\"><strong data-start=\"1776\" data-end=\"1798\">Exklusiver Rabatt:<\/strong> Erhalten Sie 5% Rabatt auf alle Zimmertypen bei direkter Buchung \u00fcber unsere Website.<\/li>\n<li data-start=\"1776\" data-end=\"1885\"><strong data-start=\"1888\" data-end=\"1921\">Flexible Buchungsbedingungen:<\/strong> Kostenlose Stornierung bis 14 Tage vor der Ankunft, damit Sie ganz unbesorgt buchen k\u00f6nnen.<\/li>\n<li data-start=\"1776\" data-end=\"1885\"><strong data-start=\"2015\" data-end=\"2040\">Zus\u00e4tzliche Vorteile:<\/strong> Kostenlose Nutzung der Au\u00dfenpools und der Sonnenliegen an den Pools sowie Zugang zum Health &amp; Relax Center w\u00e4hrend Ihres Aufenthalts.<\/li>\n<\/ul>\n<p class=\"\" data-start=\"2129\" data-end=\"2338\">Verpassen Sie nicht die Gelegenheit, Ihren perfekten Urlaub zu einem besseren Preis zu genie\u00dfen.<br \/>\nBuchen Sie noch heute Ihren Aufenthalt im Blue Waves Resort und starten Sie den Countdown f\u00fcr Ihren Traumurlaub!<\/p>\n<p class=\"\" data-start=\"2340\" data-end=\"2391\"><strong data-start=\"2340\" data-end=\"2391\">Kontaktieren Sie uns f\u00fcr weitere Informationen:<\/strong><\/p>\n<ul>\n<li data-start=\"2395\" data-end=\"2419\">Telefon: +385 51 654 000<\/li>\n<li data-start=\"2395\" data-end=\"2419\">E-Mail: <a rel=\"noopener\" data-start=\"2430\" data-end=\"2455\">reservations@bluewaves.hr<\/a><\/li>\n<\/ul>\n<p class=\"\" data-start=\"2457\" data-end=\"2556\"><strong>Ihr Traumurlaub beginnt hier. Wir freuen uns darauf, Sie im Blue Waves Resort willkommen zu hei\u00dfen!<\/strong><\/p>\n","protected":false},"excerpt":{"rendered":"<p>Nutzen Sie den Bester verf\u00fcgbarer Preis im Blue Waves Resort und erhalten Sie einen Rabatt von 5% auf Ihren perfekten Urlaub in Juni, Juli und August! Was erwartet Sie im Blue Waves Resort? Ger\u00e4umige und modern eingerichtete Zimmer am meisten mit Meerblick. Au\u00dfenpools und ein Wellnessbereich f\u00fcr vollst\u00e4ndige Entspannung. Eine reiche Auswahl an gastronomischen K\u00f6stlichkeiten [&hellip;]<\/p>\n","protected":false},"author":98,"featured_media":535,"parent":1290,"menu_order":2,"comment_status":"closed","ping_status":"closed","template":"","meta":{"footnotes":""},"class_list":["post-1581","page","type-page","status-publish","has-post-thumbnail","hentry"],"yoast_head":"<!-- This site is optimized with the Yoast SEO plugin v26.9 - https:\/\/yoast.com\/product\/yoast-seo-wordpress\/ -->\n<title>BESTER VERF\u00dcGBARER PREIS - Blue Waves Resort<\/title>\n<meta name=\"description\" content=\"\ud83c\udf0aBuchen Sie Ihr Urlaub im Blue Waves Resort und genie\u00dfen Sie 5% Rabatt auf Aufenthalte in Juni, Juli un August! \ud83c\udf0a\" \/>\n<meta name=\"robots\" content=\"index, follow, max-snippet:-1, max-image-preview:large, max-video-preview:-1\" \/>\n<link rel=\"canonical\" href=\"https:\/\/bluewaves.hr\/de\/urlaub\/sonderangebot-kroatien-insel-krk\/\" \/>\n<meta property=\"og:locale\" content=\"de_DE\" \/>\n<meta property=\"og:type\" content=\"article\" \/>\n<meta property=\"og:title\" content=\"BESTER VERF\u00dcGBARER PREIS - Blue Waves Resort\" \/>\n<meta property=\"og:description\" content=\"\ud83c\udf0aBuchen Sie Ihr Urlaub im Blue Waves Resort und genie\u00dfen Sie 5% Rabatt auf Aufenthalte in Juni, Juli un August! \ud83c\udf0a\" \/>\n<meta property=\"og:url\" content=\"https:\/\/bluewaves.hr\/de\/urlaub\/sonderangebot-kroatien-insel-krk\/\" \/>\n<meta property=\"og:site_name\" content=\"Blue Waves Resort\" \/>\n<meta property=\"article:modified_time\" content=\"2026-03-31T10:28:43+00:00\" \/>\n<meta property=\"og:image\" content=\"https:\/\/bluewaves.hr\/wp-content\/uploads\/sites\/100\/2019\/12\/fb_sm_instagram_2091320381227357145_3063419317_pic.jpg\" \/>\n\t<meta property=\"og:image:width\" content=\"1000\" \/>\n\t<meta property=\"og:image:height\" content=\"666\" \/>\n\t<meta property=\"og:image:type\" content=\"image\/jpeg\" \/>\n<meta name=\"twitter:card\" content=\"summary_large_image\" \/>\n<meta name=\"twitter:label1\" content=\"Gesch\u00e4tzte Lesezeit\" \/>\n\t<meta name=\"twitter:data1\" content=\"2 Minuten\" \/>\n<script type=\"application\/ld+json\" class=\"yoast-schema-graph\">{\"@context\":\"https:\/\/schema.org\",\"@graph\":[{\"@type\":\"WebPage\",\"@id\":\"https:\/\/bluewaves.hr\/de\/urlaub\/sonderangebot-kroatien-insel-krk\/\",\"url\":\"https:\/\/bluewaves.hr\/de\/urlaub\/sonderangebot-kroatien-insel-krk\/\",\"name\":\"BESTER VERF\u00dcGBARER PREIS - Blue Waves Resort\",\"isPartOf\":{\"@id\":\"https:\/\/bluewaves.hr\/de\/#website\"},\"primaryImageOfPage\":{\"@id\":\"https:\/\/bluewaves.hr\/de\/urlaub\/sonderangebot-kroatien-insel-krk\/#primaryimage\"},\"image\":{\"@id\":\"https:\/\/bluewaves.hr\/de\/urlaub\/sonderangebot-kroatien-insel-krk\/#primaryimage\"},\"thumbnailUrl\":\"https:\/\/bluewaves.hr\/wp-content\/uploads\/sites\/100\/2019\/12\/fb_sm_instagram_2091320381227357145_3063419317_pic.jpg\",\"datePublished\":\"2022-11-11T08:42:54+00:00\",\"dateModified\":\"2026-03-31T10:28:43+00:00\",\"description\":\"\ud83c\udf0aBuchen Sie Ihr Urlaub im Blue Waves Resort und genie\u00dfen Sie 5% Rabatt auf Aufenthalte in Juni, Juli un August! \ud83c\udf0a\",\"breadcrumb\":{\"@id\":\"https:\/\/bluewaves.hr\/de\/urlaub\/sonderangebot-kroatien-insel-krk\/#breadcrumb\"},\"inLanguage\":\"de-DE\",\"potentialAction\":[{\"@type\":\"ReadAction\",\"target\":[\"https:\/\/bluewaves.hr\/de\/urlaub\/sonderangebot-kroatien-insel-krk\/\"]}]},{\"@type\":\"ImageObject\",\"inLanguage\":\"de-DE\",\"@id\":\"https:\/\/bluewaves.hr\/de\/urlaub\/sonderangebot-kroatien-insel-krk\/#primaryimage\",\"url\":\"https:\/\/bluewaves.hr\/wp-content\/uploads\/sites\/100\/2019\/12\/fb_sm_instagram_2091320381227357145_3063419317_pic.jpg\",\"contentUrl\":\"https:\/\/bluewaves.hr\/wp-content\/uploads\/sites\/100\/2019\/12\/fb_sm_instagram_2091320381227357145_3063419317_pic.jpg\",\"width\":1000,\"height\":666,\"caption\":\"Beautiful pebbel beach with clear blue sea.\"},{\"@type\":\"BreadcrumbList\",\"@id\":\"https:\/\/bluewaves.hr\/de\/urlaub\/sonderangebot-kroatien-insel-krk\/#breadcrumb\",\"itemListElement\":[{\"@type\":\"ListItem\",\"position\":1,\"name\":\"Home\",\"item\":\"https:\/\/bluewaves.hr\/de\/\"},{\"@type\":\"ListItem\",\"position\":2,\"name\":\"URLAUB\",\"item\":\"https:\/\/bluewaves.hr\/de\/urlaub\/\"},{\"@type\":\"ListItem\",\"position\":3,\"name\":\"BESTER VERF\u00dcGBARER PREIS\"}]},{\"@type\":\"WebSite\",\"@id\":\"https:\/\/bluewaves.hr\/de\/#website\",\"url\":\"https:\/\/bluewaves.hr\/de\/\",\"name\":\"Blue Waves Resort\",\"description\":\"Just another ms.decms.eu site\",\"publisher\":{\"@id\":\"https:\/\/bluewaves.hr\/de\/#organization\"},\"potentialAction\":[{\"@type\":\"SearchAction\",\"target\":{\"@type\":\"EntryPoint\",\"urlTemplate\":\"https:\/\/bluewaves.hr\/de\/?s={search_term_string}\"},\"query-input\":{\"@type\":\"PropertyValueSpecification\",\"valueRequired\":true,\"valueName\":\"search_term_string\"}}],\"inLanguage\":\"de-DE\"},{\"@type\":\"Organization\",\"@id\":\"https:\/\/bluewaves.hr\/de\/#organization\",\"name\":\"Blue Waves Resort\",\"url\":\"https:\/\/bluewaves.hr\/de\/\",\"logo\":{\"@type\":\"ImageObject\",\"inLanguage\":\"de-DE\",\"@id\":\"https:\/\/bluewaves.hr\/de\/#\/schema\/logo\/image\/\",\"url\":\"https:\/\/bluewaves.hr\/wp-content\/uploads\/sites\/100\/2024\/01\/Blue-waves-logo-zlatni.png\",\"contentUrl\":\"https:\/\/bluewaves.hr\/wp-content\/uploads\/sites\/100\/2024\/01\/Blue-waves-logo-zlatni.png\",\"width\":1168,\"height\":652,\"caption\":\"Blue Waves Resort\"},\"image\":{\"@id\":\"https:\/\/bluewaves.hr\/de\/#\/schema\/logo\/image\/\"}}]}<\/script>\n<!-- \/ Yoast SEO plugin. -->","yoast_head_json":{"title":"BESTER VERF\u00dcGBARER PREIS - Blue Waves Resort","description":"\ud83c\udf0aBuchen Sie Ihr Urlaub im Blue Waves Resort und genie\u00dfen Sie 5% Rabatt auf Aufenthalte in Juni, Juli un August! \ud83c\udf0a","robots":{"index":"index","follow":"follow","max-snippet":"max-snippet:-1","max-image-preview":"max-image-preview:large","max-video-preview":"max-video-preview:-1"},"canonical":"https:\/\/bluewaves.hr\/de\/urlaub\/sonderangebot-kroatien-insel-krk\/","og_locale":"de_DE","og_type":"article","og_title":"BESTER VERF\u00dcGBARER PREIS - Blue Waves Resort","og_description":"\ud83c\udf0aBuchen Sie Ihr Urlaub im Blue Waves Resort und genie\u00dfen Sie 5% Rabatt auf Aufenthalte in Juni, Juli un August! \ud83c\udf0a","og_url":"https:\/\/bluewaves.hr\/de\/urlaub\/sonderangebot-kroatien-insel-krk\/","og_site_name":"Blue Waves Resort","article_modified_time":"2026-03-31T10:28:43+00:00","og_image":[{"width":1000,"height":666,"url":"https:\/\/bluewaves.hr\/wp-content\/uploads\/sites\/100\/2019\/12\/fb_sm_instagram_2091320381227357145_3063419317_pic.jpg","type":"image\/jpeg"}],"twitter_card":"summary_large_image","twitter_misc":{"Gesch\u00e4tzte Lesezeit":"2 Minuten"},"schema":{"@context":"https:\/\/schema.org","@graph":[{"@type":"WebPage","@id":"https:\/\/bluewaves.hr\/de\/urlaub\/sonderangebot-kroatien-insel-krk\/","url":"https:\/\/bluewaves.hr\/de\/urlaub\/sonderangebot-kroatien-insel-krk\/","name":"BESTER VERF\u00dcGBARER PREIS - Blue Waves Resort","isPartOf":{"@id":"https:\/\/bluewaves.hr\/de\/#website"},"primaryImageOfPage":{"@id":"https:\/\/bluewaves.hr\/de\/urlaub\/sonderangebot-kroatien-insel-krk\/#primaryimage"},"image":{"@id":"https:\/\/bluewaves.hr\/de\/urlaub\/sonderangebot-kroatien-insel-krk\/#primaryimage"},"thumbnailUrl":"https:\/\/bluewaves.hr\/wp-content\/uploads\/sites\/100\/2019\/12\/fb_sm_instagram_2091320381227357145_3063419317_pic.jpg","datePublished":"2022-11-11T08:42:54+00:00","dateModified":"2026-03-31T10:28:43+00:00","description":"\ud83c\udf0aBuchen Sie Ihr Urlaub im Blue Waves Resort und genie\u00dfen Sie 5% Rabatt auf Aufenthalte in Juni, Juli un August! \ud83c\udf0a","breadcrumb":{"@id":"https:\/\/bluewaves.hr\/de\/urlaub\/sonderangebot-kroatien-insel-krk\/#breadcrumb"},"inLanguage":"de-DE","potentialAction":[{"@type":"ReadAction","target":["https:\/\/bluewaves.hr\/de\/urlaub\/sonderangebot-kroatien-insel-krk\/"]}]},{"@type":"ImageObject","inLanguage":"de-DE","@id":"https:\/\/bluewaves.hr\/de\/urlaub\/sonderangebot-kroatien-insel-krk\/#primaryimage","url":"https:\/\/bluewaves.hr\/wp-content\/uploads\/sites\/100\/2019\/12\/fb_sm_instagram_2091320381227357145_3063419317_pic.jpg","contentUrl":"https:\/\/bluewaves.hr\/wp-content\/uploads\/sites\/100\/2019\/12\/fb_sm_instagram_2091320381227357145_3063419317_pic.jpg","width":1000,"height":666,"caption":"Beautiful pebbel beach with clear blue sea."},{"@type":"BreadcrumbList","@id":"https:\/\/bluewaves.hr\/de\/urlaub\/sonderangebot-kroatien-insel-krk\/#breadcrumb","itemListElement":[{"@type":"ListItem","position":1,"name":"Home","item":"https:\/\/bluewaves.hr\/de\/"},{"@type":"ListItem","position":2,"name":"URLAUB","item":"https:\/\/bluewaves.hr\/de\/urlaub\/"},{"@type":"ListItem","position":3,"name":"BESTER VERF\u00dcGBARER PREIS"}]},{"@type":"WebSite","@id":"https:\/\/bluewaves.hr\/de\/#website","url":"https:\/\/bluewaves.hr\/de\/","name":"Blue Waves Resort","description":"Just another ms.decms.eu site","publisher":{"@id":"https:\/\/bluewaves.hr\/de\/#organization"},"potentialAction":[{"@type":"SearchAction","target":{"@type":"EntryPoint","urlTemplate":"https:\/\/bluewaves.hr\/de\/?s={search_term_string}"},"query-input":{"@type":"PropertyValueSpecification","valueRequired":true,"valueName":"search_term_string"}}],"inLanguage":"de-DE"},{"@type":"Organization","@id":"https:\/\/bluewaves.hr\/de\/#organization","name":"Blue Waves Resort","url":"https:\/\/bluewaves.hr\/de\/","logo":{"@type":"ImageObject","inLanguage":"de-DE","@id":"https:\/\/bluewaves.hr\/de\/#\/schema\/logo\/image\/","url":"https:\/\/bluewaves.hr\/wp-content\/uploads\/sites\/100\/2024\/01\/Blue-waves-logo-zlatni.png","contentUrl":"https:\/\/bluewaves.hr\/wp-content\/uploads\/sites\/100\/2024\/01\/Blue-waves-logo-zlatni.png","width":1168,"height":652,"caption":"Blue Waves Resort"},"image":{"@id":"https:\/\/bluewaves.hr\/de\/#\/schema\/logo\/image\/"}}]}},"acf":[],"_links":{"self":[{"href":"https:\/\/bluewaves.hr\/de\/wp-json\/wp\/v2\/pages\/1581","targetHints":{"allow":["GET"]}}],"collection":[{"href":"https:\/\/bluewaves.hr\/de\/wp-json\/wp\/v2\/pages"}],"about":[{"href":"https:\/\/bluewaves.hr\/de\/wp-json\/wp\/v2\/types\/page"}],"author":[{"embeddable":true,"href":"https:\/\/bluewaves.hr\/de\/wp-json\/wp\/v2\/users\/98"}],"replies":[{"embeddable":true,"href":"https:\/\/bluewaves.hr\/de\/wp-json\/wp\/v2\/comments?post=1581"}],"version-history":[{"count":0,"href":"https:\/\/bluewaves.hr\/de\/wp-json\/wp\/v2\/pages\/1581\/revisions"}],"up":[{"embeddable":true,"href":"https:\/\/bluewaves.hr\/de\/wp-json\/wp\/v2\/pages\/1290"}],"wp:featuredmedia":[{"embeddable":true,"href":"https:\/\/bluewaves.hr\/de\/wp-json\/wp\/v2\/media\/535"}],"wp:attachment":[{"href":"https:\/\/bluewaves.hr\/de\/wp-json\/wp\/v2\/media?parent=1581"}],"curies":[{"name":"wp","href":"https:\/\/api.w.org\/{rel}","templated":true}]}}