{"id":1602,"date":"2023-02-15T13:22:34","date_gmt":"2023-02-15T13:22:34","guid":{"rendered":"https:\/\/bluewaves.hr\/?page_id=1602"},"modified":"2026-04-20T12:04:37","modified_gmt":"2026-04-20T12:04:37","slug":"tag-der-arbeit-malinska-insel-krk","status":"publish","type":"page","link":"https:\/\/bluewaves.hr\/de\/urlaub\/tag-der-arbeit-malinska-insel-krk\/","title":{"rendered":"Tag der Arbeit Sonderangebot"},"content":{"rendered":"<p><strong>Verbringen Sie den Tag der Arbeit im Blue Waves Resort und genie\u00dfen Sie die Fr\u00fchlingssonne am sch\u00f6nsten Strand von Malinska!<\/strong><br \/>\nWenn Sie es nicht geschafft haben, dieses Osterwochenende in ein verl\u00e4ngertes Wochenende zu verwandeln, gibt es hier eine neue Gelegenheit zum Tag der Arbeit: Wir bieten Ihnen diesen Sonderpreis f\u00fcr Aufenthalte vom <strong>30. April bis 3. Mai<\/strong>!<\/p>\n<ul>\n<li><strong>20 % Rabatt auf Halbpension f\u00fcr alle Zimmerkategorien<\/strong><\/li>\n<li>1 x w\u00e4hrend des Aufenthaltes freier <strong>Eintritt ins SPA 120 Min.<\/strong> (Finnische Sauna, Biosauna, Dampfbad, beheizte Keramikliegest\u00fchle, W\u00e4rmebank)<\/li>\n<li>T\u00e4glich <strong>kostenlose Nutzung der Health &amp; Relax Zone<\/strong> (Hallenbad, Fitness, Whirlpool)<\/li>\n<li>Nutzung der Au\u00dfenpools sowie Liegen und Sonnenschirme an den Pools (wetterabh\u00e4ngig)<\/li>\n<li>T\u00e4glich kostenlose Nutzung des <strong>Spielzimmers f\u00fcr Kinder<\/strong> (PlayStation 4, Xbox One, Tischfu\u00dfball, Airhockey)<\/li>\n<li><strong>1 x Wellness-Gutschein im Wert von 8,00 \u20ac<\/strong> pro Person (g\u00fcltig f\u00fcr Personen ab 18 Jahren), der f\u00fcr Massageanwendungen eingel\u00f6st werden kann.<\/li>\n<\/ul>\n<p>&nbsp;<\/p>\n<p>&nbsp;<\/p>\n","protected":false},"excerpt":{"rendered":"<p>Verbringen Sie den Tag der Arbeit im Blue Waves Resort und genie\u00dfen Sie die Fr\u00fchlingssonne am sch\u00f6nsten Strand von Malinska! Wenn Sie es nicht geschafft haben, dieses Osterwochenende in ein verl\u00e4ngertes Wochenende zu verwandeln, gibt es hier eine neue Gelegenheit zum Tag der Arbeit: Wir bieten Ihnen diesen Sonderpreis f\u00fcr Aufenthalte vom 30. April bis [&hellip;]<\/p>\n","protected":false},"author":98,"featured_media":1680,"parent":1290,"menu_order":0,"comment_status":"closed","ping_status":"closed","template":"","meta":{"footnotes":""},"class_list":["post-1602","page","type-page","status-publish","has-post-thumbnail","hentry"],"yoast_head":"<!-- This site is optimized with the Yoast SEO plugin v26.9 - https:\/\/yoast.com\/product\/yoast-seo-wordpress\/ -->\n<title>Tag der Arbeit Sonderangebot - Blue Waves Resort<\/title>\n<meta name=\"description\" content=\"Verbringen Sie den Tag der Arbeit im Blue Waves Resort und genie\u00dfen Sie die Fr\u00fchlingssonne am sch\u00f6nsten Strand von Malinska.\" \/>\n<meta name=\"robots\" content=\"index, follow, max-snippet:-1, max-image-preview:large, max-video-preview:-1\" \/>\n<link rel=\"canonical\" href=\"https:\/\/bluewaves.hr\/de\/urlaub\/tag-der-arbeit-malinska-insel-krk\/\" \/>\n<meta property=\"og:locale\" content=\"de_DE\" \/>\n<meta property=\"og:type\" content=\"article\" \/>\n<meta property=\"og:title\" content=\"Tag der Arbeit Sonderangebot - Blue Waves Resort\" \/>\n<meta property=\"og:description\" content=\"Verbringen Sie den Tag der Arbeit im Blue Waves Resort und genie\u00dfen Sie die Fr\u00fchlingssonne am sch\u00f6nsten Strand von Malinska.\" \/>\n<meta property=\"og:url\" content=\"https:\/\/bluewaves.hr\/de\/urlaub\/tag-der-arbeit-malinska-insel-krk\/\" \/>\n<meta property=\"og:site_name\" content=\"Blue Waves Resort\" \/>\n<meta property=\"article:modified_time\" content=\"2026-04-20T12:04:37+00:00\" \/>\n<meta property=\"og:image\" content=\"https:\/\/bluewaves.hr\/wp-content\/uploads\/sites\/100\/2024\/04\/Labours-day-2.png\" \/>\n\t<meta property=\"og:image:width\" content=\"940\" \/>\n\t<meta property=\"og:image:height\" content=\"788\" \/>\n\t<meta property=\"og:image:type\" content=\"image\/png\" \/>\n<meta name=\"twitter:card\" content=\"summary_large_image\" \/>\n<meta name=\"twitter:label1\" content=\"Gesch\u00e4tzte Lesezeit\" \/>\n\t<meta name=\"twitter:data1\" content=\"1 Minute\" \/>\n<script type=\"application\/ld+json\" class=\"yoast-schema-graph\">{\"@context\":\"https:\/\/schema.org\",\"@graph\":[{\"@type\":\"WebPage\",\"@id\":\"https:\/\/bluewaves.hr\/de\/urlaub\/tag-der-arbeit-malinska-insel-krk\/\",\"url\":\"https:\/\/bluewaves.hr\/de\/urlaub\/tag-der-arbeit-malinska-insel-krk\/\",\"name\":\"Tag der Arbeit Sonderangebot - Blue Waves Resort\",\"isPartOf\":{\"@id\":\"https:\/\/bluewaves.hr\/de\/#website\"},\"primaryImageOfPage\":{\"@id\":\"https:\/\/bluewaves.hr\/de\/urlaub\/tag-der-arbeit-malinska-insel-krk\/#primaryimage\"},\"image\":{\"@id\":\"https:\/\/bluewaves.hr\/de\/urlaub\/tag-der-arbeit-malinska-insel-krk\/#primaryimage\"},\"thumbnailUrl\":\"https:\/\/bluewaves.hr\/wp-content\/uploads\/sites\/100\/2024\/04\/Labours-day-2.png\",\"datePublished\":\"2023-02-15T13:22:34+00:00\",\"dateModified\":\"2026-04-20T12:04:37+00:00\",\"description\":\"Verbringen Sie den Tag der Arbeit im Blue Waves Resort und genie\u00dfen Sie die Fr\u00fchlingssonne am sch\u00f6nsten Strand von Malinska.\",\"breadcrumb\":{\"@id\":\"https:\/\/bluewaves.hr\/de\/urlaub\/tag-der-arbeit-malinska-insel-krk\/#breadcrumb\"},\"inLanguage\":\"de-DE\",\"potentialAction\":[{\"@type\":\"ReadAction\",\"target\":[\"https:\/\/bluewaves.hr\/de\/urlaub\/tag-der-arbeit-malinska-insel-krk\/\"]}]},{\"@type\":\"ImageObject\",\"inLanguage\":\"de-DE\",\"@id\":\"https:\/\/bluewaves.hr\/de\/urlaub\/tag-der-arbeit-malinska-insel-krk\/#primaryimage\",\"url\":\"https:\/\/bluewaves.hr\/wp-content\/uploads\/sites\/100\/2024\/04\/Labours-day-2.png\",\"contentUrl\":\"https:\/\/bluewaves.hr\/wp-content\/uploads\/sites\/100\/2024\/04\/Labours-day-2.png\",\"width\":940,\"height\":788},{\"@type\":\"BreadcrumbList\",\"@id\":\"https:\/\/bluewaves.hr\/de\/urlaub\/tag-der-arbeit-malinska-insel-krk\/#breadcrumb\",\"itemListElement\":[{\"@type\":\"ListItem\",\"position\":1,\"name\":\"Home\",\"item\":\"https:\/\/bluewaves.hr\/de\/\"},{\"@type\":\"ListItem\",\"position\":2,\"name\":\"URLAUB\",\"item\":\"https:\/\/bluewaves.hr\/de\/urlaub\/\"},{\"@type\":\"ListItem\",\"position\":3,\"name\":\"Tag der Arbeit Sonderangebot\"}]},{\"@type\":\"WebSite\",\"@id\":\"https:\/\/bluewaves.hr\/de\/#website\",\"url\":\"https:\/\/bluewaves.hr\/de\/\",\"name\":\"Blue Waves Resort\",\"description\":\"Just another ms.decms.eu site\",\"publisher\":{\"@id\":\"https:\/\/bluewaves.hr\/de\/#organization\"},\"potentialAction\":[{\"@type\":\"SearchAction\",\"target\":{\"@type\":\"EntryPoint\",\"urlTemplate\":\"https:\/\/bluewaves.hr\/de\/?s={search_term_string}\"},\"query-input\":{\"@type\":\"PropertyValueSpecification\",\"valueRequired\":true,\"valueName\":\"search_term_string\"}}],\"inLanguage\":\"de-DE\"},{\"@type\":\"Organization\",\"@id\":\"https:\/\/bluewaves.hr\/de\/#organization\",\"name\":\"Blue Waves Resort\",\"url\":\"https:\/\/bluewaves.hr\/de\/\",\"logo\":{\"@type\":\"ImageObject\",\"inLanguage\":\"de-DE\",\"@id\":\"https:\/\/bluewaves.hr\/de\/#\/schema\/logo\/image\/\",\"url\":\"https:\/\/bluewaves.hr\/wp-content\/uploads\/sites\/100\/2024\/01\/Blue-waves-logo-zlatni.png\",\"contentUrl\":\"https:\/\/bluewaves.hr\/wp-content\/uploads\/sites\/100\/2024\/01\/Blue-waves-logo-zlatni.png\",\"width\":1168,\"height\":652,\"caption\":\"Blue Waves Resort\"},\"image\":{\"@id\":\"https:\/\/bluewaves.hr\/de\/#\/schema\/logo\/image\/\"}}]}<\/script>\n<!-- \/ Yoast SEO plugin. -->","yoast_head_json":{"title":"Tag der Arbeit Sonderangebot - Blue Waves Resort","description":"Verbringen Sie den Tag der Arbeit im Blue Waves Resort und genie\u00dfen Sie die Fr\u00fchlingssonne am sch\u00f6nsten Strand von Malinska.","robots":{"index":"index","follow":"follow","max-snippet":"max-snippet:-1","max-image-preview":"max-image-preview:large","max-video-preview":"max-video-preview:-1"},"canonical":"https:\/\/bluewaves.hr\/de\/urlaub\/tag-der-arbeit-malinska-insel-krk\/","og_locale":"de_DE","og_type":"article","og_title":"Tag der Arbeit Sonderangebot - Blue Waves Resort","og_description":"Verbringen Sie den Tag der Arbeit im Blue Waves Resort und genie\u00dfen Sie die Fr\u00fchlingssonne am sch\u00f6nsten Strand von Malinska.","og_url":"https:\/\/bluewaves.hr\/de\/urlaub\/tag-der-arbeit-malinska-insel-krk\/","og_site_name":"Blue Waves Resort","article_modified_time":"2026-04-20T12:04:37+00:00","og_image":[{"width":940,"height":788,"url":"https:\/\/bluewaves.hr\/wp-content\/uploads\/sites\/100\/2024\/04\/Labours-day-2.png","type":"image\/png"}],"twitter_card":"summary_large_image","twitter_misc":{"Gesch\u00e4tzte Lesezeit":"1 Minute"},"schema":{"@context":"https:\/\/schema.org","@graph":[{"@type":"WebPage","@id":"https:\/\/bluewaves.hr\/de\/urlaub\/tag-der-arbeit-malinska-insel-krk\/","url":"https:\/\/bluewaves.hr\/de\/urlaub\/tag-der-arbeit-malinska-insel-krk\/","name":"Tag der Arbeit Sonderangebot - Blue Waves Resort","isPartOf":{"@id":"https:\/\/bluewaves.hr\/de\/#website"},"primaryImageOfPage":{"@id":"https:\/\/bluewaves.hr\/de\/urlaub\/tag-der-arbeit-malinska-insel-krk\/#primaryimage"},"image":{"@id":"https:\/\/bluewaves.hr\/de\/urlaub\/tag-der-arbeit-malinska-insel-krk\/#primaryimage"},"thumbnailUrl":"https:\/\/bluewaves.hr\/wp-content\/uploads\/sites\/100\/2024\/04\/Labours-day-2.png","datePublished":"2023-02-15T13:22:34+00:00","dateModified":"2026-04-20T12:04:37+00:00","description":"Verbringen Sie den Tag der Arbeit im Blue Waves Resort und genie\u00dfen Sie die Fr\u00fchlingssonne am sch\u00f6nsten Strand von Malinska.","breadcrumb":{"@id":"https:\/\/bluewaves.hr\/de\/urlaub\/tag-der-arbeit-malinska-insel-krk\/#breadcrumb"},"inLanguage":"de-DE","potentialAction":[{"@type":"ReadAction","target":["https:\/\/bluewaves.hr\/de\/urlaub\/tag-der-arbeit-malinska-insel-krk\/"]}]},{"@type":"ImageObject","inLanguage":"de-DE","@id":"https:\/\/bluewaves.hr\/de\/urlaub\/tag-der-arbeit-malinska-insel-krk\/#primaryimage","url":"https:\/\/bluewaves.hr\/wp-content\/uploads\/sites\/100\/2024\/04\/Labours-day-2.png","contentUrl":"https:\/\/bluewaves.hr\/wp-content\/uploads\/sites\/100\/2024\/04\/Labours-day-2.png","width":940,"height":788},{"@type":"BreadcrumbList","@id":"https:\/\/bluewaves.hr\/de\/urlaub\/tag-der-arbeit-malinska-insel-krk\/#breadcrumb","itemListElement":[{"@type":"ListItem","position":1,"name":"Home","item":"https:\/\/bluewaves.hr\/de\/"},{"@type":"ListItem","position":2,"name":"URLAUB","item":"https:\/\/bluewaves.hr\/de\/urlaub\/"},{"@type":"ListItem","position":3,"name":"Tag der Arbeit Sonderangebot"}]},{"@type":"WebSite","@id":"https:\/\/bluewaves.hr\/de\/#website","url":"https:\/\/bluewaves.hr\/de\/","name":"Blue Waves Resort","description":"Just another ms.decms.eu site","publisher":{"@id":"https:\/\/bluewaves.hr\/de\/#organization"},"potentialAction":[{"@type":"SearchAction","target":{"@type":"EntryPoint","urlTemplate":"https:\/\/bluewaves.hr\/de\/?s={search_term_string}"},"query-input":{"@type":"PropertyValueSpecification","valueRequired":true,"valueName":"search_term_string"}}],"inLanguage":"de-DE"},{"@type":"Organization","@id":"https:\/\/bluewaves.hr\/de\/#organization","name":"Blue Waves Resort","url":"https:\/\/bluewaves.hr\/de\/","logo":{"@type":"ImageObject","inLanguage":"de-DE","@id":"https:\/\/bluewaves.hr\/de\/#\/schema\/logo\/image\/","url":"https:\/\/bluewaves.hr\/wp-content\/uploads\/sites\/100\/2024\/01\/Blue-waves-logo-zlatni.png","contentUrl":"https:\/\/bluewaves.hr\/wp-content\/uploads\/sites\/100\/2024\/01\/Blue-waves-logo-zlatni.png","width":1168,"height":652,"caption":"Blue Waves Resort"},"image":{"@id":"https:\/\/bluewaves.hr\/de\/#\/schema\/logo\/image\/"}}]}},"acf":[],"_links":{"self":[{"href":"https:\/\/bluewaves.hr\/de\/wp-json\/wp\/v2\/pages\/1602","targetHints":{"allow":["GET"]}}],"collection":[{"href":"https:\/\/bluewaves.hr\/de\/wp-json\/wp\/v2\/pages"}],"about":[{"href":"https:\/\/bluewaves.hr\/de\/wp-json\/wp\/v2\/types\/page"}],"author":[{"embeddable":true,"href":"https:\/\/bluewaves.hr\/de\/wp-json\/wp\/v2\/users\/98"}],"replies":[{"embeddable":true,"href":"https:\/\/bluewaves.hr\/de\/wp-json\/wp\/v2\/comments?post=1602"}],"version-history":[{"count":0,"href":"https:\/\/bluewaves.hr\/de\/wp-json\/wp\/v2\/pages\/1602\/revisions"}],"up":[{"embeddable":true,"href":"https:\/\/bluewaves.hr\/de\/wp-json\/wp\/v2\/pages\/1290"}],"wp:featuredmedia":[{"embeddable":true,"href":"https:\/\/bluewaves.hr\/de\/wp-json\/wp\/v2\/media\/1680"}],"wp:attachment":[{"href":"https:\/\/bluewaves.hr\/de\/wp-json\/wp\/v2\/media?parent=1602"}],"curies":[{"name":"wp","href":"https:\/\/api.w.org\/{rel}","templated":true}]}}