{"id":4,"date":"2019-11-05T15:31:41","date_gmt":"2019-11-05T15:31:41","guid":{"rendered":"http:\/\/blue-waves-resort.ms.decms.eu\/?page_id=4"},"modified":"2023-12-21T10:52:21","modified_gmt":"2023-12-21T10:52:21","slug":"blue-waves-resort","status":"publish","type":"page","link":"https:\/\/bluewaves.hr\/de\/","title":{"rendered":"Willkomen in Blue Waves Resort"},"content":{"rendered":"<p><span class=\"VIiyi\" lang=\"de\"><span class=\"JLqJ4b ChMk0b\" data-language-for-alternatives=\"de\" data-language-to-translate-into=\"en\" data-phrase-index=\"0\">Das Blue Waves Resort ist ein einzigartiges <strong>Hotel in Malinska auf der Insel Krk<\/strong>.<\/span><\/span> Unsere Mission begann im Jahr 2009, als das Resort gebaut wurde, und dauert noch bis heute. <strong>Die Insel Krk ist fast das ganze Jahr \u00fcber das richtige Urlaubsziel.<\/strong> Es verdient ein Hotel, in dem Sie sich gem\u00fctlich wie im eigenen Haus f\u00fcllen k\u00f6nnen, und zugleich perfekt unterbracht werden. Lassen Sie uns alle Ihre W\u00fcnsche erf\u00fcllen, aber auch einige vorhersehen. \ud83d\ude42<\/p>\n<p>Der Slogan unseres Resorts -Ihr Zuhause am Strand, kann nicht aussagekr\u00e4ftiger sein als es ist; vom Moment Ihrer Ankunft im <strong>4* Blue Waves Resort<\/strong> werden wir uns bem\u00fchen, dass Sie sich so f\u00fcllen, als ob Sie zu Hause angekommen sind. <strong>Ihr neues Zuhause<\/strong> liegt direkt am Strand mit kristallklarem Meer <strong>in der sch\u00f6nen Bucht von Malinska<\/strong>.<\/p>\n","protected":false},"excerpt":{"rendered":"<p>Das Blue Waves Resort ist ein einzigartiges Hotel in Malinska auf der Insel Krk. Unsere Mission begann im Jahr 2009, als das Resort gebaut wurde, und dauert noch bis heute. Die Insel Krk ist fast das ganze Jahr \u00fcber das richtige Urlaubsziel. Es verdient ein Hotel, in dem Sie sich gem\u00fctlich wie im eigenen Haus [&hellip;]<\/p>\n","protected":false},"author":4,"featured_media":0,"parent":0,"menu_order":0,"comment_status":"closed","ping_status":"open","template":"","meta":{"footnotes":""},"class_list":["post-4","page","type-page","status-publish","hentry"],"yoast_head":"<!-- This site is optimized with the Yoast SEO plugin v26.9 - https:\/\/yoast.com\/product\/yoast-seo-wordpress\/ -->\n<title>Willkomen in Blue Waves Resort - Blue Waves Resort<\/title>\n<meta name=\"description\" content=\"4-Sterne-Hotel befindet sich direkt in Malinska auf Insel Krk am Strand und bietet Wellness, Spa, Au\u00dfen- und Innenpool, Restaurants und Bars, Parkpl\u00e4tze und WLAN.\" \/>\n<meta name=\"robots\" content=\"index, follow, max-snippet:-1, max-image-preview:large, max-video-preview:-1\" \/>\n<link rel=\"canonical\" href=\"https:\/\/bluewaves.hr\/de\/\" \/>\n<meta property=\"og:locale\" content=\"de_DE\" \/>\n<meta property=\"og:type\" content=\"article\" \/>\n<meta property=\"og:title\" content=\"Willkomen in Blue Waves Resort - Blue Waves Resort\" \/>\n<meta property=\"og:description\" content=\"4-Sterne-Hotel befindet sich direkt in Malinska auf Insel Krk am Strand und bietet Wellness, Spa, Au\u00dfen- und Innenpool, Restaurants und Bars, Parkpl\u00e4tze und WLAN.\" \/>\n<meta property=\"og:url\" content=\"https:\/\/bluewaves.hr\/de\/\" \/>\n<meta property=\"og:site_name\" content=\"Blue Waves Resort\" \/>\n<meta property=\"article:modified_time\" content=\"2023-12-21T10:52:21+00:00\" \/>\n<meta name=\"twitter:card\" content=\"summary_large_image\" \/>\n<meta name=\"twitter:label1\" content=\"Gesch\u00e4tzte Lesezeit\" \/>\n\t<meta name=\"twitter:data1\" content=\"1 Minute\" \/>\n<script type=\"application\/ld+json\" class=\"yoast-schema-graph\">{\"@context\":\"https:\/\/schema.org\",\"@graph\":[{\"@type\":\"WebPage\",\"@id\":\"https:\/\/bluewaves.hr\/de\/\",\"url\":\"https:\/\/bluewaves.hr\/de\/\",\"name\":\"Willkomen in Blue Waves Resort - Blue Waves Resort\",\"isPartOf\":{\"@id\":\"https:\/\/bluewaves.hr\/de\/#website\"},\"datePublished\":\"2019-11-05T15:31:41+00:00\",\"dateModified\":\"2023-12-21T10:52:21+00:00\",\"description\":\"4-Sterne-Hotel befindet sich direkt in Malinska auf Insel Krk am Strand und bietet Wellness, Spa, Au\u00dfen- und Innenpool, Restaurants und Bars, Parkpl\u00e4tze und WLAN.\",\"breadcrumb\":{\"@id\":\"https:\/\/bluewaves.hr\/de\/#breadcrumb\"},\"inLanguage\":\"de-DE\",\"potentialAction\":[{\"@type\":\"ReadAction\",\"target\":[\"https:\/\/bluewaves.hr\/de\/\"]}]},{\"@type\":\"BreadcrumbList\",\"@id\":\"https:\/\/bluewaves.hr\/de\/#breadcrumb\",\"itemListElement\":[{\"@type\":\"ListItem\",\"position\":1,\"name\":\"Home\",\"item\":\"https:\/\/bluewaves.hr\/de\/\"},{\"@type\":\"ListItem\",\"position\":2,\"name\":\"Willkomen in Blue Waves Resort\"}]},{\"@type\":\"WebSite\",\"@id\":\"https:\/\/bluewaves.hr\/de\/#website\",\"url\":\"https:\/\/bluewaves.hr\/de\/\",\"name\":\"Blue Waves Resort\",\"description\":\"Just another ms.decms.eu site\",\"publisher\":{\"@id\":\"https:\/\/bluewaves.hr\/de\/#organization\"},\"potentialAction\":[{\"@type\":\"SearchAction\",\"target\":{\"@type\":\"EntryPoint\",\"urlTemplate\":\"https:\/\/bluewaves.hr\/de\/?s={search_term_string}\"},\"query-input\":{\"@type\":\"PropertyValueSpecification\",\"valueRequired\":true,\"valueName\":\"search_term_string\"}}],\"inLanguage\":\"de-DE\"},{\"@type\":\"Organization\",\"@id\":\"https:\/\/bluewaves.hr\/de\/#organization\",\"name\":\"Blue Waves Resort\",\"url\":\"https:\/\/bluewaves.hr\/de\/\",\"logo\":{\"@type\":\"ImageObject\",\"inLanguage\":\"de-DE\",\"@id\":\"https:\/\/bluewaves.hr\/de\/#\/schema\/logo\/image\/\",\"url\":\"https:\/\/bluewaves.hr\/wp-content\/uploads\/sites\/100\/2024\/01\/Blue-waves-logo-zlatni.png\",\"contentUrl\":\"https:\/\/bluewaves.hr\/wp-content\/uploads\/sites\/100\/2024\/01\/Blue-waves-logo-zlatni.png\",\"width\":1168,\"height\":652,\"caption\":\"Blue Waves Resort\"},\"image\":{\"@id\":\"https:\/\/bluewaves.hr\/de\/#\/schema\/logo\/image\/\"}}]}<\/script>\n<!-- \/ Yoast SEO plugin. -->","yoast_head_json":{"title":"Willkomen in Blue Waves Resort - Blue Waves Resort","description":"4-Sterne-Hotel befindet sich direkt in Malinska auf Insel Krk am Strand und bietet Wellness, Spa, Au\u00dfen- und Innenpool, Restaurants und Bars, Parkpl\u00e4tze und WLAN.","robots":{"index":"index","follow":"follow","max-snippet":"max-snippet:-1","max-image-preview":"max-image-preview:large","max-video-preview":"max-video-preview:-1"},"canonical":"https:\/\/bluewaves.hr\/de\/","og_locale":"de_DE","og_type":"article","og_title":"Willkomen in Blue Waves Resort - Blue Waves Resort","og_description":"4-Sterne-Hotel befindet sich direkt in Malinska auf Insel Krk am Strand und bietet Wellness, Spa, Au\u00dfen- und Innenpool, Restaurants und Bars, Parkpl\u00e4tze und WLAN.","og_url":"https:\/\/bluewaves.hr\/de\/","og_site_name":"Blue Waves Resort","article_modified_time":"2023-12-21T10:52:21+00:00","twitter_card":"summary_large_image","twitter_misc":{"Gesch\u00e4tzte Lesezeit":"1 Minute"},"schema":{"@context":"https:\/\/schema.org","@graph":[{"@type":"WebPage","@id":"https:\/\/bluewaves.hr\/de\/","url":"https:\/\/bluewaves.hr\/de\/","name":"Willkomen in Blue Waves Resort - Blue Waves Resort","isPartOf":{"@id":"https:\/\/bluewaves.hr\/de\/#website"},"datePublished":"2019-11-05T15:31:41+00:00","dateModified":"2023-12-21T10:52:21+00:00","description":"4-Sterne-Hotel befindet sich direkt in Malinska auf Insel Krk am Strand und bietet Wellness, Spa, Au\u00dfen- und Innenpool, Restaurants und Bars, Parkpl\u00e4tze und WLAN.","breadcrumb":{"@id":"https:\/\/bluewaves.hr\/de\/#breadcrumb"},"inLanguage":"de-DE","potentialAction":[{"@type":"ReadAction","target":["https:\/\/bluewaves.hr\/de\/"]}]},{"@type":"BreadcrumbList","@id":"https:\/\/bluewaves.hr\/de\/#breadcrumb","itemListElement":[{"@type":"ListItem","position":1,"name":"Home","item":"https:\/\/bluewaves.hr\/de\/"},{"@type":"ListItem","position":2,"name":"Willkomen in Blue Waves Resort"}]},{"@type":"WebSite","@id":"https:\/\/bluewaves.hr\/de\/#website","url":"https:\/\/bluewaves.hr\/de\/","name":"Blue Waves Resort","description":"Just another ms.decms.eu site","publisher":{"@id":"https:\/\/bluewaves.hr\/de\/#organization"},"potentialAction":[{"@type":"SearchAction","target":{"@type":"EntryPoint","urlTemplate":"https:\/\/bluewaves.hr\/de\/?s={search_term_string}"},"query-input":{"@type":"PropertyValueSpecification","valueRequired":true,"valueName":"search_term_string"}}],"inLanguage":"de-DE"},{"@type":"Organization","@id":"https:\/\/bluewaves.hr\/de\/#organization","name":"Blue Waves Resort","url":"https:\/\/bluewaves.hr\/de\/","logo":{"@type":"ImageObject","inLanguage":"de-DE","@id":"https:\/\/bluewaves.hr\/de\/#\/schema\/logo\/image\/","url":"https:\/\/bluewaves.hr\/wp-content\/uploads\/sites\/100\/2024\/01\/Blue-waves-logo-zlatni.png","contentUrl":"https:\/\/bluewaves.hr\/wp-content\/uploads\/sites\/100\/2024\/01\/Blue-waves-logo-zlatni.png","width":1168,"height":652,"caption":"Blue Waves Resort"},"image":{"@id":"https:\/\/bluewaves.hr\/de\/#\/schema\/logo\/image\/"}}]}},"acf":[],"_links":{"self":[{"href":"https:\/\/bluewaves.hr\/de\/wp-json\/wp\/v2\/pages\/4","targetHints":{"allow":["GET"]}}],"collection":[{"href":"https:\/\/bluewaves.hr\/de\/wp-json\/wp\/v2\/pages"}],"about":[{"href":"https:\/\/bluewaves.hr\/de\/wp-json\/wp\/v2\/types\/page"}],"author":[{"embeddable":true,"href":"https:\/\/bluewaves.hr\/de\/wp-json\/wp\/v2\/users\/4"}],"replies":[{"embeddable":true,"href":"https:\/\/bluewaves.hr\/de\/wp-json\/wp\/v2\/comments?post=4"}],"version-history":[{"count":0,"href":"https:\/\/bluewaves.hr\/de\/wp-json\/wp\/v2\/pages\/4\/revisions"}],"wp:attachment":[{"href":"https:\/\/bluewaves.hr\/de\/wp-json\/wp\/v2\/media?parent=4"}],"curies":[{"name":"wp","href":"https:\/\/api.w.org\/{rel}","templated":true}]}}