{"id":626,"date":"2019-12-13T13:20:53","date_gmt":"2019-12-13T13:20:53","guid":{"rendered":"http:\/\/blue-waves-resort.ms.decms.eu\/?page_id=626"},"modified":"2020-12-14T12:29:55","modified_gmt":"2020-12-14T12:29:55","slug":"zimmer-und-suiten","status":"publish","type":"page","link":"https:\/\/bluewaves.hr\/de\/zimmer-und-suiten\/","title":{"rendered":"Zimmer &amp; Suiten"},"content":{"rendered":"<p>Gem\u00e4\u00df der Idee, <strong>eines modernen Resorts mit einem warmen Ambiente<\/strong>, in dem Sie sich wie Zuhause f\u00fchlen werden, wurde jedes unserer 97 Zimmer sorgf\u00e4ltig mit nat\u00fcrlichen Farben und Materialien erbaut, wobei alle Zimmer gem\u00e4\u00df dem Standard eines 4-Sterne-Hotels ausgestattet sind. Die Zimmer und Suiten sind in drei getrennten Geb\u00e4uden aufgeteilt, wobei keines der Geb\u00e4ude mehr als drei Stockwerke besitzt.<\/p>\n","protected":false},"excerpt":{"rendered":"<p>Gem\u00e4\u00df der Idee, eines modernen Resorts mit einem warmen Ambiente, in dem Sie sich wie Zuhause f\u00fchlen werden, wurde jedes unserer 97 Zimmer sorgf\u00e4ltig mit nat\u00fcrlichen Farben und Materialien erbaut, wobei alle Zimmer gem\u00e4\u00df dem Standard eines 4-Sterne-Hotels ausgestattet sind. Die Zimmer und Suiten sind in drei getrennten Geb\u00e4uden aufgeteilt, wobei keines der Geb\u00e4ude mehr [&hellip;]<\/p>\n","protected":false},"author":4,"featured_media":0,"parent":0,"menu_order":20,"comment_status":"closed","ping_status":"closed","template":"template-rooms.php","meta":{"footnotes":""},"class_list":["post-626","page","type-page","status-publish","hentry"],"yoast_head":"<!-- This site is optimized with the Yoast SEO plugin v26.9 - https:\/\/yoast.com\/product\/yoast-seo-wordpress\/ -->\n<title>Zimmer &amp; Suiten - Blue Waves Resort<\/title>\n<meta name=\"description\" content=\"97 Zimmer und Suiten, die gem\u00e4\u00df den Standards von Vier-Sterne-Hotels ausgestattet sind, befinden sich in der N\u00e4he des Strandes Rova in Malinska.\" \/>\n<meta name=\"robots\" content=\"index, follow, max-snippet:-1, max-image-preview:large, max-video-preview:-1\" \/>\n<link rel=\"canonical\" href=\"https:\/\/bluewaves.hr\/de\/zimmer-und-suiten\/\" \/>\n<meta property=\"og:locale\" content=\"de_DE\" \/>\n<meta property=\"og:type\" content=\"article\" \/>\n<meta property=\"og:title\" content=\"Zimmer &amp; Suiten - Blue Waves Resort\" \/>\n<meta property=\"og:description\" content=\"97 Zimmer und Suiten, die gem\u00e4\u00df den Standards von Vier-Sterne-Hotels ausgestattet sind, befinden sich in der N\u00e4he des Strandes Rova in Malinska.\" \/>\n<meta property=\"og:url\" content=\"https:\/\/bluewaves.hr\/de\/zimmer-und-suiten\/\" \/>\n<meta property=\"og:site_name\" content=\"Blue Waves Resort\" \/>\n<meta property=\"article:modified_time\" content=\"2020-12-14T12:29:55+00:00\" \/>\n<meta name=\"twitter:card\" content=\"summary_large_image\" \/>\n<script type=\"application\/ld+json\" class=\"yoast-schema-graph\">{\"@context\":\"https:\/\/schema.org\",\"@graph\":[{\"@type\":\"WebPage\",\"@id\":\"https:\/\/bluewaves.hr\/de\/zimmer-und-suiten\/\",\"url\":\"https:\/\/bluewaves.hr\/de\/zimmer-und-suiten\/\",\"name\":\"Zimmer &amp; Suiten - Blue Waves Resort\",\"isPartOf\":{\"@id\":\"https:\/\/bluewaves.hr\/de\/#website\"},\"datePublished\":\"2019-12-13T13:20:53+00:00\",\"dateModified\":\"2020-12-14T12:29:55+00:00\",\"description\":\"97 Zimmer und Suiten, die gem\u00e4\u00df den Standards von Vier-Sterne-Hotels ausgestattet sind, befinden sich in der N\u00e4he des Strandes Rova in Malinska.\",\"breadcrumb\":{\"@id\":\"https:\/\/bluewaves.hr\/de\/zimmer-und-suiten\/#breadcrumb\"},\"inLanguage\":\"de-DE\",\"potentialAction\":[{\"@type\":\"ReadAction\",\"target\":[\"https:\/\/bluewaves.hr\/de\/zimmer-und-suiten\/\"]}]},{\"@type\":\"BreadcrumbList\",\"@id\":\"https:\/\/bluewaves.hr\/de\/zimmer-und-suiten\/#breadcrumb\",\"itemListElement\":[{\"@type\":\"ListItem\",\"position\":1,\"name\":\"Home\",\"item\":\"https:\/\/bluewaves.hr\/de\/\"},{\"@type\":\"ListItem\",\"position\":2,\"name\":\"Zimmer &amp; Suiten\"}]},{\"@type\":\"WebSite\",\"@id\":\"https:\/\/bluewaves.hr\/de\/#website\",\"url\":\"https:\/\/bluewaves.hr\/de\/\",\"name\":\"Blue Waves Resort\",\"description\":\"Just another ms.decms.eu site\",\"publisher\":{\"@id\":\"https:\/\/bluewaves.hr\/de\/#organization\"},\"potentialAction\":[{\"@type\":\"SearchAction\",\"target\":{\"@type\":\"EntryPoint\",\"urlTemplate\":\"https:\/\/bluewaves.hr\/de\/?s={search_term_string}\"},\"query-input\":{\"@type\":\"PropertyValueSpecification\",\"valueRequired\":true,\"valueName\":\"search_term_string\"}}],\"inLanguage\":\"de-DE\"},{\"@type\":\"Organization\",\"@id\":\"https:\/\/bluewaves.hr\/de\/#organization\",\"name\":\"Blue Waves Resort\",\"url\":\"https:\/\/bluewaves.hr\/de\/\",\"logo\":{\"@type\":\"ImageObject\",\"inLanguage\":\"de-DE\",\"@id\":\"https:\/\/bluewaves.hr\/de\/#\/schema\/logo\/image\/\",\"url\":\"https:\/\/bluewaves.hr\/wp-content\/uploads\/sites\/100\/2024\/01\/Blue-waves-logo-zlatni.png\",\"contentUrl\":\"https:\/\/bluewaves.hr\/wp-content\/uploads\/sites\/100\/2024\/01\/Blue-waves-logo-zlatni.png\",\"width\":1168,\"height\":652,\"caption\":\"Blue Waves Resort\"},\"image\":{\"@id\":\"https:\/\/bluewaves.hr\/de\/#\/schema\/logo\/image\/\"}}]}<\/script>\n<!-- \/ Yoast SEO plugin. -->","yoast_head_json":{"title":"Zimmer &amp; Suiten - Blue Waves Resort","description":"97 Zimmer und Suiten, die gem\u00e4\u00df den Standards von Vier-Sterne-Hotels ausgestattet sind, befinden sich in der N\u00e4he des Strandes Rova in Malinska.","robots":{"index":"index","follow":"follow","max-snippet":"max-snippet:-1","max-image-preview":"max-image-preview:large","max-video-preview":"max-video-preview:-1"},"canonical":"https:\/\/bluewaves.hr\/de\/zimmer-und-suiten\/","og_locale":"de_DE","og_type":"article","og_title":"Zimmer &amp; Suiten - Blue Waves Resort","og_description":"97 Zimmer und Suiten, die gem\u00e4\u00df den Standards von Vier-Sterne-Hotels ausgestattet sind, befinden sich in der N\u00e4he des Strandes Rova in Malinska.","og_url":"https:\/\/bluewaves.hr\/de\/zimmer-und-suiten\/","og_site_name":"Blue Waves Resort","article_modified_time":"2020-12-14T12:29:55+00:00","twitter_card":"summary_large_image","schema":{"@context":"https:\/\/schema.org","@graph":[{"@type":"WebPage","@id":"https:\/\/bluewaves.hr\/de\/zimmer-und-suiten\/","url":"https:\/\/bluewaves.hr\/de\/zimmer-und-suiten\/","name":"Zimmer &amp; Suiten - Blue Waves Resort","isPartOf":{"@id":"https:\/\/bluewaves.hr\/de\/#website"},"datePublished":"2019-12-13T13:20:53+00:00","dateModified":"2020-12-14T12:29:55+00:00","description":"97 Zimmer und Suiten, die gem\u00e4\u00df den Standards von Vier-Sterne-Hotels ausgestattet sind, befinden sich in der N\u00e4he des Strandes Rova in Malinska.","breadcrumb":{"@id":"https:\/\/bluewaves.hr\/de\/zimmer-und-suiten\/#breadcrumb"},"inLanguage":"de-DE","potentialAction":[{"@type":"ReadAction","target":["https:\/\/bluewaves.hr\/de\/zimmer-und-suiten\/"]}]},{"@type":"BreadcrumbList","@id":"https:\/\/bluewaves.hr\/de\/zimmer-und-suiten\/#breadcrumb","itemListElement":[{"@type":"ListItem","position":1,"name":"Home","item":"https:\/\/bluewaves.hr\/de\/"},{"@type":"ListItem","position":2,"name":"Zimmer &amp; Suiten"}]},{"@type":"WebSite","@id":"https:\/\/bluewaves.hr\/de\/#website","url":"https:\/\/bluewaves.hr\/de\/","name":"Blue Waves Resort","description":"Just another ms.decms.eu site","publisher":{"@id":"https:\/\/bluewaves.hr\/de\/#organization"},"potentialAction":[{"@type":"SearchAction","target":{"@type":"EntryPoint","urlTemplate":"https:\/\/bluewaves.hr\/de\/?s={search_term_string}"},"query-input":{"@type":"PropertyValueSpecification","valueRequired":true,"valueName":"search_term_string"}}],"inLanguage":"de-DE"},{"@type":"Organization","@id":"https:\/\/bluewaves.hr\/de\/#organization","name":"Blue Waves Resort","url":"https:\/\/bluewaves.hr\/de\/","logo":{"@type":"ImageObject","inLanguage":"de-DE","@id":"https:\/\/bluewaves.hr\/de\/#\/schema\/logo\/image\/","url":"https:\/\/bluewaves.hr\/wp-content\/uploads\/sites\/100\/2024\/01\/Blue-waves-logo-zlatni.png","contentUrl":"https:\/\/bluewaves.hr\/wp-content\/uploads\/sites\/100\/2024\/01\/Blue-waves-logo-zlatni.png","width":1168,"height":652,"caption":"Blue Waves Resort"},"image":{"@id":"https:\/\/bluewaves.hr\/de\/#\/schema\/logo\/image\/"}}]}},"acf":[],"_links":{"self":[{"href":"https:\/\/bluewaves.hr\/de\/wp-json\/wp\/v2\/pages\/626","targetHints":{"allow":["GET"]}}],"collection":[{"href":"https:\/\/bluewaves.hr\/de\/wp-json\/wp\/v2\/pages"}],"about":[{"href":"https:\/\/bluewaves.hr\/de\/wp-json\/wp\/v2\/types\/page"}],"author":[{"embeddable":true,"href":"https:\/\/bluewaves.hr\/de\/wp-json\/wp\/v2\/users\/4"}],"replies":[{"embeddable":true,"href":"https:\/\/bluewaves.hr\/de\/wp-json\/wp\/v2\/comments?post=626"}],"version-history":[{"count":0,"href":"https:\/\/bluewaves.hr\/de\/wp-json\/wp\/v2\/pages\/626\/revisions"}],"wp:attachment":[{"href":"https:\/\/bluewaves.hr\/de\/wp-json\/wp\/v2\/media?parent=626"}],"curies":[{"name":"wp","href":"https:\/\/api.w.org\/{rel}","templated":true}]}}