{"id":631,"date":"2019-12-13T14:34:20","date_gmt":"2019-12-13T14:34:20","guid":{"rendered":"http:\/\/blue-waves-resort.ms.decms.eu\/?page_id=631"},"modified":"2021-10-05T06:47:34","modified_gmt":"2021-10-05T06:47:34","slug":"standard-doppelzimmer","status":"publish","type":"page","link":"https:\/\/bluewaves.hr\/de\/zimmer-und-suiten\/standard-doppelzimmer\/","title":{"rendered":"Standard Doppelzimmer"},"content":{"rendered":"<p>Sie m\u00f6chten mit Ihrem Partner einen ruhigen Urlaub zu zweit verbringen, fernab vom Stress der Stadt? Genie\u00dfen Sie die warmen Farben in unseren Standardzimmern nach einem romantischen Strandspaziergang oder nach einem Bad im Pool. S\u00e4mtliche Zimmer sind klimatisiert und haben einen <strong>Ausblick auf die Nordseite des Resorts<\/strong>, manche verf\u00fcgen sogar \u00fcber bodentiefe Fenster.<\/p>\n","protected":false},"excerpt":{"rendered":"<p>Sie m\u00f6chten mit Ihrem Partner einen ruhigen Urlaub zu zweit verbringen, fernab vom Stress der Stadt? Genie\u00dfen Sie die warmen Farben in unseren Standardzimmern nach einem romantischen Strandspaziergang oder nach einem Bad im Pool. S\u00e4mtliche Zimmer sind klimatisiert und haben einen Ausblick auf die Nordseite des Resorts, manche verf\u00fcgen sogar \u00fcber bodentiefe Fenster.<\/p>\n","protected":false},"author":4,"featured_media":0,"parent":626,"menu_order":1,"comment_status":"closed","ping_status":"closed","template":"template-single-room.php","meta":{"footnotes":""},"class_list":["post-631","page","type-page","status-publish","hentry"],"yoast_head":"<!-- This site is optimized with the Yoast SEO plugin v26.9 - https:\/\/yoast.com\/product\/yoast-seo-wordpress\/ -->\n<title>Standard Doppelzimmer - Blue Waves Resort<\/title>\n<meta name=\"description\" content=\"Entspannen Sie in den modern eingerichteten Zimmern, die ein Ehebett sowie einen LCD-Fernseher mit Satellitenprogramm, eine Minibar und einen Safe bieten.\" \/>\n<meta name=\"robots\" content=\"index, follow, max-snippet:-1, max-image-preview:large, max-video-preview:-1\" \/>\n<link rel=\"canonical\" href=\"https:\/\/bluewaves.hr\/de\/zimmer-und-suiten\/standard-doppelzimmer\/\" \/>\n<meta property=\"og:locale\" content=\"de_DE\" \/>\n<meta property=\"og:type\" content=\"article\" \/>\n<meta property=\"og:title\" content=\"Standard Doppelzimmer - Blue Waves Resort\" \/>\n<meta property=\"og:description\" content=\"Entspannen Sie in den modern eingerichteten Zimmern, die ein Ehebett sowie einen LCD-Fernseher mit Satellitenprogramm, eine Minibar und einen Safe bieten.\" \/>\n<meta property=\"og:url\" content=\"https:\/\/bluewaves.hr\/de\/zimmer-und-suiten\/standard-doppelzimmer\/\" \/>\n<meta property=\"og:site_name\" content=\"Blue Waves Resort\" \/>\n<meta property=\"article:modified_time\" content=\"2021-10-05T06:47:34+00:00\" \/>\n<meta name=\"twitter:card\" content=\"summary_large_image\" \/>\n<script type=\"application\/ld+json\" class=\"yoast-schema-graph\">{\"@context\":\"https:\/\/schema.org\",\"@graph\":[{\"@type\":\"WebPage\",\"@id\":\"https:\/\/bluewaves.hr\/de\/zimmer-und-suiten\/standard-doppelzimmer\/\",\"url\":\"https:\/\/bluewaves.hr\/de\/zimmer-und-suiten\/standard-doppelzimmer\/\",\"name\":\"Standard Doppelzimmer - Blue Waves Resort\",\"isPartOf\":{\"@id\":\"https:\/\/bluewaves.hr\/de\/#website\"},\"datePublished\":\"2019-12-13T14:34:20+00:00\",\"dateModified\":\"2021-10-05T06:47:34+00:00\",\"description\":\"Entspannen Sie in den modern eingerichteten Zimmern, die ein Ehebett sowie einen LCD-Fernseher mit Satellitenprogramm, eine Minibar und einen Safe bieten.\",\"breadcrumb\":{\"@id\":\"https:\/\/bluewaves.hr\/de\/zimmer-und-suiten\/standard-doppelzimmer\/#breadcrumb\"},\"inLanguage\":\"de-DE\",\"potentialAction\":[{\"@type\":\"ReadAction\",\"target\":[\"https:\/\/bluewaves.hr\/de\/zimmer-und-suiten\/standard-doppelzimmer\/\"]}]},{\"@type\":\"BreadcrumbList\",\"@id\":\"https:\/\/bluewaves.hr\/de\/zimmer-und-suiten\/standard-doppelzimmer\/#breadcrumb\",\"itemListElement\":[{\"@type\":\"ListItem\",\"position\":1,\"name\":\"Home\",\"item\":\"https:\/\/bluewaves.hr\/de\/\"},{\"@type\":\"ListItem\",\"position\":2,\"name\":\"Zimmer &amp; Suiten\",\"item\":\"https:\/\/bluewaves.hr\/de\/zimmer-und-suiten\/\"},{\"@type\":\"ListItem\",\"position\":3,\"name\":\"Standard Doppelzimmer\"}]},{\"@type\":\"WebSite\",\"@id\":\"https:\/\/bluewaves.hr\/de\/#website\",\"url\":\"https:\/\/bluewaves.hr\/de\/\",\"name\":\"Blue Waves Resort\",\"description\":\"Just another ms.decms.eu site\",\"publisher\":{\"@id\":\"https:\/\/bluewaves.hr\/de\/#organization\"},\"potentialAction\":[{\"@type\":\"SearchAction\",\"target\":{\"@type\":\"EntryPoint\",\"urlTemplate\":\"https:\/\/bluewaves.hr\/de\/?s={search_term_string}\"},\"query-input\":{\"@type\":\"PropertyValueSpecification\",\"valueRequired\":true,\"valueName\":\"search_term_string\"}}],\"inLanguage\":\"de-DE\"},{\"@type\":\"Organization\",\"@id\":\"https:\/\/bluewaves.hr\/de\/#organization\",\"name\":\"Blue Waves Resort\",\"url\":\"https:\/\/bluewaves.hr\/de\/\",\"logo\":{\"@type\":\"ImageObject\",\"inLanguage\":\"de-DE\",\"@id\":\"https:\/\/bluewaves.hr\/de\/#\/schema\/logo\/image\/\",\"url\":\"https:\/\/bluewaves.hr\/wp-content\/uploads\/sites\/100\/2024\/01\/Blue-waves-logo-zlatni.png\",\"contentUrl\":\"https:\/\/bluewaves.hr\/wp-content\/uploads\/sites\/100\/2024\/01\/Blue-waves-logo-zlatni.png\",\"width\":1168,\"height\":652,\"caption\":\"Blue Waves Resort\"},\"image\":{\"@id\":\"https:\/\/bluewaves.hr\/de\/#\/schema\/logo\/image\/\"}}]}<\/script>\n<!-- \/ Yoast SEO plugin. -->","yoast_head_json":{"title":"Standard Doppelzimmer - Blue Waves Resort","description":"Entspannen Sie in den modern eingerichteten Zimmern, die ein Ehebett sowie einen LCD-Fernseher mit Satellitenprogramm, eine Minibar und einen Safe bieten.","robots":{"index":"index","follow":"follow","max-snippet":"max-snippet:-1","max-image-preview":"max-image-preview:large","max-video-preview":"max-video-preview:-1"},"canonical":"https:\/\/bluewaves.hr\/de\/zimmer-und-suiten\/standard-doppelzimmer\/","og_locale":"de_DE","og_type":"article","og_title":"Standard Doppelzimmer - Blue Waves Resort","og_description":"Entspannen Sie in den modern eingerichteten Zimmern, die ein Ehebett sowie einen LCD-Fernseher mit Satellitenprogramm, eine Minibar und einen Safe bieten.","og_url":"https:\/\/bluewaves.hr\/de\/zimmer-und-suiten\/standard-doppelzimmer\/","og_site_name":"Blue Waves Resort","article_modified_time":"2021-10-05T06:47:34+00:00","twitter_card":"summary_large_image","schema":{"@context":"https:\/\/schema.org","@graph":[{"@type":"WebPage","@id":"https:\/\/bluewaves.hr\/de\/zimmer-und-suiten\/standard-doppelzimmer\/","url":"https:\/\/bluewaves.hr\/de\/zimmer-und-suiten\/standard-doppelzimmer\/","name":"Standard Doppelzimmer - Blue Waves Resort","isPartOf":{"@id":"https:\/\/bluewaves.hr\/de\/#website"},"datePublished":"2019-12-13T14:34:20+00:00","dateModified":"2021-10-05T06:47:34+00:00","description":"Entspannen Sie in den modern eingerichteten Zimmern, die ein Ehebett sowie einen LCD-Fernseher mit Satellitenprogramm, eine Minibar und einen Safe bieten.","breadcrumb":{"@id":"https:\/\/bluewaves.hr\/de\/zimmer-und-suiten\/standard-doppelzimmer\/#breadcrumb"},"inLanguage":"de-DE","potentialAction":[{"@type":"ReadAction","target":["https:\/\/bluewaves.hr\/de\/zimmer-und-suiten\/standard-doppelzimmer\/"]}]},{"@type":"BreadcrumbList","@id":"https:\/\/bluewaves.hr\/de\/zimmer-und-suiten\/standard-doppelzimmer\/#breadcrumb","itemListElement":[{"@type":"ListItem","position":1,"name":"Home","item":"https:\/\/bluewaves.hr\/de\/"},{"@type":"ListItem","position":2,"name":"Zimmer &amp; Suiten","item":"https:\/\/bluewaves.hr\/de\/zimmer-und-suiten\/"},{"@type":"ListItem","position":3,"name":"Standard Doppelzimmer"}]},{"@type":"WebSite","@id":"https:\/\/bluewaves.hr\/de\/#website","url":"https:\/\/bluewaves.hr\/de\/","name":"Blue Waves Resort","description":"Just another ms.decms.eu site","publisher":{"@id":"https:\/\/bluewaves.hr\/de\/#organization"},"potentialAction":[{"@type":"SearchAction","target":{"@type":"EntryPoint","urlTemplate":"https:\/\/bluewaves.hr\/de\/?s={search_term_string}"},"query-input":{"@type":"PropertyValueSpecification","valueRequired":true,"valueName":"search_term_string"}}],"inLanguage":"de-DE"},{"@type":"Organization","@id":"https:\/\/bluewaves.hr\/de\/#organization","name":"Blue Waves Resort","url":"https:\/\/bluewaves.hr\/de\/","logo":{"@type":"ImageObject","inLanguage":"de-DE","@id":"https:\/\/bluewaves.hr\/de\/#\/schema\/logo\/image\/","url":"https:\/\/bluewaves.hr\/wp-content\/uploads\/sites\/100\/2024\/01\/Blue-waves-logo-zlatni.png","contentUrl":"https:\/\/bluewaves.hr\/wp-content\/uploads\/sites\/100\/2024\/01\/Blue-waves-logo-zlatni.png","width":1168,"height":652,"caption":"Blue Waves Resort"},"image":{"@id":"https:\/\/bluewaves.hr\/de\/#\/schema\/logo\/image\/"}}]}},"acf":[],"_links":{"self":[{"href":"https:\/\/bluewaves.hr\/de\/wp-json\/wp\/v2\/pages\/631","targetHints":{"allow":["GET"]}}],"collection":[{"href":"https:\/\/bluewaves.hr\/de\/wp-json\/wp\/v2\/pages"}],"about":[{"href":"https:\/\/bluewaves.hr\/de\/wp-json\/wp\/v2\/types\/page"}],"author":[{"embeddable":true,"href":"https:\/\/bluewaves.hr\/de\/wp-json\/wp\/v2\/users\/4"}],"replies":[{"embeddable":true,"href":"https:\/\/bluewaves.hr\/de\/wp-json\/wp\/v2\/comments?post=631"}],"version-history":[{"count":0,"href":"https:\/\/bluewaves.hr\/de\/wp-json\/wp\/v2\/pages\/631\/revisions"}],"up":[{"embeddable":true,"href":"https:\/\/bluewaves.hr\/de\/wp-json\/wp\/v2\/pages\/626"}],"wp:attachment":[{"href":"https:\/\/bluewaves.hr\/de\/wp-json\/wp\/v2\/media?parent=631"}],"curies":[{"name":"wp","href":"https:\/\/api.w.org\/{rel}","templated":true}]}}