{"id":641,"date":"2019-12-16T08:52:16","date_gmt":"2019-12-16T08:52:16","guid":{"rendered":"http:\/\/blue-waves-resort.ms.decms.eu\/?page_id=641"},"modified":"2020-12-15T11:11:49","modified_gmt":"2020-12-15T11:11:49","slug":"superior-doppelzimmer-mit-meerblick-und-balkon","status":"publish","type":"page","link":"https:\/\/bluewaves.hr\/de\/zimmer-und-suiten\/superior-doppelzimmer-mit-meerblick-und-balkon\/","title":{"rendered":"Superior Doppelzimmer mit Meerblick und Balkon"},"content":{"rendered":"<p>Sie w\u00fcnschen sich einen Urlaub mit Blick aufs Meer und auf den Sonnenuntergang? Dann entscheiden Sie sich f\u00fcr den <strong>Ausblick auf das blaue Meer<\/strong> in unseren Superior Zimmern mit ger\u00e4umigem Balkon. Das gro\u00dfe Ehebett sorgt f\u00fcr einen guten Schlaf, und dieses Zimmer verf\u00fcgt \u00fcber ein Sofa.<\/p>\n","protected":false},"excerpt":{"rendered":"<p>Sie w\u00fcnschen sich einen Urlaub mit Blick aufs Meer und auf den Sonnenuntergang? Dann entscheiden Sie sich f\u00fcr den Ausblick auf das blaue Meer in unseren Superior Zimmern mit ger\u00e4umigem Balkon. Das gro\u00dfe Ehebett sorgt f\u00fcr einen guten Schlaf, und dieses Zimmer verf\u00fcgt \u00fcber ein Sofa.<\/p>\n","protected":false},"author":4,"featured_media":0,"parent":626,"menu_order":3,"comment_status":"closed","ping_status":"closed","template":"template-single-room.php","meta":{"footnotes":""},"class_list":["post-641","page","type-page","status-publish","hentry"],"yoast_head":"<!-- This site is optimized with the Yoast SEO plugin v26.9 - https:\/\/yoast.com\/product\/yoast-seo-wordpress\/ -->\n<title>Superior Doppelzimmer mit Meerblick und Balkon - Blue Waves Resort<\/title>\n<meta name=\"description\" content=\"G\u00f6nnen Sie sich den Blick auf das blaue Meer in unseren Superior Doppelzimmern mit Balkon und modernem Innendesign. Blue Waves Resort\" \/>\n<meta name=\"robots\" content=\"index, follow, max-snippet:-1, max-image-preview:large, max-video-preview:-1\" \/>\n<link rel=\"canonical\" href=\"https:\/\/bluewaves.hr\/de\/zimmer-und-suiten\/superior-doppelzimmer-mit-meerblick-und-balkon\/\" \/>\n<meta property=\"og:locale\" content=\"de_DE\" \/>\n<meta property=\"og:type\" content=\"article\" \/>\n<meta property=\"og:title\" content=\"Superior Doppelzimmer mit Meerblick und Balkon - Blue Waves Resort\" \/>\n<meta property=\"og:description\" content=\"G\u00f6nnen Sie sich den Blick auf das blaue Meer in unseren Superior Doppelzimmern mit Balkon und modernem Innendesign. Blue Waves Resort\" \/>\n<meta property=\"og:url\" content=\"https:\/\/bluewaves.hr\/de\/zimmer-und-suiten\/superior-doppelzimmer-mit-meerblick-und-balkon\/\" \/>\n<meta property=\"og:site_name\" content=\"Blue Waves Resort\" \/>\n<meta property=\"article:modified_time\" content=\"2020-12-15T11:11:49+00:00\" \/>\n<meta name=\"twitter:card\" content=\"summary_large_image\" \/>\n<script type=\"application\/ld+json\" class=\"yoast-schema-graph\">{\"@context\":\"https:\/\/schema.org\",\"@graph\":[{\"@type\":\"WebPage\",\"@id\":\"https:\/\/bluewaves.hr\/de\/zimmer-und-suiten\/superior-doppelzimmer-mit-meerblick-und-balkon\/\",\"url\":\"https:\/\/bluewaves.hr\/de\/zimmer-und-suiten\/superior-doppelzimmer-mit-meerblick-und-balkon\/\",\"name\":\"Superior Doppelzimmer mit Meerblick und Balkon - Blue Waves Resort\",\"isPartOf\":{\"@id\":\"https:\/\/bluewaves.hr\/de\/#website\"},\"datePublished\":\"2019-12-16T08:52:16+00:00\",\"dateModified\":\"2020-12-15T11:11:49+00:00\",\"description\":\"G\u00f6nnen Sie sich den Blick auf das blaue Meer in unseren Superior Doppelzimmern mit Balkon und modernem Innendesign. Blue Waves Resort\",\"breadcrumb\":{\"@id\":\"https:\/\/bluewaves.hr\/de\/zimmer-und-suiten\/superior-doppelzimmer-mit-meerblick-und-balkon\/#breadcrumb\"},\"inLanguage\":\"de-DE\",\"potentialAction\":[{\"@type\":\"ReadAction\",\"target\":[\"https:\/\/bluewaves.hr\/de\/zimmer-und-suiten\/superior-doppelzimmer-mit-meerblick-und-balkon\/\"]}]},{\"@type\":\"BreadcrumbList\",\"@id\":\"https:\/\/bluewaves.hr\/de\/zimmer-und-suiten\/superior-doppelzimmer-mit-meerblick-und-balkon\/#breadcrumb\",\"itemListElement\":[{\"@type\":\"ListItem\",\"position\":1,\"name\":\"Home\",\"item\":\"https:\/\/bluewaves.hr\/de\/\"},{\"@type\":\"ListItem\",\"position\":2,\"name\":\"Zimmer &amp; Suiten\",\"item\":\"https:\/\/bluewaves.hr\/de\/zimmer-und-suiten\/\"},{\"@type\":\"ListItem\",\"position\":3,\"name\":\"Superior Doppelzimmer mit Meerblick und Balkon\"}]},{\"@type\":\"WebSite\",\"@id\":\"https:\/\/bluewaves.hr\/de\/#website\",\"url\":\"https:\/\/bluewaves.hr\/de\/\",\"name\":\"Blue Waves Resort\",\"description\":\"Just another ms.decms.eu site\",\"publisher\":{\"@id\":\"https:\/\/bluewaves.hr\/de\/#organization\"},\"potentialAction\":[{\"@type\":\"SearchAction\",\"target\":{\"@type\":\"EntryPoint\",\"urlTemplate\":\"https:\/\/bluewaves.hr\/de\/?s={search_term_string}\"},\"query-input\":{\"@type\":\"PropertyValueSpecification\",\"valueRequired\":true,\"valueName\":\"search_term_string\"}}],\"inLanguage\":\"de-DE\"},{\"@type\":\"Organization\",\"@id\":\"https:\/\/bluewaves.hr\/de\/#organization\",\"name\":\"Blue Waves Resort\",\"url\":\"https:\/\/bluewaves.hr\/de\/\",\"logo\":{\"@type\":\"ImageObject\",\"inLanguage\":\"de-DE\",\"@id\":\"https:\/\/bluewaves.hr\/de\/#\/schema\/logo\/image\/\",\"url\":\"https:\/\/bluewaves.hr\/wp-content\/uploads\/sites\/100\/2024\/01\/Blue-waves-logo-zlatni.png\",\"contentUrl\":\"https:\/\/bluewaves.hr\/wp-content\/uploads\/sites\/100\/2024\/01\/Blue-waves-logo-zlatni.png\",\"width\":1168,\"height\":652,\"caption\":\"Blue Waves Resort\"},\"image\":{\"@id\":\"https:\/\/bluewaves.hr\/de\/#\/schema\/logo\/image\/\"}}]}<\/script>\n<!-- \/ Yoast SEO plugin. -->","yoast_head_json":{"title":"Superior Doppelzimmer mit Meerblick und Balkon - Blue Waves Resort","description":"G\u00f6nnen Sie sich den Blick auf das blaue Meer in unseren Superior Doppelzimmern mit Balkon und modernem Innendesign. Blue Waves Resort","robots":{"index":"index","follow":"follow","max-snippet":"max-snippet:-1","max-image-preview":"max-image-preview:large","max-video-preview":"max-video-preview:-1"},"canonical":"https:\/\/bluewaves.hr\/de\/zimmer-und-suiten\/superior-doppelzimmer-mit-meerblick-und-balkon\/","og_locale":"de_DE","og_type":"article","og_title":"Superior Doppelzimmer mit Meerblick und Balkon - Blue Waves Resort","og_description":"G\u00f6nnen Sie sich den Blick auf das blaue Meer in unseren Superior Doppelzimmern mit Balkon und modernem Innendesign. Blue Waves Resort","og_url":"https:\/\/bluewaves.hr\/de\/zimmer-und-suiten\/superior-doppelzimmer-mit-meerblick-und-balkon\/","og_site_name":"Blue Waves Resort","article_modified_time":"2020-12-15T11:11:49+00:00","twitter_card":"summary_large_image","schema":{"@context":"https:\/\/schema.org","@graph":[{"@type":"WebPage","@id":"https:\/\/bluewaves.hr\/de\/zimmer-und-suiten\/superior-doppelzimmer-mit-meerblick-und-balkon\/","url":"https:\/\/bluewaves.hr\/de\/zimmer-und-suiten\/superior-doppelzimmer-mit-meerblick-und-balkon\/","name":"Superior Doppelzimmer mit Meerblick und Balkon - Blue Waves Resort","isPartOf":{"@id":"https:\/\/bluewaves.hr\/de\/#website"},"datePublished":"2019-12-16T08:52:16+00:00","dateModified":"2020-12-15T11:11:49+00:00","description":"G\u00f6nnen Sie sich den Blick auf das blaue Meer in unseren Superior Doppelzimmern mit Balkon und modernem Innendesign. Blue Waves Resort","breadcrumb":{"@id":"https:\/\/bluewaves.hr\/de\/zimmer-und-suiten\/superior-doppelzimmer-mit-meerblick-und-balkon\/#breadcrumb"},"inLanguage":"de-DE","potentialAction":[{"@type":"ReadAction","target":["https:\/\/bluewaves.hr\/de\/zimmer-und-suiten\/superior-doppelzimmer-mit-meerblick-und-balkon\/"]}]},{"@type":"BreadcrumbList","@id":"https:\/\/bluewaves.hr\/de\/zimmer-und-suiten\/superior-doppelzimmer-mit-meerblick-und-balkon\/#breadcrumb","itemListElement":[{"@type":"ListItem","position":1,"name":"Home","item":"https:\/\/bluewaves.hr\/de\/"},{"@type":"ListItem","position":2,"name":"Zimmer &amp; Suiten","item":"https:\/\/bluewaves.hr\/de\/zimmer-und-suiten\/"},{"@type":"ListItem","position":3,"name":"Superior Doppelzimmer mit Meerblick und Balkon"}]},{"@type":"WebSite","@id":"https:\/\/bluewaves.hr\/de\/#website","url":"https:\/\/bluewaves.hr\/de\/","name":"Blue Waves Resort","description":"Just another ms.decms.eu site","publisher":{"@id":"https:\/\/bluewaves.hr\/de\/#organization"},"potentialAction":[{"@type":"SearchAction","target":{"@type":"EntryPoint","urlTemplate":"https:\/\/bluewaves.hr\/de\/?s={search_term_string}"},"query-input":{"@type":"PropertyValueSpecification","valueRequired":true,"valueName":"search_term_string"}}],"inLanguage":"de-DE"},{"@type":"Organization","@id":"https:\/\/bluewaves.hr\/de\/#organization","name":"Blue Waves Resort","url":"https:\/\/bluewaves.hr\/de\/","logo":{"@type":"ImageObject","inLanguage":"de-DE","@id":"https:\/\/bluewaves.hr\/de\/#\/schema\/logo\/image\/","url":"https:\/\/bluewaves.hr\/wp-content\/uploads\/sites\/100\/2024\/01\/Blue-waves-logo-zlatni.png","contentUrl":"https:\/\/bluewaves.hr\/wp-content\/uploads\/sites\/100\/2024\/01\/Blue-waves-logo-zlatni.png","width":1168,"height":652,"caption":"Blue Waves Resort"},"image":{"@id":"https:\/\/bluewaves.hr\/de\/#\/schema\/logo\/image\/"}}]}},"acf":[],"_links":{"self":[{"href":"https:\/\/bluewaves.hr\/de\/wp-json\/wp\/v2\/pages\/641","targetHints":{"allow":["GET"]}}],"collection":[{"href":"https:\/\/bluewaves.hr\/de\/wp-json\/wp\/v2\/pages"}],"about":[{"href":"https:\/\/bluewaves.hr\/de\/wp-json\/wp\/v2\/types\/page"}],"author":[{"embeddable":true,"href":"https:\/\/bluewaves.hr\/de\/wp-json\/wp\/v2\/users\/4"}],"replies":[{"embeddable":true,"href":"https:\/\/bluewaves.hr\/de\/wp-json\/wp\/v2\/comments?post=641"}],"version-history":[{"count":0,"href":"https:\/\/bluewaves.hr\/de\/wp-json\/wp\/v2\/pages\/641\/revisions"}],"up":[{"embeddable":true,"href":"https:\/\/bluewaves.hr\/de\/wp-json\/wp\/v2\/pages\/626"}],"wp:attachment":[{"href":"https:\/\/bluewaves.hr\/de\/wp-json\/wp\/v2\/media?parent=641"}],"curies":[{"name":"wp","href":"https:\/\/api.w.org\/{rel}","templated":true}]}}