{"id":650,"date":"2019-12-16T09:49:14","date_gmt":"2019-12-16T09:49:14","guid":{"rendered":"http:\/\/blue-waves-resort.ms.decms.eu\/?page_id=650"},"modified":"2021-12-08T13:38:10","modified_gmt":"2021-12-08T13:38:10","slug":"family-junior-suite","status":"publish","type":"page","link":"https:\/\/bluewaves.hr\/de\/zimmer-und-suiten\/family-junior-suite\/","title":{"rendered":"Family Junior Suite"},"content":{"rendered":"<p>Sie sind auf der Suche nach einem <strong>Familienurlaub<\/strong>, bei dem man sich wie zu Hause f\u00fchlt? Dann ist dieses Zimmer die L\u00f6sung. Sie k\u00f6nnen nach einem ausgiebigen Mahl ein Mittagsschl\u00e4fchen im ger\u00e4umigen Ehebett machen, w\u00e4hrend Ihre Kinder im Wohnzimmer gem\u00fctlich auf dem Sofa \u00fcber den LCD-Fernseher fernsehen.<\/p>\n","protected":false},"excerpt":{"rendered":"<p>Sie sind auf der Suche nach einem Familienurlaub, bei dem man sich wie zu Hause f\u00fchlt? Dann ist dieses Zimmer die L\u00f6sung. Sie k\u00f6nnen nach einem ausgiebigen Mahl ein Mittagsschl\u00e4fchen im ger\u00e4umigen Ehebett machen, w\u00e4hrend Ihre Kinder im Wohnzimmer gem\u00fctlich auf dem Sofa \u00fcber den LCD-Fernseher fernsehen.<\/p>\n","protected":false},"author":4,"featured_media":0,"parent":626,"menu_order":6,"comment_status":"closed","ping_status":"closed","template":"template-single-room.php","meta":{"footnotes":""},"class_list":["post-650","page","type-page","status-publish","hentry"],"yoast_head":"<!-- This site is optimized with the Yoast SEO plugin v26.9 - https:\/\/yoast.com\/product\/yoast-seo-wordpress\/ -->\n<title>Family Junior Suite - Blue Waves Resort<\/title>\n<meta name=\"description\" content=\"Das Familienzimmer ist ideal f\u00fcr 2 Erwachsene und 2 Kinder bis 12 Jahre und bietet ein vom Wohnzimmer getrenntes Schlafzimmer mit einem Schlafsofa.\" \/>\n<meta name=\"robots\" content=\"index, follow, max-snippet:-1, max-image-preview:large, max-video-preview:-1\" \/>\n<link rel=\"canonical\" href=\"https:\/\/bluewaves.hr\/de\/zimmer-und-suiten\/family-junior-suite\/\" \/>\n<meta property=\"og:locale\" content=\"de_DE\" \/>\n<meta property=\"og:type\" content=\"article\" \/>\n<meta property=\"og:title\" content=\"Family Junior Suite - Blue Waves Resort\" \/>\n<meta property=\"og:description\" content=\"Das Familienzimmer ist ideal f\u00fcr 2 Erwachsene und 2 Kinder bis 12 Jahre und bietet ein vom Wohnzimmer getrenntes Schlafzimmer mit einem Schlafsofa.\" \/>\n<meta property=\"og:url\" content=\"https:\/\/bluewaves.hr\/de\/zimmer-und-suiten\/family-junior-suite\/\" \/>\n<meta property=\"og:site_name\" content=\"Blue Waves Resort\" \/>\n<meta property=\"article:modified_time\" content=\"2021-12-08T13:38:10+00:00\" \/>\n<meta name=\"twitter:card\" content=\"summary_large_image\" \/>\n<script type=\"application\/ld+json\" class=\"yoast-schema-graph\">{\"@context\":\"https:\/\/schema.org\",\"@graph\":[{\"@type\":\"WebPage\",\"@id\":\"https:\/\/bluewaves.hr\/de\/zimmer-und-suiten\/family-junior-suite\/\",\"url\":\"https:\/\/bluewaves.hr\/de\/zimmer-und-suiten\/family-junior-suite\/\",\"name\":\"Family Junior Suite - Blue Waves Resort\",\"isPartOf\":{\"@id\":\"https:\/\/bluewaves.hr\/de\/#website\"},\"datePublished\":\"2019-12-16T09:49:14+00:00\",\"dateModified\":\"2021-12-08T13:38:10+00:00\",\"description\":\"Das Familienzimmer ist ideal f\u00fcr 2 Erwachsene und 2 Kinder bis 12 Jahre und bietet ein vom Wohnzimmer getrenntes Schlafzimmer mit einem Schlafsofa.\",\"breadcrumb\":{\"@id\":\"https:\/\/bluewaves.hr\/de\/zimmer-und-suiten\/family-junior-suite\/#breadcrumb\"},\"inLanguage\":\"de-DE\",\"potentialAction\":[{\"@type\":\"ReadAction\",\"target\":[\"https:\/\/bluewaves.hr\/de\/zimmer-und-suiten\/family-junior-suite\/\"]}]},{\"@type\":\"BreadcrumbList\",\"@id\":\"https:\/\/bluewaves.hr\/de\/zimmer-und-suiten\/family-junior-suite\/#breadcrumb\",\"itemListElement\":[{\"@type\":\"ListItem\",\"position\":1,\"name\":\"Home\",\"item\":\"https:\/\/bluewaves.hr\/de\/\"},{\"@type\":\"ListItem\",\"position\":2,\"name\":\"Zimmer &amp; Suiten\",\"item\":\"https:\/\/bluewaves.hr\/de\/zimmer-und-suiten\/\"},{\"@type\":\"ListItem\",\"position\":3,\"name\":\"Family Junior Suite\"}]},{\"@type\":\"WebSite\",\"@id\":\"https:\/\/bluewaves.hr\/de\/#website\",\"url\":\"https:\/\/bluewaves.hr\/de\/\",\"name\":\"Blue Waves Resort\",\"description\":\"Just another ms.decms.eu site\",\"publisher\":{\"@id\":\"https:\/\/bluewaves.hr\/de\/#organization\"},\"potentialAction\":[{\"@type\":\"SearchAction\",\"target\":{\"@type\":\"EntryPoint\",\"urlTemplate\":\"https:\/\/bluewaves.hr\/de\/?s={search_term_string}\"},\"query-input\":{\"@type\":\"PropertyValueSpecification\",\"valueRequired\":true,\"valueName\":\"search_term_string\"}}],\"inLanguage\":\"de-DE\"},{\"@type\":\"Organization\",\"@id\":\"https:\/\/bluewaves.hr\/de\/#organization\",\"name\":\"Blue Waves Resort\",\"url\":\"https:\/\/bluewaves.hr\/de\/\",\"logo\":{\"@type\":\"ImageObject\",\"inLanguage\":\"de-DE\",\"@id\":\"https:\/\/bluewaves.hr\/de\/#\/schema\/logo\/image\/\",\"url\":\"https:\/\/bluewaves.hr\/wp-content\/uploads\/sites\/100\/2024\/01\/Blue-waves-logo-zlatni.png\",\"contentUrl\":\"https:\/\/bluewaves.hr\/wp-content\/uploads\/sites\/100\/2024\/01\/Blue-waves-logo-zlatni.png\",\"width\":1168,\"height\":652,\"caption\":\"Blue Waves Resort\"},\"image\":{\"@id\":\"https:\/\/bluewaves.hr\/de\/#\/schema\/logo\/image\/\"}}]}<\/script>\n<!-- \/ Yoast SEO plugin. -->","yoast_head_json":{"title":"Family Junior Suite - Blue Waves Resort","description":"Das Familienzimmer ist ideal f\u00fcr 2 Erwachsene und 2 Kinder bis 12 Jahre und bietet ein vom Wohnzimmer getrenntes Schlafzimmer mit einem Schlafsofa.","robots":{"index":"index","follow":"follow","max-snippet":"max-snippet:-1","max-image-preview":"max-image-preview:large","max-video-preview":"max-video-preview:-1"},"canonical":"https:\/\/bluewaves.hr\/de\/zimmer-und-suiten\/family-junior-suite\/","og_locale":"de_DE","og_type":"article","og_title":"Family Junior Suite - Blue Waves Resort","og_description":"Das Familienzimmer ist ideal f\u00fcr 2 Erwachsene und 2 Kinder bis 12 Jahre und bietet ein vom Wohnzimmer getrenntes Schlafzimmer mit einem Schlafsofa.","og_url":"https:\/\/bluewaves.hr\/de\/zimmer-und-suiten\/family-junior-suite\/","og_site_name":"Blue Waves Resort","article_modified_time":"2021-12-08T13:38:10+00:00","twitter_card":"summary_large_image","schema":{"@context":"https:\/\/schema.org","@graph":[{"@type":"WebPage","@id":"https:\/\/bluewaves.hr\/de\/zimmer-und-suiten\/family-junior-suite\/","url":"https:\/\/bluewaves.hr\/de\/zimmer-und-suiten\/family-junior-suite\/","name":"Family Junior Suite - Blue Waves Resort","isPartOf":{"@id":"https:\/\/bluewaves.hr\/de\/#website"},"datePublished":"2019-12-16T09:49:14+00:00","dateModified":"2021-12-08T13:38:10+00:00","description":"Das Familienzimmer ist ideal f\u00fcr 2 Erwachsene und 2 Kinder bis 12 Jahre und bietet ein vom Wohnzimmer getrenntes Schlafzimmer mit einem Schlafsofa.","breadcrumb":{"@id":"https:\/\/bluewaves.hr\/de\/zimmer-und-suiten\/family-junior-suite\/#breadcrumb"},"inLanguage":"de-DE","potentialAction":[{"@type":"ReadAction","target":["https:\/\/bluewaves.hr\/de\/zimmer-und-suiten\/family-junior-suite\/"]}]},{"@type":"BreadcrumbList","@id":"https:\/\/bluewaves.hr\/de\/zimmer-und-suiten\/family-junior-suite\/#breadcrumb","itemListElement":[{"@type":"ListItem","position":1,"name":"Home","item":"https:\/\/bluewaves.hr\/de\/"},{"@type":"ListItem","position":2,"name":"Zimmer &amp; Suiten","item":"https:\/\/bluewaves.hr\/de\/zimmer-und-suiten\/"},{"@type":"ListItem","position":3,"name":"Family Junior Suite"}]},{"@type":"WebSite","@id":"https:\/\/bluewaves.hr\/de\/#website","url":"https:\/\/bluewaves.hr\/de\/","name":"Blue Waves Resort","description":"Just another ms.decms.eu site","publisher":{"@id":"https:\/\/bluewaves.hr\/de\/#organization"},"potentialAction":[{"@type":"SearchAction","target":{"@type":"EntryPoint","urlTemplate":"https:\/\/bluewaves.hr\/de\/?s={search_term_string}"},"query-input":{"@type":"PropertyValueSpecification","valueRequired":true,"valueName":"search_term_string"}}],"inLanguage":"de-DE"},{"@type":"Organization","@id":"https:\/\/bluewaves.hr\/de\/#organization","name":"Blue Waves Resort","url":"https:\/\/bluewaves.hr\/de\/","logo":{"@type":"ImageObject","inLanguage":"de-DE","@id":"https:\/\/bluewaves.hr\/de\/#\/schema\/logo\/image\/","url":"https:\/\/bluewaves.hr\/wp-content\/uploads\/sites\/100\/2024\/01\/Blue-waves-logo-zlatni.png","contentUrl":"https:\/\/bluewaves.hr\/wp-content\/uploads\/sites\/100\/2024\/01\/Blue-waves-logo-zlatni.png","width":1168,"height":652,"caption":"Blue Waves Resort"},"image":{"@id":"https:\/\/bluewaves.hr\/de\/#\/schema\/logo\/image\/"}}]}},"acf":[],"_links":{"self":[{"href":"https:\/\/bluewaves.hr\/de\/wp-json\/wp\/v2\/pages\/650","targetHints":{"allow":["GET"]}}],"collection":[{"href":"https:\/\/bluewaves.hr\/de\/wp-json\/wp\/v2\/pages"}],"about":[{"href":"https:\/\/bluewaves.hr\/de\/wp-json\/wp\/v2\/types\/page"}],"author":[{"embeddable":true,"href":"https:\/\/bluewaves.hr\/de\/wp-json\/wp\/v2\/users\/4"}],"replies":[{"embeddable":true,"href":"https:\/\/bluewaves.hr\/de\/wp-json\/wp\/v2\/comments?post=650"}],"version-history":[{"count":0,"href":"https:\/\/bluewaves.hr\/de\/wp-json\/wp\/v2\/pages\/650\/revisions"}],"up":[{"embeddable":true,"href":"https:\/\/bluewaves.hr\/de\/wp-json\/wp\/v2\/pages\/626"}],"wp:attachment":[{"href":"https:\/\/bluewaves.hr\/de\/wp-json\/wp\/v2\/media?parent=650"}],"curies":[{"name":"wp","href":"https:\/\/api.w.org\/{rel}","templated":true}]}}