{"id":655,"date":"2019-12-16T10:01:48","date_gmt":"2019-12-16T10:01:48","guid":{"rendered":"http:\/\/blue-waves-resort.ms.decms.eu\/?page_id=655"},"modified":"2021-12-09T09:34:26","modified_gmt":"2021-12-09T09:34:26","slug":"junior-suite-mit-meerblick","status":"publish","type":"page","link":"https:\/\/bluewaves.hr\/de\/zimmer-und-suiten\/junior-suite-mit-meerblick\/","title":{"rendered":"Junior Suite mit Meerblick"},"content":{"rendered":"<p>Sie suchen nach einem Urlaub zu zwei, mit dem Gef\u00fchl Zuhause zu sein, dazu muss Ihr Zimmer aber noch einen direkten Blick aufs Meer haben? Dann buchen Sie auf jeden Fall dieses Zimmer. Sie werden den <strong>wundersch\u00f6nen Meerblick von Ihrem Fenster oder vom kleinem franz\u00f6sischen Balkon<\/strong> aus genie\u00dfen. Wir sind sicher, dass dieses Zimmer Ihre Erwartungen erf\u00fcllen wird.<\/p>\n","protected":false},"excerpt":{"rendered":"<p>Sie suchen nach einem Urlaub zu zwei, mit dem Gef\u00fchl Zuhause zu sein, dazu muss Ihr Zimmer aber noch einen direkten Blick aufs Meer haben? Dann buchen Sie auf jeden Fall dieses Zimmer. Sie werden den wundersch\u00f6nen Meerblick von Ihrem Fenster oder vom kleinem franz\u00f6sischen Balkon aus genie\u00dfen. Wir sind sicher, dass dieses Zimmer Ihre [&hellip;]<\/p>\n","protected":false},"author":4,"featured_media":0,"parent":626,"menu_order":5,"comment_status":"closed","ping_status":"closed","template":"template-single-room.php","meta":{"footnotes":""},"class_list":["post-655","page","type-page","status-publish","hentry"],"yoast_head":"<!-- This site is optimized with the Yoast SEO plugin v26.9 - https:\/\/yoast.com\/product\/yoast-seo-wordpress\/ -->\n<title>Junior Suite mit Meerblick - Blue Waves Resort<\/title>\n<meta name=\"description\" content=\"G\u00f6nnen Sie sich einen Urlaub am sch\u00f6nsten Strand von Malinska! Die ger\u00e4umige Suite mit Meerblick wird auf alle ansprechen!\" \/>\n<meta name=\"robots\" content=\"index, follow, max-snippet:-1, max-image-preview:large, max-video-preview:-1\" \/>\n<link rel=\"canonical\" href=\"https:\/\/bluewaves.hr\/de\/zimmer-und-suiten\/junior-suite-mit-meerblick\/\" \/>\n<meta property=\"og:locale\" content=\"de_DE\" \/>\n<meta property=\"og:type\" content=\"article\" \/>\n<meta property=\"og:title\" content=\"Junior Suite mit Meerblick - Blue Waves Resort\" \/>\n<meta property=\"og:description\" content=\"G\u00f6nnen Sie sich einen Urlaub am sch\u00f6nsten Strand von Malinska! Die ger\u00e4umige Suite mit Meerblick wird auf alle ansprechen!\" \/>\n<meta property=\"og:url\" content=\"https:\/\/bluewaves.hr\/de\/zimmer-und-suiten\/junior-suite-mit-meerblick\/\" \/>\n<meta property=\"og:site_name\" content=\"Blue Waves Resort\" \/>\n<meta property=\"article:modified_time\" content=\"2021-12-09T09:34:26+00:00\" \/>\n<meta name=\"twitter:card\" content=\"summary_large_image\" \/>\n<meta name=\"twitter:label1\" content=\"Gesch\u00e4tzte Lesezeit\" \/>\n\t<meta name=\"twitter:data1\" content=\"1 Minute\" \/>\n<script type=\"application\/ld+json\" class=\"yoast-schema-graph\">{\"@context\":\"https:\/\/schema.org\",\"@graph\":[{\"@type\":\"WebPage\",\"@id\":\"https:\/\/bluewaves.hr\/de\/zimmer-und-suiten\/junior-suite-mit-meerblick\/\",\"url\":\"https:\/\/bluewaves.hr\/de\/zimmer-und-suiten\/junior-suite-mit-meerblick\/\",\"name\":\"Junior Suite mit Meerblick - Blue Waves Resort\",\"isPartOf\":{\"@id\":\"https:\/\/bluewaves.hr\/de\/#website\"},\"datePublished\":\"2019-12-16T10:01:48+00:00\",\"dateModified\":\"2021-12-09T09:34:26+00:00\",\"description\":\"G\u00f6nnen Sie sich einen Urlaub am sch\u00f6nsten Strand von Malinska! Die ger\u00e4umige Suite mit Meerblick wird auf alle ansprechen!\",\"breadcrumb\":{\"@id\":\"https:\/\/bluewaves.hr\/de\/zimmer-und-suiten\/junior-suite-mit-meerblick\/#breadcrumb\"},\"inLanguage\":\"de-DE\",\"potentialAction\":[{\"@type\":\"ReadAction\",\"target\":[\"https:\/\/bluewaves.hr\/de\/zimmer-und-suiten\/junior-suite-mit-meerblick\/\"]}]},{\"@type\":\"BreadcrumbList\",\"@id\":\"https:\/\/bluewaves.hr\/de\/zimmer-und-suiten\/junior-suite-mit-meerblick\/#breadcrumb\",\"itemListElement\":[{\"@type\":\"ListItem\",\"position\":1,\"name\":\"Home\",\"item\":\"https:\/\/bluewaves.hr\/de\/\"},{\"@type\":\"ListItem\",\"position\":2,\"name\":\"Zimmer &amp; Suiten\",\"item\":\"https:\/\/bluewaves.hr\/de\/zimmer-und-suiten\/\"},{\"@type\":\"ListItem\",\"position\":3,\"name\":\"Junior Suite mit Meerblick\"}]},{\"@type\":\"WebSite\",\"@id\":\"https:\/\/bluewaves.hr\/de\/#website\",\"url\":\"https:\/\/bluewaves.hr\/de\/\",\"name\":\"Blue Waves Resort\",\"description\":\"Just another ms.decms.eu site\",\"publisher\":{\"@id\":\"https:\/\/bluewaves.hr\/de\/#organization\"},\"potentialAction\":[{\"@type\":\"SearchAction\",\"target\":{\"@type\":\"EntryPoint\",\"urlTemplate\":\"https:\/\/bluewaves.hr\/de\/?s={search_term_string}\"},\"query-input\":{\"@type\":\"PropertyValueSpecification\",\"valueRequired\":true,\"valueName\":\"search_term_string\"}}],\"inLanguage\":\"de-DE\"},{\"@type\":\"Organization\",\"@id\":\"https:\/\/bluewaves.hr\/de\/#organization\",\"name\":\"Blue Waves Resort\",\"url\":\"https:\/\/bluewaves.hr\/de\/\",\"logo\":{\"@type\":\"ImageObject\",\"inLanguage\":\"de-DE\",\"@id\":\"https:\/\/bluewaves.hr\/de\/#\/schema\/logo\/image\/\",\"url\":\"https:\/\/bluewaves.hr\/wp-content\/uploads\/sites\/100\/2024\/01\/Blue-waves-logo-zlatni.png\",\"contentUrl\":\"https:\/\/bluewaves.hr\/wp-content\/uploads\/sites\/100\/2024\/01\/Blue-waves-logo-zlatni.png\",\"width\":1168,\"height\":652,\"caption\":\"Blue Waves Resort\"},\"image\":{\"@id\":\"https:\/\/bluewaves.hr\/de\/#\/schema\/logo\/image\/\"}}]}<\/script>\n<!-- \/ Yoast SEO plugin. -->","yoast_head_json":{"title":"Junior Suite mit Meerblick - Blue Waves Resort","description":"G\u00f6nnen Sie sich einen Urlaub am sch\u00f6nsten Strand von Malinska! Die ger\u00e4umige Suite mit Meerblick wird auf alle ansprechen!","robots":{"index":"index","follow":"follow","max-snippet":"max-snippet:-1","max-image-preview":"max-image-preview:large","max-video-preview":"max-video-preview:-1"},"canonical":"https:\/\/bluewaves.hr\/de\/zimmer-und-suiten\/junior-suite-mit-meerblick\/","og_locale":"de_DE","og_type":"article","og_title":"Junior Suite mit Meerblick - Blue Waves Resort","og_description":"G\u00f6nnen Sie sich einen Urlaub am sch\u00f6nsten Strand von Malinska! Die ger\u00e4umige Suite mit Meerblick wird auf alle ansprechen!","og_url":"https:\/\/bluewaves.hr\/de\/zimmer-und-suiten\/junior-suite-mit-meerblick\/","og_site_name":"Blue Waves Resort","article_modified_time":"2021-12-09T09:34:26+00:00","twitter_card":"summary_large_image","twitter_misc":{"Gesch\u00e4tzte Lesezeit":"1 Minute"},"schema":{"@context":"https:\/\/schema.org","@graph":[{"@type":"WebPage","@id":"https:\/\/bluewaves.hr\/de\/zimmer-und-suiten\/junior-suite-mit-meerblick\/","url":"https:\/\/bluewaves.hr\/de\/zimmer-und-suiten\/junior-suite-mit-meerblick\/","name":"Junior Suite mit Meerblick - Blue Waves Resort","isPartOf":{"@id":"https:\/\/bluewaves.hr\/de\/#website"},"datePublished":"2019-12-16T10:01:48+00:00","dateModified":"2021-12-09T09:34:26+00:00","description":"G\u00f6nnen Sie sich einen Urlaub am sch\u00f6nsten Strand von Malinska! Die ger\u00e4umige Suite mit Meerblick wird auf alle ansprechen!","breadcrumb":{"@id":"https:\/\/bluewaves.hr\/de\/zimmer-und-suiten\/junior-suite-mit-meerblick\/#breadcrumb"},"inLanguage":"de-DE","potentialAction":[{"@type":"ReadAction","target":["https:\/\/bluewaves.hr\/de\/zimmer-und-suiten\/junior-suite-mit-meerblick\/"]}]},{"@type":"BreadcrumbList","@id":"https:\/\/bluewaves.hr\/de\/zimmer-und-suiten\/junior-suite-mit-meerblick\/#breadcrumb","itemListElement":[{"@type":"ListItem","position":1,"name":"Home","item":"https:\/\/bluewaves.hr\/de\/"},{"@type":"ListItem","position":2,"name":"Zimmer &amp; Suiten","item":"https:\/\/bluewaves.hr\/de\/zimmer-und-suiten\/"},{"@type":"ListItem","position":3,"name":"Junior Suite mit Meerblick"}]},{"@type":"WebSite","@id":"https:\/\/bluewaves.hr\/de\/#website","url":"https:\/\/bluewaves.hr\/de\/","name":"Blue Waves Resort","description":"Just another ms.decms.eu site","publisher":{"@id":"https:\/\/bluewaves.hr\/de\/#organization"},"potentialAction":[{"@type":"SearchAction","target":{"@type":"EntryPoint","urlTemplate":"https:\/\/bluewaves.hr\/de\/?s={search_term_string}"},"query-input":{"@type":"PropertyValueSpecification","valueRequired":true,"valueName":"search_term_string"}}],"inLanguage":"de-DE"},{"@type":"Organization","@id":"https:\/\/bluewaves.hr\/de\/#organization","name":"Blue Waves Resort","url":"https:\/\/bluewaves.hr\/de\/","logo":{"@type":"ImageObject","inLanguage":"de-DE","@id":"https:\/\/bluewaves.hr\/de\/#\/schema\/logo\/image\/","url":"https:\/\/bluewaves.hr\/wp-content\/uploads\/sites\/100\/2024\/01\/Blue-waves-logo-zlatni.png","contentUrl":"https:\/\/bluewaves.hr\/wp-content\/uploads\/sites\/100\/2024\/01\/Blue-waves-logo-zlatni.png","width":1168,"height":652,"caption":"Blue Waves Resort"},"image":{"@id":"https:\/\/bluewaves.hr\/de\/#\/schema\/logo\/image\/"}}]}},"acf":[],"_links":{"self":[{"href":"https:\/\/bluewaves.hr\/de\/wp-json\/wp\/v2\/pages\/655","targetHints":{"allow":["GET"]}}],"collection":[{"href":"https:\/\/bluewaves.hr\/de\/wp-json\/wp\/v2\/pages"}],"about":[{"href":"https:\/\/bluewaves.hr\/de\/wp-json\/wp\/v2\/types\/page"}],"author":[{"embeddable":true,"href":"https:\/\/bluewaves.hr\/de\/wp-json\/wp\/v2\/users\/4"}],"replies":[{"embeddable":true,"href":"https:\/\/bluewaves.hr\/de\/wp-json\/wp\/v2\/comments?post=655"}],"version-history":[{"count":0,"href":"https:\/\/bluewaves.hr\/de\/wp-json\/wp\/v2\/pages\/655\/revisions"}],"up":[{"embeddable":true,"href":"https:\/\/bluewaves.hr\/de\/wp-json\/wp\/v2\/pages\/626"}],"wp:attachment":[{"href":"https:\/\/bluewaves.hr\/de\/wp-json\/wp\/v2\/media?parent=655"}],"curies":[{"name":"wp","href":"https:\/\/api.w.org\/{rel}","templated":true}]}}