{"id":685,"date":"2019-12-16T13:31:40","date_gmt":"2019-12-16T13:31:40","guid":{"rendered":"http:\/\/blue-waves-resort.ms.decms.eu\/?page_id=685"},"modified":"2020-12-14T13:47:56","modified_gmt":"2020-12-14T13:47:56","slug":"dienstleistungen","status":"publish","type":"page","link":"https:\/\/bluewaves.hr\/de\/dienstleistungen\/","title":{"rendered":"Dienstleistungen"},"content":{"rendered":"<p>Im Blue Waves Resort sind wir stolz darauf unseren G\u00e4sten ein breites Spektrum an Dienstleistungen anbieten zu k\u00f6nnen. Von Urlaub im Paar oder als Familie, die den wundersch\u00f6nen Strand des Resorts genie\u00dft, bis hin zum Entspannen an zwei Au\u00dfen- und einem Innenpool oder der Organisierung eines Gesch\u00e4ftstreffens in unserer Konferenzhalle, <strong>wir erf\u00fcllen alle Ihre W\u00fcnsche<\/strong>, unabh\u00e4ngig davon, ob Sie privat oder gesch\u00e4ftlich bei uns sind.<\/p>\n","protected":false},"excerpt":{"rendered":"<p>Im Blue Waves Resort sind wir stolz darauf unseren G\u00e4sten ein breites Spektrum an Dienstleistungen anbieten zu k\u00f6nnen. Von Urlaub im Paar oder als Familie, die den wundersch\u00f6nen Strand des Resorts genie\u00dft, bis hin zum Entspannen an zwei Au\u00dfen- und einem Innenpool oder der Organisierung eines Gesch\u00e4ftstreffens in unserer Konferenzhalle, wir erf\u00fcllen alle Ihre W\u00fcnsche, [&hellip;]<\/p>\n","protected":false},"author":4,"featured_media":0,"parent":0,"menu_order":40,"comment_status":"closed","ping_status":"closed","template":"","meta":{"footnotes":""},"class_list":["post-685","page","type-page","status-publish","hentry"],"yoast_head":"<!-- This site is optimized with the Yoast SEO plugin v26.9 - https:\/\/yoast.com\/product\/yoast-seo-wordpress\/ -->\n<title>Dienstleistungen - Blue Waves Resort<\/title>\n<meta name=\"description\" content=\"Schwimmb\u00e4der, Wellness, Spa, Strand, Animation f\u00fcr Kinder und Erwachsene, Gesch\u00e4ftstreffen - wir erf\u00fcllen gerne alle Ihre W\u00fcnsche und Bed\u00fcrfnisse.\" \/>\n<meta name=\"robots\" content=\"index, follow, max-snippet:-1, max-image-preview:large, max-video-preview:-1\" \/>\n<link rel=\"canonical\" href=\"https:\/\/bluewaves.hr\/de\/dienstleistungen\/\" \/>\n<meta property=\"og:locale\" content=\"de_DE\" \/>\n<meta property=\"og:type\" content=\"article\" \/>\n<meta property=\"og:title\" content=\"Dienstleistungen - Blue Waves Resort\" \/>\n<meta property=\"og:description\" content=\"Schwimmb\u00e4der, Wellness, Spa, Strand, Animation f\u00fcr Kinder und Erwachsene, Gesch\u00e4ftstreffen - wir erf\u00fcllen gerne alle Ihre W\u00fcnsche und Bed\u00fcrfnisse.\" \/>\n<meta property=\"og:url\" content=\"https:\/\/bluewaves.hr\/de\/dienstleistungen\/\" \/>\n<meta property=\"og:site_name\" content=\"Blue Waves Resort\" \/>\n<meta property=\"article:modified_time\" content=\"2020-12-14T13:47:56+00:00\" \/>\n<meta name=\"twitter:card\" content=\"summary_large_image\" \/>\n<script type=\"application\/ld+json\" class=\"yoast-schema-graph\">{\"@context\":\"https:\/\/schema.org\",\"@graph\":[{\"@type\":\"WebPage\",\"@id\":\"https:\/\/bluewaves.hr\/de\/dienstleistungen\/\",\"url\":\"https:\/\/bluewaves.hr\/de\/dienstleistungen\/\",\"name\":\"Dienstleistungen - Blue Waves Resort\",\"isPartOf\":{\"@id\":\"https:\/\/bluewaves.hr\/de\/#website\"},\"datePublished\":\"2019-12-16T13:31:40+00:00\",\"dateModified\":\"2020-12-14T13:47:56+00:00\",\"description\":\"Schwimmb\u00e4der, Wellness, Spa, Strand, Animation f\u00fcr Kinder und Erwachsene, Gesch\u00e4ftstreffen - wir erf\u00fcllen gerne alle Ihre W\u00fcnsche und Bed\u00fcrfnisse.\",\"breadcrumb\":{\"@id\":\"https:\/\/bluewaves.hr\/de\/dienstleistungen\/#breadcrumb\"},\"inLanguage\":\"de-DE\",\"potentialAction\":[{\"@type\":\"ReadAction\",\"target\":[\"https:\/\/bluewaves.hr\/de\/dienstleistungen\/\"]}]},{\"@type\":\"BreadcrumbList\",\"@id\":\"https:\/\/bluewaves.hr\/de\/dienstleistungen\/#breadcrumb\",\"itemListElement\":[{\"@type\":\"ListItem\",\"position\":1,\"name\":\"Home\",\"item\":\"https:\/\/bluewaves.hr\/de\/\"},{\"@type\":\"ListItem\",\"position\":2,\"name\":\"Dienstleistungen\"}]},{\"@type\":\"WebSite\",\"@id\":\"https:\/\/bluewaves.hr\/de\/#website\",\"url\":\"https:\/\/bluewaves.hr\/de\/\",\"name\":\"Blue Waves Resort\",\"description\":\"Just another ms.decms.eu site\",\"publisher\":{\"@id\":\"https:\/\/bluewaves.hr\/de\/#organization\"},\"potentialAction\":[{\"@type\":\"SearchAction\",\"target\":{\"@type\":\"EntryPoint\",\"urlTemplate\":\"https:\/\/bluewaves.hr\/de\/?s={search_term_string}\"},\"query-input\":{\"@type\":\"PropertyValueSpecification\",\"valueRequired\":true,\"valueName\":\"search_term_string\"}}],\"inLanguage\":\"de-DE\"},{\"@type\":\"Organization\",\"@id\":\"https:\/\/bluewaves.hr\/de\/#organization\",\"name\":\"Blue Waves Resort\",\"url\":\"https:\/\/bluewaves.hr\/de\/\",\"logo\":{\"@type\":\"ImageObject\",\"inLanguage\":\"de-DE\",\"@id\":\"https:\/\/bluewaves.hr\/de\/#\/schema\/logo\/image\/\",\"url\":\"https:\/\/bluewaves.hr\/wp-content\/uploads\/sites\/100\/2024\/01\/Blue-waves-logo-zlatni.png\",\"contentUrl\":\"https:\/\/bluewaves.hr\/wp-content\/uploads\/sites\/100\/2024\/01\/Blue-waves-logo-zlatni.png\",\"width\":1168,\"height\":652,\"caption\":\"Blue Waves Resort\"},\"image\":{\"@id\":\"https:\/\/bluewaves.hr\/de\/#\/schema\/logo\/image\/\"}}]}<\/script>\n<!-- \/ Yoast SEO plugin. -->","yoast_head_json":{"title":"Dienstleistungen - Blue Waves Resort","description":"Schwimmb\u00e4der, Wellness, Spa, Strand, Animation f\u00fcr Kinder und Erwachsene, Gesch\u00e4ftstreffen - wir erf\u00fcllen gerne alle Ihre W\u00fcnsche und Bed\u00fcrfnisse.","robots":{"index":"index","follow":"follow","max-snippet":"max-snippet:-1","max-image-preview":"max-image-preview:large","max-video-preview":"max-video-preview:-1"},"canonical":"https:\/\/bluewaves.hr\/de\/dienstleistungen\/","og_locale":"de_DE","og_type":"article","og_title":"Dienstleistungen - Blue Waves Resort","og_description":"Schwimmb\u00e4der, Wellness, Spa, Strand, Animation f\u00fcr Kinder und Erwachsene, Gesch\u00e4ftstreffen - wir erf\u00fcllen gerne alle Ihre W\u00fcnsche und Bed\u00fcrfnisse.","og_url":"https:\/\/bluewaves.hr\/de\/dienstleistungen\/","og_site_name":"Blue Waves Resort","article_modified_time":"2020-12-14T13:47:56+00:00","twitter_card":"summary_large_image","schema":{"@context":"https:\/\/schema.org","@graph":[{"@type":"WebPage","@id":"https:\/\/bluewaves.hr\/de\/dienstleistungen\/","url":"https:\/\/bluewaves.hr\/de\/dienstleistungen\/","name":"Dienstleistungen - Blue Waves Resort","isPartOf":{"@id":"https:\/\/bluewaves.hr\/de\/#website"},"datePublished":"2019-12-16T13:31:40+00:00","dateModified":"2020-12-14T13:47:56+00:00","description":"Schwimmb\u00e4der, Wellness, Spa, Strand, Animation f\u00fcr Kinder und Erwachsene, Gesch\u00e4ftstreffen - wir erf\u00fcllen gerne alle Ihre W\u00fcnsche und Bed\u00fcrfnisse.","breadcrumb":{"@id":"https:\/\/bluewaves.hr\/de\/dienstleistungen\/#breadcrumb"},"inLanguage":"de-DE","potentialAction":[{"@type":"ReadAction","target":["https:\/\/bluewaves.hr\/de\/dienstleistungen\/"]}]},{"@type":"BreadcrumbList","@id":"https:\/\/bluewaves.hr\/de\/dienstleistungen\/#breadcrumb","itemListElement":[{"@type":"ListItem","position":1,"name":"Home","item":"https:\/\/bluewaves.hr\/de\/"},{"@type":"ListItem","position":2,"name":"Dienstleistungen"}]},{"@type":"WebSite","@id":"https:\/\/bluewaves.hr\/de\/#website","url":"https:\/\/bluewaves.hr\/de\/","name":"Blue Waves Resort","description":"Just another ms.decms.eu site","publisher":{"@id":"https:\/\/bluewaves.hr\/de\/#organization"},"potentialAction":[{"@type":"SearchAction","target":{"@type":"EntryPoint","urlTemplate":"https:\/\/bluewaves.hr\/de\/?s={search_term_string}"},"query-input":{"@type":"PropertyValueSpecification","valueRequired":true,"valueName":"search_term_string"}}],"inLanguage":"de-DE"},{"@type":"Organization","@id":"https:\/\/bluewaves.hr\/de\/#organization","name":"Blue Waves Resort","url":"https:\/\/bluewaves.hr\/de\/","logo":{"@type":"ImageObject","inLanguage":"de-DE","@id":"https:\/\/bluewaves.hr\/de\/#\/schema\/logo\/image\/","url":"https:\/\/bluewaves.hr\/wp-content\/uploads\/sites\/100\/2024\/01\/Blue-waves-logo-zlatni.png","contentUrl":"https:\/\/bluewaves.hr\/wp-content\/uploads\/sites\/100\/2024\/01\/Blue-waves-logo-zlatni.png","width":1168,"height":652,"caption":"Blue Waves Resort"},"image":{"@id":"https:\/\/bluewaves.hr\/de\/#\/schema\/logo\/image\/"}}]}},"acf":[],"_links":{"self":[{"href":"https:\/\/bluewaves.hr\/de\/wp-json\/wp\/v2\/pages\/685","targetHints":{"allow":["GET"]}}],"collection":[{"href":"https:\/\/bluewaves.hr\/de\/wp-json\/wp\/v2\/pages"}],"about":[{"href":"https:\/\/bluewaves.hr\/de\/wp-json\/wp\/v2\/types\/page"}],"author":[{"embeddable":true,"href":"https:\/\/bluewaves.hr\/de\/wp-json\/wp\/v2\/users\/4"}],"replies":[{"embeddable":true,"href":"https:\/\/bluewaves.hr\/de\/wp-json\/wp\/v2\/comments?post=685"}],"version-history":[{"count":0,"href":"https:\/\/bluewaves.hr\/de\/wp-json\/wp\/v2\/pages\/685\/revisions"}],"wp:attachment":[{"href":"https:\/\/bluewaves.hr\/de\/wp-json\/wp\/v2\/media?parent=685"}],"curies":[{"name":"wp","href":"https:\/\/api.w.org\/{rel}","templated":true}]}}