{"id":693,"date":"2019-12-16T13:43:43","date_gmt":"2019-12-16T13:43:43","guid":{"rendered":"http:\/\/blue-waves-resort.ms.decms.eu\/?page_id=693"},"modified":"2023-06-09T13:16:52","modified_gmt":"2023-06-09T13:16:52","slug":"strand","status":"publish","type":"page","link":"https:\/\/bluewaves.hr\/de\/dienstleistungen\/strand\/","title":{"rendered":"Strand"},"content":{"rendered":"<p>Was ist das Wichtigste an einem Sommerurlaub? Meer und Strand, richtig? Wir denken, wir k\u00f6nnen uns alle einig sein, dass fast alle neu errichteten Hotels an der Adriak\u00fcste sehr gut sind. Also, wie w\u00e4hlt an eines f\u00fcr sich aus? Man w\u00e4hlt <strong>DEN BESTEN STRAND<\/strong>!<\/p>\n<p>Genie\u00dfen Sie es unbek\u00fcmmert in der Sonne und im kristallklaren Meer an einem der sch\u00f6nsten Str\u00e4nde von Malinska. <strong>Der Kiesstrand in der Bucht Rova liegt unmittelbar am Hotel<\/strong> und eignet sich besonders f\u00fcr Kleinkinder, da man keine Stra\u00dfe \u00fcberqueren muss. <strong>Liegest\u00fchle und Sonnenschirme sind im Preis inbegriffen und werden je nach Verf\u00fcgbarkeit bereitgestellt<\/strong>, nach Verf\u00fcgbarkeit in begrenzten Mengen, Sie k\u00f6nnen sich Ihrem Buch, der Musik oder einfach dem Lauschen der Natur widmen.<\/p>\n<p>Das Personal der nahe gelegenen Hotelstrandbar k\u00fcmmert sich um den v\u00f6lligen Komfort und bereitet Ihnen eine gerne eine Erfrischung nach Wahl zu. \u00dcberzeugen Sie sich selbst, dass<strong> der Strand der perfekte Erholungs- und Unterhaltungsort<\/strong> f\u00fcr die ganze Familie ist \u2013 sowohl f\u00fcr sichere Schwimmer, als auch f\u00fcr Anf\u00e4nger.<\/p>\n","protected":false},"excerpt":{"rendered":"<p>Was ist das Wichtigste an einem Sommerurlaub? Meer und Strand, richtig? Wir denken, wir k\u00f6nnen uns alle einig sein, dass fast alle neu errichteten Hotels an der Adriak\u00fcste sehr gut sind. Also, wie w\u00e4hlt an eines f\u00fcr sich aus? Man w\u00e4hlt DEN BESTEN STRAND! Genie\u00dfen Sie es unbek\u00fcmmert in der Sonne und im kristallklaren Meer [&hellip;]<\/p>\n","protected":false},"author":4,"featured_media":0,"parent":685,"menu_order":1,"comment_status":"closed","ping_status":"closed","template":"","meta":{"footnotes":""},"class_list":["post-693","page","type-page","status-publish","hentry"],"yoast_head":"<!-- This site is optimized with the Yoast SEO plugin v26.9 - https:\/\/yoast.com\/product\/yoast-seo-wordpress\/ -->\n<title>Strand - Blue Waves Resort<\/title>\n<meta name=\"robots\" content=\"index, follow, max-snippet:-1, max-image-preview:large, max-video-preview:-1\" \/>\n<link rel=\"canonical\" href=\"https:\/\/bluewaves.hr\/de\/dienstleistungen\/strand\/\" \/>\n<meta property=\"og:locale\" content=\"de_DE\" \/>\n<meta property=\"og:type\" content=\"article\" \/>\n<meta property=\"og:title\" content=\"Strand - Blue Waves Resort\" \/>\n<meta property=\"og:description\" content=\"Was ist das Wichtigste an einem Sommerurlaub? Meer und Strand, richtig? Wir denken, wir k\u00f6nnen uns alle einig sein, dass fast alle neu errichteten Hotels an der Adriak\u00fcste sehr gut sind. Also, wie w\u00e4hlt an eines f\u00fcr sich aus? Man w\u00e4hlt DEN BESTEN STRAND! Genie\u00dfen Sie es unbek\u00fcmmert in der Sonne und im kristallklaren Meer [&hellip;]\" \/>\n<meta property=\"og:url\" content=\"https:\/\/bluewaves.hr\/de\/dienstleistungen\/strand\/\" \/>\n<meta property=\"og:site_name\" content=\"Blue Waves Resort\" \/>\n<meta property=\"article:modified_time\" content=\"2023-06-09T13:16:52+00:00\" \/>\n<meta name=\"twitter:card\" content=\"summary_large_image\" \/>\n<meta name=\"twitter:label1\" content=\"Gesch\u00e4tzte Lesezeit\" \/>\n\t<meta name=\"twitter:data1\" content=\"1 Minute\" \/>\n<script type=\"application\/ld+json\" class=\"yoast-schema-graph\">{\"@context\":\"https:\/\/schema.org\",\"@graph\":[{\"@type\":\"WebPage\",\"@id\":\"https:\/\/bluewaves.hr\/de\/dienstleistungen\/strand\/\",\"url\":\"https:\/\/bluewaves.hr\/de\/dienstleistungen\/strand\/\",\"name\":\"Strand - Blue Waves Resort\",\"isPartOf\":{\"@id\":\"https:\/\/bluewaves.hr\/de\/#website\"},\"datePublished\":\"2019-12-16T13:43:43+00:00\",\"dateModified\":\"2023-06-09T13:16:52+00:00\",\"breadcrumb\":{\"@id\":\"https:\/\/bluewaves.hr\/de\/dienstleistungen\/strand\/#breadcrumb\"},\"inLanguage\":\"de-DE\",\"potentialAction\":[{\"@type\":\"ReadAction\",\"target\":[\"https:\/\/bluewaves.hr\/de\/dienstleistungen\/strand\/\"]}]},{\"@type\":\"BreadcrumbList\",\"@id\":\"https:\/\/bluewaves.hr\/de\/dienstleistungen\/strand\/#breadcrumb\",\"itemListElement\":[{\"@type\":\"ListItem\",\"position\":1,\"name\":\"Home\",\"item\":\"https:\/\/bluewaves.hr\/de\/\"},{\"@type\":\"ListItem\",\"position\":2,\"name\":\"Dienstleistungen\",\"item\":\"https:\/\/bluewaves.hr\/de\/dienstleistungen\/\"},{\"@type\":\"ListItem\",\"position\":3,\"name\":\"Strand\"}]},{\"@type\":\"WebSite\",\"@id\":\"https:\/\/bluewaves.hr\/de\/#website\",\"url\":\"https:\/\/bluewaves.hr\/de\/\",\"name\":\"Blue Waves Resort\",\"description\":\"Just another ms.decms.eu site\",\"publisher\":{\"@id\":\"https:\/\/bluewaves.hr\/de\/#organization\"},\"potentialAction\":[{\"@type\":\"SearchAction\",\"target\":{\"@type\":\"EntryPoint\",\"urlTemplate\":\"https:\/\/bluewaves.hr\/de\/?s={search_term_string}\"},\"query-input\":{\"@type\":\"PropertyValueSpecification\",\"valueRequired\":true,\"valueName\":\"search_term_string\"}}],\"inLanguage\":\"de-DE\"},{\"@type\":\"Organization\",\"@id\":\"https:\/\/bluewaves.hr\/de\/#organization\",\"name\":\"Blue Waves Resort\",\"url\":\"https:\/\/bluewaves.hr\/de\/\",\"logo\":{\"@type\":\"ImageObject\",\"inLanguage\":\"de-DE\",\"@id\":\"https:\/\/bluewaves.hr\/de\/#\/schema\/logo\/image\/\",\"url\":\"https:\/\/bluewaves.hr\/wp-content\/uploads\/sites\/100\/2024\/01\/Blue-waves-logo-zlatni.png\",\"contentUrl\":\"https:\/\/bluewaves.hr\/wp-content\/uploads\/sites\/100\/2024\/01\/Blue-waves-logo-zlatni.png\",\"width\":1168,\"height\":652,\"caption\":\"Blue Waves Resort\"},\"image\":{\"@id\":\"https:\/\/bluewaves.hr\/de\/#\/schema\/logo\/image\/\"}}]}<\/script>\n<!-- \/ Yoast SEO plugin. -->","yoast_head_json":{"title":"Strand - Blue Waves Resort","robots":{"index":"index","follow":"follow","max-snippet":"max-snippet:-1","max-image-preview":"max-image-preview:large","max-video-preview":"max-video-preview:-1"},"canonical":"https:\/\/bluewaves.hr\/de\/dienstleistungen\/strand\/","og_locale":"de_DE","og_type":"article","og_title":"Strand - Blue Waves Resort","og_description":"Was ist das Wichtigste an einem Sommerurlaub? Meer und Strand, richtig? Wir denken, wir k\u00f6nnen uns alle einig sein, dass fast alle neu errichteten Hotels an der Adriak\u00fcste sehr gut sind. Also, wie w\u00e4hlt an eines f\u00fcr sich aus? Man w\u00e4hlt DEN BESTEN STRAND! Genie\u00dfen Sie es unbek\u00fcmmert in der Sonne und im kristallklaren Meer [&hellip;]","og_url":"https:\/\/bluewaves.hr\/de\/dienstleistungen\/strand\/","og_site_name":"Blue Waves Resort","article_modified_time":"2023-06-09T13:16:52+00:00","twitter_card":"summary_large_image","twitter_misc":{"Gesch\u00e4tzte Lesezeit":"1 Minute"},"schema":{"@context":"https:\/\/schema.org","@graph":[{"@type":"WebPage","@id":"https:\/\/bluewaves.hr\/de\/dienstleistungen\/strand\/","url":"https:\/\/bluewaves.hr\/de\/dienstleistungen\/strand\/","name":"Strand - Blue Waves Resort","isPartOf":{"@id":"https:\/\/bluewaves.hr\/de\/#website"},"datePublished":"2019-12-16T13:43:43+00:00","dateModified":"2023-06-09T13:16:52+00:00","breadcrumb":{"@id":"https:\/\/bluewaves.hr\/de\/dienstleistungen\/strand\/#breadcrumb"},"inLanguage":"de-DE","potentialAction":[{"@type":"ReadAction","target":["https:\/\/bluewaves.hr\/de\/dienstleistungen\/strand\/"]}]},{"@type":"BreadcrumbList","@id":"https:\/\/bluewaves.hr\/de\/dienstleistungen\/strand\/#breadcrumb","itemListElement":[{"@type":"ListItem","position":1,"name":"Home","item":"https:\/\/bluewaves.hr\/de\/"},{"@type":"ListItem","position":2,"name":"Dienstleistungen","item":"https:\/\/bluewaves.hr\/de\/dienstleistungen\/"},{"@type":"ListItem","position":3,"name":"Strand"}]},{"@type":"WebSite","@id":"https:\/\/bluewaves.hr\/de\/#website","url":"https:\/\/bluewaves.hr\/de\/","name":"Blue Waves Resort","description":"Just another ms.decms.eu site","publisher":{"@id":"https:\/\/bluewaves.hr\/de\/#organization"},"potentialAction":[{"@type":"SearchAction","target":{"@type":"EntryPoint","urlTemplate":"https:\/\/bluewaves.hr\/de\/?s={search_term_string}"},"query-input":{"@type":"PropertyValueSpecification","valueRequired":true,"valueName":"search_term_string"}}],"inLanguage":"de-DE"},{"@type":"Organization","@id":"https:\/\/bluewaves.hr\/de\/#organization","name":"Blue Waves Resort","url":"https:\/\/bluewaves.hr\/de\/","logo":{"@type":"ImageObject","inLanguage":"de-DE","@id":"https:\/\/bluewaves.hr\/de\/#\/schema\/logo\/image\/","url":"https:\/\/bluewaves.hr\/wp-content\/uploads\/sites\/100\/2024\/01\/Blue-waves-logo-zlatni.png","contentUrl":"https:\/\/bluewaves.hr\/wp-content\/uploads\/sites\/100\/2024\/01\/Blue-waves-logo-zlatni.png","width":1168,"height":652,"caption":"Blue Waves Resort"},"image":{"@id":"https:\/\/bluewaves.hr\/de\/#\/schema\/logo\/image\/"}}]}},"acf":[],"_links":{"self":[{"href":"https:\/\/bluewaves.hr\/de\/wp-json\/wp\/v2\/pages\/693","targetHints":{"allow":["GET"]}}],"collection":[{"href":"https:\/\/bluewaves.hr\/de\/wp-json\/wp\/v2\/pages"}],"about":[{"href":"https:\/\/bluewaves.hr\/de\/wp-json\/wp\/v2\/types\/page"}],"author":[{"embeddable":true,"href":"https:\/\/bluewaves.hr\/de\/wp-json\/wp\/v2\/users\/4"}],"replies":[{"embeddable":true,"href":"https:\/\/bluewaves.hr\/de\/wp-json\/wp\/v2\/comments?post=693"}],"version-history":[{"count":0,"href":"https:\/\/bluewaves.hr\/de\/wp-json\/wp\/v2\/pages\/693\/revisions"}],"up":[{"embeddable":true,"href":"https:\/\/bluewaves.hr\/de\/wp-json\/wp\/v2\/pages\/685"}],"wp:attachment":[{"href":"https:\/\/bluewaves.hr\/de\/wp-json\/wp\/v2\/media?parent=693"}],"curies":[{"name":"wp","href":"https:\/\/api.w.org\/{rel}","templated":true}]}}