{"id":697,"date":"2019-12-16T13:55:55","date_gmt":"2019-12-16T13:55:55","guid":{"rendered":"http:\/\/blue-waves-resort.ms.decms.eu\/?page_id=697"},"modified":"2021-07-23T12:31:17","modified_gmt":"2021-07-23T12:31:17","slug":"schwimmbaeder","status":"publish","type":"page","link":"https:\/\/bluewaves.hr\/de\/dienstleistungen\/schwimmbaeder\/","title":{"rendered":"Schwimmb\u00e4der"},"content":{"rendered":"<p>Einen Urlaub in der Sonne k\u00f6nnen Sie an zwei S\u00fc\u00dfwasserpools im Freien aufsuchen, die ein wahrhaftiges SPA-Erlebnis bieten. <strong>Die kostenlosen Liegest\u00fchle und Sonnenschirme neben Pools sorgen f\u00fcr Gem\u00fctlichkeit<\/strong>.<br \/>\nNeben zwei Au\u00dfenpools gibt es im Rahmen unserer Gesundheits- und Entspannungszone auch einen kleinen Innenpool mit frischem Wasser.<\/p>\n","protected":false},"excerpt":{"rendered":"<p>Einen Urlaub in der Sonne k\u00f6nnen Sie an zwei S\u00fc\u00dfwasserpools im Freien aufsuchen, die ein wahrhaftiges SPA-Erlebnis bieten. Die kostenlosen Liegest\u00fchle und Sonnenschirme neben Pools sorgen f\u00fcr Gem\u00fctlichkeit. Neben zwei Au\u00dfenpools gibt es im Rahmen unserer Gesundheits- und Entspannungszone auch einen kleinen Innenpool mit frischem Wasser.<\/p>\n","protected":false},"author":4,"featured_media":0,"parent":685,"menu_order":2,"comment_status":"closed","ping_status":"closed","template":"","meta":{"footnotes":""},"class_list":["post-697","page","type-page","status-publish","hentry"],"yoast_head":"<!-- This site is optimized with the Yoast SEO plugin v26.9 - https:\/\/yoast.com\/product\/yoast-seo-wordpress\/ -->\n<title>Schwimmb\u00e4der - Blue Waves Resort<\/title>\n<meta name=\"robots\" content=\"index, follow, max-snippet:-1, max-image-preview:large, max-video-preview:-1\" \/>\n<link rel=\"canonical\" href=\"https:\/\/bluewaves.hr\/de\/dienstleistungen\/schwimmbaeder\/\" \/>\n<meta property=\"og:locale\" content=\"de_DE\" \/>\n<meta property=\"og:type\" content=\"article\" \/>\n<meta property=\"og:title\" content=\"Schwimmb\u00e4der - Blue Waves Resort\" \/>\n<meta property=\"og:description\" content=\"Einen Urlaub in der Sonne k\u00f6nnen Sie an zwei S\u00fc\u00dfwasserpools im Freien aufsuchen, die ein wahrhaftiges SPA-Erlebnis bieten. Die kostenlosen Liegest\u00fchle und Sonnenschirme neben Pools sorgen f\u00fcr Gem\u00fctlichkeit. Neben zwei Au\u00dfenpools gibt es im Rahmen unserer Gesundheits- und Entspannungszone auch einen kleinen Innenpool mit frischem Wasser.\" \/>\n<meta property=\"og:url\" content=\"https:\/\/bluewaves.hr\/de\/dienstleistungen\/schwimmbaeder\/\" \/>\n<meta property=\"og:site_name\" content=\"Blue Waves Resort\" \/>\n<meta property=\"article:modified_time\" content=\"2021-07-23T12:31:17+00:00\" \/>\n<meta name=\"twitter:card\" content=\"summary_large_image\" \/>\n<script type=\"application\/ld+json\" class=\"yoast-schema-graph\">{\"@context\":\"https:\/\/schema.org\",\"@graph\":[{\"@type\":\"WebPage\",\"@id\":\"https:\/\/bluewaves.hr\/de\/dienstleistungen\/schwimmbaeder\/\",\"url\":\"https:\/\/bluewaves.hr\/de\/dienstleistungen\/schwimmbaeder\/\",\"name\":\"Schwimmb\u00e4der - Blue Waves Resort\",\"isPartOf\":{\"@id\":\"https:\/\/bluewaves.hr\/de\/#website\"},\"datePublished\":\"2019-12-16T13:55:55+00:00\",\"dateModified\":\"2021-07-23T12:31:17+00:00\",\"breadcrumb\":{\"@id\":\"https:\/\/bluewaves.hr\/de\/dienstleistungen\/schwimmbaeder\/#breadcrumb\"},\"inLanguage\":\"de-DE\",\"potentialAction\":[{\"@type\":\"ReadAction\",\"target\":[\"https:\/\/bluewaves.hr\/de\/dienstleistungen\/schwimmbaeder\/\"]}]},{\"@type\":\"BreadcrumbList\",\"@id\":\"https:\/\/bluewaves.hr\/de\/dienstleistungen\/schwimmbaeder\/#breadcrumb\",\"itemListElement\":[{\"@type\":\"ListItem\",\"position\":1,\"name\":\"Home\",\"item\":\"https:\/\/bluewaves.hr\/de\/\"},{\"@type\":\"ListItem\",\"position\":2,\"name\":\"Dienstleistungen\",\"item\":\"https:\/\/bluewaves.hr\/de\/dienstleistungen\/\"},{\"@type\":\"ListItem\",\"position\":3,\"name\":\"Schwimmb\u00e4der\"}]},{\"@type\":\"WebSite\",\"@id\":\"https:\/\/bluewaves.hr\/de\/#website\",\"url\":\"https:\/\/bluewaves.hr\/de\/\",\"name\":\"Blue Waves Resort\",\"description\":\"Just another ms.decms.eu site\",\"publisher\":{\"@id\":\"https:\/\/bluewaves.hr\/de\/#organization\"},\"potentialAction\":[{\"@type\":\"SearchAction\",\"target\":{\"@type\":\"EntryPoint\",\"urlTemplate\":\"https:\/\/bluewaves.hr\/de\/?s={search_term_string}\"},\"query-input\":{\"@type\":\"PropertyValueSpecification\",\"valueRequired\":true,\"valueName\":\"search_term_string\"}}],\"inLanguage\":\"de-DE\"},{\"@type\":\"Organization\",\"@id\":\"https:\/\/bluewaves.hr\/de\/#organization\",\"name\":\"Blue Waves Resort\",\"url\":\"https:\/\/bluewaves.hr\/de\/\",\"logo\":{\"@type\":\"ImageObject\",\"inLanguage\":\"de-DE\",\"@id\":\"https:\/\/bluewaves.hr\/de\/#\/schema\/logo\/image\/\",\"url\":\"https:\/\/bluewaves.hr\/wp-content\/uploads\/sites\/100\/2024\/01\/Blue-waves-logo-zlatni.png\",\"contentUrl\":\"https:\/\/bluewaves.hr\/wp-content\/uploads\/sites\/100\/2024\/01\/Blue-waves-logo-zlatni.png\",\"width\":1168,\"height\":652,\"caption\":\"Blue Waves Resort\"},\"image\":{\"@id\":\"https:\/\/bluewaves.hr\/de\/#\/schema\/logo\/image\/\"}}]}<\/script>\n<!-- \/ Yoast SEO plugin. -->","yoast_head_json":{"title":"Schwimmb\u00e4der - Blue Waves Resort","robots":{"index":"index","follow":"follow","max-snippet":"max-snippet:-1","max-image-preview":"max-image-preview:large","max-video-preview":"max-video-preview:-1"},"canonical":"https:\/\/bluewaves.hr\/de\/dienstleistungen\/schwimmbaeder\/","og_locale":"de_DE","og_type":"article","og_title":"Schwimmb\u00e4der - Blue Waves Resort","og_description":"Einen Urlaub in der Sonne k\u00f6nnen Sie an zwei S\u00fc\u00dfwasserpools im Freien aufsuchen, die ein wahrhaftiges SPA-Erlebnis bieten. Die kostenlosen Liegest\u00fchle und Sonnenschirme neben Pools sorgen f\u00fcr Gem\u00fctlichkeit. Neben zwei Au\u00dfenpools gibt es im Rahmen unserer Gesundheits- und Entspannungszone auch einen kleinen Innenpool mit frischem Wasser.","og_url":"https:\/\/bluewaves.hr\/de\/dienstleistungen\/schwimmbaeder\/","og_site_name":"Blue Waves Resort","article_modified_time":"2021-07-23T12:31:17+00:00","twitter_card":"summary_large_image","schema":{"@context":"https:\/\/schema.org","@graph":[{"@type":"WebPage","@id":"https:\/\/bluewaves.hr\/de\/dienstleistungen\/schwimmbaeder\/","url":"https:\/\/bluewaves.hr\/de\/dienstleistungen\/schwimmbaeder\/","name":"Schwimmb\u00e4der - Blue Waves Resort","isPartOf":{"@id":"https:\/\/bluewaves.hr\/de\/#website"},"datePublished":"2019-12-16T13:55:55+00:00","dateModified":"2021-07-23T12:31:17+00:00","breadcrumb":{"@id":"https:\/\/bluewaves.hr\/de\/dienstleistungen\/schwimmbaeder\/#breadcrumb"},"inLanguage":"de-DE","potentialAction":[{"@type":"ReadAction","target":["https:\/\/bluewaves.hr\/de\/dienstleistungen\/schwimmbaeder\/"]}]},{"@type":"BreadcrumbList","@id":"https:\/\/bluewaves.hr\/de\/dienstleistungen\/schwimmbaeder\/#breadcrumb","itemListElement":[{"@type":"ListItem","position":1,"name":"Home","item":"https:\/\/bluewaves.hr\/de\/"},{"@type":"ListItem","position":2,"name":"Dienstleistungen","item":"https:\/\/bluewaves.hr\/de\/dienstleistungen\/"},{"@type":"ListItem","position":3,"name":"Schwimmb\u00e4der"}]},{"@type":"WebSite","@id":"https:\/\/bluewaves.hr\/de\/#website","url":"https:\/\/bluewaves.hr\/de\/","name":"Blue Waves Resort","description":"Just another ms.decms.eu site","publisher":{"@id":"https:\/\/bluewaves.hr\/de\/#organization"},"potentialAction":[{"@type":"SearchAction","target":{"@type":"EntryPoint","urlTemplate":"https:\/\/bluewaves.hr\/de\/?s={search_term_string}"},"query-input":{"@type":"PropertyValueSpecification","valueRequired":true,"valueName":"search_term_string"}}],"inLanguage":"de-DE"},{"@type":"Organization","@id":"https:\/\/bluewaves.hr\/de\/#organization","name":"Blue Waves Resort","url":"https:\/\/bluewaves.hr\/de\/","logo":{"@type":"ImageObject","inLanguage":"de-DE","@id":"https:\/\/bluewaves.hr\/de\/#\/schema\/logo\/image\/","url":"https:\/\/bluewaves.hr\/wp-content\/uploads\/sites\/100\/2024\/01\/Blue-waves-logo-zlatni.png","contentUrl":"https:\/\/bluewaves.hr\/wp-content\/uploads\/sites\/100\/2024\/01\/Blue-waves-logo-zlatni.png","width":1168,"height":652,"caption":"Blue Waves Resort"},"image":{"@id":"https:\/\/bluewaves.hr\/de\/#\/schema\/logo\/image\/"}}]}},"acf":[],"_links":{"self":[{"href":"https:\/\/bluewaves.hr\/de\/wp-json\/wp\/v2\/pages\/697","targetHints":{"allow":["GET"]}}],"collection":[{"href":"https:\/\/bluewaves.hr\/de\/wp-json\/wp\/v2\/pages"}],"about":[{"href":"https:\/\/bluewaves.hr\/de\/wp-json\/wp\/v2\/types\/page"}],"author":[{"embeddable":true,"href":"https:\/\/bluewaves.hr\/de\/wp-json\/wp\/v2\/users\/4"}],"replies":[{"embeddable":true,"href":"https:\/\/bluewaves.hr\/de\/wp-json\/wp\/v2\/comments?post=697"}],"version-history":[{"count":0,"href":"https:\/\/bluewaves.hr\/de\/wp-json\/wp\/v2\/pages\/697\/revisions"}],"up":[{"embeddable":true,"href":"https:\/\/bluewaves.hr\/de\/wp-json\/wp\/v2\/pages\/685"}],"wp:attachment":[{"href":"https:\/\/bluewaves.hr\/de\/wp-json\/wp\/v2\/media?parent=697"}],"curies":[{"name":"wp","href":"https:\/\/api.w.org\/{rel}","templated":true}]}}