{"id":707,"date":"2019-12-16T14:46:35","date_gmt":"2019-12-16T14:46:35","guid":{"rendered":"http:\/\/blue-waves-resort.ms.decms.eu\/?page_id=707"},"modified":"2019-12-16T14:46:35","modified_gmt":"2019-12-16T14:46:35","slug":"geschaeftsmeetings","status":"publish","type":"page","link":"https:\/\/bluewaves.hr\/de\/dienstleistungen\/geschaeftsmeetings\/","title":{"rendered":"Gesch\u00e4ftsmeetings"},"content":{"rendered":"<p>F\u00fcr Gesch\u00e4ftsleute steht ein moderner und funktionaler Saal f\u00fcr Seminare der Gr\u00f6\u00dfe <strong>72 m\u00b2<\/strong> bereit, der reichhaltig Tageslicht bietet und \u00fcber das notwendige technische Equipment verf\u00fcgt. Er eignet sich f\u00fcr <strong>bis zu 75 Personen<\/strong> und ist somit ideal f\u00fcr kleinere Pr\u00e4sentationen, Trainings und <strong>sonstige ruhigere Gesch\u00e4ftsveranstaltungen<\/strong>.<\/p>\n","protected":false},"excerpt":{"rendered":"<p>F\u00fcr Gesch\u00e4ftsleute steht ein moderner und funktionaler Saal f\u00fcr Seminare der Gr\u00f6\u00dfe 72 m\u00b2 bereit, der reichhaltig Tageslicht bietet und \u00fcber das notwendige technische Equipment verf\u00fcgt. Er eignet sich f\u00fcr bis zu 75 Personen und ist somit ideal f\u00fcr kleinere Pr\u00e4sentationen, Trainings und sonstige ruhigere Gesch\u00e4ftsveranstaltungen.<\/p>\n","protected":false},"author":4,"featured_media":0,"parent":685,"menu_order":4,"comment_status":"closed","ping_status":"closed","template":"","meta":{"footnotes":""},"class_list":["post-707","page","type-page","status-publish","hentry"],"yoast_head":"<!-- This site is optimized with the Yoast SEO plugin v26.9 - https:\/\/yoast.com\/product\/yoast-seo-wordpress\/ -->\n<title>Gesch\u00e4ftsmeetings - Blue Waves Resort<\/title>\n<meta name=\"robots\" content=\"index, follow, max-snippet:-1, max-image-preview:large, max-video-preview:-1\" \/>\n<link rel=\"canonical\" href=\"https:\/\/bluewaves.hr\/de\/dienstleistungen\/geschaeftsmeetings\/\" \/>\n<meta property=\"og:locale\" content=\"de_DE\" \/>\n<meta property=\"og:type\" content=\"article\" \/>\n<meta property=\"og:title\" content=\"Gesch\u00e4ftsmeetings - Blue Waves Resort\" \/>\n<meta property=\"og:description\" content=\"F\u00fcr Gesch\u00e4ftsleute steht ein moderner und funktionaler Saal f\u00fcr Seminare der Gr\u00f6\u00dfe 72 m\u00b2 bereit, der reichhaltig Tageslicht bietet und \u00fcber das notwendige technische Equipment verf\u00fcgt. Er eignet sich f\u00fcr bis zu 75 Personen und ist somit ideal f\u00fcr kleinere Pr\u00e4sentationen, Trainings und sonstige ruhigere Gesch\u00e4ftsveranstaltungen.\" \/>\n<meta property=\"og:url\" content=\"https:\/\/bluewaves.hr\/de\/dienstleistungen\/geschaeftsmeetings\/\" \/>\n<meta property=\"og:site_name\" content=\"Blue Waves Resort\" \/>\n<meta name=\"twitter:card\" content=\"summary_large_image\" \/>\n<script type=\"application\/ld+json\" class=\"yoast-schema-graph\">{\"@context\":\"https:\/\/schema.org\",\"@graph\":[{\"@type\":\"WebPage\",\"@id\":\"https:\/\/bluewaves.hr\/de\/dienstleistungen\/geschaeftsmeetings\/\",\"url\":\"https:\/\/bluewaves.hr\/de\/dienstleistungen\/geschaeftsmeetings\/\",\"name\":\"Gesch\u00e4ftsmeetings - Blue Waves Resort\",\"isPartOf\":{\"@id\":\"https:\/\/bluewaves.hr\/de\/#website\"},\"datePublished\":\"2019-12-16T14:46:35+00:00\",\"breadcrumb\":{\"@id\":\"https:\/\/bluewaves.hr\/de\/dienstleistungen\/geschaeftsmeetings\/#breadcrumb\"},\"inLanguage\":\"de-DE\",\"potentialAction\":[{\"@type\":\"ReadAction\",\"target\":[\"https:\/\/bluewaves.hr\/de\/dienstleistungen\/geschaeftsmeetings\/\"]}]},{\"@type\":\"BreadcrumbList\",\"@id\":\"https:\/\/bluewaves.hr\/de\/dienstleistungen\/geschaeftsmeetings\/#breadcrumb\",\"itemListElement\":[{\"@type\":\"ListItem\",\"position\":1,\"name\":\"Home\",\"item\":\"https:\/\/bluewaves.hr\/de\/\"},{\"@type\":\"ListItem\",\"position\":2,\"name\":\"Dienstleistungen\",\"item\":\"https:\/\/bluewaves.hr\/de\/dienstleistungen\/\"},{\"@type\":\"ListItem\",\"position\":3,\"name\":\"Gesch\u00e4ftsmeetings\"}]},{\"@type\":\"WebSite\",\"@id\":\"https:\/\/bluewaves.hr\/de\/#website\",\"url\":\"https:\/\/bluewaves.hr\/de\/\",\"name\":\"Blue Waves Resort\",\"description\":\"Just another ms.decms.eu site\",\"publisher\":{\"@id\":\"https:\/\/bluewaves.hr\/de\/#organization\"},\"potentialAction\":[{\"@type\":\"SearchAction\",\"target\":{\"@type\":\"EntryPoint\",\"urlTemplate\":\"https:\/\/bluewaves.hr\/de\/?s={search_term_string}\"},\"query-input\":{\"@type\":\"PropertyValueSpecification\",\"valueRequired\":true,\"valueName\":\"search_term_string\"}}],\"inLanguage\":\"de-DE\"},{\"@type\":\"Organization\",\"@id\":\"https:\/\/bluewaves.hr\/de\/#organization\",\"name\":\"Blue Waves Resort\",\"url\":\"https:\/\/bluewaves.hr\/de\/\",\"logo\":{\"@type\":\"ImageObject\",\"inLanguage\":\"de-DE\",\"@id\":\"https:\/\/bluewaves.hr\/de\/#\/schema\/logo\/image\/\",\"url\":\"https:\/\/bluewaves.hr\/wp-content\/uploads\/sites\/100\/2024\/01\/Blue-waves-logo-zlatni.png\",\"contentUrl\":\"https:\/\/bluewaves.hr\/wp-content\/uploads\/sites\/100\/2024\/01\/Blue-waves-logo-zlatni.png\",\"width\":1168,\"height\":652,\"caption\":\"Blue Waves Resort\"},\"image\":{\"@id\":\"https:\/\/bluewaves.hr\/de\/#\/schema\/logo\/image\/\"}}]}<\/script>\n<!-- \/ Yoast SEO plugin. -->","yoast_head_json":{"title":"Gesch\u00e4ftsmeetings - Blue Waves Resort","robots":{"index":"index","follow":"follow","max-snippet":"max-snippet:-1","max-image-preview":"max-image-preview:large","max-video-preview":"max-video-preview:-1"},"canonical":"https:\/\/bluewaves.hr\/de\/dienstleistungen\/geschaeftsmeetings\/","og_locale":"de_DE","og_type":"article","og_title":"Gesch\u00e4ftsmeetings - Blue Waves Resort","og_description":"F\u00fcr Gesch\u00e4ftsleute steht ein moderner und funktionaler Saal f\u00fcr Seminare der Gr\u00f6\u00dfe 72 m\u00b2 bereit, der reichhaltig Tageslicht bietet und \u00fcber das notwendige technische Equipment verf\u00fcgt. Er eignet sich f\u00fcr bis zu 75 Personen und ist somit ideal f\u00fcr kleinere Pr\u00e4sentationen, Trainings und sonstige ruhigere Gesch\u00e4ftsveranstaltungen.","og_url":"https:\/\/bluewaves.hr\/de\/dienstleistungen\/geschaeftsmeetings\/","og_site_name":"Blue Waves Resort","twitter_card":"summary_large_image","schema":{"@context":"https:\/\/schema.org","@graph":[{"@type":"WebPage","@id":"https:\/\/bluewaves.hr\/de\/dienstleistungen\/geschaeftsmeetings\/","url":"https:\/\/bluewaves.hr\/de\/dienstleistungen\/geschaeftsmeetings\/","name":"Gesch\u00e4ftsmeetings - Blue Waves Resort","isPartOf":{"@id":"https:\/\/bluewaves.hr\/de\/#website"},"datePublished":"2019-12-16T14:46:35+00:00","breadcrumb":{"@id":"https:\/\/bluewaves.hr\/de\/dienstleistungen\/geschaeftsmeetings\/#breadcrumb"},"inLanguage":"de-DE","potentialAction":[{"@type":"ReadAction","target":["https:\/\/bluewaves.hr\/de\/dienstleistungen\/geschaeftsmeetings\/"]}]},{"@type":"BreadcrumbList","@id":"https:\/\/bluewaves.hr\/de\/dienstleistungen\/geschaeftsmeetings\/#breadcrumb","itemListElement":[{"@type":"ListItem","position":1,"name":"Home","item":"https:\/\/bluewaves.hr\/de\/"},{"@type":"ListItem","position":2,"name":"Dienstleistungen","item":"https:\/\/bluewaves.hr\/de\/dienstleistungen\/"},{"@type":"ListItem","position":3,"name":"Gesch\u00e4ftsmeetings"}]},{"@type":"WebSite","@id":"https:\/\/bluewaves.hr\/de\/#website","url":"https:\/\/bluewaves.hr\/de\/","name":"Blue Waves Resort","description":"Just another ms.decms.eu site","publisher":{"@id":"https:\/\/bluewaves.hr\/de\/#organization"},"potentialAction":[{"@type":"SearchAction","target":{"@type":"EntryPoint","urlTemplate":"https:\/\/bluewaves.hr\/de\/?s={search_term_string}"},"query-input":{"@type":"PropertyValueSpecification","valueRequired":true,"valueName":"search_term_string"}}],"inLanguage":"de-DE"},{"@type":"Organization","@id":"https:\/\/bluewaves.hr\/de\/#organization","name":"Blue Waves Resort","url":"https:\/\/bluewaves.hr\/de\/","logo":{"@type":"ImageObject","inLanguage":"de-DE","@id":"https:\/\/bluewaves.hr\/de\/#\/schema\/logo\/image\/","url":"https:\/\/bluewaves.hr\/wp-content\/uploads\/sites\/100\/2024\/01\/Blue-waves-logo-zlatni.png","contentUrl":"https:\/\/bluewaves.hr\/wp-content\/uploads\/sites\/100\/2024\/01\/Blue-waves-logo-zlatni.png","width":1168,"height":652,"caption":"Blue Waves Resort"},"image":{"@id":"https:\/\/bluewaves.hr\/de\/#\/schema\/logo\/image\/"}}]}},"acf":[],"_links":{"self":[{"href":"https:\/\/bluewaves.hr\/de\/wp-json\/wp\/v2\/pages\/707","targetHints":{"allow":["GET"]}}],"collection":[{"href":"https:\/\/bluewaves.hr\/de\/wp-json\/wp\/v2\/pages"}],"about":[{"href":"https:\/\/bluewaves.hr\/de\/wp-json\/wp\/v2\/types\/page"}],"author":[{"embeddable":true,"href":"https:\/\/bluewaves.hr\/de\/wp-json\/wp\/v2\/users\/4"}],"replies":[{"embeddable":true,"href":"https:\/\/bluewaves.hr\/de\/wp-json\/wp\/v2\/comments?post=707"}],"version-history":[{"count":0,"href":"https:\/\/bluewaves.hr\/de\/wp-json\/wp\/v2\/pages\/707\/revisions"}],"up":[{"embeddable":true,"href":"https:\/\/bluewaves.hr\/de\/wp-json\/wp\/v2\/pages\/685"}],"wp:attachment":[{"href":"https:\/\/bluewaves.hr\/de\/wp-json\/wp\/v2\/media?parent=707"}],"curies":[{"name":"wp","href":"https:\/\/api.w.org\/{rel}","templated":true}]}}