{"id":713,"date":"2019-12-16T14:52:19","date_gmt":"2019-12-16T14:52:19","guid":{"rendered":"http:\/\/blue-waves-resort.ms.decms.eu\/?page_id=713"},"modified":"2019-12-16T14:52:19","modified_gmt":"2019-12-16T14:52:19","slug":"restaurants-bars","status":"publish","type":"page","link":"https:\/\/bluewaves.hr\/de\/restaurants-bars\/","title":{"rendered":"Restaurants &#038; Bars"},"content":{"rendered":"<p>Genie\u00dfen Sie die Spezialit\u00e4ten in unserem Restaurant auf zwei Etagen. <strong>Kosten Sie die sorgsam ausgew\u00e4hlten Speisen Kroatiens und die internationale K\u00fcche mit Meerblick<\/strong> oder in einer ruhigen Ecke auf der Restaurantterrasse. Wir servieren die Speisen t\u00e4glich auf einem B\u00fcffettisch mit einer gro\u00dfen Auswahl an frischen Salaten und fantasievoll zubereiteten Desserts. Unsere drei Bars erm\u00f6glichen zus\u00e4tzlichen Spa\u00df, egal ob Sie lieber am Pool entspannen, am Strand liegen oder eine ruhige Ecke an der Hotelrezeption bevorzugen.<\/p>\n","protected":false},"excerpt":{"rendered":"<p>Genie\u00dfen Sie die Spezialit\u00e4ten in unserem Restaurant auf zwei Etagen. Kosten Sie die sorgsam ausgew\u00e4hlten Speisen Kroatiens und die internationale K\u00fcche mit Meerblick oder in einer ruhigen Ecke auf der Restaurantterrasse. Wir servieren die Speisen t\u00e4glich auf einem B\u00fcffettisch mit einer gro\u00dfen Auswahl an frischen Salaten und fantasievoll zubereiteten Desserts. Unsere drei Bars erm\u00f6glichen zus\u00e4tzlichen [&hellip;]<\/p>\n","protected":false},"author":4,"featured_media":0,"parent":0,"menu_order":50,"comment_status":"closed","ping_status":"closed","template":"template-restaurants.php","meta":{"footnotes":""},"class_list":["post-713","page","type-page","status-publish","hentry"],"yoast_head":"<!-- This site is optimized with the Yoast SEO plugin v26.9 - https:\/\/yoast.com\/product\/yoast-seo-wordpress\/ -->\n<title>Restaurants &amp; Bars - Blue Waves Resort<\/title>\n<meta name=\"robots\" content=\"index, follow, max-snippet:-1, max-image-preview:large, max-video-preview:-1\" \/>\n<link rel=\"canonical\" href=\"https:\/\/bluewaves.hr\/de\/restaurants-bars\/\" \/>\n<meta property=\"og:locale\" content=\"de_DE\" \/>\n<meta property=\"og:type\" content=\"article\" \/>\n<meta property=\"og:title\" content=\"Restaurants &amp; Bars - Blue Waves Resort\" \/>\n<meta property=\"og:description\" content=\"Genie\u00dfen Sie die Spezialit\u00e4ten in unserem Restaurant auf zwei Etagen. Kosten Sie die sorgsam ausgew\u00e4hlten Speisen Kroatiens und die internationale K\u00fcche mit Meerblick oder in einer ruhigen Ecke auf der Restaurantterrasse. Wir servieren die Speisen t\u00e4glich auf einem B\u00fcffettisch mit einer gro\u00dfen Auswahl an frischen Salaten und fantasievoll zubereiteten Desserts. Unsere drei Bars erm\u00f6glichen zus\u00e4tzlichen [&hellip;]\" \/>\n<meta property=\"og:url\" content=\"https:\/\/bluewaves.hr\/de\/restaurants-bars\/\" \/>\n<meta property=\"og:site_name\" content=\"Blue Waves Resort\" \/>\n<meta name=\"twitter:card\" content=\"summary_large_image\" \/>\n<script type=\"application\/ld+json\" class=\"yoast-schema-graph\">{\"@context\":\"https:\/\/schema.org\",\"@graph\":[{\"@type\":\"WebPage\",\"@id\":\"https:\/\/bluewaves.hr\/de\/restaurants-bars\/\",\"url\":\"https:\/\/bluewaves.hr\/de\/restaurants-bars\/\",\"name\":\"Restaurants & Bars - Blue Waves Resort\",\"isPartOf\":{\"@id\":\"https:\/\/bluewaves.hr\/de\/#website\"},\"datePublished\":\"2019-12-16T14:52:19+00:00\",\"breadcrumb\":{\"@id\":\"https:\/\/bluewaves.hr\/de\/restaurants-bars\/#breadcrumb\"},\"inLanguage\":\"de-DE\",\"potentialAction\":[{\"@type\":\"ReadAction\",\"target\":[\"https:\/\/bluewaves.hr\/de\/restaurants-bars\/\"]}]},{\"@type\":\"BreadcrumbList\",\"@id\":\"https:\/\/bluewaves.hr\/de\/restaurants-bars\/#breadcrumb\",\"itemListElement\":[{\"@type\":\"ListItem\",\"position\":1,\"name\":\"Home\",\"item\":\"https:\/\/bluewaves.hr\/de\/\"},{\"@type\":\"ListItem\",\"position\":2,\"name\":\"Restaurants &#038; Bars\"}]},{\"@type\":\"WebSite\",\"@id\":\"https:\/\/bluewaves.hr\/de\/#website\",\"url\":\"https:\/\/bluewaves.hr\/de\/\",\"name\":\"Blue Waves Resort\",\"description\":\"Just another ms.decms.eu site\",\"publisher\":{\"@id\":\"https:\/\/bluewaves.hr\/de\/#organization\"},\"potentialAction\":[{\"@type\":\"SearchAction\",\"target\":{\"@type\":\"EntryPoint\",\"urlTemplate\":\"https:\/\/bluewaves.hr\/de\/?s={search_term_string}\"},\"query-input\":{\"@type\":\"PropertyValueSpecification\",\"valueRequired\":true,\"valueName\":\"search_term_string\"}}],\"inLanguage\":\"de-DE\"},{\"@type\":\"Organization\",\"@id\":\"https:\/\/bluewaves.hr\/de\/#organization\",\"name\":\"Blue Waves Resort\",\"url\":\"https:\/\/bluewaves.hr\/de\/\",\"logo\":{\"@type\":\"ImageObject\",\"inLanguage\":\"de-DE\",\"@id\":\"https:\/\/bluewaves.hr\/de\/#\/schema\/logo\/image\/\",\"url\":\"https:\/\/bluewaves.hr\/wp-content\/uploads\/sites\/100\/2024\/01\/Blue-waves-logo-zlatni.png\",\"contentUrl\":\"https:\/\/bluewaves.hr\/wp-content\/uploads\/sites\/100\/2024\/01\/Blue-waves-logo-zlatni.png\",\"width\":1168,\"height\":652,\"caption\":\"Blue Waves Resort\"},\"image\":{\"@id\":\"https:\/\/bluewaves.hr\/de\/#\/schema\/logo\/image\/\"}}]}<\/script>\n<!-- \/ Yoast SEO plugin. -->","yoast_head_json":{"title":"Restaurants & Bars - Blue Waves Resort","robots":{"index":"index","follow":"follow","max-snippet":"max-snippet:-1","max-image-preview":"max-image-preview:large","max-video-preview":"max-video-preview:-1"},"canonical":"https:\/\/bluewaves.hr\/de\/restaurants-bars\/","og_locale":"de_DE","og_type":"article","og_title":"Restaurants & Bars - Blue Waves Resort","og_description":"Genie\u00dfen Sie die Spezialit\u00e4ten in unserem Restaurant auf zwei Etagen. Kosten Sie die sorgsam ausgew\u00e4hlten Speisen Kroatiens und die internationale K\u00fcche mit Meerblick oder in einer ruhigen Ecke auf der Restaurantterrasse. Wir servieren die Speisen t\u00e4glich auf einem B\u00fcffettisch mit einer gro\u00dfen Auswahl an frischen Salaten und fantasievoll zubereiteten Desserts. Unsere drei Bars erm\u00f6glichen zus\u00e4tzlichen [&hellip;]","og_url":"https:\/\/bluewaves.hr\/de\/restaurants-bars\/","og_site_name":"Blue Waves Resort","twitter_card":"summary_large_image","schema":{"@context":"https:\/\/schema.org","@graph":[{"@type":"WebPage","@id":"https:\/\/bluewaves.hr\/de\/restaurants-bars\/","url":"https:\/\/bluewaves.hr\/de\/restaurants-bars\/","name":"Restaurants & Bars - Blue Waves Resort","isPartOf":{"@id":"https:\/\/bluewaves.hr\/de\/#website"},"datePublished":"2019-12-16T14:52:19+00:00","breadcrumb":{"@id":"https:\/\/bluewaves.hr\/de\/restaurants-bars\/#breadcrumb"},"inLanguage":"de-DE","potentialAction":[{"@type":"ReadAction","target":["https:\/\/bluewaves.hr\/de\/restaurants-bars\/"]}]},{"@type":"BreadcrumbList","@id":"https:\/\/bluewaves.hr\/de\/restaurants-bars\/#breadcrumb","itemListElement":[{"@type":"ListItem","position":1,"name":"Home","item":"https:\/\/bluewaves.hr\/de\/"},{"@type":"ListItem","position":2,"name":"Restaurants &#038; Bars"}]},{"@type":"WebSite","@id":"https:\/\/bluewaves.hr\/de\/#website","url":"https:\/\/bluewaves.hr\/de\/","name":"Blue Waves Resort","description":"Just another ms.decms.eu site","publisher":{"@id":"https:\/\/bluewaves.hr\/de\/#organization"},"potentialAction":[{"@type":"SearchAction","target":{"@type":"EntryPoint","urlTemplate":"https:\/\/bluewaves.hr\/de\/?s={search_term_string}"},"query-input":{"@type":"PropertyValueSpecification","valueRequired":true,"valueName":"search_term_string"}}],"inLanguage":"de-DE"},{"@type":"Organization","@id":"https:\/\/bluewaves.hr\/de\/#organization","name":"Blue Waves Resort","url":"https:\/\/bluewaves.hr\/de\/","logo":{"@type":"ImageObject","inLanguage":"de-DE","@id":"https:\/\/bluewaves.hr\/de\/#\/schema\/logo\/image\/","url":"https:\/\/bluewaves.hr\/wp-content\/uploads\/sites\/100\/2024\/01\/Blue-waves-logo-zlatni.png","contentUrl":"https:\/\/bluewaves.hr\/wp-content\/uploads\/sites\/100\/2024\/01\/Blue-waves-logo-zlatni.png","width":1168,"height":652,"caption":"Blue Waves Resort"},"image":{"@id":"https:\/\/bluewaves.hr\/de\/#\/schema\/logo\/image\/"}}]}},"acf":[],"_links":{"self":[{"href":"https:\/\/bluewaves.hr\/de\/wp-json\/wp\/v2\/pages\/713","targetHints":{"allow":["GET"]}}],"collection":[{"href":"https:\/\/bluewaves.hr\/de\/wp-json\/wp\/v2\/pages"}],"about":[{"href":"https:\/\/bluewaves.hr\/de\/wp-json\/wp\/v2\/types\/page"}],"author":[{"embeddable":true,"href":"https:\/\/bluewaves.hr\/de\/wp-json\/wp\/v2\/users\/4"}],"replies":[{"embeddable":true,"href":"https:\/\/bluewaves.hr\/de\/wp-json\/wp\/v2\/comments?post=713"}],"version-history":[{"count":0,"href":"https:\/\/bluewaves.hr\/de\/wp-json\/wp\/v2\/pages\/713\/revisions"}],"wp:attachment":[{"href":"https:\/\/bluewaves.hr\/de\/wp-json\/wp\/v2\/media?parent=713"}],"curies":[{"name":"wp","href":"https:\/\/api.w.org\/{rel}","templated":true}]}}