{"id":717,"date":"2019-12-16T15:30:09","date_gmt":"2019-12-16T15:30:09","guid":{"rendered":"http:\/\/blue-waves-resort.ms.decms.eu\/?page_id=717"},"modified":"2023-11-07T08:50:48","modified_gmt":"2023-11-07T08:50:48","slug":"hotelrestaurant-buffet","status":"publish","type":"page","link":"https:\/\/bluewaves.hr\/de\/restaurants-bars\/hotelrestaurant-buffet\/","title":{"rendered":"Restaurantb\u00fcffet"},"content":{"rendered":"<p>Beginnen Sie Ihren Tag mit einem Fr\u00fchst\u00fcck im Hotelrestaurant. W\u00e4hlen Sie aus frischem Geb\u00e4ck, M\u00fcsli mit Milch oder Joghurt, hei\u00dfem Kaffee oder Tee, Fruchts\u00e4ften, warmen B\u00fcffet mit Eiern, Schinken, Salami und K\u00e4se. Das Restaurantb\u00fcffet ist f\u00fcr das Fr\u00fchst\u00fcck sowie das Abendessen ge\u00f6ffnet. Genie\u00dfen Sie in der gro\u00dfen Auswahl an Fleisch- und Fischgerichten, Beilagen, kalten und warmen Vorspeisen, Salaten und Desserts. Die Getr\u00e4nke beim Abendessen sind nicht inbegriffen. Das Restaurantb\u00fcffet befindet sich neben dem Strand und bietet einen direkten Blick aufs Meer und die ger\u00e4umige Terrasse.<\/p>\n<p>&nbsp;<\/p>\n","protected":false},"excerpt":{"rendered":"<p>Beginnen Sie Ihren Tag mit einem Fr\u00fchst\u00fcck im Hotelrestaurant. W\u00e4hlen Sie aus frischem Geb\u00e4ck, M\u00fcsli mit Milch oder Joghurt, hei\u00dfem Kaffee oder Tee, Fruchts\u00e4ften, warmen B\u00fcffet mit Eiern, Schinken, Salami und K\u00e4se. Das Restaurantb\u00fcffet ist f\u00fcr das Fr\u00fchst\u00fcck sowie das Abendessen ge\u00f6ffnet. Genie\u00dfen Sie in der gro\u00dfen Auswahl an Fleisch- und Fischgerichten, Beilagen, kalten und [&hellip;]<\/p>\n","protected":false},"author":4,"featured_media":346,"parent":713,"menu_order":1,"comment_status":"closed","ping_status":"closed","template":"template-sigle-restaurant.php","meta":{"footnotes":""},"class_list":["post-717","page","type-page","status-publish","has-post-thumbnail","hentry"],"yoast_head":"<!-- This site is optimized with the Yoast SEO plugin v26.9 - https:\/\/yoast.com\/product\/yoast-seo-wordpress\/ -->\n<title>Restaurantb\u00fcffet - Blue Waves Resort<\/title>\n<meta name=\"description\" content=\"Beginnen Sie Ihren Tag mit einem Fr\u00fchst\u00fcck im Hotelrestaurant. Das Restaurantb\u00fcffet ist f\u00fcr das Fr\u00fchst\u00fcck sowie das Abendessen ge\u00f6ffnet.\" \/>\n<meta name=\"robots\" content=\"index, follow, max-snippet:-1, max-image-preview:large, max-video-preview:-1\" \/>\n<link rel=\"canonical\" href=\"https:\/\/bluewaves.hr\/de\/restaurants-bars\/hotelrestaurant-buffet\/\" \/>\n<meta property=\"og:locale\" content=\"de_DE\" \/>\n<meta property=\"og:type\" content=\"article\" \/>\n<meta property=\"og:title\" content=\"Restaurantb\u00fcffet - Blue Waves Resort\" \/>\n<meta property=\"og:description\" content=\"Beginnen Sie Ihren Tag mit einem Fr\u00fchst\u00fcck im Hotelrestaurant. Das Restaurantb\u00fcffet ist f\u00fcr das Fr\u00fchst\u00fcck sowie das Abendessen ge\u00f6ffnet.\" \/>\n<meta property=\"og:url\" content=\"https:\/\/bluewaves.hr\/de\/restaurants-bars\/hotelrestaurant-buffet\/\" \/>\n<meta property=\"og:site_name\" content=\"Blue Waves Resort\" \/>\n<meta property=\"article:modified_time\" content=\"2023-11-07T08:50:48+00:00\" \/>\n<meta property=\"og:image\" content=\"https:\/\/bluewaves.hr\/wp-content\/uploads\/sites\/100\/2019\/12\/BWR_gallery_01-1.jpg\" \/>\n\t<meta property=\"og:image:width\" content=\"2200\" \/>\n\t<meta property=\"og:image:height\" content=\"1200\" \/>\n\t<meta property=\"og:image:type\" content=\"image\/jpeg\" \/>\n<meta name=\"twitter:card\" content=\"summary_large_image\" \/>\n<meta name=\"twitter:label1\" content=\"Gesch\u00e4tzte Lesezeit\" \/>\n\t<meta name=\"twitter:data1\" content=\"1 Minute\" \/>\n<script type=\"application\/ld+json\" class=\"yoast-schema-graph\">{\"@context\":\"https:\/\/schema.org\",\"@graph\":[{\"@type\":\"WebPage\",\"@id\":\"https:\/\/bluewaves.hr\/de\/restaurants-bars\/hotelrestaurant-buffet\/\",\"url\":\"https:\/\/bluewaves.hr\/de\/restaurants-bars\/hotelrestaurant-buffet\/\",\"name\":\"Restaurantb\u00fcffet - Blue Waves Resort\",\"isPartOf\":{\"@id\":\"https:\/\/bluewaves.hr\/de\/#website\"},\"primaryImageOfPage\":{\"@id\":\"https:\/\/bluewaves.hr\/de\/restaurants-bars\/hotelrestaurant-buffet\/#primaryimage\"},\"image\":{\"@id\":\"https:\/\/bluewaves.hr\/de\/restaurants-bars\/hotelrestaurant-buffet\/#primaryimage\"},\"thumbnailUrl\":\"https:\/\/bluewaves.hr\/wp-content\/uploads\/sites\/100\/2019\/12\/BWR_gallery_01-1.jpg\",\"datePublished\":\"2019-12-16T15:30:09+00:00\",\"dateModified\":\"2023-11-07T08:50:48+00:00\",\"description\":\"Beginnen Sie Ihren Tag mit einem Fr\u00fchst\u00fcck im Hotelrestaurant. Das Restaurantb\u00fcffet ist f\u00fcr das Fr\u00fchst\u00fcck sowie das Abendessen ge\u00f6ffnet.\",\"breadcrumb\":{\"@id\":\"https:\/\/bluewaves.hr\/de\/restaurants-bars\/hotelrestaurant-buffet\/#breadcrumb\"},\"inLanguage\":\"de-DE\",\"potentialAction\":[{\"@type\":\"ReadAction\",\"target\":[\"https:\/\/bluewaves.hr\/de\/restaurants-bars\/hotelrestaurant-buffet\/\"]}]},{\"@type\":\"ImageObject\",\"inLanguage\":\"de-DE\",\"@id\":\"https:\/\/bluewaves.hr\/de\/restaurants-bars\/hotelrestaurant-buffet\/#primaryimage\",\"url\":\"https:\/\/bluewaves.hr\/wp-content\/uploads\/sites\/100\/2019\/12\/BWR_gallery_01-1.jpg\",\"contentUrl\":\"https:\/\/bluewaves.hr\/wp-content\/uploads\/sites\/100\/2019\/12\/BWR_gallery_01-1.jpg\",\"width\":2200,\"height\":1200},{\"@type\":\"BreadcrumbList\",\"@id\":\"https:\/\/bluewaves.hr\/de\/restaurants-bars\/hotelrestaurant-buffet\/#breadcrumb\",\"itemListElement\":[{\"@type\":\"ListItem\",\"position\":1,\"name\":\"Home\",\"item\":\"https:\/\/bluewaves.hr\/de\/\"},{\"@type\":\"ListItem\",\"position\":2,\"name\":\"Restaurants &#038; Bars\",\"item\":\"https:\/\/bluewaves.hr\/de\/restaurants-bars\/\"},{\"@type\":\"ListItem\",\"position\":3,\"name\":\"Restaurantb\u00fcffet\"}]},{\"@type\":\"WebSite\",\"@id\":\"https:\/\/bluewaves.hr\/de\/#website\",\"url\":\"https:\/\/bluewaves.hr\/de\/\",\"name\":\"Blue Waves Resort\",\"description\":\"Just another ms.decms.eu site\",\"publisher\":{\"@id\":\"https:\/\/bluewaves.hr\/de\/#organization\"},\"potentialAction\":[{\"@type\":\"SearchAction\",\"target\":{\"@type\":\"EntryPoint\",\"urlTemplate\":\"https:\/\/bluewaves.hr\/de\/?s={search_term_string}\"},\"query-input\":{\"@type\":\"PropertyValueSpecification\",\"valueRequired\":true,\"valueName\":\"search_term_string\"}}],\"inLanguage\":\"de-DE\"},{\"@type\":\"Organization\",\"@id\":\"https:\/\/bluewaves.hr\/de\/#organization\",\"name\":\"Blue Waves Resort\",\"url\":\"https:\/\/bluewaves.hr\/de\/\",\"logo\":{\"@type\":\"ImageObject\",\"inLanguage\":\"de-DE\",\"@id\":\"https:\/\/bluewaves.hr\/de\/#\/schema\/logo\/image\/\",\"url\":\"https:\/\/bluewaves.hr\/wp-content\/uploads\/sites\/100\/2024\/01\/Blue-waves-logo-zlatni.png\",\"contentUrl\":\"https:\/\/bluewaves.hr\/wp-content\/uploads\/sites\/100\/2024\/01\/Blue-waves-logo-zlatni.png\",\"width\":1168,\"height\":652,\"caption\":\"Blue Waves Resort\"},\"image\":{\"@id\":\"https:\/\/bluewaves.hr\/de\/#\/schema\/logo\/image\/\"}}]}<\/script>\n<!-- \/ Yoast SEO plugin. -->","yoast_head_json":{"title":"Restaurantb\u00fcffet - Blue Waves Resort","description":"Beginnen Sie Ihren Tag mit einem Fr\u00fchst\u00fcck im Hotelrestaurant. Das Restaurantb\u00fcffet ist f\u00fcr das Fr\u00fchst\u00fcck sowie das Abendessen ge\u00f6ffnet.","robots":{"index":"index","follow":"follow","max-snippet":"max-snippet:-1","max-image-preview":"max-image-preview:large","max-video-preview":"max-video-preview:-1"},"canonical":"https:\/\/bluewaves.hr\/de\/restaurants-bars\/hotelrestaurant-buffet\/","og_locale":"de_DE","og_type":"article","og_title":"Restaurantb\u00fcffet - Blue Waves Resort","og_description":"Beginnen Sie Ihren Tag mit einem Fr\u00fchst\u00fcck im Hotelrestaurant. Das Restaurantb\u00fcffet ist f\u00fcr das Fr\u00fchst\u00fcck sowie das Abendessen ge\u00f6ffnet.","og_url":"https:\/\/bluewaves.hr\/de\/restaurants-bars\/hotelrestaurant-buffet\/","og_site_name":"Blue Waves Resort","article_modified_time":"2023-11-07T08:50:48+00:00","og_image":[{"width":2200,"height":1200,"url":"https:\/\/bluewaves.hr\/wp-content\/uploads\/sites\/100\/2019\/12\/BWR_gallery_01-1.jpg","type":"image\/jpeg"}],"twitter_card":"summary_large_image","twitter_misc":{"Gesch\u00e4tzte Lesezeit":"1 Minute"},"schema":{"@context":"https:\/\/schema.org","@graph":[{"@type":"WebPage","@id":"https:\/\/bluewaves.hr\/de\/restaurants-bars\/hotelrestaurant-buffet\/","url":"https:\/\/bluewaves.hr\/de\/restaurants-bars\/hotelrestaurant-buffet\/","name":"Restaurantb\u00fcffet - Blue Waves Resort","isPartOf":{"@id":"https:\/\/bluewaves.hr\/de\/#website"},"primaryImageOfPage":{"@id":"https:\/\/bluewaves.hr\/de\/restaurants-bars\/hotelrestaurant-buffet\/#primaryimage"},"image":{"@id":"https:\/\/bluewaves.hr\/de\/restaurants-bars\/hotelrestaurant-buffet\/#primaryimage"},"thumbnailUrl":"https:\/\/bluewaves.hr\/wp-content\/uploads\/sites\/100\/2019\/12\/BWR_gallery_01-1.jpg","datePublished":"2019-12-16T15:30:09+00:00","dateModified":"2023-11-07T08:50:48+00:00","description":"Beginnen Sie Ihren Tag mit einem Fr\u00fchst\u00fcck im Hotelrestaurant. Das Restaurantb\u00fcffet ist f\u00fcr das Fr\u00fchst\u00fcck sowie das Abendessen ge\u00f6ffnet.","breadcrumb":{"@id":"https:\/\/bluewaves.hr\/de\/restaurants-bars\/hotelrestaurant-buffet\/#breadcrumb"},"inLanguage":"de-DE","potentialAction":[{"@type":"ReadAction","target":["https:\/\/bluewaves.hr\/de\/restaurants-bars\/hotelrestaurant-buffet\/"]}]},{"@type":"ImageObject","inLanguage":"de-DE","@id":"https:\/\/bluewaves.hr\/de\/restaurants-bars\/hotelrestaurant-buffet\/#primaryimage","url":"https:\/\/bluewaves.hr\/wp-content\/uploads\/sites\/100\/2019\/12\/BWR_gallery_01-1.jpg","contentUrl":"https:\/\/bluewaves.hr\/wp-content\/uploads\/sites\/100\/2019\/12\/BWR_gallery_01-1.jpg","width":2200,"height":1200},{"@type":"BreadcrumbList","@id":"https:\/\/bluewaves.hr\/de\/restaurants-bars\/hotelrestaurant-buffet\/#breadcrumb","itemListElement":[{"@type":"ListItem","position":1,"name":"Home","item":"https:\/\/bluewaves.hr\/de\/"},{"@type":"ListItem","position":2,"name":"Restaurants &#038; Bars","item":"https:\/\/bluewaves.hr\/de\/restaurants-bars\/"},{"@type":"ListItem","position":3,"name":"Restaurantb\u00fcffet"}]},{"@type":"WebSite","@id":"https:\/\/bluewaves.hr\/de\/#website","url":"https:\/\/bluewaves.hr\/de\/","name":"Blue Waves Resort","description":"Just another ms.decms.eu site","publisher":{"@id":"https:\/\/bluewaves.hr\/de\/#organization"},"potentialAction":[{"@type":"SearchAction","target":{"@type":"EntryPoint","urlTemplate":"https:\/\/bluewaves.hr\/de\/?s={search_term_string}"},"query-input":{"@type":"PropertyValueSpecification","valueRequired":true,"valueName":"search_term_string"}}],"inLanguage":"de-DE"},{"@type":"Organization","@id":"https:\/\/bluewaves.hr\/de\/#organization","name":"Blue Waves Resort","url":"https:\/\/bluewaves.hr\/de\/","logo":{"@type":"ImageObject","inLanguage":"de-DE","@id":"https:\/\/bluewaves.hr\/de\/#\/schema\/logo\/image\/","url":"https:\/\/bluewaves.hr\/wp-content\/uploads\/sites\/100\/2024\/01\/Blue-waves-logo-zlatni.png","contentUrl":"https:\/\/bluewaves.hr\/wp-content\/uploads\/sites\/100\/2024\/01\/Blue-waves-logo-zlatni.png","width":1168,"height":652,"caption":"Blue Waves Resort"},"image":{"@id":"https:\/\/bluewaves.hr\/de\/#\/schema\/logo\/image\/"}}]}},"acf":[],"_links":{"self":[{"href":"https:\/\/bluewaves.hr\/de\/wp-json\/wp\/v2\/pages\/717","targetHints":{"allow":["GET"]}}],"collection":[{"href":"https:\/\/bluewaves.hr\/de\/wp-json\/wp\/v2\/pages"}],"about":[{"href":"https:\/\/bluewaves.hr\/de\/wp-json\/wp\/v2\/types\/page"}],"author":[{"embeddable":true,"href":"https:\/\/bluewaves.hr\/de\/wp-json\/wp\/v2\/users\/4"}],"replies":[{"embeddable":true,"href":"https:\/\/bluewaves.hr\/de\/wp-json\/wp\/v2\/comments?post=717"}],"version-history":[{"count":0,"href":"https:\/\/bluewaves.hr\/de\/wp-json\/wp\/v2\/pages\/717\/revisions"}],"up":[{"embeddable":true,"href":"https:\/\/bluewaves.hr\/de\/wp-json\/wp\/v2\/pages\/713"}],"wp:featuredmedia":[{"embeddable":true,"href":"https:\/\/bluewaves.hr\/de\/wp-json\/wp\/v2\/media\/346"}],"wp:attachment":[{"href":"https:\/\/bluewaves.hr\/de\/wp-json\/wp\/v2\/media?parent=717"}],"curies":[{"name":"wp","href":"https:\/\/api.w.org\/{rel}","templated":true}]}}