{"id":743,"date":"2019-12-16T16:05:51","date_gmt":"2019-12-16T16:05:51","guid":{"rendered":"http:\/\/blue-waves-resort.ms.decms.eu\/?page_id=743"},"modified":"2019-12-16T16:05:51","modified_gmt":"2019-12-16T16:05:51","slug":"lobby-bar","status":"publish","type":"page","link":"https:\/\/bluewaves.hr\/de\/restaurants-bars\/lobby-bar\/","title":{"rendered":"Lobby bar"},"content":{"rendered":"<p>Schutz vor der Sommerhitze, finden Sie in den bequemen Sesseln, die sich in den <strong>ruhigen R\u00e4umen der Lobby Bar<\/strong>, neben der Hotelrezeption, befinden. Dies ist der Lieblingsort, an welchen sich unsere G\u00e4ste gerne, vor dem Beginn gemeinsamer Aktivit\u00e4ten, treffen. Die Lobby Bar bietet auch eine ger\u00e4umige und \u00fcberdachte Terrasse.<\/p>\n","protected":false},"excerpt":{"rendered":"<p>Schutz vor der Sommerhitze, finden Sie in den bequemen Sesseln, die sich in den ruhigen R\u00e4umen der Lobby Bar, neben der Hotelrezeption, befinden. Dies ist der Lieblingsort, an welchen sich unsere G\u00e4ste gerne, vor dem Beginn gemeinsamer Aktivit\u00e4ten, treffen. Die Lobby Bar bietet auch eine ger\u00e4umige und \u00fcberdachte Terrasse.<\/p>\n","protected":false},"author":4,"featured_media":0,"parent":713,"menu_order":5,"comment_status":"closed","ping_status":"closed","template":"template-sigle-restaurant.php","meta":{"footnotes":""},"class_list":["post-743","page","type-page","status-publish","hentry"],"yoast_head":"<!-- This site is optimized with the Yoast SEO plugin v26.9 - https:\/\/yoast.com\/product\/yoast-seo-wordpress\/ -->\n<title>Lobby bar - Blue Waves Resort<\/title>\n<meta name=\"robots\" content=\"index, follow, max-snippet:-1, max-image-preview:large, max-video-preview:-1\" \/>\n<link rel=\"canonical\" href=\"https:\/\/bluewaves.hr\/de\/restaurants-bars\/lobby-bar\/\" \/>\n<meta property=\"og:locale\" content=\"de_DE\" \/>\n<meta property=\"og:type\" content=\"article\" \/>\n<meta property=\"og:title\" content=\"Lobby bar - Blue Waves Resort\" \/>\n<meta property=\"og:description\" content=\"Schutz vor der Sommerhitze, finden Sie in den bequemen Sesseln, die sich in den ruhigen R\u00e4umen der Lobby Bar, neben der Hotelrezeption, befinden. Dies ist der Lieblingsort, an welchen sich unsere G\u00e4ste gerne, vor dem Beginn gemeinsamer Aktivit\u00e4ten, treffen. Die Lobby Bar bietet auch eine ger\u00e4umige und \u00fcberdachte Terrasse.\" \/>\n<meta property=\"og:url\" content=\"https:\/\/bluewaves.hr\/de\/restaurants-bars\/lobby-bar\/\" \/>\n<meta property=\"og:site_name\" content=\"Blue Waves Resort\" \/>\n<meta name=\"twitter:card\" content=\"summary_large_image\" \/>\n<script type=\"application\/ld+json\" class=\"yoast-schema-graph\">{\"@context\":\"https:\/\/schema.org\",\"@graph\":[{\"@type\":\"WebPage\",\"@id\":\"https:\/\/bluewaves.hr\/de\/restaurants-bars\/lobby-bar\/\",\"url\":\"https:\/\/bluewaves.hr\/de\/restaurants-bars\/lobby-bar\/\",\"name\":\"Lobby bar - Blue Waves Resort\",\"isPartOf\":{\"@id\":\"https:\/\/bluewaves.hr\/de\/#website\"},\"datePublished\":\"2019-12-16T16:05:51+00:00\",\"breadcrumb\":{\"@id\":\"https:\/\/bluewaves.hr\/de\/restaurants-bars\/lobby-bar\/#breadcrumb\"},\"inLanguage\":\"de-DE\",\"potentialAction\":[{\"@type\":\"ReadAction\",\"target\":[\"https:\/\/bluewaves.hr\/de\/restaurants-bars\/lobby-bar\/\"]}]},{\"@type\":\"BreadcrumbList\",\"@id\":\"https:\/\/bluewaves.hr\/de\/restaurants-bars\/lobby-bar\/#breadcrumb\",\"itemListElement\":[{\"@type\":\"ListItem\",\"position\":1,\"name\":\"Home\",\"item\":\"https:\/\/bluewaves.hr\/de\/\"},{\"@type\":\"ListItem\",\"position\":2,\"name\":\"Restaurants &#038; Bars\",\"item\":\"https:\/\/bluewaves.hr\/de\/restaurants-bars\/\"},{\"@type\":\"ListItem\",\"position\":3,\"name\":\"Lobby bar\"}]},{\"@type\":\"WebSite\",\"@id\":\"https:\/\/bluewaves.hr\/de\/#website\",\"url\":\"https:\/\/bluewaves.hr\/de\/\",\"name\":\"Blue Waves Resort\",\"description\":\"Just another ms.decms.eu site\",\"publisher\":{\"@id\":\"https:\/\/bluewaves.hr\/de\/#organization\"},\"potentialAction\":[{\"@type\":\"SearchAction\",\"target\":{\"@type\":\"EntryPoint\",\"urlTemplate\":\"https:\/\/bluewaves.hr\/de\/?s={search_term_string}\"},\"query-input\":{\"@type\":\"PropertyValueSpecification\",\"valueRequired\":true,\"valueName\":\"search_term_string\"}}],\"inLanguage\":\"de-DE\"},{\"@type\":\"Organization\",\"@id\":\"https:\/\/bluewaves.hr\/de\/#organization\",\"name\":\"Blue Waves Resort\",\"url\":\"https:\/\/bluewaves.hr\/de\/\",\"logo\":{\"@type\":\"ImageObject\",\"inLanguage\":\"de-DE\",\"@id\":\"https:\/\/bluewaves.hr\/de\/#\/schema\/logo\/image\/\",\"url\":\"https:\/\/bluewaves.hr\/wp-content\/uploads\/sites\/100\/2024\/01\/Blue-waves-logo-zlatni.png\",\"contentUrl\":\"https:\/\/bluewaves.hr\/wp-content\/uploads\/sites\/100\/2024\/01\/Blue-waves-logo-zlatni.png\",\"width\":1168,\"height\":652,\"caption\":\"Blue Waves Resort\"},\"image\":{\"@id\":\"https:\/\/bluewaves.hr\/de\/#\/schema\/logo\/image\/\"}}]}<\/script>\n<!-- \/ Yoast SEO plugin. -->","yoast_head_json":{"title":"Lobby bar - Blue Waves Resort","robots":{"index":"index","follow":"follow","max-snippet":"max-snippet:-1","max-image-preview":"max-image-preview:large","max-video-preview":"max-video-preview:-1"},"canonical":"https:\/\/bluewaves.hr\/de\/restaurants-bars\/lobby-bar\/","og_locale":"de_DE","og_type":"article","og_title":"Lobby bar - Blue Waves Resort","og_description":"Schutz vor der Sommerhitze, finden Sie in den bequemen Sesseln, die sich in den ruhigen R\u00e4umen der Lobby Bar, neben der Hotelrezeption, befinden. Dies ist der Lieblingsort, an welchen sich unsere G\u00e4ste gerne, vor dem Beginn gemeinsamer Aktivit\u00e4ten, treffen. Die Lobby Bar bietet auch eine ger\u00e4umige und \u00fcberdachte Terrasse.","og_url":"https:\/\/bluewaves.hr\/de\/restaurants-bars\/lobby-bar\/","og_site_name":"Blue Waves Resort","twitter_card":"summary_large_image","schema":{"@context":"https:\/\/schema.org","@graph":[{"@type":"WebPage","@id":"https:\/\/bluewaves.hr\/de\/restaurants-bars\/lobby-bar\/","url":"https:\/\/bluewaves.hr\/de\/restaurants-bars\/lobby-bar\/","name":"Lobby bar - Blue Waves Resort","isPartOf":{"@id":"https:\/\/bluewaves.hr\/de\/#website"},"datePublished":"2019-12-16T16:05:51+00:00","breadcrumb":{"@id":"https:\/\/bluewaves.hr\/de\/restaurants-bars\/lobby-bar\/#breadcrumb"},"inLanguage":"de-DE","potentialAction":[{"@type":"ReadAction","target":["https:\/\/bluewaves.hr\/de\/restaurants-bars\/lobby-bar\/"]}]},{"@type":"BreadcrumbList","@id":"https:\/\/bluewaves.hr\/de\/restaurants-bars\/lobby-bar\/#breadcrumb","itemListElement":[{"@type":"ListItem","position":1,"name":"Home","item":"https:\/\/bluewaves.hr\/de\/"},{"@type":"ListItem","position":2,"name":"Restaurants &#038; Bars","item":"https:\/\/bluewaves.hr\/de\/restaurants-bars\/"},{"@type":"ListItem","position":3,"name":"Lobby bar"}]},{"@type":"WebSite","@id":"https:\/\/bluewaves.hr\/de\/#website","url":"https:\/\/bluewaves.hr\/de\/","name":"Blue Waves Resort","description":"Just another ms.decms.eu site","publisher":{"@id":"https:\/\/bluewaves.hr\/de\/#organization"},"potentialAction":[{"@type":"SearchAction","target":{"@type":"EntryPoint","urlTemplate":"https:\/\/bluewaves.hr\/de\/?s={search_term_string}"},"query-input":{"@type":"PropertyValueSpecification","valueRequired":true,"valueName":"search_term_string"}}],"inLanguage":"de-DE"},{"@type":"Organization","@id":"https:\/\/bluewaves.hr\/de\/#organization","name":"Blue Waves Resort","url":"https:\/\/bluewaves.hr\/de\/","logo":{"@type":"ImageObject","inLanguage":"de-DE","@id":"https:\/\/bluewaves.hr\/de\/#\/schema\/logo\/image\/","url":"https:\/\/bluewaves.hr\/wp-content\/uploads\/sites\/100\/2024\/01\/Blue-waves-logo-zlatni.png","contentUrl":"https:\/\/bluewaves.hr\/wp-content\/uploads\/sites\/100\/2024\/01\/Blue-waves-logo-zlatni.png","width":1168,"height":652,"caption":"Blue Waves Resort"},"image":{"@id":"https:\/\/bluewaves.hr\/de\/#\/schema\/logo\/image\/"}}]}},"acf":[],"_links":{"self":[{"href":"https:\/\/bluewaves.hr\/de\/wp-json\/wp\/v2\/pages\/743","targetHints":{"allow":["GET"]}}],"collection":[{"href":"https:\/\/bluewaves.hr\/de\/wp-json\/wp\/v2\/pages"}],"about":[{"href":"https:\/\/bluewaves.hr\/de\/wp-json\/wp\/v2\/types\/page"}],"author":[{"embeddable":true,"href":"https:\/\/bluewaves.hr\/de\/wp-json\/wp\/v2\/users\/4"}],"replies":[{"embeddable":true,"href":"https:\/\/bluewaves.hr\/de\/wp-json\/wp\/v2\/comments?post=743"}],"version-history":[{"count":0,"href":"https:\/\/bluewaves.hr\/de\/wp-json\/wp\/v2\/pages\/743\/revisions"}],"up":[{"embeddable":true,"href":"https:\/\/bluewaves.hr\/de\/wp-json\/wp\/v2\/pages\/713"}],"wp:attachment":[{"href":"https:\/\/bluewaves.hr\/de\/wp-json\/wp\/v2\/media?parent=743"}],"curies":[{"name":"wp","href":"https:\/\/api.w.org\/{rel}","templated":true}]}}