{"id":747,"date":"2019-12-16T16:06:50","date_gmt":"2019-12-16T16:06:50","guid":{"rendered":"http:\/\/blue-waves-resort.ms.decms.eu\/?page_id=747"},"modified":"2019-12-16T16:06:50","modified_gmt":"2019-12-16T16:06:50","slug":"health-relax-area","status":"publish","type":"page","link":"https:\/\/bluewaves.hr\/de\/wellness-spa\/health-relax-area\/","title":{"rendered":"Health &#038; Relax Area"},"content":{"rendered":"<p>F\u00fcr Momente, in denen Sie sich der Sonne und dem Meer kurz entziehen und neue Energie tanken m\u00f6chten, empfehlen wir die Health &amp; Relax Zone. Eine entspannende Massage oder die hei\u00dfe Sauna sorgen mit Sicherheit f\u00fcr Entspannung, au\u00dferdem steht Ihnen eine kleiner beheizter S\u00fc\u00dfwasserpool im Freien sowie ein Jacuzzi zur Verf\u00fcgung. F\u00fcr aktive Entspannung k\u00f6nnen Sie den modern ausgestatteten Fitnessraum mit Blick auf den Innenpool aufsuchen. Die Benutzung der Health &amp; Relax Zone ist kostenfrei, soweit eine Vorbuchung an der Rezeption des Wellnessbereichs gemacht wird.<\/p>\n","protected":false},"excerpt":{"rendered":"<p>F\u00fcr Momente, in denen Sie sich der Sonne und dem Meer kurz entziehen und neue Energie tanken m\u00f6chten, empfehlen wir die Health &amp; Relax Zone. Eine entspannende Massage oder die hei\u00dfe Sauna sorgen mit Sicherheit f\u00fcr Entspannung, au\u00dferdem steht Ihnen eine kleiner beheizter S\u00fc\u00dfwasserpool im Freien sowie ein Jacuzzi zur Verf\u00fcgung. F\u00fcr aktive Entspannung k\u00f6nnen [&hellip;]<\/p>\n","protected":false},"author":3,"featured_media":0,"parent":741,"menu_order":2,"comment_status":"closed","ping_status":"closed","template":"","meta":{"footnotes":""},"class_list":["post-747","page","type-page","status-publish","hentry"],"yoast_head":"<!-- This site is optimized with the Yoast SEO plugin v26.9 - https:\/\/yoast.com\/product\/yoast-seo-wordpress\/ -->\n<title>Health &amp; Relax Area - Blue Waves Resort<\/title>\n<meta name=\"robots\" content=\"index, follow, max-snippet:-1, max-image-preview:large, max-video-preview:-1\" \/>\n<link rel=\"canonical\" href=\"https:\/\/bluewaves.hr\/de\/wellness-spa\/health-relax-area\/\" \/>\n<meta property=\"og:locale\" content=\"de_DE\" \/>\n<meta property=\"og:type\" content=\"article\" \/>\n<meta property=\"og:title\" content=\"Health &amp; Relax Area - Blue Waves Resort\" \/>\n<meta property=\"og:description\" content=\"F\u00fcr Momente, in denen Sie sich der Sonne und dem Meer kurz entziehen und neue Energie tanken m\u00f6chten, empfehlen wir die Health &amp; Relax Zone. Eine entspannende Massage oder die hei\u00dfe Sauna sorgen mit Sicherheit f\u00fcr Entspannung, au\u00dferdem steht Ihnen eine kleiner beheizter S\u00fc\u00dfwasserpool im Freien sowie ein Jacuzzi zur Verf\u00fcgung. F\u00fcr aktive Entspannung k\u00f6nnen [&hellip;]\" \/>\n<meta property=\"og:url\" content=\"https:\/\/bluewaves.hr\/de\/wellness-spa\/health-relax-area\/\" \/>\n<meta property=\"og:site_name\" content=\"Blue Waves Resort\" \/>\n<meta name=\"twitter:card\" content=\"summary_large_image\" \/>\n<script type=\"application\/ld+json\" class=\"yoast-schema-graph\">{\"@context\":\"https:\/\/schema.org\",\"@graph\":[{\"@type\":\"WebPage\",\"@id\":\"https:\/\/bluewaves.hr\/de\/wellness-spa\/health-relax-area\/\",\"url\":\"https:\/\/bluewaves.hr\/de\/wellness-spa\/health-relax-area\/\",\"name\":\"Health & Relax Area - Blue Waves Resort\",\"isPartOf\":{\"@id\":\"https:\/\/bluewaves.hr\/de\/#website\"},\"datePublished\":\"2019-12-16T16:06:50+00:00\",\"breadcrumb\":{\"@id\":\"https:\/\/bluewaves.hr\/de\/wellness-spa\/health-relax-area\/#breadcrumb\"},\"inLanguage\":\"de-DE\",\"potentialAction\":[{\"@type\":\"ReadAction\",\"target\":[\"https:\/\/bluewaves.hr\/de\/wellness-spa\/health-relax-area\/\"]}]},{\"@type\":\"BreadcrumbList\",\"@id\":\"https:\/\/bluewaves.hr\/de\/wellness-spa\/health-relax-area\/#breadcrumb\",\"itemListElement\":[{\"@type\":\"ListItem\",\"position\":1,\"name\":\"Home\",\"item\":\"https:\/\/bluewaves.hr\/de\/\"},{\"@type\":\"ListItem\",\"position\":2,\"name\":\"Wellness &#038; SPA\",\"item\":\"https:\/\/bluewaves.hr\/de\/wellness-spa\/\"},{\"@type\":\"ListItem\",\"position\":3,\"name\":\"Health &#038; Relax Area\"}]},{\"@type\":\"WebSite\",\"@id\":\"https:\/\/bluewaves.hr\/de\/#website\",\"url\":\"https:\/\/bluewaves.hr\/de\/\",\"name\":\"Blue Waves Resort\",\"description\":\"Just another ms.decms.eu site\",\"publisher\":{\"@id\":\"https:\/\/bluewaves.hr\/de\/#organization\"},\"potentialAction\":[{\"@type\":\"SearchAction\",\"target\":{\"@type\":\"EntryPoint\",\"urlTemplate\":\"https:\/\/bluewaves.hr\/de\/?s={search_term_string}\"},\"query-input\":{\"@type\":\"PropertyValueSpecification\",\"valueRequired\":true,\"valueName\":\"search_term_string\"}}],\"inLanguage\":\"de-DE\"},{\"@type\":\"Organization\",\"@id\":\"https:\/\/bluewaves.hr\/de\/#organization\",\"name\":\"Blue Waves Resort\",\"url\":\"https:\/\/bluewaves.hr\/de\/\",\"logo\":{\"@type\":\"ImageObject\",\"inLanguage\":\"de-DE\",\"@id\":\"https:\/\/bluewaves.hr\/de\/#\/schema\/logo\/image\/\",\"url\":\"https:\/\/bluewaves.hr\/wp-content\/uploads\/sites\/100\/2024\/01\/Blue-waves-logo-zlatni.png\",\"contentUrl\":\"https:\/\/bluewaves.hr\/wp-content\/uploads\/sites\/100\/2024\/01\/Blue-waves-logo-zlatni.png\",\"width\":1168,\"height\":652,\"caption\":\"Blue Waves Resort\"},\"image\":{\"@id\":\"https:\/\/bluewaves.hr\/de\/#\/schema\/logo\/image\/\"}}]}<\/script>\n<!-- \/ Yoast SEO plugin. -->","yoast_head_json":{"title":"Health & Relax Area - Blue Waves Resort","robots":{"index":"index","follow":"follow","max-snippet":"max-snippet:-1","max-image-preview":"max-image-preview:large","max-video-preview":"max-video-preview:-1"},"canonical":"https:\/\/bluewaves.hr\/de\/wellness-spa\/health-relax-area\/","og_locale":"de_DE","og_type":"article","og_title":"Health & Relax Area - Blue Waves Resort","og_description":"F\u00fcr Momente, in denen Sie sich der Sonne und dem Meer kurz entziehen und neue Energie tanken m\u00f6chten, empfehlen wir die Health &amp; Relax Zone. Eine entspannende Massage oder die hei\u00dfe Sauna sorgen mit Sicherheit f\u00fcr Entspannung, au\u00dferdem steht Ihnen eine kleiner beheizter S\u00fc\u00dfwasserpool im Freien sowie ein Jacuzzi zur Verf\u00fcgung. F\u00fcr aktive Entspannung k\u00f6nnen [&hellip;]","og_url":"https:\/\/bluewaves.hr\/de\/wellness-spa\/health-relax-area\/","og_site_name":"Blue Waves Resort","twitter_card":"summary_large_image","schema":{"@context":"https:\/\/schema.org","@graph":[{"@type":"WebPage","@id":"https:\/\/bluewaves.hr\/de\/wellness-spa\/health-relax-area\/","url":"https:\/\/bluewaves.hr\/de\/wellness-spa\/health-relax-area\/","name":"Health & Relax Area - Blue Waves Resort","isPartOf":{"@id":"https:\/\/bluewaves.hr\/de\/#website"},"datePublished":"2019-12-16T16:06:50+00:00","breadcrumb":{"@id":"https:\/\/bluewaves.hr\/de\/wellness-spa\/health-relax-area\/#breadcrumb"},"inLanguage":"de-DE","potentialAction":[{"@type":"ReadAction","target":["https:\/\/bluewaves.hr\/de\/wellness-spa\/health-relax-area\/"]}]},{"@type":"BreadcrumbList","@id":"https:\/\/bluewaves.hr\/de\/wellness-spa\/health-relax-area\/#breadcrumb","itemListElement":[{"@type":"ListItem","position":1,"name":"Home","item":"https:\/\/bluewaves.hr\/de\/"},{"@type":"ListItem","position":2,"name":"Wellness &#038; SPA","item":"https:\/\/bluewaves.hr\/de\/wellness-spa\/"},{"@type":"ListItem","position":3,"name":"Health &#038; Relax Area"}]},{"@type":"WebSite","@id":"https:\/\/bluewaves.hr\/de\/#website","url":"https:\/\/bluewaves.hr\/de\/","name":"Blue Waves Resort","description":"Just another ms.decms.eu site","publisher":{"@id":"https:\/\/bluewaves.hr\/de\/#organization"},"potentialAction":[{"@type":"SearchAction","target":{"@type":"EntryPoint","urlTemplate":"https:\/\/bluewaves.hr\/de\/?s={search_term_string}"},"query-input":{"@type":"PropertyValueSpecification","valueRequired":true,"valueName":"search_term_string"}}],"inLanguage":"de-DE"},{"@type":"Organization","@id":"https:\/\/bluewaves.hr\/de\/#organization","name":"Blue Waves Resort","url":"https:\/\/bluewaves.hr\/de\/","logo":{"@type":"ImageObject","inLanguage":"de-DE","@id":"https:\/\/bluewaves.hr\/de\/#\/schema\/logo\/image\/","url":"https:\/\/bluewaves.hr\/wp-content\/uploads\/sites\/100\/2024\/01\/Blue-waves-logo-zlatni.png","contentUrl":"https:\/\/bluewaves.hr\/wp-content\/uploads\/sites\/100\/2024\/01\/Blue-waves-logo-zlatni.png","width":1168,"height":652,"caption":"Blue Waves Resort"},"image":{"@id":"https:\/\/bluewaves.hr\/de\/#\/schema\/logo\/image\/"}}]}},"acf":[],"_links":{"self":[{"href":"https:\/\/bluewaves.hr\/de\/wp-json\/wp\/v2\/pages\/747","targetHints":{"allow":["GET"]}}],"collection":[{"href":"https:\/\/bluewaves.hr\/de\/wp-json\/wp\/v2\/pages"}],"about":[{"href":"https:\/\/bluewaves.hr\/de\/wp-json\/wp\/v2\/types\/page"}],"author":[{"embeddable":true,"href":"https:\/\/bluewaves.hr\/de\/wp-json\/wp\/v2\/users\/3"}],"replies":[{"embeddable":true,"href":"https:\/\/bluewaves.hr\/de\/wp-json\/wp\/v2\/comments?post=747"}],"version-history":[{"count":0,"href":"https:\/\/bluewaves.hr\/de\/wp-json\/wp\/v2\/pages\/747\/revisions"}],"up":[{"embeddable":true,"href":"https:\/\/bluewaves.hr\/de\/wp-json\/wp\/v2\/pages\/741"}],"wp:attachment":[{"href":"https:\/\/bluewaves.hr\/de\/wp-json\/wp\/v2\/media?parent=747"}],"curies":[{"name":"wp","href":"https:\/\/api.w.org\/{rel}","templated":true}]}}