{"id":749,"date":"2019-12-16T16:08:36","date_gmt":"2019-12-16T16:08:36","guid":{"rendered":"http:\/\/blue-waves-resort.ms.decms.eu\/?page_id=749"},"modified":"2022-10-17T08:00:44","modified_gmt":"2022-10-17T08:00:44","slug":"massagen","status":"publish","type":"page","link":"https:\/\/bluewaves.hr\/de\/wellness-spa\/massagen\/","title":{"rendered":"Massagen"},"content":{"rendered":"<p>Entspannen Sie sich und \u00fcberlassen Sie sich den zaubernden H\u00e4nden unserer Wellnesstherapeuten. W\u00e4hlen Sie etwas aus unserem Angebot an Massagen und K\u00f6rperbehandlungen aus. Entdecken Sie mediterrane \u00d6le und D\u00fcfte, welche tief in Ihre Haut gehen werden und reinigen Sie diese von toten Zellen mit einem Meersalz-Peeling.<\/p>\n","protected":false},"excerpt":{"rendered":"<p>Entspannen Sie sich und \u00fcberlassen Sie sich den zaubernden H\u00e4nden unserer Wellnesstherapeuten. W\u00e4hlen Sie etwas aus unserem Angebot an Massagen und K\u00f6rperbehandlungen aus. Entdecken Sie mediterrane \u00d6le und D\u00fcfte, welche tief in Ihre Haut gehen werden und reinigen Sie diese von toten Zellen mit einem Meersalz-Peeling.<\/p>\n","protected":false},"author":3,"featured_media":0,"parent":741,"menu_order":3,"comment_status":"closed","ping_status":"closed","template":"","meta":{"footnotes":""},"class_list":["post-749","page","type-page","status-publish","hentry"],"yoast_head":"<!-- This site is optimized with the Yoast SEO plugin v26.9 - https:\/\/yoast.com\/product\/yoast-seo-wordpress\/ -->\n<title>Massagen - Blue Waves Resort<\/title>\n<meta name=\"robots\" content=\"index, follow, max-snippet:-1, max-image-preview:large, max-video-preview:-1\" \/>\n<link rel=\"canonical\" href=\"https:\/\/bluewaves.hr\/de\/wellness-spa\/massagen\/\" \/>\n<meta property=\"og:locale\" content=\"de_DE\" \/>\n<meta property=\"og:type\" content=\"article\" \/>\n<meta property=\"og:title\" content=\"Massagen - Blue Waves Resort\" \/>\n<meta property=\"og:description\" content=\"Entspannen Sie sich und \u00fcberlassen Sie sich den zaubernden H\u00e4nden unserer Wellnesstherapeuten. W\u00e4hlen Sie etwas aus unserem Angebot an Massagen und K\u00f6rperbehandlungen aus. Entdecken Sie mediterrane \u00d6le und D\u00fcfte, welche tief in Ihre Haut gehen werden und reinigen Sie diese von toten Zellen mit einem Meersalz-Peeling.\" \/>\n<meta property=\"og:url\" content=\"https:\/\/bluewaves.hr\/de\/wellness-spa\/massagen\/\" \/>\n<meta property=\"og:site_name\" content=\"Blue Waves Resort\" \/>\n<meta property=\"article:modified_time\" content=\"2022-10-17T08:00:44+00:00\" \/>\n<meta name=\"twitter:card\" content=\"summary_large_image\" \/>\n<script type=\"application\/ld+json\" class=\"yoast-schema-graph\">{\"@context\":\"https:\/\/schema.org\",\"@graph\":[{\"@type\":\"WebPage\",\"@id\":\"https:\/\/bluewaves.hr\/de\/wellness-spa\/massagen\/\",\"url\":\"https:\/\/bluewaves.hr\/de\/wellness-spa\/massagen\/\",\"name\":\"Massagen - Blue Waves Resort\",\"isPartOf\":{\"@id\":\"https:\/\/bluewaves.hr\/de\/#website\"},\"datePublished\":\"2019-12-16T16:08:36+00:00\",\"dateModified\":\"2022-10-17T08:00:44+00:00\",\"breadcrumb\":{\"@id\":\"https:\/\/bluewaves.hr\/de\/wellness-spa\/massagen\/#breadcrumb\"},\"inLanguage\":\"de-DE\",\"potentialAction\":[{\"@type\":\"ReadAction\",\"target\":[\"https:\/\/bluewaves.hr\/de\/wellness-spa\/massagen\/\"]}]},{\"@type\":\"BreadcrumbList\",\"@id\":\"https:\/\/bluewaves.hr\/de\/wellness-spa\/massagen\/#breadcrumb\",\"itemListElement\":[{\"@type\":\"ListItem\",\"position\":1,\"name\":\"Home\",\"item\":\"https:\/\/bluewaves.hr\/de\/\"},{\"@type\":\"ListItem\",\"position\":2,\"name\":\"Wellness &#038; SPA\",\"item\":\"https:\/\/bluewaves.hr\/de\/wellness-spa\/\"},{\"@type\":\"ListItem\",\"position\":3,\"name\":\"Massagen\"}]},{\"@type\":\"WebSite\",\"@id\":\"https:\/\/bluewaves.hr\/de\/#website\",\"url\":\"https:\/\/bluewaves.hr\/de\/\",\"name\":\"Blue Waves Resort\",\"description\":\"Just another ms.decms.eu site\",\"publisher\":{\"@id\":\"https:\/\/bluewaves.hr\/de\/#organization\"},\"potentialAction\":[{\"@type\":\"SearchAction\",\"target\":{\"@type\":\"EntryPoint\",\"urlTemplate\":\"https:\/\/bluewaves.hr\/de\/?s={search_term_string}\"},\"query-input\":{\"@type\":\"PropertyValueSpecification\",\"valueRequired\":true,\"valueName\":\"search_term_string\"}}],\"inLanguage\":\"de-DE\"},{\"@type\":\"Organization\",\"@id\":\"https:\/\/bluewaves.hr\/de\/#organization\",\"name\":\"Blue Waves Resort\",\"url\":\"https:\/\/bluewaves.hr\/de\/\",\"logo\":{\"@type\":\"ImageObject\",\"inLanguage\":\"de-DE\",\"@id\":\"https:\/\/bluewaves.hr\/de\/#\/schema\/logo\/image\/\",\"url\":\"https:\/\/bluewaves.hr\/wp-content\/uploads\/sites\/100\/2024\/01\/Blue-waves-logo-zlatni.png\",\"contentUrl\":\"https:\/\/bluewaves.hr\/wp-content\/uploads\/sites\/100\/2024\/01\/Blue-waves-logo-zlatni.png\",\"width\":1168,\"height\":652,\"caption\":\"Blue Waves Resort\"},\"image\":{\"@id\":\"https:\/\/bluewaves.hr\/de\/#\/schema\/logo\/image\/\"}}]}<\/script>\n<!-- \/ Yoast SEO plugin. -->","yoast_head_json":{"title":"Massagen - Blue Waves Resort","robots":{"index":"index","follow":"follow","max-snippet":"max-snippet:-1","max-image-preview":"max-image-preview:large","max-video-preview":"max-video-preview:-1"},"canonical":"https:\/\/bluewaves.hr\/de\/wellness-spa\/massagen\/","og_locale":"de_DE","og_type":"article","og_title":"Massagen - Blue Waves Resort","og_description":"Entspannen Sie sich und \u00fcberlassen Sie sich den zaubernden H\u00e4nden unserer Wellnesstherapeuten. W\u00e4hlen Sie etwas aus unserem Angebot an Massagen und K\u00f6rperbehandlungen aus. Entdecken Sie mediterrane \u00d6le und D\u00fcfte, welche tief in Ihre Haut gehen werden und reinigen Sie diese von toten Zellen mit einem Meersalz-Peeling.","og_url":"https:\/\/bluewaves.hr\/de\/wellness-spa\/massagen\/","og_site_name":"Blue Waves Resort","article_modified_time":"2022-10-17T08:00:44+00:00","twitter_card":"summary_large_image","schema":{"@context":"https:\/\/schema.org","@graph":[{"@type":"WebPage","@id":"https:\/\/bluewaves.hr\/de\/wellness-spa\/massagen\/","url":"https:\/\/bluewaves.hr\/de\/wellness-spa\/massagen\/","name":"Massagen - Blue Waves Resort","isPartOf":{"@id":"https:\/\/bluewaves.hr\/de\/#website"},"datePublished":"2019-12-16T16:08:36+00:00","dateModified":"2022-10-17T08:00:44+00:00","breadcrumb":{"@id":"https:\/\/bluewaves.hr\/de\/wellness-spa\/massagen\/#breadcrumb"},"inLanguage":"de-DE","potentialAction":[{"@type":"ReadAction","target":["https:\/\/bluewaves.hr\/de\/wellness-spa\/massagen\/"]}]},{"@type":"BreadcrumbList","@id":"https:\/\/bluewaves.hr\/de\/wellness-spa\/massagen\/#breadcrumb","itemListElement":[{"@type":"ListItem","position":1,"name":"Home","item":"https:\/\/bluewaves.hr\/de\/"},{"@type":"ListItem","position":2,"name":"Wellness &#038; SPA","item":"https:\/\/bluewaves.hr\/de\/wellness-spa\/"},{"@type":"ListItem","position":3,"name":"Massagen"}]},{"@type":"WebSite","@id":"https:\/\/bluewaves.hr\/de\/#website","url":"https:\/\/bluewaves.hr\/de\/","name":"Blue Waves Resort","description":"Just another ms.decms.eu site","publisher":{"@id":"https:\/\/bluewaves.hr\/de\/#organization"},"potentialAction":[{"@type":"SearchAction","target":{"@type":"EntryPoint","urlTemplate":"https:\/\/bluewaves.hr\/de\/?s={search_term_string}"},"query-input":{"@type":"PropertyValueSpecification","valueRequired":true,"valueName":"search_term_string"}}],"inLanguage":"de-DE"},{"@type":"Organization","@id":"https:\/\/bluewaves.hr\/de\/#organization","name":"Blue Waves Resort","url":"https:\/\/bluewaves.hr\/de\/","logo":{"@type":"ImageObject","inLanguage":"de-DE","@id":"https:\/\/bluewaves.hr\/de\/#\/schema\/logo\/image\/","url":"https:\/\/bluewaves.hr\/wp-content\/uploads\/sites\/100\/2024\/01\/Blue-waves-logo-zlatni.png","contentUrl":"https:\/\/bluewaves.hr\/wp-content\/uploads\/sites\/100\/2024\/01\/Blue-waves-logo-zlatni.png","width":1168,"height":652,"caption":"Blue Waves Resort"},"image":{"@id":"https:\/\/bluewaves.hr\/de\/#\/schema\/logo\/image\/"}}]}},"acf":[],"_links":{"self":[{"href":"https:\/\/bluewaves.hr\/de\/wp-json\/wp\/v2\/pages\/749","targetHints":{"allow":["GET"]}}],"collection":[{"href":"https:\/\/bluewaves.hr\/de\/wp-json\/wp\/v2\/pages"}],"about":[{"href":"https:\/\/bluewaves.hr\/de\/wp-json\/wp\/v2\/types\/page"}],"author":[{"embeddable":true,"href":"https:\/\/bluewaves.hr\/de\/wp-json\/wp\/v2\/users\/3"}],"replies":[{"embeddable":true,"href":"https:\/\/bluewaves.hr\/de\/wp-json\/wp\/v2\/comments?post=749"}],"version-history":[{"count":0,"href":"https:\/\/bluewaves.hr\/de\/wp-json\/wp\/v2\/pages\/749\/revisions"}],"up":[{"embeddable":true,"href":"https:\/\/bluewaves.hr\/de\/wp-json\/wp\/v2\/pages\/741"}],"wp:attachment":[{"href":"https:\/\/bluewaves.hr\/de\/wp-json\/wp\/v2\/media?parent=749"}],"curies":[{"name":"wp","href":"https:\/\/api.w.org\/{rel}","templated":true}]}}