{"id":781,"date":"2019-12-16T16:43:03","date_gmt":"2019-12-16T16:43:03","guid":{"rendered":"http:\/\/blue-waves-resort.ms.decms.eu\/?page_id=781"},"modified":"2019-12-16T16:43:03","modified_gmt":"2019-12-16T16:43:03","slug":"ereignisse-aktivitaeten","status":"publish","type":"page","link":"https:\/\/bluewaves.hr\/de\/ereignisse-aktivitaeten\/","title":{"rendered":"Ereignisse &#038; Aktivit\u00e4ten"},"content":{"rendered":"<p>Au\u00dfer dem Gef\u00fchl, im Blue Waves Resort wie Zuhause zu sein, w\u00fcrde es uns freuen, wenn Sie sich auch auf unserer wundersch\u00f6nen Insel Krk, wie Zuhause f\u00fchlen k\u00f6nnten. Darum m\u00f6chten wir, dass Sie die Hauptereignisse, die in unserer Umgebung organisiert werden, sowie die Aktivit\u00e4ten, in denen Sie teilnehmen k\u00f6nnen, kennenlernen.<\/p>\n","protected":false},"excerpt":{"rendered":"<p>Au\u00dfer dem Gef\u00fchl, im Blue Waves Resort wie Zuhause zu sein, w\u00fcrde es uns freuen, wenn Sie sich auch auf unserer wundersch\u00f6nen Insel Krk, wie Zuhause f\u00fchlen k\u00f6nnten. Darum m\u00f6chten wir, dass Sie die Hauptereignisse, die in unserer Umgebung organisiert werden, sowie die Aktivit\u00e4ten, in denen Sie teilnehmen k\u00f6nnen, kennenlernen.<\/p>\n","protected":false},"author":4,"featured_media":0,"parent":0,"menu_order":80,"comment_status":"closed","ping_status":"closed","template":"template-events.php","meta":{"footnotes":""},"class_list":["post-781","page","type-page","status-publish","hentry"],"yoast_head":"<!-- This site is optimized with the Yoast SEO plugin v26.9 - https:\/\/yoast.com\/product\/yoast-seo-wordpress\/ -->\n<title>Ereignisse &amp; Aktivit\u00e4ten - Blue Waves Resort<\/title>\n<meta name=\"robots\" content=\"index, follow, max-snippet:-1, max-image-preview:large, max-video-preview:-1\" \/>\n<link rel=\"canonical\" href=\"https:\/\/bluewaves.hr\/de\/ereignisse-aktivitaeten\/\" \/>\n<meta property=\"og:locale\" content=\"de_DE\" \/>\n<meta property=\"og:type\" content=\"article\" \/>\n<meta property=\"og:title\" content=\"Ereignisse &amp; Aktivit\u00e4ten - Blue Waves Resort\" \/>\n<meta property=\"og:description\" content=\"Au\u00dfer dem Gef\u00fchl, im Blue Waves Resort wie Zuhause zu sein, w\u00fcrde es uns freuen, wenn Sie sich auch auf unserer wundersch\u00f6nen Insel Krk, wie Zuhause f\u00fchlen k\u00f6nnten. Darum m\u00f6chten wir, dass Sie die Hauptereignisse, die in unserer Umgebung organisiert werden, sowie die Aktivit\u00e4ten, in denen Sie teilnehmen k\u00f6nnen, kennenlernen.\" \/>\n<meta property=\"og:url\" content=\"https:\/\/bluewaves.hr\/de\/ereignisse-aktivitaeten\/\" \/>\n<meta property=\"og:site_name\" content=\"Blue Waves Resort\" \/>\n<meta name=\"twitter:card\" content=\"summary_large_image\" \/>\n<script type=\"application\/ld+json\" class=\"yoast-schema-graph\">{\"@context\":\"https:\/\/schema.org\",\"@graph\":[{\"@type\":\"WebPage\",\"@id\":\"https:\/\/bluewaves.hr\/de\/ereignisse-aktivitaeten\/\",\"url\":\"https:\/\/bluewaves.hr\/de\/ereignisse-aktivitaeten\/\",\"name\":\"Ereignisse & Aktivit\u00e4ten - Blue Waves Resort\",\"isPartOf\":{\"@id\":\"https:\/\/bluewaves.hr\/de\/#website\"},\"datePublished\":\"2019-12-16T16:43:03+00:00\",\"breadcrumb\":{\"@id\":\"https:\/\/bluewaves.hr\/de\/ereignisse-aktivitaeten\/#breadcrumb\"},\"inLanguage\":\"de-DE\",\"potentialAction\":[{\"@type\":\"ReadAction\",\"target\":[\"https:\/\/bluewaves.hr\/de\/ereignisse-aktivitaeten\/\"]}]},{\"@type\":\"BreadcrumbList\",\"@id\":\"https:\/\/bluewaves.hr\/de\/ereignisse-aktivitaeten\/#breadcrumb\",\"itemListElement\":[{\"@type\":\"ListItem\",\"position\":1,\"name\":\"Home\",\"item\":\"https:\/\/bluewaves.hr\/de\/\"},{\"@type\":\"ListItem\",\"position\":2,\"name\":\"Ereignisse &#038; Aktivit\u00e4ten\"}]},{\"@type\":\"WebSite\",\"@id\":\"https:\/\/bluewaves.hr\/de\/#website\",\"url\":\"https:\/\/bluewaves.hr\/de\/\",\"name\":\"Blue Waves Resort\",\"description\":\"Just another ms.decms.eu site\",\"publisher\":{\"@id\":\"https:\/\/bluewaves.hr\/de\/#organization\"},\"potentialAction\":[{\"@type\":\"SearchAction\",\"target\":{\"@type\":\"EntryPoint\",\"urlTemplate\":\"https:\/\/bluewaves.hr\/de\/?s={search_term_string}\"},\"query-input\":{\"@type\":\"PropertyValueSpecification\",\"valueRequired\":true,\"valueName\":\"search_term_string\"}}],\"inLanguage\":\"de-DE\"},{\"@type\":\"Organization\",\"@id\":\"https:\/\/bluewaves.hr\/de\/#organization\",\"name\":\"Blue Waves Resort\",\"url\":\"https:\/\/bluewaves.hr\/de\/\",\"logo\":{\"@type\":\"ImageObject\",\"inLanguage\":\"de-DE\",\"@id\":\"https:\/\/bluewaves.hr\/de\/#\/schema\/logo\/image\/\",\"url\":\"https:\/\/bluewaves.hr\/wp-content\/uploads\/sites\/100\/2024\/01\/Blue-waves-logo-zlatni.png\",\"contentUrl\":\"https:\/\/bluewaves.hr\/wp-content\/uploads\/sites\/100\/2024\/01\/Blue-waves-logo-zlatni.png\",\"width\":1168,\"height\":652,\"caption\":\"Blue Waves Resort\"},\"image\":{\"@id\":\"https:\/\/bluewaves.hr\/de\/#\/schema\/logo\/image\/\"}}]}<\/script>\n<!-- \/ Yoast SEO plugin. -->","yoast_head_json":{"title":"Ereignisse & Aktivit\u00e4ten - Blue Waves Resort","robots":{"index":"index","follow":"follow","max-snippet":"max-snippet:-1","max-image-preview":"max-image-preview:large","max-video-preview":"max-video-preview:-1"},"canonical":"https:\/\/bluewaves.hr\/de\/ereignisse-aktivitaeten\/","og_locale":"de_DE","og_type":"article","og_title":"Ereignisse & Aktivit\u00e4ten - Blue Waves Resort","og_description":"Au\u00dfer dem Gef\u00fchl, im Blue Waves Resort wie Zuhause zu sein, w\u00fcrde es uns freuen, wenn Sie sich auch auf unserer wundersch\u00f6nen Insel Krk, wie Zuhause f\u00fchlen k\u00f6nnten. Darum m\u00f6chten wir, dass Sie die Hauptereignisse, die in unserer Umgebung organisiert werden, sowie die Aktivit\u00e4ten, in denen Sie teilnehmen k\u00f6nnen, kennenlernen.","og_url":"https:\/\/bluewaves.hr\/de\/ereignisse-aktivitaeten\/","og_site_name":"Blue Waves Resort","twitter_card":"summary_large_image","schema":{"@context":"https:\/\/schema.org","@graph":[{"@type":"WebPage","@id":"https:\/\/bluewaves.hr\/de\/ereignisse-aktivitaeten\/","url":"https:\/\/bluewaves.hr\/de\/ereignisse-aktivitaeten\/","name":"Ereignisse & Aktivit\u00e4ten - Blue Waves Resort","isPartOf":{"@id":"https:\/\/bluewaves.hr\/de\/#website"},"datePublished":"2019-12-16T16:43:03+00:00","breadcrumb":{"@id":"https:\/\/bluewaves.hr\/de\/ereignisse-aktivitaeten\/#breadcrumb"},"inLanguage":"de-DE","potentialAction":[{"@type":"ReadAction","target":["https:\/\/bluewaves.hr\/de\/ereignisse-aktivitaeten\/"]}]},{"@type":"BreadcrumbList","@id":"https:\/\/bluewaves.hr\/de\/ereignisse-aktivitaeten\/#breadcrumb","itemListElement":[{"@type":"ListItem","position":1,"name":"Home","item":"https:\/\/bluewaves.hr\/de\/"},{"@type":"ListItem","position":2,"name":"Ereignisse &#038; Aktivit\u00e4ten"}]},{"@type":"WebSite","@id":"https:\/\/bluewaves.hr\/de\/#website","url":"https:\/\/bluewaves.hr\/de\/","name":"Blue Waves Resort","description":"Just another ms.decms.eu site","publisher":{"@id":"https:\/\/bluewaves.hr\/de\/#organization"},"potentialAction":[{"@type":"SearchAction","target":{"@type":"EntryPoint","urlTemplate":"https:\/\/bluewaves.hr\/de\/?s={search_term_string}"},"query-input":{"@type":"PropertyValueSpecification","valueRequired":true,"valueName":"search_term_string"}}],"inLanguage":"de-DE"},{"@type":"Organization","@id":"https:\/\/bluewaves.hr\/de\/#organization","name":"Blue Waves Resort","url":"https:\/\/bluewaves.hr\/de\/","logo":{"@type":"ImageObject","inLanguage":"de-DE","@id":"https:\/\/bluewaves.hr\/de\/#\/schema\/logo\/image\/","url":"https:\/\/bluewaves.hr\/wp-content\/uploads\/sites\/100\/2024\/01\/Blue-waves-logo-zlatni.png","contentUrl":"https:\/\/bluewaves.hr\/wp-content\/uploads\/sites\/100\/2024\/01\/Blue-waves-logo-zlatni.png","width":1168,"height":652,"caption":"Blue Waves Resort"},"image":{"@id":"https:\/\/bluewaves.hr\/de\/#\/schema\/logo\/image\/"}}]}},"acf":[],"_links":{"self":[{"href":"https:\/\/bluewaves.hr\/de\/wp-json\/wp\/v2\/pages\/781","targetHints":{"allow":["GET"]}}],"collection":[{"href":"https:\/\/bluewaves.hr\/de\/wp-json\/wp\/v2\/pages"}],"about":[{"href":"https:\/\/bluewaves.hr\/de\/wp-json\/wp\/v2\/types\/page"}],"author":[{"embeddable":true,"href":"https:\/\/bluewaves.hr\/de\/wp-json\/wp\/v2\/users\/4"}],"replies":[{"embeddable":true,"href":"https:\/\/bluewaves.hr\/de\/wp-json\/wp\/v2\/comments?post=781"}],"version-history":[{"count":0,"href":"https:\/\/bluewaves.hr\/de\/wp-json\/wp\/v2\/pages\/781\/revisions"}],"wp:attachment":[{"href":"https:\/\/bluewaves.hr\/de\/wp-json\/wp\/v2\/media?parent=781"}],"curies":[{"name":"wp","href":"https:\/\/api.w.org\/{rel}","templated":true}]}}