{"id":816,"date":"2019-12-16T17:01:37","date_gmt":"2019-12-16T17:01:37","guid":{"rendered":"http:\/\/blue-waves-resort.ms.decms.eu\/?page_id=816"},"modified":"2022-08-09T12:02:43","modified_gmt":"2022-08-09T12:02:43","slug":"nutzungsbedingungen","status":"publish","type":"page","link":"https:\/\/bluewaves.hr\/de\/nutzungsbedingungen\/","title":{"rendered":"Nutzungsbedingungen"},"content":{"rendered":"<p><strong>Nutzungsbedingungen<\/strong><\/p>\n<p>Danke, dass Sie die Blue Waves Resort Website besuchen. Diese Website und alle damit verbundenen Websites, die hier genannt werden (kollektiv als \u201eWebsite\u201f bezeichnet), werden von der Byder projektiranje d.o.o., Rova 33, Malinska (nachstehend bezeichnet als \u201ewir\u201f, \u201euns\u201f, \u201eunsere\u201f) zur Verf\u00fcgung gestellt. Mit der Nutzung dieser Website erkennen Sie die nachfolgenden Bedingungen an. Wenn Sie mit diesen Bedingungen nicht einverstanden sind, sollten Sie diese Website nicht nutzen. Bedingt durch \u00c4nderungen an unserer Website und zur Verbesserung des Bedienkomforts der Benutzer nehmen wir von Zeit zu Zeit \u00c4nderungen an den Datenschutzrichtlinien und am Nutzungsvertrag vor, die die Grundlage dieser Website bilden. Falls Sie Fragen zu unserer Website haben, schicken Sie bitte eine E-Mail an die Adresse info@bluewaves.hr.<\/p>\n<p>&nbsp;<\/p>\n<p><strong>Nutzungsbeschr\u00e4nkungen<\/strong><\/p>\n<p>Wir gew\u00e4hren Ihnen ein eingeschr\u00e4nktes und nicht \u00fcbertragbares Recht f\u00fcr den Zugriff auf und die Nutzung unserer Website f\u00fcr nicht kommerzielle Zwecke. Diese Erlaubnis erlischt bei jedweder unbefugter Nutzung dieser Website automatisch. Die vorliegenden Bestimmungen k\u00f6nnen von uns ohne vorherige Ank\u00fcndigung aktualisiert oder ge\u00e4ndert werden. Sollten Sie diese Website auch nach der Einf\u00fchrung von \u00c4nderungen an den vorliegenden Bestimmungen weiter nutzen, erkl\u00e4ren Sie sich dadurch mit den ge\u00e4nderten Bestimmungen einverstanden. Soweit gesetzlich nicht anders verf\u00fcgt, treten alle Ver\u00e4nderungen an den Bestimmungen mit sofortiger Wirkung nach deren Ver\u00f6ffentlichung auf unserer Website in Kraft.<\/p>\n<p>&nbsp;<\/p>\n<p><strong>Website-Nutzung<\/strong><\/p>\n<p>Der Zugang zur Website und zu den enthaltenen Daten unterliegt den zuvor angef\u00fchrten Bedingungen und Richtlinien. Jede Nutzung dieser Website nach dem Aufruf der Startseite gilt als Annahme folgender Richtlinien:<\/p>\n<p>Die Leistungen auf dieser Website stehen nur nat\u00fcrlichen Personen zur Verf\u00fcgung, die nach geltendem Recht juristisch bindende Vertr\u00e4ge abschlie\u00dfen d\u00fcrfen. Demzufolge sind Minderj\u00e4hrige davon ausgeschlossen. Durch Nutzung dieser Website erkl\u00e4ren Sie, dass Sie alt genug sind, um diese Website zu nutzen und juristisch bindende Rechtsverh\u00e4ltnisse f\u00fcr Verpflichtungen einzugehen, die aufgrund der Nutzung dieser Website zustande kommen. Ferner best\u00e4tigen Sie damit, dass Sie gesetzlich dazu befugt sind, Reisen f\u00fcr sich oder f\u00fcr andere Personen zu reservieren bzw. zu bestellen, in deren Interesse Sie handlungsbefugt sind.<\/p>\n<p>Sie d\u00fcrfen diese Website nur nutzen, um rechtm\u00e4\u00dfige Reservierungen oder Buchungen vorzunehmen. Eine zweckentfremdete Nutzung dieser Website ist nicht gestattet. Das gilt unter anderem auch f\u00fcr spekulative, falsche oder betr\u00fcgerische Reservierungen oder f\u00fcr verfr\u00fchte Reservierungen, f\u00fcr die kein konkreter Bedarf vorliegt.<\/p>\n<p>Die Nutzung dieser Website dient allein Ihrem pers\u00f6nlichen Zweck. Eine gewerbliche Nutzung dieser Website ohne vorherige, schriftliche Zustimmung unsererseits ist strengstens untersagt. Sie erkl\u00e4ren sich damit einverstanden, diese Website nicht f\u00fcr Serienbriefe noch f\u00fcr Kettenbriefe, unerw\u00fcnschte Massen-Mailings (\u201eJunk Mail\u201f), \u201eSpam\u201f, Werbeaktionen (weder gewerblich noch privat) oder Serienmitteilungen beliebiger Art zu nutzen. Das gilt unter anderem auch f\u00fcr Verteilerlisten an Personen, die keine ausdr\u00fcckliche Erlaubnis zu deren Aufnahme in diese Listen erteilt haben. Ferner erkl\u00e4ren Sie sich bereit, keine Hypertext-Verweise von einer Ihnen unterstellten Website auf diese Website zu erstellen, ohne eine vorherige schriftliche Zustimmung von uns eingeholt zu haben. Sie sichern au\u00dferdem zu, sich nicht als eine andere Person oder als Vertretung einer juristischen Person auszugeben, ganz gleich ob es sich um eine reale oder fiktive Person handelt. Das gilt unter anderem f\u00fcr Mitarbeiter oder unsere Vermittler und auch f\u00fcr Dritte, die Serviceleistungen bezogen auf diese Website erbringen.<\/p>\n<p>Sie sagen zu, weder von Robots, Spider noch sonstigen automatischen oder manuellen Funktionen zur \u00dcberwachung oder zur Erstellung von Kopien der Website oder anderer Inhalte oder anderer hier enthaltener Informationen zu benutzen, es sei denn, Sie holen zuvor unsere schriftliche Genehmigung dazu ein. Sie erkl\u00e4ren sich bereit, die korrekte Funktionsweise dieser Website durch keinerlei Ma\u00dfnahmen oder Hilfsmittel zu st\u00f6ren oder versuchen zu beeintr\u00e4chtigen.<\/p>\n<p>Sie erkl\u00e4ren sich damit einverstanden diese Website: (i) nicht durch Viren, W\u00fcrmer, Zeitbomben und\/oder andere Computerprogramme oder -Routinen zu belasten, die die Absicht verfolgen, Systeme, Daten oder Informationen zu sch\u00e4digen oder in vernichtender Weise zu beeintr\u00e4chtigen und (ii) sie nicht mit Inhalten auszustatten, die uns zu etwas verpflichten.<br \/>\nIn dem gesetzlich zul\u00e4ssigen Umfang sind die auf der Website enthaltenen Informationen nicht als Grundlage f\u00fcr wichtige pers\u00f6nliche oder gesch\u00e4ftliche Entscheidungen zu erachten und Sie erkl\u00e4ren sich damit einverstanden, dass wir f\u00fcr eine m\u00f6gliche Nichterf\u00fcllung von Erwartungen nicht zur Verantwortung gezogen werden k\u00f6nnen.<\/p>\n<p>Diese Website enth\u00e4lt Verweise auf andere Websites. Diese Verweise stellen wir lediglich als Zusatzleistung f\u00fcr Sie und zu rein informativen Zwecken zur Verf\u00fcgung. Die Informationen auf den jeweiligen Websites haben wir nicht vollst\u00e4ndig gepr\u00fcft. Die Platzierung dieser Verweise bedeutet in keinster Weise, dass wir die betreffenden Inhalte, Werbebotschaften, Produkte, Dienstleistungen, Vorschriften oder andere \u00fcber die jeweiligen Websites abrufbaren Materialien unterst\u00fctzen, f\u00f6rdern oder billigen. Sollten Sie sich f\u00fcr das Aufrufen dieser externen Websites entscheiden, geschieht dies auf Ihr eigenes Risiko.<\/p>\n<p>Die auf unseren Produktseiten hinterlegten Produktbeschreibungen geben die Aussagen unserer Leistungspartner wieder. Die Website kann technische Ungenauigkeiten, Schreibfehler oder Auslassungen enthalten. Wir sind f\u00fcr Fehler bei der Rechtschreibung, bei Preisangaben, Produktinformationen, in Werbebotschaften oder beim Versand nicht verantwortlich. Die beworbenen Preise und die verf\u00fcgbaren Mengenangaben gelten unter Vorbehalt.<\/p>\n<p>WIR \u00dcBERNEHMEN KEINE VERANTWORTUNG ODER HAFTUNG F\u00dcR SCH\u00c4DEN ODER VERLETZUNGEN. DIES GILT UNTER ANDEREM F\u00dcR BESONDERE ODER FOLGESCH\u00c4DEN, DIE SICH AUS DER NUTZUNG (ODER DER UNF\u00c4HIGKEIT ZUR NUTZUNG) DIESER WEBSITE ERGEBEN UND SCHLIESST UNTER ANDEREM SACH- ODER PERSONENSCH\u00c4DEN MIT EIN, DIE DURCH FUNKTIONELLE ST\u00d6RUNGEN, FEHLER, AUSLASSUNGEN, UNTERBRECHUNGEN, DEFEKTE, BETRIEBLICHE VERZ\u00d6GERUNGEN, COMPUTERVIREN, LEITUNGSST\u00d6RUNGEN ODER ANDERE COMPUTER-FEHLFUNKTIONEN VERURSACHT WERDEN K\u00d6NNEN. SIE ERKENNEN AN, DASS WIR DIE INHALTE DIESER WEBSITE IM VORLIEGENDEN \u201cISTZUSTAND\u201d ZUM ABRUF BEREITSTELLEN UND KEINERLEI GARANTIEZUSAGEN JEGLICHER ART GEW\u00c4HREN. DIE NUTZUNG DIESER WEBSITE DURCH SIE UND DIE VERWENDUNG DER DARAUF VER\u00d6FFENTLICHTEN MATERIALIEN GESCHIEHT AUSSCHLIESSLICH AUF IHR PERS\u00d6NLICHES RISIKO.<\/p>\n<h2>Verkaufsbedingungen<\/h2>\n<p>Zahlungsbedingungen<br \/>\n\u2022 Die Kreditkarte wird mit dem Gesamtbetrag gem\u00e4\u00df den Bedingungen des angenommenen Angebots belastet.<br \/>\n\u2022 Wir akzeptieren folgende Kreditkarten: MasterCard, Maestro und Visa<br \/>\n<img loading=\"lazy\" decoding=\"async\" class=\"alignnone wp-image-1050\" src=\"https:\/\/www.bluewaves.hr\/wp-content\/uploads\/sites\/100\/2020\/01\/master-card-png-7-300x246.png\" alt=\"\" width=\"218\" height=\"179\" srcset=\"https:\/\/bluewaves.hr\/wp-content\/uploads\/sites\/100\/2020\/01\/master-card-png-7-300x246.png 300w, https:\/\/bluewaves.hr\/wp-content\/uploads\/sites\/100\/2020\/01\/master-card-png-7.png 512w\" sizes=\"auto, (max-width: 218px) 100vw, 218px\" \/><img loading=\"lazy\" decoding=\"async\" class=\"alignnone size-medium wp-image-1052\" src=\"https:\/\/www.bluewaves.hr\/wp-content\/uploads\/sites\/100\/2020\/01\/Visa-300x169.png\" alt=\"\" width=\"300\" height=\"169\" srcset=\"https:\/\/bluewaves.hr\/wp-content\/uploads\/sites\/100\/2020\/01\/Visa-300x169.png 300w, https:\/\/bluewaves.hr\/wp-content\/uploads\/sites\/100\/2020\/01\/Visa-768x432.png 768w, https:\/\/bluewaves.hr\/wp-content\/uploads\/sites\/100\/2020\/01\/Visa.png 800w\" sizes=\"auto, (max-width: 300px) 100vw, 300px\" \/><img loading=\"lazy\" decoding=\"async\" class=\"alignnone size-medium wp-image-1051\" src=\"https:\/\/www.bluewaves.hr\/wp-content\/uploads\/sites\/100\/2020\/01\/mc-secure-300x153.png\" alt=\"\" width=\"300\" height=\"153\" srcset=\"https:\/\/bluewaves.hr\/wp-content\/uploads\/sites\/100\/2020\/01\/mc-secure-300x153.png 300w, https:\/\/bluewaves.hr\/wp-content\/uploads\/sites\/100\/2020\/01\/mc-secure.png 380w\" sizes=\"auto, (max-width: 300px) 100vw, 300px\" \/><img loading=\"lazy\" decoding=\"async\" class=\"alignnone size-medium wp-image-1053\" src=\"https:\/\/www.bluewaves.hr\/wp-content\/uploads\/sites\/100\/2020\/01\/Logo-Verified_by_Visa-300x200.png\" alt=\"\" width=\"300\" height=\"200\" srcset=\"https:\/\/bluewaves.hr\/wp-content\/uploads\/sites\/100\/2020\/01\/Logo-Verified_by_Visa-300x200.png 300w, https:\/\/bluewaves.hr\/wp-content\/uploads\/sites\/100\/2020\/01\/Logo-Verified_by_Visa-768x512.png 768w, https:\/\/bluewaves.hr\/wp-content\/uploads\/sites\/100\/2020\/01\/Logo-Verified_by_Visa-1024x683.png 1024w, https:\/\/bluewaves.hr\/wp-content\/uploads\/sites\/100\/2020\/01\/Logo-Verified_by_Visa-600x400.png 600w, https:\/\/bluewaves.hr\/wp-content\/uploads\/sites\/100\/2020\/01\/Logo-Verified_by_Visa-450x300.png 450w, https:\/\/bluewaves.hr\/wp-content\/uploads\/sites\/100\/2020\/01\/Logo-Verified_by_Visa.png 1600w\" sizes=\"auto, (max-width: 300px) 100vw, 300px\" \/><br \/>\n\u2022 Die Kreditkarte wird in der Landesw\u00e4hrung (HRK) belastet.<br \/>\n\u2022 Ihre pers\u00f6nlichen Daten sowie Ihre Kreditkartendaten sind vollst\u00e4ndig gesch\u00fctzt. Die Daten\u00fcbertragung erfolgt auf einem gesicherten Server.<br \/>\n\u2022 Erstattungen werden zu folgenden Bedingungen gew\u00e4hrt:<br \/>\no Eine R\u00fcckerstattung kann gem\u00e4\u00df den auf der Reservierungsbest\u00e4tigung angegebenen Bedingungen beantragt werden.<br \/>\no R\u00fcckerstattungen erfolgen in der gleichen Weise wie die Zahlung ausgef\u00fchrt wird.<br \/>\n\u2022 Falls Ihre Kreditkarte nicht belastet werden konnte, behalten wir uns das Recht vor, Ihre Bestellung zu stornieren.<br \/>\n\u2022 Wenn Sie Fragen haben, wenden Sie sich bitte an uns unter 00385 51 654 002 oder per E-Mail an info@bluewaves.hr<\/p>\n<h4>H\u00c4NDLER &#8211; BLUE WAVES RESORT<\/h4>\n<p>Firmenname: Byder projektiranje d.o.o.<br \/>\nHauptsitz: Rova 33, 51511 Malinska<br \/>\nRegistergericht: Handelsgericht in Rijeka<br \/>\nMehrwertsteuer: HR55670089612<br \/>\nT: 00385 51 654 002<br \/>\nE-Mail: info@bluewaves.hr<\/p>\n<h3>Erkl\u00e4rung zum Schutz und zur Erhebung personenbezogener Daten und deren Verwendung<\/h3>\n<p>Byder projektiranje d.o.o. (Blue Waves Resort) bietet Schutz personenbezogener Daten, indem nur grundlegende Kundeninformationen gesammelt werden, die zur Erf\u00fcllung gesch\u00e4ftlicher Verpflichtungen erforderlich sind. Die erhobenen personenbezogenen Daten des Kunden werden sicher gespeichert und nur f\u00fcr die Zwecke verwendet, f\u00fcr die sie erhoben wurden.<br \/>\nDer Zugriff auf die erhobenen personenbezogenen Daten ist ausschlie\u00dflich den berechtigten Mitarbeitern vorbehalten.<br \/>\nAlle Byder projektiranje d.o.o. (Blue Waves Resort) Mitarbeiter und Gesch\u00e4ftspartner sind f\u00fcr die Einhaltung der Grunds\u00e4tze des Datenschutzes verantwortlich.<\/p>\n<h3>Erkl\u00e4rung zur Verwendung von WSPay<\/h3>\n<p>Byder projektiranje d.o.o. (Blue Waves Resort) verwendet WSPay f\u00fcr Online-Zahlungen.<\/p>\n<p><img loading=\"lazy\" decoding=\"async\" class=\"size-medium wp-image-1054 aligncenter\" src=\"https:\/\/www.bluewaves.hr\/wp-content\/uploads\/sites\/100\/2020\/01\/wspay-logo-300x169.jpg\" alt=\"\" width=\"300\" height=\"169\" srcset=\"https:\/\/bluewaves.hr\/wp-content\/uploads\/sites\/100\/2020\/01\/wspay-logo-300x169.jpg 300w, https:\/\/bluewaves.hr\/wp-content\/uploads\/sites\/100\/2020\/01\/wspay-logo-768x432.jpg 768w, https:\/\/bluewaves.hr\/wp-content\/uploads\/sites\/100\/2020\/01\/wspay-logo.jpg 800w\" sizes=\"auto, (max-width: 300px) 100vw, 300px\" \/><br \/>\nWSPay ist ein sicheres Online-Zahlungssystem f\u00fcr Zahlungen in Echtzeit, Kredit- und Debitkarten sowie andere Zahlungsmethoden. Der WSPay-Kunde und der H\u00e4ndler sorgen f\u00fcr eine sichere Registrierung und \u00dcbertragung der eingegebenen Tab-Daten sowie des PCI-DSS-Zertifikats, \u00fcber das WSPay verf\u00fcgt. WSPay verwendet ein SSL-Zertifikat mit 256-Bit-Verschl\u00fcsselung und das kryptografische Protokoll TLS 1.2 als h\u00f6chsten Grad an Datenschutz und Datensicherheit.<\/p>\n<h3>Erkl\u00e4rung zum Schutz der Weitergabe personenbezogener Daten<\/h3>\n<p>Schutz personenbezogener Daten gem\u00e4\u00df der Allgemeinen Datenschutzverordnung des Europ\u00e4ischen Parlaments und des Rates Nr. 2016\/679-Verordnung und Umsetzung der Allgemeinen Datenschutzverordnung.<br \/>\nWSPay als Kreditkartenautorisierung und Kreditkartenanbieter verarbeitet personenbezogene Daten als Bearbeiter und verarbeitet personenbezogene Daten gem\u00e4\u00df der Allgemeinen Verordnung zum Schutz von Daten des Europ\u00e4ischen Parlaments und des Rates Nr. 2016\/679 und den strengen Regeln der PCI DSS L1 Bestimmungen zum Schutz von Registrierungen und zur Daten\u00fcbertragung.<br \/>\nWSPay verwendet ein SSL-Zertifikat mit 256-Bit-Verschl\u00fcsselung und das kryptografische Protokoll TLS 1.2 als h\u00f6chsten Grad an Datenschutz und Datensicherheit.<br \/>\nPersonenbezogene Daten, die f\u00fcr Autorisierungs- und Erhebungszwecke oder zur Erf\u00fcllung des Vertrags oder der Vertragspflichten verwendet werden, werden als vertraulich behandelt.<br \/>\nWSPay verarbeitet personenbezogene Daten nur zum Zweck der Autorisierung und Abrechnung.<br \/>\nWSPay garantiert die Einhaltung aller Bestimmungen und Bedingungen, die in den geltenden Bestimmungen zum Schutz personenbezogener Daten f\u00fcr F\u00fchrungskr\u00e4fte der Verarbeitung personenbezogener Daten festgelegt sind, und insbesondere die Ergreifung aller erforderlichen technischen, organisatorischen und sicherheitstechnischen Ma\u00dfnahmen, insbesondere des PCI DSS L1 Certified.<\/p>\n<p><strong>Eigentumsrechte<\/strong><br \/>\nS\u00e4mtliche Inhalte auf dieser Website, Grafiken, Logos, Artikel und andere Materialien sind das Eigentum der Byder projektiranje d.o.o. und sind urheberrechtlich sowie durch andere Gesetze gesch\u00fctzt. Alle Marken und Logos, die auf dieser Website angezeigt werden, sind das Eigentum ihrer rechtm\u00e4\u00dfigen Besitzer, die unter Umst\u00e4nden unserem Unternehmen angeh\u00f6ren oder auch nicht.<\/p>\n<p>&nbsp;<\/p>\n<p><strong>Anwendbares Recht<\/strong><\/p>\n<p>Mit der Nutzung dieser Website erkl\u00e4ren Sie sich damit einverstanden, dass diese Datenschutzrichtlinie, dieser Nutzungsvertrag und etwaige daraus erwachsende Streitf\u00e4lle den einschl\u00e4gigen Gesetzen der Republik Kroatien unterliegen. Diesbez\u00fcgliche Streitigkeiten sind ausschlie\u00dflich vor den zust\u00e4ndigen Gerichten in Rijeka, Kroatien, beizulegen.<\/p>\n<p>&nbsp;<\/p>\n<p><strong>Information zum einreichen von schriftlichen Beschwerden<\/strong><\/p>\n<p>Gem\u00e4\u00df Artikel 21 Absatz 1 des Gesetzes zur Erbringung von Dienstleistungen im Tourismus (Amtsblatt \u201eNarodne novine\u201c Nr. 130\/17) informieren wir unsere Kunden, dass Beschwerden in Bezug auf die Qualit\u00e4t unserer Dienstleistungen per Post an unsere Firmensitzadresse, per E-Mail, per Fax oder durch das Eintragen in das Beschwerdebuch in der Unterkunft einzureichen sind. Den Erhalt der schriftlichen Beschwerde best\u00e4tigen wir unverz\u00fcglich in schriftlicher Form und antworten innerhalb von 15 Tagen nach dem Erhalt.<\/p>\n","protected":false},"excerpt":{"rendered":"<p>Nutzungsbedingungen Danke, dass Sie die Blue Waves Resort Website besuchen. Diese Website und alle damit verbundenen Websites, die hier genannt werden (kollektiv als \u201eWebsite\u201f bezeichnet), werden von der Byder projektiranje d.o.o., Rova 33, Malinska (nachstehend bezeichnet als \u201ewir\u201f, \u201euns\u201f, \u201eunsere\u201f) zur Verf\u00fcgung gestellt. Mit der Nutzung dieser Website erkennen Sie die nachfolgenden Bedingungen an. Wenn [&hellip;]<\/p>\n","protected":false},"author":3,"featured_media":0,"parent":0,"menu_order":140,"comment_status":"closed","ping_status":"closed","template":"","meta":{"footnotes":""},"class_list":["post-816","page","type-page","status-publish","hentry"],"yoast_head":"<!-- This site is optimized with the Yoast SEO plugin v26.9 - https:\/\/yoast.com\/product\/yoast-seo-wordpress\/ -->\n<title>Nutzungsbedingungen - Blue Waves Resort<\/title>\n<meta name=\"robots\" content=\"index, follow, max-snippet:-1, max-image-preview:large, max-video-preview:-1\" \/>\n<link rel=\"canonical\" href=\"https:\/\/bluewaves.hr\/de\/nutzungsbedingungen\/\" \/>\n<meta property=\"og:locale\" content=\"de_DE\" \/>\n<meta property=\"og:type\" content=\"article\" \/>\n<meta property=\"og:title\" content=\"Nutzungsbedingungen - Blue Waves Resort\" \/>\n<meta property=\"og:description\" content=\"Nutzungsbedingungen Danke, dass Sie die Blue Waves Resort Website besuchen. Diese Website und alle damit verbundenen Websites, die hier genannt werden (kollektiv als \u201eWebsite\u201f bezeichnet), werden von der Byder projektiranje d.o.o., Rova 33, Malinska (nachstehend bezeichnet als \u201ewir\u201f, \u201euns\u201f, \u201eunsere\u201f) zur Verf\u00fcgung gestellt. Mit der Nutzung dieser Website erkennen Sie die nachfolgenden Bedingungen an. Wenn [&hellip;]\" \/>\n<meta property=\"og:url\" content=\"https:\/\/bluewaves.hr\/de\/nutzungsbedingungen\/\" \/>\n<meta property=\"og:site_name\" content=\"Blue Waves Resort\" \/>\n<meta property=\"article:modified_time\" content=\"2022-08-09T12:02:43+00:00\" \/>\n<meta property=\"og:image\" content=\"https:\/\/www.bluewaves.hr\/wp-content\/uploads\/sites\/100\/2020\/01\/master-card-png-7-300x246.png\" \/>\n<meta name=\"twitter:card\" content=\"summary_large_image\" \/>\n<meta name=\"twitter:label1\" content=\"Gesch\u00e4tzte Lesezeit\" \/>\n\t<meta name=\"twitter:data1\" content=\"8 Minuten\" \/>\n<script type=\"application\/ld+json\" class=\"yoast-schema-graph\">{\"@context\":\"https:\/\/schema.org\",\"@graph\":[{\"@type\":\"WebPage\",\"@id\":\"https:\/\/bluewaves.hr\/de\/nutzungsbedingungen\/\",\"url\":\"https:\/\/bluewaves.hr\/de\/nutzungsbedingungen\/\",\"name\":\"Nutzungsbedingungen - Blue Waves Resort\",\"isPartOf\":{\"@id\":\"https:\/\/bluewaves.hr\/de\/#website\"},\"primaryImageOfPage\":{\"@id\":\"https:\/\/bluewaves.hr\/de\/nutzungsbedingungen\/#primaryimage\"},\"image\":{\"@id\":\"https:\/\/bluewaves.hr\/de\/nutzungsbedingungen\/#primaryimage\"},\"thumbnailUrl\":\"https:\/\/www.bluewaves.hr\/wp-content\/uploads\/sites\/100\/2020\/01\/master-card-png-7-300x246.png\",\"datePublished\":\"2019-12-16T17:01:37+00:00\",\"dateModified\":\"2022-08-09T12:02:43+00:00\",\"breadcrumb\":{\"@id\":\"https:\/\/bluewaves.hr\/de\/nutzungsbedingungen\/#breadcrumb\"},\"inLanguage\":\"de-DE\",\"potentialAction\":[{\"@type\":\"ReadAction\",\"target\":[\"https:\/\/bluewaves.hr\/de\/nutzungsbedingungen\/\"]}]},{\"@type\":\"ImageObject\",\"inLanguage\":\"de-DE\",\"@id\":\"https:\/\/bluewaves.hr\/de\/nutzungsbedingungen\/#primaryimage\",\"url\":\"https:\/\/www.bluewaves.hr\/wp-content\/uploads\/sites\/100\/2020\/01\/master-card-png-7-300x246.png\",\"contentUrl\":\"https:\/\/www.bluewaves.hr\/wp-content\/uploads\/sites\/100\/2020\/01\/master-card-png-7-300x246.png\"},{\"@type\":\"BreadcrumbList\",\"@id\":\"https:\/\/bluewaves.hr\/de\/nutzungsbedingungen\/#breadcrumb\",\"itemListElement\":[{\"@type\":\"ListItem\",\"position\":1,\"name\":\"Home\",\"item\":\"https:\/\/bluewaves.hr\/de\/\"},{\"@type\":\"ListItem\",\"position\":2,\"name\":\"Nutzungsbedingungen\"}]},{\"@type\":\"WebSite\",\"@id\":\"https:\/\/bluewaves.hr\/de\/#website\",\"url\":\"https:\/\/bluewaves.hr\/de\/\",\"name\":\"Blue Waves Resort\",\"description\":\"Just another ms.decms.eu site\",\"publisher\":{\"@id\":\"https:\/\/bluewaves.hr\/de\/#organization\"},\"potentialAction\":[{\"@type\":\"SearchAction\",\"target\":{\"@type\":\"EntryPoint\",\"urlTemplate\":\"https:\/\/bluewaves.hr\/de\/?s={search_term_string}\"},\"query-input\":{\"@type\":\"PropertyValueSpecification\",\"valueRequired\":true,\"valueName\":\"search_term_string\"}}],\"inLanguage\":\"de-DE\"},{\"@type\":\"Organization\",\"@id\":\"https:\/\/bluewaves.hr\/de\/#organization\",\"name\":\"Blue Waves Resort\",\"url\":\"https:\/\/bluewaves.hr\/de\/\",\"logo\":{\"@type\":\"ImageObject\",\"inLanguage\":\"de-DE\",\"@id\":\"https:\/\/bluewaves.hr\/de\/#\/schema\/logo\/image\/\",\"url\":\"https:\/\/bluewaves.hr\/wp-content\/uploads\/sites\/100\/2024\/01\/Blue-waves-logo-zlatni.png\",\"contentUrl\":\"https:\/\/bluewaves.hr\/wp-content\/uploads\/sites\/100\/2024\/01\/Blue-waves-logo-zlatni.png\",\"width\":1168,\"height\":652,\"caption\":\"Blue Waves Resort\"},\"image\":{\"@id\":\"https:\/\/bluewaves.hr\/de\/#\/schema\/logo\/image\/\"}}]}<\/script>\n<!-- \/ Yoast SEO plugin. -->","yoast_head_json":{"title":"Nutzungsbedingungen - Blue Waves Resort","robots":{"index":"index","follow":"follow","max-snippet":"max-snippet:-1","max-image-preview":"max-image-preview:large","max-video-preview":"max-video-preview:-1"},"canonical":"https:\/\/bluewaves.hr\/de\/nutzungsbedingungen\/","og_locale":"de_DE","og_type":"article","og_title":"Nutzungsbedingungen - Blue Waves Resort","og_description":"Nutzungsbedingungen Danke, dass Sie die Blue Waves Resort Website besuchen. Diese Website und alle damit verbundenen Websites, die hier genannt werden (kollektiv als \u201eWebsite\u201f bezeichnet), werden von der Byder projektiranje d.o.o., Rova 33, Malinska (nachstehend bezeichnet als \u201ewir\u201f, \u201euns\u201f, \u201eunsere\u201f) zur Verf\u00fcgung gestellt. Mit der Nutzung dieser Website erkennen Sie die nachfolgenden Bedingungen an. Wenn [&hellip;]","og_url":"https:\/\/bluewaves.hr\/de\/nutzungsbedingungen\/","og_site_name":"Blue Waves Resort","article_modified_time":"2022-08-09T12:02:43+00:00","og_image":[{"url":"https:\/\/www.bluewaves.hr\/wp-content\/uploads\/sites\/100\/2020\/01\/master-card-png-7-300x246.png","type":"","width":"","height":""}],"twitter_card":"summary_large_image","twitter_misc":{"Gesch\u00e4tzte Lesezeit":"8 Minuten"},"schema":{"@context":"https:\/\/schema.org","@graph":[{"@type":"WebPage","@id":"https:\/\/bluewaves.hr\/de\/nutzungsbedingungen\/","url":"https:\/\/bluewaves.hr\/de\/nutzungsbedingungen\/","name":"Nutzungsbedingungen - Blue Waves Resort","isPartOf":{"@id":"https:\/\/bluewaves.hr\/de\/#website"},"primaryImageOfPage":{"@id":"https:\/\/bluewaves.hr\/de\/nutzungsbedingungen\/#primaryimage"},"image":{"@id":"https:\/\/bluewaves.hr\/de\/nutzungsbedingungen\/#primaryimage"},"thumbnailUrl":"https:\/\/www.bluewaves.hr\/wp-content\/uploads\/sites\/100\/2020\/01\/master-card-png-7-300x246.png","datePublished":"2019-12-16T17:01:37+00:00","dateModified":"2022-08-09T12:02:43+00:00","breadcrumb":{"@id":"https:\/\/bluewaves.hr\/de\/nutzungsbedingungen\/#breadcrumb"},"inLanguage":"de-DE","potentialAction":[{"@type":"ReadAction","target":["https:\/\/bluewaves.hr\/de\/nutzungsbedingungen\/"]}]},{"@type":"ImageObject","inLanguage":"de-DE","@id":"https:\/\/bluewaves.hr\/de\/nutzungsbedingungen\/#primaryimage","url":"https:\/\/www.bluewaves.hr\/wp-content\/uploads\/sites\/100\/2020\/01\/master-card-png-7-300x246.png","contentUrl":"https:\/\/www.bluewaves.hr\/wp-content\/uploads\/sites\/100\/2020\/01\/master-card-png-7-300x246.png"},{"@type":"BreadcrumbList","@id":"https:\/\/bluewaves.hr\/de\/nutzungsbedingungen\/#breadcrumb","itemListElement":[{"@type":"ListItem","position":1,"name":"Home","item":"https:\/\/bluewaves.hr\/de\/"},{"@type":"ListItem","position":2,"name":"Nutzungsbedingungen"}]},{"@type":"WebSite","@id":"https:\/\/bluewaves.hr\/de\/#website","url":"https:\/\/bluewaves.hr\/de\/","name":"Blue Waves Resort","description":"Just another ms.decms.eu site","publisher":{"@id":"https:\/\/bluewaves.hr\/de\/#organization"},"potentialAction":[{"@type":"SearchAction","target":{"@type":"EntryPoint","urlTemplate":"https:\/\/bluewaves.hr\/de\/?s={search_term_string}"},"query-input":{"@type":"PropertyValueSpecification","valueRequired":true,"valueName":"search_term_string"}}],"inLanguage":"de-DE"},{"@type":"Organization","@id":"https:\/\/bluewaves.hr\/de\/#organization","name":"Blue Waves Resort","url":"https:\/\/bluewaves.hr\/de\/","logo":{"@type":"ImageObject","inLanguage":"de-DE","@id":"https:\/\/bluewaves.hr\/de\/#\/schema\/logo\/image\/","url":"https:\/\/bluewaves.hr\/wp-content\/uploads\/sites\/100\/2024\/01\/Blue-waves-logo-zlatni.png","contentUrl":"https:\/\/bluewaves.hr\/wp-content\/uploads\/sites\/100\/2024\/01\/Blue-waves-logo-zlatni.png","width":1168,"height":652,"caption":"Blue Waves Resort"},"image":{"@id":"https:\/\/bluewaves.hr\/de\/#\/schema\/logo\/image\/"}}]}},"acf":[],"_links":{"self":[{"href":"https:\/\/bluewaves.hr\/de\/wp-json\/wp\/v2\/pages\/816","targetHints":{"allow":["GET"]}}],"collection":[{"href":"https:\/\/bluewaves.hr\/de\/wp-json\/wp\/v2\/pages"}],"about":[{"href":"https:\/\/bluewaves.hr\/de\/wp-json\/wp\/v2\/types\/page"}],"author":[{"embeddable":true,"href":"https:\/\/bluewaves.hr\/de\/wp-json\/wp\/v2\/users\/3"}],"replies":[{"embeddable":true,"href":"https:\/\/bluewaves.hr\/de\/wp-json\/wp\/v2\/comments?post=816"}],"version-history":[{"count":0,"href":"https:\/\/bluewaves.hr\/de\/wp-json\/wp\/v2\/pages\/816\/revisions"}],"wp:attachment":[{"href":"https:\/\/bluewaves.hr\/de\/wp-json\/wp\/v2\/media?parent=816"}],"curies":[{"name":"wp","href":"https:\/\/api.w.org\/{rel}","templated":true}]}}