{"id":820,"date":"2019-12-16T17:11:35","date_gmt":"2019-12-16T17:11:35","guid":{"rendered":"http:\/\/blue-waves-resort.ms.decms.eu\/?page_id=820"},"modified":"2021-01-22T12:06:46","modified_gmt":"2021-01-22T12:06:46","slug":"unser-treueprogramm","status":"publish","type":"page","link":"https:\/\/bluewaves.hr\/de\/unser-treueprogramm\/","title":{"rendered":"Unser Treueprogramm"},"content":{"rendered":"<p>Werden Sie Mitglied unseres Treueprogramms und nutzen Sie die zahlreichen Vorteile, die wir vorbereitet haben.<br \/>\nDie Registrierung ist kostenlos und die Vorteile k\u00f6nnen Sie bei Ihrem n\u00e4chsten Aufenthalt im Blue Waves Resort nutzen.<\/p>\n<p>Es gibt einen Grund, warum unser moto &#8211; Ihr Haus am Strand ist. Das Gef\u00fchl des Hauses, das Gef\u00fchl einer Familie ist, wozu wir zielen. Unsere G\u00e4ste werden als Familienmitglieder gesehen, und wir sch\u00e4tzen wirklich die Loyalit\u00e4t unserer G\u00e4ste. Unser Loyalit\u00e4tsprogramm ist eine der Weisen, unsere Dankbarkeit dessen zu zeigen, wie viel wir sch\u00e4tzen, ein Teil der sch\u00f6nsten Tage Ihres Jahres &#8211; die mit Ihren geliebten ausgegebenen Tage zu sein.<\/p>\n","protected":false},"excerpt":{"rendered":"<p>Werden Sie Mitglied unseres Treueprogramms und nutzen Sie die zahlreichen Vorteile, die wir vorbereitet haben. Die Registrierung ist kostenlos und die Vorteile k\u00f6nnen Sie bei Ihrem n\u00e4chsten Aufenthalt im Blue Waves Resort nutzen. Es gibt einen Grund, warum unser moto &#8211; Ihr Haus am Strand ist. Das Gef\u00fchl des Hauses, das Gef\u00fchl einer Familie ist, [&hellip;]<\/p>\n","protected":false},"author":4,"featured_media":0,"parent":0,"menu_order":130,"comment_status":"closed","ping_status":"closed","template":"","meta":{"footnotes":""},"class_list":["post-820","page","type-page","status-publish","hentry"],"yoast_head":"<!-- This site is optimized with the Yoast SEO plugin v26.9 - https:\/\/yoast.com\/product\/yoast-seo-wordpress\/ -->\n<title>Unser Treueprogramm - Blue Waves Resort<\/title>\n<meta name=\"description\" content=\"Melden Sie sich kostenlos f\u00fcr unser Treueprogramm an und profitieren Sie von zahlreichen Vorteilen und Rabatten. Wir sch\u00e4tzen und belohnen Ihre Treue.\" \/>\n<meta name=\"robots\" content=\"index, follow, max-snippet:-1, max-image-preview:large, max-video-preview:-1\" \/>\n<link rel=\"canonical\" href=\"https:\/\/bluewaves.hr\/de\/unser-treueprogramm\/\" \/>\n<meta property=\"og:locale\" content=\"de_DE\" \/>\n<meta property=\"og:type\" content=\"article\" \/>\n<meta property=\"og:title\" content=\"Unser Treueprogramm - Blue Waves Resort\" \/>\n<meta property=\"og:description\" content=\"Melden Sie sich kostenlos f\u00fcr unser Treueprogramm an und profitieren Sie von zahlreichen Vorteilen und Rabatten. Wir sch\u00e4tzen und belohnen Ihre Treue.\" \/>\n<meta property=\"og:url\" content=\"https:\/\/bluewaves.hr\/de\/unser-treueprogramm\/\" \/>\n<meta property=\"og:site_name\" content=\"Blue Waves Resort\" \/>\n<meta property=\"article:modified_time\" content=\"2021-01-22T12:06:46+00:00\" \/>\n<meta name=\"twitter:card\" content=\"summary_large_image\" \/>\n<meta name=\"twitter:label1\" content=\"Gesch\u00e4tzte Lesezeit\" \/>\n\t<meta name=\"twitter:data1\" content=\"1 Minute\" \/>\n<script type=\"application\/ld+json\" class=\"yoast-schema-graph\">{\"@context\":\"https:\/\/schema.org\",\"@graph\":[{\"@type\":\"WebPage\",\"@id\":\"https:\/\/bluewaves.hr\/de\/unser-treueprogramm\/\",\"url\":\"https:\/\/bluewaves.hr\/de\/unser-treueprogramm\/\",\"name\":\"Unser Treueprogramm - Blue Waves Resort\",\"isPartOf\":{\"@id\":\"https:\/\/bluewaves.hr\/de\/#website\"},\"datePublished\":\"2019-12-16T17:11:35+00:00\",\"dateModified\":\"2021-01-22T12:06:46+00:00\",\"description\":\"Melden Sie sich kostenlos f\u00fcr unser Treueprogramm an und profitieren Sie von zahlreichen Vorteilen und Rabatten. Wir sch\u00e4tzen und belohnen Ihre Treue.\",\"breadcrumb\":{\"@id\":\"https:\/\/bluewaves.hr\/de\/unser-treueprogramm\/#breadcrumb\"},\"inLanguage\":\"de-DE\",\"potentialAction\":[{\"@type\":\"ReadAction\",\"target\":[\"https:\/\/bluewaves.hr\/de\/unser-treueprogramm\/\"]}]},{\"@type\":\"BreadcrumbList\",\"@id\":\"https:\/\/bluewaves.hr\/de\/unser-treueprogramm\/#breadcrumb\",\"itemListElement\":[{\"@type\":\"ListItem\",\"position\":1,\"name\":\"Home\",\"item\":\"https:\/\/bluewaves.hr\/de\/\"},{\"@type\":\"ListItem\",\"position\":2,\"name\":\"Unser Treueprogramm\"}]},{\"@type\":\"WebSite\",\"@id\":\"https:\/\/bluewaves.hr\/de\/#website\",\"url\":\"https:\/\/bluewaves.hr\/de\/\",\"name\":\"Blue Waves Resort\",\"description\":\"Just another ms.decms.eu site\",\"publisher\":{\"@id\":\"https:\/\/bluewaves.hr\/de\/#organization\"},\"potentialAction\":[{\"@type\":\"SearchAction\",\"target\":{\"@type\":\"EntryPoint\",\"urlTemplate\":\"https:\/\/bluewaves.hr\/de\/?s={search_term_string}\"},\"query-input\":{\"@type\":\"PropertyValueSpecification\",\"valueRequired\":true,\"valueName\":\"search_term_string\"}}],\"inLanguage\":\"de-DE\"},{\"@type\":\"Organization\",\"@id\":\"https:\/\/bluewaves.hr\/de\/#organization\",\"name\":\"Blue Waves Resort\",\"url\":\"https:\/\/bluewaves.hr\/de\/\",\"logo\":{\"@type\":\"ImageObject\",\"inLanguage\":\"de-DE\",\"@id\":\"https:\/\/bluewaves.hr\/de\/#\/schema\/logo\/image\/\",\"url\":\"https:\/\/bluewaves.hr\/wp-content\/uploads\/sites\/100\/2024\/01\/Blue-waves-logo-zlatni.png\",\"contentUrl\":\"https:\/\/bluewaves.hr\/wp-content\/uploads\/sites\/100\/2024\/01\/Blue-waves-logo-zlatni.png\",\"width\":1168,\"height\":652,\"caption\":\"Blue Waves Resort\"},\"image\":{\"@id\":\"https:\/\/bluewaves.hr\/de\/#\/schema\/logo\/image\/\"}}]}<\/script>\n<!-- \/ Yoast SEO plugin. -->","yoast_head_json":{"title":"Unser Treueprogramm - Blue Waves Resort","description":"Melden Sie sich kostenlos f\u00fcr unser Treueprogramm an und profitieren Sie von zahlreichen Vorteilen und Rabatten. Wir sch\u00e4tzen und belohnen Ihre Treue.","robots":{"index":"index","follow":"follow","max-snippet":"max-snippet:-1","max-image-preview":"max-image-preview:large","max-video-preview":"max-video-preview:-1"},"canonical":"https:\/\/bluewaves.hr\/de\/unser-treueprogramm\/","og_locale":"de_DE","og_type":"article","og_title":"Unser Treueprogramm - Blue Waves Resort","og_description":"Melden Sie sich kostenlos f\u00fcr unser Treueprogramm an und profitieren Sie von zahlreichen Vorteilen und Rabatten. Wir sch\u00e4tzen und belohnen Ihre Treue.","og_url":"https:\/\/bluewaves.hr\/de\/unser-treueprogramm\/","og_site_name":"Blue Waves Resort","article_modified_time":"2021-01-22T12:06:46+00:00","twitter_card":"summary_large_image","twitter_misc":{"Gesch\u00e4tzte Lesezeit":"1 Minute"},"schema":{"@context":"https:\/\/schema.org","@graph":[{"@type":"WebPage","@id":"https:\/\/bluewaves.hr\/de\/unser-treueprogramm\/","url":"https:\/\/bluewaves.hr\/de\/unser-treueprogramm\/","name":"Unser Treueprogramm - Blue Waves Resort","isPartOf":{"@id":"https:\/\/bluewaves.hr\/de\/#website"},"datePublished":"2019-12-16T17:11:35+00:00","dateModified":"2021-01-22T12:06:46+00:00","description":"Melden Sie sich kostenlos f\u00fcr unser Treueprogramm an und profitieren Sie von zahlreichen Vorteilen und Rabatten. Wir sch\u00e4tzen und belohnen Ihre Treue.","breadcrumb":{"@id":"https:\/\/bluewaves.hr\/de\/unser-treueprogramm\/#breadcrumb"},"inLanguage":"de-DE","potentialAction":[{"@type":"ReadAction","target":["https:\/\/bluewaves.hr\/de\/unser-treueprogramm\/"]}]},{"@type":"BreadcrumbList","@id":"https:\/\/bluewaves.hr\/de\/unser-treueprogramm\/#breadcrumb","itemListElement":[{"@type":"ListItem","position":1,"name":"Home","item":"https:\/\/bluewaves.hr\/de\/"},{"@type":"ListItem","position":2,"name":"Unser Treueprogramm"}]},{"@type":"WebSite","@id":"https:\/\/bluewaves.hr\/de\/#website","url":"https:\/\/bluewaves.hr\/de\/","name":"Blue Waves Resort","description":"Just another ms.decms.eu site","publisher":{"@id":"https:\/\/bluewaves.hr\/de\/#organization"},"potentialAction":[{"@type":"SearchAction","target":{"@type":"EntryPoint","urlTemplate":"https:\/\/bluewaves.hr\/de\/?s={search_term_string}"},"query-input":{"@type":"PropertyValueSpecification","valueRequired":true,"valueName":"search_term_string"}}],"inLanguage":"de-DE"},{"@type":"Organization","@id":"https:\/\/bluewaves.hr\/de\/#organization","name":"Blue Waves Resort","url":"https:\/\/bluewaves.hr\/de\/","logo":{"@type":"ImageObject","inLanguage":"de-DE","@id":"https:\/\/bluewaves.hr\/de\/#\/schema\/logo\/image\/","url":"https:\/\/bluewaves.hr\/wp-content\/uploads\/sites\/100\/2024\/01\/Blue-waves-logo-zlatni.png","contentUrl":"https:\/\/bluewaves.hr\/wp-content\/uploads\/sites\/100\/2024\/01\/Blue-waves-logo-zlatni.png","width":1168,"height":652,"caption":"Blue Waves Resort"},"image":{"@id":"https:\/\/bluewaves.hr\/de\/#\/schema\/logo\/image\/"}}]}},"acf":[],"_links":{"self":[{"href":"https:\/\/bluewaves.hr\/de\/wp-json\/wp\/v2\/pages\/820","targetHints":{"allow":["GET"]}}],"collection":[{"href":"https:\/\/bluewaves.hr\/de\/wp-json\/wp\/v2\/pages"}],"about":[{"href":"https:\/\/bluewaves.hr\/de\/wp-json\/wp\/v2\/types\/page"}],"author":[{"embeddable":true,"href":"https:\/\/bluewaves.hr\/de\/wp-json\/wp\/v2\/users\/4"}],"replies":[{"embeddable":true,"href":"https:\/\/bluewaves.hr\/de\/wp-json\/wp\/v2\/comments?post=820"}],"version-history":[{"count":0,"href":"https:\/\/bluewaves.hr\/de\/wp-json\/wp\/v2\/pages\/820\/revisions"}],"wp:attachment":[{"href":"https:\/\/bluewaves.hr\/de\/wp-json\/wp\/v2\/media?parent=820"}],"curies":[{"name":"wp","href":"https:\/\/api.w.org\/{rel}","templated":true}]}}