{"id":824,"date":"2019-12-16T17:16:34","date_gmt":"2019-12-16T17:16:34","guid":{"rendered":"http:\/\/blue-waves-resort.ms.decms.eu\/?page_id=824"},"modified":"2022-03-11T16:02:19","modified_gmt":"2022-03-11T16:02:19","slug":"newsletter","status":"publish","type":"page","link":"https:\/\/bluewaves.hr\/de\/newsletter\/","title":{"rendered":"Newsletter"},"content":{"rendered":"<p>Abonnieren Sie unser Newsletter und erhalten Sie per E-Mail die aktuellsten Neuigkeiten und Angebote. Mit der Best\u00e4tigung dieses Formulars, nehme ich in Kenntnis, dass meine pers\u00f6nlichen Kontaktinformationen f\u00fcr Marketingzwecke benutzt werden k\u00f6nnen. Sie k\u00f6nnen den Newsletter zu jeder Zeit absagen \u2013 klicken Sie nur auf das Feld \u201eAbo k\u00fcndigen\u201c welches sich in jedem Newsletter befindet.<\/p>\n\n                <div class='gf_browser_gecko gform_wrapper' id='gform_wrapper_15' ><form method='post' enctype='multipart\/form-data'  id='gform_15'  action='\/de\/wp-json\/wp\/v2\/pages\/824'>\n                        <div class='gform_heading'>\n                            <span class='gform_description'><\/span>\n                        <\/div>\n                        <div class='gform_body'><ul id='gform_fields_15' class='gform_fields top_label form_sublabel_below description_below'><li id='field_15_1'  class='gfield gfield_contains_required field_sublabel_below field_description_above gfield_visibility_visible' ><label class='gfield_label' for='input_15_1' >Name<span class='gfield_required'>*<\/span><\/label><div class='ginput_container ginput_container_text'><input name='input_1' id='input_15_1' type='text' value='' class='medium'    placeholder='Name' aria-required=\"true\" aria-invalid=\"false\" \/><\/div><\/li><li id='field_15_2'  class='gfield gfield_contains_required field_sublabel_below field_description_below gfield_visibility_visible' ><label class='gfield_label' for='input_15_2' >Nachname<span class='gfield_required'>*<\/span><\/label><div class='ginput_container ginput_container_text'><input name='input_2' id='input_15_2' type='text' value='' class='medium'    placeholder='Nachname' aria-required=\"true\" aria-invalid=\"false\" \/><\/div><\/li><li id='field_15_4'  class='gfield gfield_contains_required field_sublabel_below field_description_below gfield_visibility_visible' ><label class='gfield_label' for='input_15_4' >Email<span class='gfield_required'>*<\/span><\/label><div class='ginput_container ginput_container_email'>\n                            <input name='input_4' id='input_15_4' type='text' value='' class='medium'   placeholder='E-mail' aria-required=\"true\" aria-invalid=\"false\" \/>\n                        <\/div><\/li><li id='field_15_9'  class='gfield privacy gfield_contains_required field_sublabel_below field_description_below gfield_visibility_visible' ><label class='gfield_label'  >Datenschutzerkl\u00e4rung<span class='gfield_required'>*<\/span><\/label><div class='ginput_container ginput_container_checkbox'><ul class='gfield_checkbox' id='input_15_9'><li class='gchoice_15_9_1'>\n\t\t\t\t\t\t\t\t<input name='input_9.1' type='checkbox'  value='Ja, ich akzeptiere die Datenschutzerkl\u00e4rung'  id='choice_15_9_1'   \/>\n\t\t\t\t\t\t\t\t<label for='choice_15_9_1' id='label_15_9_1'>Ja, ich akzeptiere die Datenschutzerkl\u00e4rung<\/label>\n\t\t\t\t\t\t\t<\/li><\/ul><\/div><\/li><li id='field_15_11'  class='gfield field_sublabel_below field_description_below gfield_visibility_visible' ><label class='gfield_label' for='input_15_11' >CAPTCHA<\/label><div id='input_15_11' class='ginput_container ginput_recaptcha' data-sitekey='6LetGMsUAAAAAFVTibSBIvAHHrys6fTQkvaNCUbF'  data-theme='light' data-tabindex='0'  data-badge=''><\/div><\/li><li id='field_15_12'  class='gfield gform_validation_container field_sublabel_below field_description_below gfield_visibility_visible' ><label class='gfield_label' for='input_15_12' >Phone<\/label><div class='ginput_container'><input name='input_12' id='input_15_12' type='text' value='' \/><\/div><div class='gfield_description' id='gfield_description_15_12'>This field is for validation purposes and should be left unchanged.<\/div><\/li>\n                            <\/ul><\/div>\n        <div class='gform_footer top_label'> <input type='submit' id='gform_submit_button_15' class='gform_button button' value='Einreichen'  onclick='if(window[\"gf_submitting_15\"]){return false;}  window[\"gf_submitting_15\"]=true;  ' onkeypress='if( event.keyCode == 13 ){ if(window[\"gf_submitting_15\"]){return false;} window[\"gf_submitting_15\"]=true;  jQuery(\"#gform_15\").trigger(\"submit\",[true]); }' \/> \n            <input type='hidden' class='gform_hidden' name='is_submit_15' value='1' \/>\n            <input type='hidden' class='gform_hidden' name='gform_submit' value='15' \/>\n            \n            <input type='hidden' class='gform_hidden' name='gform_unique_id' value='' \/>\n            <input type='hidden' class='gform_hidden' name='state_15' value='WyJbXSIsIjMzYmYyMWNkYTJhNzA4YTM1YzdlNzFmY2RiNzcyYTQwIl0=' \/>\n            <input type='hidden' class='gform_hidden' name='gform_target_page_number_15' id='gform_target_page_number_15' value='0' \/>\n            <input type='hidden' class='gform_hidden' name='gform_source_page_number_15' id='gform_source_page_number_15' value='1' \/>\n            <input type='hidden' name='gform_field_values' value='' \/>\n            \n        <\/div>\n                        <\/form>\n                        <\/div>\n","protected":false},"excerpt":{"rendered":"<p>Abonnieren Sie unser Newsletter und erhalten Sie per E-Mail die aktuellsten Neuigkeiten und Angebote. Mit der Best\u00e4tigung dieses Formulars, nehme ich in Kenntnis, dass meine pers\u00f6nlichen Kontaktinformationen f\u00fcr Marketingzwecke benutzt werden k\u00f6nnen. Sie k\u00f6nnen den Newsletter zu jeder Zeit absagen \u2013 klicken Sie nur auf das Feld \u201eAbo k\u00fcndigen\u201c welches sich in jedem Newsletter befindet.<\/p>\n","protected":false},"author":4,"featured_media":0,"parent":0,"menu_order":160,"comment_status":"closed","ping_status":"closed","template":"","meta":{"footnotes":""},"class_list":["post-824","page","type-page","status-publish","hentry"],"yoast_head":"<!-- This site is optimized with the Yoast SEO plugin v26.9 - https:\/\/yoast.com\/product\/yoast-seo-wordpress\/ -->\n<title>Newsletter - Blue Waves Resort<\/title>\n<meta name=\"robots\" content=\"index, follow, max-snippet:-1, max-image-preview:large, max-video-preview:-1\" \/>\n<link rel=\"canonical\" href=\"https:\/\/bluewaves.hr\/de\/newsletter\/\" \/>\n<meta property=\"og:locale\" content=\"de_DE\" \/>\n<meta property=\"og:type\" content=\"article\" \/>\n<meta property=\"og:title\" content=\"Newsletter - Blue Waves Resort\" \/>\n<meta property=\"og:description\" content=\"Abonnieren Sie unser Newsletter und erhalten Sie per E-Mail die aktuellsten Neuigkeiten und Angebote. Mit der Best\u00e4tigung dieses Formulars, nehme ich in Kenntnis, dass meine pers\u00f6nlichen Kontaktinformationen f\u00fcr Marketingzwecke benutzt werden k\u00f6nnen. Sie k\u00f6nnen den Newsletter zu jeder Zeit absagen \u2013 klicken Sie nur auf das Feld \u201eAbo k\u00fcndigen\u201c welches sich in jedem Newsletter befindet.\" \/>\n<meta property=\"og:url\" content=\"https:\/\/bluewaves.hr\/de\/newsletter\/\" \/>\n<meta property=\"og:site_name\" content=\"Blue Waves Resort\" \/>\n<meta property=\"article:modified_time\" content=\"2022-03-11T16:02:19+00:00\" \/>\n<meta name=\"twitter:card\" content=\"summary_large_image\" \/>\n<script type=\"application\/ld+json\" class=\"yoast-schema-graph\">{\"@context\":\"https:\/\/schema.org\",\"@graph\":[{\"@type\":\"WebPage\",\"@id\":\"https:\/\/bluewaves.hr\/de\/newsletter\/\",\"url\":\"https:\/\/bluewaves.hr\/de\/newsletter\/\",\"name\":\"Newsletter - Blue Waves Resort\",\"isPartOf\":{\"@id\":\"https:\/\/bluewaves.hr\/de\/#website\"},\"datePublished\":\"2019-12-16T17:16:34+00:00\",\"dateModified\":\"2022-03-11T16:02:19+00:00\",\"breadcrumb\":{\"@id\":\"https:\/\/bluewaves.hr\/de\/newsletter\/#breadcrumb\"},\"inLanguage\":\"de-DE\",\"potentialAction\":[{\"@type\":\"ReadAction\",\"target\":[\"https:\/\/bluewaves.hr\/de\/newsletter\/\"]}]},{\"@type\":\"BreadcrumbList\",\"@id\":\"https:\/\/bluewaves.hr\/de\/newsletter\/#breadcrumb\",\"itemListElement\":[{\"@type\":\"ListItem\",\"position\":1,\"name\":\"Home\",\"item\":\"https:\/\/bluewaves.hr\/de\/\"},{\"@type\":\"ListItem\",\"position\":2,\"name\":\"Newsletter\"}]},{\"@type\":\"WebSite\",\"@id\":\"https:\/\/bluewaves.hr\/de\/#website\",\"url\":\"https:\/\/bluewaves.hr\/de\/\",\"name\":\"Blue Waves Resort\",\"description\":\"Just another ms.decms.eu site\",\"publisher\":{\"@id\":\"https:\/\/bluewaves.hr\/de\/#organization\"},\"potentialAction\":[{\"@type\":\"SearchAction\",\"target\":{\"@type\":\"EntryPoint\",\"urlTemplate\":\"https:\/\/bluewaves.hr\/de\/?s={search_term_string}\"},\"query-input\":{\"@type\":\"PropertyValueSpecification\",\"valueRequired\":true,\"valueName\":\"search_term_string\"}}],\"inLanguage\":\"de-DE\"},{\"@type\":\"Organization\",\"@id\":\"https:\/\/bluewaves.hr\/de\/#organization\",\"name\":\"Blue Waves Resort\",\"url\":\"https:\/\/bluewaves.hr\/de\/\",\"logo\":{\"@type\":\"ImageObject\",\"inLanguage\":\"de-DE\",\"@id\":\"https:\/\/bluewaves.hr\/de\/#\/schema\/logo\/image\/\",\"url\":\"https:\/\/bluewaves.hr\/wp-content\/uploads\/sites\/100\/2024\/01\/Blue-waves-logo-zlatni.png\",\"contentUrl\":\"https:\/\/bluewaves.hr\/wp-content\/uploads\/sites\/100\/2024\/01\/Blue-waves-logo-zlatni.png\",\"width\":1168,\"height\":652,\"caption\":\"Blue Waves Resort\"},\"image\":{\"@id\":\"https:\/\/bluewaves.hr\/de\/#\/schema\/logo\/image\/\"}}]}<\/script>\n<!-- \/ Yoast SEO plugin. -->","yoast_head_json":{"title":"Newsletter - Blue Waves Resort","robots":{"index":"index","follow":"follow","max-snippet":"max-snippet:-1","max-image-preview":"max-image-preview:large","max-video-preview":"max-video-preview:-1"},"canonical":"https:\/\/bluewaves.hr\/de\/newsletter\/","og_locale":"de_DE","og_type":"article","og_title":"Newsletter - Blue Waves Resort","og_description":"Abonnieren Sie unser Newsletter und erhalten Sie per E-Mail die aktuellsten Neuigkeiten und Angebote. Mit der Best\u00e4tigung dieses Formulars, nehme ich in Kenntnis, dass meine pers\u00f6nlichen Kontaktinformationen f\u00fcr Marketingzwecke benutzt werden k\u00f6nnen. Sie k\u00f6nnen den Newsletter zu jeder Zeit absagen \u2013 klicken Sie nur auf das Feld \u201eAbo k\u00fcndigen\u201c welches sich in jedem Newsletter befindet.","og_url":"https:\/\/bluewaves.hr\/de\/newsletter\/","og_site_name":"Blue Waves Resort","article_modified_time":"2022-03-11T16:02:19+00:00","twitter_card":"summary_large_image","schema":{"@context":"https:\/\/schema.org","@graph":[{"@type":"WebPage","@id":"https:\/\/bluewaves.hr\/de\/newsletter\/","url":"https:\/\/bluewaves.hr\/de\/newsletter\/","name":"Newsletter - Blue Waves Resort","isPartOf":{"@id":"https:\/\/bluewaves.hr\/de\/#website"},"datePublished":"2019-12-16T17:16:34+00:00","dateModified":"2022-03-11T16:02:19+00:00","breadcrumb":{"@id":"https:\/\/bluewaves.hr\/de\/newsletter\/#breadcrumb"},"inLanguage":"de-DE","potentialAction":[{"@type":"ReadAction","target":["https:\/\/bluewaves.hr\/de\/newsletter\/"]}]},{"@type":"BreadcrumbList","@id":"https:\/\/bluewaves.hr\/de\/newsletter\/#breadcrumb","itemListElement":[{"@type":"ListItem","position":1,"name":"Home","item":"https:\/\/bluewaves.hr\/de\/"},{"@type":"ListItem","position":2,"name":"Newsletter"}]},{"@type":"WebSite","@id":"https:\/\/bluewaves.hr\/de\/#website","url":"https:\/\/bluewaves.hr\/de\/","name":"Blue Waves Resort","description":"Just another ms.decms.eu site","publisher":{"@id":"https:\/\/bluewaves.hr\/de\/#organization"},"potentialAction":[{"@type":"SearchAction","target":{"@type":"EntryPoint","urlTemplate":"https:\/\/bluewaves.hr\/de\/?s={search_term_string}"},"query-input":{"@type":"PropertyValueSpecification","valueRequired":true,"valueName":"search_term_string"}}],"inLanguage":"de-DE"},{"@type":"Organization","@id":"https:\/\/bluewaves.hr\/de\/#organization","name":"Blue Waves Resort","url":"https:\/\/bluewaves.hr\/de\/","logo":{"@type":"ImageObject","inLanguage":"de-DE","@id":"https:\/\/bluewaves.hr\/de\/#\/schema\/logo\/image\/","url":"https:\/\/bluewaves.hr\/wp-content\/uploads\/sites\/100\/2024\/01\/Blue-waves-logo-zlatni.png","contentUrl":"https:\/\/bluewaves.hr\/wp-content\/uploads\/sites\/100\/2024\/01\/Blue-waves-logo-zlatni.png","width":1168,"height":652,"caption":"Blue Waves Resort"},"image":{"@id":"https:\/\/bluewaves.hr\/de\/#\/schema\/logo\/image\/"}}]}},"acf":[],"_links":{"self":[{"href":"https:\/\/bluewaves.hr\/de\/wp-json\/wp\/v2\/pages\/824","targetHints":{"allow":["GET"]}}],"collection":[{"href":"https:\/\/bluewaves.hr\/de\/wp-json\/wp\/v2\/pages"}],"about":[{"href":"https:\/\/bluewaves.hr\/de\/wp-json\/wp\/v2\/types\/page"}],"author":[{"embeddable":true,"href":"https:\/\/bluewaves.hr\/de\/wp-json\/wp\/v2\/users\/4"}],"replies":[{"embeddable":true,"href":"https:\/\/bluewaves.hr\/de\/wp-json\/wp\/v2\/comments?post=824"}],"version-history":[{"count":0,"href":"https:\/\/bluewaves.hr\/de\/wp-json\/wp\/v2\/pages\/824\/revisions"}],"wp:attachment":[{"href":"https:\/\/bluewaves.hr\/de\/wp-json\/wp\/v2\/media?parent=824"}],"curies":[{"name":"wp","href":"https:\/\/api.w.org\/{rel}","templated":true}]}}