{"id":1365,"date":"2021-04-21T07:12:35","date_gmt":"2021-04-21T07:12:35","guid":{"rendered":"https:\/\/bluewaves.hr\/menus\/terrace-grill-bar-33-menu\/"},"modified":"2022-05-05T05:48:32","modified_gmt":"2022-05-05T05:48:32","slug":"terrace-bar-33-menu","status":"publish","type":"page","link":"https:\/\/bluewaves.hr\/en\/terrace-bar-33-menu\/","title":{"rendered":"TERRACE BAR 33 MENU"},"content":{"rendered":"<p style=\"text-align: center\"><strong>BURGER<\/strong><br \/>\nHamburger\u00a0 \u00a0 \u00a0 \u00a0 \u00a0 \u00a0 \u00a0 \u00a0 \u00a0 \u00a0 \u00a0 \u00a0 \u00a0 \u00a0 \u00a0 \u00a0 \u00a0 \u00a0 \u00a0 \u00a0 \u00a0 55.00 kn<br \/>\nHamburger &amp; Pommes Frites\u00a0 \u00a0 \u00a0 \u00a0 \u00a070.00 kn<br \/>\nCheesburger\u00a0 \u00a0 \u00a0 \u00a0 \u00a0 \u00a0 \u00a0 \u00a0 \u00a0 \u00a0 \u00a0 \u00a0 \u00a0 \u00a0 \u00a0 \u00a0 \u00a0 \u00a0 \u00a0 \u00a060.00 kn<br \/>\nCheesburger &amp; Pommes Frites\u00a0 \u00a0 \u00a0 \u00a075.00 kn<br \/>\nChickenburger\u00a0 \u00a0 \u00a0 \u00a0 \u00a0 \u00a0 \u00a0 \u00a0 \u00a0 \u00a0 \u00a0 \u00a0 \u00a0 \u00a0 \u00a0 \u00a0 \u00a0 \u00a055.00 kn<br \/>\nChickenburger &amp; Pommes Frites\u00a0 \u00a070.00 kn<br \/>\nVegeburger\u00a0 \u00a0 \u00a0 \u00a0 \u00a0 \u00a0 \u00a0 \u00a0 \u00a0 \u00a0 \u00a0 \u00a0 \u00a0 \u00a0 \u00a0 \u00a0 \u00a0 \u00a0 \u00a0 \u00a0 \u00a055.00 kn<br \/>\nVegeburger &amp; Pommes Frites\u00a0 \u00a0 \u00a0 \u00a0 \u00a070.00 kn<br \/>\nToast sandwich \u0161unka-sir\u00a0 \u00a0 \u00a0 \u00a0 \u00a0 \u00a0 \u00a0 \u00a0 40.00 kn<br \/>\n[Ham-Cheese \/ Schinken-K\u00e4se]<\/p>\n<p style=\"text-align: center\"><strong>Mesna jela\/ Meat dishes\/ Fleischgerichte<\/strong><br \/>\n\u010cevap\u010di\u0107i u lepinji, pr\u017eeni krumpiri\u0107i <strong>90.00 kn<\/strong><br \/>\n\u010cevap\u010di\u0107i with french fries<br \/>\n\u010cevap\u010di\u0107i mit Pommes Frites<\/p>\n<p style=\"text-align: center\">Piletina na \u017earu s prilogom\u00a0 <strong>95.00 kn<\/strong><br \/>\nGrilled chicken with side dish<br \/>\nGegrilltes Hahnchen mit Beilage<\/p>\n<p style=\"text-align: center\">Pile\u0107i be\u010dki s prilogom\u00a0 \u00a0<strong>95.00 kn<\/strong><br \/>\nChicken Viennese with side dish<br \/>\nHuhnchen Wiener mit Beilage<\/p>\n<p style=\"text-align: center\">Mije\u0161ano meso na \u017earu s prilogom <strong>135.00 kn<\/strong><br \/>\nGrilled mixed meat with side dish<br \/>\nGegrilltes Mischfleisch mit Beilage<\/p>\n<p style=\"text-align: center\">Pljeskavica sa sirom s pr\u017eenim krumpiri\u0107ima\u00a0 <strong>90.00 kn<\/strong><br \/>\nPljeskavica with cheese and french fries<br \/>\nPljeskavica mit K\u00e4se und Pommes Frites<\/p>\n<p style=\"text-align: center\">Pile\u0107i ra\u017enji\u0107i s pr\u017eenim krumpiri\u0107ima\u00a0 <strong>95.00 kn<\/strong><br \/>\nChicken skewers with french fries<br \/>\nH\u00fchnchen-Spie\u00dfe mit Pommes Frites<\/p>\n<p style=\"text-align: center\">Svinjski kotlet s pr\u017eenim krumpiri\u0107ima <strong>90.00 kn<\/strong><br \/>\nPork chop with french fries<br \/>\nSchweinekotelett mit Pommes Frites<\/p>\n<p style=\"text-align: center\"><strong>Riblja jela\/ Fish meals\/ Fischgerichte<\/strong><br \/>\nLignji (frigani ili na \u017earu) s prilogom\u00a0 <strong>125.00 kn<\/strong><br \/>\nSquid (fried or grilled) with side dish<br \/>\nTintenfisch (gebraten oder gegrillt) mit Beilage<\/p>\n<p style=\"text-align: center\">File brancina s prilogom\u00a0 <strong>130.00 kn<\/strong><br \/>\nSea bass fillet with side dish<br \/>\nSeebarschfeile mit Beilage<\/p>\n<p style=\"text-align: center\"><strong>Vegetarijanska plata<\/strong>\u00a0 \u00a0<strong>80.00 kn<\/strong><br \/>\nVegetarian Plate<br \/>\nVegetarischer Teller<\/p>\n<p style=\"text-align: center\"><strong>Salate\/ Salad\/ Salat<\/strong><br \/>\nGr\u010dka salata\/Greek salad\/Griechischer Salat\u00a0 \u00a0 \u00a0 \u00a0 \u00a0 \u00a0 \u00a0 \u00a0 80.00 kn<br \/>\nCezar salata\/Caesar salad\/Caesar Salat\u00a0 \u00a0 \u00a0 \u00a0 \u00a0 \u00a0 \u00a0 \u00a0 \u00a0 \u00a0 \u00a0 \u00a0 \u00a0 \u00a080.00 kn<br \/>\nCaprese\u00a0 \u00a0 \u00a0 \u00a0 \u00a0 \u00a0 \u00a0 \u00a0 \u00a0 \u00a0 \u00a0 \u00a0 \u00a0 \u00a0 \u00a0 \u00a0 \u00a0 \u00a0 \u00a0 \u00a0 \u00a0 \u00a0 \u00a0 \u00a0 \u00a0 \u00a0 \u00a0 \u00a0 \u00a0 \u00a0 \u00a0 \u00a0 \u00a0 \u00a0 \u00a0 \u00a0 \u00a0 \u00a0 \u00a0 \u00a0 \u00a0 \u00a0 80.00 kn<br \/>\nTuna salata\/Tuna salad\/Thunfischsalat\u00a0 \u00a0 \u00a0 \u00a0 \u00a0 \u00a0 \u00a0 \u00a0 \u00a0 \u00a0 \u00a0 \u00a0 \u00a0 \u00a080.00 kn<br \/>\n\u0160opska salata\u00a0 \u00a0 \u00a0 \u00a0 \u00a0 \u00a0 \u00a0 \u00a0 \u00a0 \u00a0 \u00a0 \u00a0 \u00a0 \u00a0 \u00a0 \u00a0 \u00a0 \u00a0 \u00a0 \u00a0 \u00a0 \u00a0 \u00a0 \u00a0 \u00a0 \u00a0 \u00a0 \u00a0 \u00a0 \u00a0 \u00a0 \u00a0 \u00a0 \u00a0 \u00a0 \u00a0 \u00a0 80.00 kn<\/p>\n<p style=\"text-align: center\"><strong>Prilozi\/ Side dishes\/ Beilagen<\/strong><br \/>\nDnevna salata\/ Daily salad \/ T\u00e4glicher Salat\u00a0 \u00a0 \u00a0 \u00a0 \u00a0 \u00a0 \u00a0 \u00a0 \u00a030.00 kn<br \/>\nPr\u017eeni krumpiri\u0107i\/ French fries\/ Pommes Frites\u00a0 \u00a0 \u00a0 \u00a0 \u00a030.00 kn<br \/>\nBlitva na dalmatinski\/Mangel\/Mangold\u00a0 \u00a0 \u00a0 \u00a0 \u00a0 \u00a0 \u00a0 \u00a0 \u00a0 \u00a0 \u00a0 \u00a0 30.00 kn<br \/>\nRi\u017ea\/ Rice\/ Reis\u00a0 \u00a0 \u00a0 \u00a0 \u00a0 \u00a0 \u00a0 \u00a0 \u00a0 \u00a0 \u00a0 \u00a0 \u00a0 \u00a0 \u00a0 \u00a0 \u00a0 \u00a0 \u00a0 \u00a0 \u00a0 \u00a0 \u00a0 \u00a0 \u00a0 \u00a0 \u00a0 \u00a0 \u00a0 \u00a0 \u00a0 \u00a0 \u00a0 \u00a0 30.00 kn<\/p>\n<p style=\"text-align: center\"><strong>Deserti \/ Desserts<\/strong><br \/>\nVo\u0107na salata\/Fruit salad\/Obstsalat\u00a0 \u00a0 \u00a0 \u00a0 \u00a0 \u00a0 \u00a0 \u00a0 \u00a0 \u00a0 \u00a0 \u00a0 \u00a0 \u00a0 \u00a0 \u00a0 \u00a030.00 kn<br \/>\nDnevni kola\u010d\/Daily cake\/T\u00e4glicher Kuchen\u00a0 \u00a0 \u00a0 \u00a0 \u00a0 \u00a0 \u00a0 \u00a0 \u00a0 40.00 kn<br \/>\nSladoled (kuglica)\/Ice cream (scoop)\/Eis (Kugel)\u00a0 \u00a0 \u00a0 \u00a0 13.00 kn<br \/>\nPala\u010dinke\/Pancakes\/Pfannkuchen\u00a0 \u00a0 \u00a0 \u00a0 \u00a0 \u00a0 \u00a0 \u00a0 \u00a0 \u00a0 \u00a0 \u00a0 \u00a0 \u00a0 \u00a0 \u00a0 \u00a0 40.00 kn<br \/>\n(marmelada\/marmalade\/Marmelade)<br \/>\n(\u010dokolada\/chocolate\/Schokolade)<\/p>\n","protected":false},"excerpt":{"rendered":"<p>BURGER Hamburger\u00a0 \u00a0 \u00a0 \u00a0 \u00a0 \u00a0 \u00a0 \u00a0 \u00a0 \u00a0 \u00a0 \u00a0 \u00a0 \u00a0 \u00a0 \u00a0 \u00a0 \u00a0 \u00a0 \u00a0 \u00a0 55.00 kn Hamburger &amp; Pommes Frites\u00a0 \u00a0 \u00a0 \u00a0 \u00a070.00 kn Cheesburger\u00a0 \u00a0 \u00a0 \u00a0 \u00a0 \u00a0 \u00a0 \u00a0 \u00a0 \u00a0 \u00a0 \u00a0 \u00a0 \u00a0 \u00a0 \u00a0 \u00a0 \u00a0 \u00a0 \u00a060.00 kn Cheesburger [&hellip;]<\/p>\n","protected":false},"author":98,"featured_media":0,"parent":0,"menu_order":0,"comment_status":"closed","ping_status":"closed","template":"","meta":{"footnotes":""},"class_list":["post-1365","page","type-page","status-publish","hentry"],"yoast_head":"<!-- This site is optimized with the Yoast SEO plugin v26.9 - https:\/\/yoast.com\/product\/yoast-seo-wordpress\/ -->\n<title>TERRACE BAR 33 MENU - Blue Waves Resort<\/title>\n<meta name=\"robots\" content=\"index, follow, max-snippet:-1, max-image-preview:large, max-video-preview:-1\" \/>\n<link rel=\"canonical\" href=\"https:\/\/bluewaves.hr\/en\/terrace-bar-33-menu\/\" \/>\n<meta property=\"og:locale\" content=\"en_US\" \/>\n<meta property=\"og:type\" content=\"article\" \/>\n<meta property=\"og:title\" content=\"TERRACE BAR 33 MENU - Blue Waves Resort\" \/>\n<meta property=\"og:description\" content=\"BURGER Hamburger\u00a0 \u00a0 \u00a0 \u00a0 \u00a0 \u00a0 \u00a0 \u00a0 \u00a0 \u00a0 \u00a0 \u00a0 \u00a0 \u00a0 \u00a0 \u00a0 \u00a0 \u00a0 \u00a0 \u00a0 \u00a0 55.00 kn Hamburger &amp; Pommes Frites\u00a0 \u00a0 \u00a0 \u00a0 \u00a070.00 kn Cheesburger\u00a0 \u00a0 \u00a0 \u00a0 \u00a0 \u00a0 \u00a0 \u00a0 \u00a0 \u00a0 \u00a0 \u00a0 \u00a0 \u00a0 \u00a0 \u00a0 \u00a0 \u00a0 \u00a0 \u00a060.00 kn Cheesburger [&hellip;]\" \/>\n<meta property=\"og:url\" content=\"https:\/\/bluewaves.hr\/en\/terrace-bar-33-menu\/\" \/>\n<meta property=\"og:site_name\" content=\"Blue Waves Resort\" \/>\n<meta property=\"article:modified_time\" content=\"2022-05-05T05:48:32+00:00\" \/>\n<meta name=\"twitter:card\" content=\"summary_large_image\" \/>\n<meta name=\"twitter:label1\" content=\"Est. reading time\" \/>\n\t<meta name=\"twitter:data1\" content=\"2 minutes\" \/>\n<script type=\"application\/ld+json\" class=\"yoast-schema-graph\">{\"@context\":\"https:\/\/schema.org\",\"@graph\":[{\"@type\":\"WebPage\",\"@id\":\"https:\/\/bluewaves.hr\/en\/terrace-bar-33-menu\/\",\"url\":\"https:\/\/bluewaves.hr\/en\/terrace-bar-33-menu\/\",\"name\":\"TERRACE BAR 33 MENU - Blue Waves Resort\",\"isPartOf\":{\"@id\":\"https:\/\/bluewaves.hr\/en\/#website\"},\"datePublished\":\"2021-04-21T07:12:35+00:00\",\"dateModified\":\"2022-05-05T05:48:32+00:00\",\"breadcrumb\":{\"@id\":\"https:\/\/bluewaves.hr\/en\/terrace-bar-33-menu\/#breadcrumb\"},\"inLanguage\":\"en-US\",\"potentialAction\":[{\"@type\":\"ReadAction\",\"target\":[\"https:\/\/bluewaves.hr\/en\/terrace-bar-33-menu\/\"]}]},{\"@type\":\"BreadcrumbList\",\"@id\":\"https:\/\/bluewaves.hr\/en\/terrace-bar-33-menu\/#breadcrumb\",\"itemListElement\":[{\"@type\":\"ListItem\",\"position\":1,\"name\":\"Home\",\"item\":\"https:\/\/bluewaves.hr\/en\/\"},{\"@type\":\"ListItem\",\"position\":2,\"name\":\"TERRACE BAR 33 MENU\"}]},{\"@type\":\"WebSite\",\"@id\":\"https:\/\/bluewaves.hr\/en\/#website\",\"url\":\"https:\/\/bluewaves.hr\/en\/\",\"name\":\"Blue Waves Resort\",\"description\":\"Just another ms.decms.eu site\",\"publisher\":{\"@id\":\"https:\/\/bluewaves.hr\/en\/#organization\"},\"potentialAction\":[{\"@type\":\"SearchAction\",\"target\":{\"@type\":\"EntryPoint\",\"urlTemplate\":\"https:\/\/bluewaves.hr\/en\/?s={search_term_string}\"},\"query-input\":{\"@type\":\"PropertyValueSpecification\",\"valueRequired\":true,\"valueName\":\"search_term_string\"}}],\"inLanguage\":\"en-US\"},{\"@type\":\"Organization\",\"@id\":\"https:\/\/bluewaves.hr\/en\/#organization\",\"name\":\"Blue Waves Resort\",\"url\":\"https:\/\/bluewaves.hr\/en\/\",\"logo\":{\"@type\":\"ImageObject\",\"inLanguage\":\"en-US\",\"@id\":\"https:\/\/bluewaves.hr\/en\/#\/schema\/logo\/image\/\",\"url\":\"https:\/\/bluewaves.hr\/wp-content\/uploads\/sites\/100\/2024\/01\/Blue-waves-logo-zlatni.png\",\"contentUrl\":\"https:\/\/bluewaves.hr\/wp-content\/uploads\/sites\/100\/2024\/01\/Blue-waves-logo-zlatni.png\",\"width\":1168,\"height\":652,\"caption\":\"Blue Waves Resort\"},\"image\":{\"@id\":\"https:\/\/bluewaves.hr\/en\/#\/schema\/logo\/image\/\"}}]}<\/script>\n<!-- \/ Yoast SEO plugin. -->","yoast_head_json":{"title":"TERRACE BAR 33 MENU - Blue Waves Resort","robots":{"index":"index","follow":"follow","max-snippet":"max-snippet:-1","max-image-preview":"max-image-preview:large","max-video-preview":"max-video-preview:-1"},"canonical":"https:\/\/bluewaves.hr\/en\/terrace-bar-33-menu\/","og_locale":"en_US","og_type":"article","og_title":"TERRACE BAR 33 MENU - Blue Waves Resort","og_description":"BURGER Hamburger\u00a0 \u00a0 \u00a0 \u00a0 \u00a0 \u00a0 \u00a0 \u00a0 \u00a0 \u00a0 \u00a0 \u00a0 \u00a0 \u00a0 \u00a0 \u00a0 \u00a0 \u00a0 \u00a0 \u00a0 \u00a0 55.00 kn Hamburger &amp; Pommes Frites\u00a0 \u00a0 \u00a0 \u00a0 \u00a070.00 kn Cheesburger\u00a0 \u00a0 \u00a0 \u00a0 \u00a0 \u00a0 \u00a0 \u00a0 \u00a0 \u00a0 \u00a0 \u00a0 \u00a0 \u00a0 \u00a0 \u00a0 \u00a0 \u00a0 \u00a0 \u00a060.00 kn Cheesburger [&hellip;]","og_url":"https:\/\/bluewaves.hr\/en\/terrace-bar-33-menu\/","og_site_name":"Blue Waves Resort","article_modified_time":"2022-05-05T05:48:32+00:00","twitter_card":"summary_large_image","twitter_misc":{"Est. reading time":"2 minutes"},"schema":{"@context":"https:\/\/schema.org","@graph":[{"@type":"WebPage","@id":"https:\/\/bluewaves.hr\/en\/terrace-bar-33-menu\/","url":"https:\/\/bluewaves.hr\/en\/terrace-bar-33-menu\/","name":"TERRACE BAR 33 MENU - Blue Waves Resort","isPartOf":{"@id":"https:\/\/bluewaves.hr\/en\/#website"},"datePublished":"2021-04-21T07:12:35+00:00","dateModified":"2022-05-05T05:48:32+00:00","breadcrumb":{"@id":"https:\/\/bluewaves.hr\/en\/terrace-bar-33-menu\/#breadcrumb"},"inLanguage":"en-US","potentialAction":[{"@type":"ReadAction","target":["https:\/\/bluewaves.hr\/en\/terrace-bar-33-menu\/"]}]},{"@type":"BreadcrumbList","@id":"https:\/\/bluewaves.hr\/en\/terrace-bar-33-menu\/#breadcrumb","itemListElement":[{"@type":"ListItem","position":1,"name":"Home","item":"https:\/\/bluewaves.hr\/en\/"},{"@type":"ListItem","position":2,"name":"TERRACE BAR 33 MENU"}]},{"@type":"WebSite","@id":"https:\/\/bluewaves.hr\/en\/#website","url":"https:\/\/bluewaves.hr\/en\/","name":"Blue Waves Resort","description":"Just another ms.decms.eu site","publisher":{"@id":"https:\/\/bluewaves.hr\/en\/#organization"},"potentialAction":[{"@type":"SearchAction","target":{"@type":"EntryPoint","urlTemplate":"https:\/\/bluewaves.hr\/en\/?s={search_term_string}"},"query-input":{"@type":"PropertyValueSpecification","valueRequired":true,"valueName":"search_term_string"}}],"inLanguage":"en-US"},{"@type":"Organization","@id":"https:\/\/bluewaves.hr\/en\/#organization","name":"Blue Waves Resort","url":"https:\/\/bluewaves.hr\/en\/","logo":{"@type":"ImageObject","inLanguage":"en-US","@id":"https:\/\/bluewaves.hr\/en\/#\/schema\/logo\/image\/","url":"https:\/\/bluewaves.hr\/wp-content\/uploads\/sites\/100\/2024\/01\/Blue-waves-logo-zlatni.png","contentUrl":"https:\/\/bluewaves.hr\/wp-content\/uploads\/sites\/100\/2024\/01\/Blue-waves-logo-zlatni.png","width":1168,"height":652,"caption":"Blue Waves Resort"},"image":{"@id":"https:\/\/bluewaves.hr\/en\/#\/schema\/logo\/image\/"}}]}},"acf":[],"_links":{"self":[{"href":"https:\/\/bluewaves.hr\/en\/wp-json\/wp\/v2\/pages\/1365","targetHints":{"allow":["GET"]}}],"collection":[{"href":"https:\/\/bluewaves.hr\/en\/wp-json\/wp\/v2\/pages"}],"about":[{"href":"https:\/\/bluewaves.hr\/en\/wp-json\/wp\/v2\/types\/page"}],"author":[{"embeddable":true,"href":"https:\/\/bluewaves.hr\/en\/wp-json\/wp\/v2\/users\/98"}],"replies":[{"embeddable":true,"href":"https:\/\/bluewaves.hr\/en\/wp-json\/wp\/v2\/comments?post=1365"}],"version-history":[{"count":0,"href":"https:\/\/bluewaves.hr\/en\/wp-json\/wp\/v2\/pages\/1365\/revisions"}],"wp:attachment":[{"href":"https:\/\/bluewaves.hr\/en\/wp-json\/wp\/v2\/media?parent=1365"}],"curies":[{"name":"wp","href":"https:\/\/api.w.org\/{rel}","templated":true}]}}