{"id":5,"date":"2019-11-05T15:31:52","date_gmt":"2019-11-05T15:31:52","guid":{"rendered":"http:\/\/blue-waves-resort.ms.decms.eu\/?page_id=5"},"modified":"2023-12-21T10:52:39","modified_gmt":"2023-12-21T10:52:39","slug":"blue-waves-resort","status":"publish","type":"page","link":"https:\/\/bluewaves.hr\/it\/","title":{"rendered":"Benvenuti a Blue Waves Resort"},"content":{"rendered":"<p><span class=\"VIiyi\" lang=\"it\"><span class=\"JLqJ4b ChMk0b\" data-language-for-alternatives=\"it\" data-language-to-translate-into=\"en\" data-phrase-index=\"0\">Il Blue Waves Resort \u00e8 un <strong>hotel unico per famiglie a Malinska, sull&#8217;isola di Krk<\/strong>.<\/span><\/span> La nostra missione \u00e8 iniziata nel 2009, quando il Resort \u00e8 stato costruito, e dura fino ad oggi.<strong> L&#8217;isola di Krk \u00e8 un&#8217;ottima destinazione per le vacanze quasi durante l&#8217;intero arco dell&#8217;anno<\/strong> e merita un albergo dove potete godere proprio come se foste a casa propria e allo stesso momento essere ospitati perfettamente. Dateci l&#8217;opportunit\u00e0 per soddisfare tutti i vostri desideri, alcuni forse prevedere. \ud83d\ude42<\/p>\n<p>Lo slogan del nostro Resort \u00e8 &#8220;La vostra casa sulla spiaggia&#8221; e descrive proprio quel che \u00e8: a partire dal vostro arrivo nel<strong> Blue Waves Resort****<\/strong> ci impegneremo a farvi sentire come se foste a casa propria. <strong>La vostra nuova casa<\/strong> si trova sulla spiaggia, vicino ad un mare cristallino e pulito, <strong>nella pi\u00f9 bella valle di Malinska<\/strong>.<\/p>\n<p style=\"text-align: center\">\n","protected":false},"excerpt":{"rendered":"<p>Il Blue Waves Resort \u00e8 un hotel unico per famiglie a Malinska, sull&#8217;isola di Krk. La nostra missione \u00e8 iniziata nel 2009, quando il Resort \u00e8 stato costruito, e dura fino ad oggi. L&#8217;isola di Krk \u00e8 un&#8217;ottima destinazione per le vacanze quasi durante l&#8217;intero arco dell&#8217;anno e merita un albergo dove potete godere proprio [&hellip;]<\/p>\n","protected":false},"author":4,"featured_media":0,"parent":0,"menu_order":0,"comment_status":"closed","ping_status":"open","template":"","meta":{"footnotes":""},"class_list":["post-5","page","type-page","status-publish","hentry"],"yoast_head":"<!-- This site is optimized with the Yoast SEO plugin v26.9 - https:\/\/yoast.com\/product\/yoast-seo-wordpress\/ -->\n<title>Benvenuti a Blue Waves Resort - Blue Waves Resort<\/title>\n<meta name=\"description\" content=\"Hotel 4 stelle si trova vicino alla spiaggia e offre wellness, SPA, piscina esterna e interna, ristoranti e bar, parcheggio, wifi. Malinska, Isola di Krk\" \/>\n<meta name=\"robots\" content=\"index, follow, max-snippet:-1, max-image-preview:large, max-video-preview:-1\" \/>\n<link rel=\"canonical\" href=\"https:\/\/bluewaves.hr\/it\/\" \/>\n<meta property=\"og:locale\" content=\"it_IT\" \/>\n<meta property=\"og:type\" content=\"article\" \/>\n<meta property=\"og:title\" content=\"Benvenuti a Blue Waves Resort - Blue Waves Resort\" \/>\n<meta property=\"og:description\" content=\"Hotel 4 stelle si trova vicino alla spiaggia e offre wellness, SPA, piscina esterna e interna, ristoranti e bar, parcheggio, wifi. Malinska, Isola di Krk\" \/>\n<meta property=\"og:url\" content=\"https:\/\/bluewaves.hr\/it\/\" \/>\n<meta property=\"og:site_name\" content=\"Blue Waves Resort\" \/>\n<meta property=\"article:modified_time\" content=\"2023-12-21T10:52:39+00:00\" \/>\n<meta name=\"twitter:card\" content=\"summary_large_image\" \/>\n<meta name=\"twitter:label1\" content=\"Tempo di lettura stimato\" \/>\n\t<meta name=\"twitter:data1\" content=\"1 minuto\" \/>\n<script type=\"application\/ld+json\" class=\"yoast-schema-graph\">{\"@context\":\"https:\/\/schema.org\",\"@graph\":[{\"@type\":\"WebPage\",\"@id\":\"https:\/\/bluewaves.hr\/it\/\",\"url\":\"https:\/\/bluewaves.hr\/it\/\",\"name\":\"Benvenuti a Blue Waves Resort - Blue Waves Resort\",\"isPartOf\":{\"@id\":\"https:\/\/bluewaves.hr\/it\/#website\"},\"datePublished\":\"2019-11-05T15:31:52+00:00\",\"dateModified\":\"2023-12-21T10:52:39+00:00\",\"description\":\"Hotel 4 stelle si trova vicino alla spiaggia e offre wellness, SPA, piscina esterna e interna, ristoranti e bar, parcheggio, wifi. Malinska, Isola di Krk\",\"breadcrumb\":{\"@id\":\"https:\/\/bluewaves.hr\/it\/#breadcrumb\"},\"inLanguage\":\"it-IT\",\"potentialAction\":[{\"@type\":\"ReadAction\",\"target\":[\"https:\/\/bluewaves.hr\/it\/\"]}]},{\"@type\":\"BreadcrumbList\",\"@id\":\"https:\/\/bluewaves.hr\/it\/#breadcrumb\",\"itemListElement\":[{\"@type\":\"ListItem\",\"position\":1,\"name\":\"Home\",\"item\":\"https:\/\/bluewaves.hr\/it\/\"},{\"@type\":\"ListItem\",\"position\":2,\"name\":\"Benvenuti a Blue Waves Resort\"}]},{\"@type\":\"WebSite\",\"@id\":\"https:\/\/bluewaves.hr\/it\/#website\",\"url\":\"https:\/\/bluewaves.hr\/it\/\",\"name\":\"Blue Waves Resort\",\"description\":\"Just another ms.decms.eu site\",\"publisher\":{\"@id\":\"https:\/\/bluewaves.hr\/it\/#organization\"},\"potentialAction\":[{\"@type\":\"SearchAction\",\"target\":{\"@type\":\"EntryPoint\",\"urlTemplate\":\"https:\/\/bluewaves.hr\/it\/?s={search_term_string}\"},\"query-input\":{\"@type\":\"PropertyValueSpecification\",\"valueRequired\":true,\"valueName\":\"search_term_string\"}}],\"inLanguage\":\"it-IT\"},{\"@type\":\"Organization\",\"@id\":\"https:\/\/bluewaves.hr\/it\/#organization\",\"name\":\"Blue Waves Resort\",\"url\":\"https:\/\/bluewaves.hr\/it\/\",\"logo\":{\"@type\":\"ImageObject\",\"inLanguage\":\"it-IT\",\"@id\":\"https:\/\/bluewaves.hr\/it\/#\/schema\/logo\/image\/\",\"url\":\"https:\/\/bluewaves.hr\/wp-content\/uploads\/sites\/100\/2024\/01\/Blue-waves-logo-zlatni.png\",\"contentUrl\":\"https:\/\/bluewaves.hr\/wp-content\/uploads\/sites\/100\/2024\/01\/Blue-waves-logo-zlatni.png\",\"width\":1168,\"height\":652,\"caption\":\"Blue Waves Resort\"},\"image\":{\"@id\":\"https:\/\/bluewaves.hr\/it\/#\/schema\/logo\/image\/\"}}]}<\/script>\n<!-- \/ Yoast SEO plugin. -->","yoast_head_json":{"title":"Benvenuti a Blue Waves Resort - Blue Waves Resort","description":"Hotel 4 stelle si trova vicino alla spiaggia e offre wellness, SPA, piscina esterna e interna, ristoranti e bar, parcheggio, wifi. Malinska, Isola di Krk","robots":{"index":"index","follow":"follow","max-snippet":"max-snippet:-1","max-image-preview":"max-image-preview:large","max-video-preview":"max-video-preview:-1"},"canonical":"https:\/\/bluewaves.hr\/it\/","og_locale":"it_IT","og_type":"article","og_title":"Benvenuti a Blue Waves Resort - Blue Waves Resort","og_description":"Hotel 4 stelle si trova vicino alla spiaggia e offre wellness, SPA, piscina esterna e interna, ristoranti e bar, parcheggio, wifi. Malinska, Isola di Krk","og_url":"https:\/\/bluewaves.hr\/it\/","og_site_name":"Blue Waves Resort","article_modified_time":"2023-12-21T10:52:39+00:00","twitter_card":"summary_large_image","twitter_misc":{"Tempo di lettura stimato":"1 minuto"},"schema":{"@context":"https:\/\/schema.org","@graph":[{"@type":"WebPage","@id":"https:\/\/bluewaves.hr\/it\/","url":"https:\/\/bluewaves.hr\/it\/","name":"Benvenuti a Blue Waves Resort - Blue Waves Resort","isPartOf":{"@id":"https:\/\/bluewaves.hr\/it\/#website"},"datePublished":"2019-11-05T15:31:52+00:00","dateModified":"2023-12-21T10:52:39+00:00","description":"Hotel 4 stelle si trova vicino alla spiaggia e offre wellness, SPA, piscina esterna e interna, ristoranti e bar, parcheggio, wifi. Malinska, Isola di Krk","breadcrumb":{"@id":"https:\/\/bluewaves.hr\/it\/#breadcrumb"},"inLanguage":"it-IT","potentialAction":[{"@type":"ReadAction","target":["https:\/\/bluewaves.hr\/it\/"]}]},{"@type":"BreadcrumbList","@id":"https:\/\/bluewaves.hr\/it\/#breadcrumb","itemListElement":[{"@type":"ListItem","position":1,"name":"Home","item":"https:\/\/bluewaves.hr\/it\/"},{"@type":"ListItem","position":2,"name":"Benvenuti a Blue Waves Resort"}]},{"@type":"WebSite","@id":"https:\/\/bluewaves.hr\/it\/#website","url":"https:\/\/bluewaves.hr\/it\/","name":"Blue Waves Resort","description":"Just another ms.decms.eu site","publisher":{"@id":"https:\/\/bluewaves.hr\/it\/#organization"},"potentialAction":[{"@type":"SearchAction","target":{"@type":"EntryPoint","urlTemplate":"https:\/\/bluewaves.hr\/it\/?s={search_term_string}"},"query-input":{"@type":"PropertyValueSpecification","valueRequired":true,"valueName":"search_term_string"}}],"inLanguage":"it-IT"},{"@type":"Organization","@id":"https:\/\/bluewaves.hr\/it\/#organization","name":"Blue Waves Resort","url":"https:\/\/bluewaves.hr\/it\/","logo":{"@type":"ImageObject","inLanguage":"it-IT","@id":"https:\/\/bluewaves.hr\/it\/#\/schema\/logo\/image\/","url":"https:\/\/bluewaves.hr\/wp-content\/uploads\/sites\/100\/2024\/01\/Blue-waves-logo-zlatni.png","contentUrl":"https:\/\/bluewaves.hr\/wp-content\/uploads\/sites\/100\/2024\/01\/Blue-waves-logo-zlatni.png","width":1168,"height":652,"caption":"Blue Waves Resort"},"image":{"@id":"https:\/\/bluewaves.hr\/it\/#\/schema\/logo\/image\/"}}]}},"acf":[],"_links":{"self":[{"href":"https:\/\/bluewaves.hr\/it\/wp-json\/wp\/v2\/pages\/5","targetHints":{"allow":["GET"]}}],"collection":[{"href":"https:\/\/bluewaves.hr\/it\/wp-json\/wp\/v2\/pages"}],"about":[{"href":"https:\/\/bluewaves.hr\/it\/wp-json\/wp\/v2\/types\/page"}],"author":[{"embeddable":true,"href":"https:\/\/bluewaves.hr\/it\/wp-json\/wp\/v2\/users\/4"}],"replies":[{"embeddable":true,"href":"https:\/\/bluewaves.hr\/it\/wp-json\/wp\/v2\/comments?post=5"}],"version-history":[{"count":0,"href":"https:\/\/bluewaves.hr\/it\/wp-json\/wp\/v2\/pages\/5\/revisions"}],"wp:attachment":[{"href":"https:\/\/bluewaves.hr\/it\/wp-json\/wp\/v2\/media?parent=5"}],"curies":[{"name":"wp","href":"https:\/\/api.w.org\/{rel}","templated":true}]}}