{"id":656,"date":"2019-12-16T10:03:23","date_gmt":"2019-12-16T10:03:23","guid":{"rendered":"http:\/\/blue-waves-resort.ms.decms.eu\/?page_id=656"},"modified":"2021-12-09T09:26:26","modified_gmt":"2021-12-09T09:26:26","slug":"junior-suite-con-vista-mare","status":"publish","type":"page","link":"https:\/\/bluewaves.hr\/it\/camere-suite\/junior-suite-con-vista-mare\/","title":{"rendered":"Junior Suite con vista mare"},"content":{"rendered":"<p>Siete tra quelle coppie che, anche in vacanza, non vogliono rinunciare n\u00e9 al calore del focolare domestico, n\u00e9 alla vista sul mare? Ebbene, non cercate oltre: questa suite \u00e8 quello che fa per voi. Resterete estasiati <strong>dall\u2019incantevole ambiente marino che si protende aldil\u00e0 della finestra o del balconcino alla francese<\/strong> della vostra suite che, ne siamo certi, sapr\u00e0 soddisfare ogni vostra attesa.<\/p>\n","protected":false},"excerpt":{"rendered":"<p>Siete tra quelle coppie che, anche in vacanza, non vogliono rinunciare n\u00e9 al calore del focolare domestico, n\u00e9 alla vista sul mare? Ebbene, non cercate oltre: questa suite \u00e8 quello che fa per voi. Resterete estasiati dall\u2019incantevole ambiente marino che si protende aldil\u00e0 della finestra o del balconcino alla francese della vostra suite che, ne [&hellip;]<\/p>\n","protected":false},"author":4,"featured_media":0,"parent":627,"menu_order":5,"comment_status":"closed","ping_status":"closed","template":"template-single-room.php","meta":{"footnotes":""},"class_list":["post-656","page","type-page","status-publish","hentry"],"yoast_head":"<!-- This site is optimized with the Yoast SEO plugin v26.9 - https:\/\/yoast.com\/product\/yoast-seo-wordpress\/ -->\n<title>Junior Suite con vista mare - Blue Waves Resort<\/title>\n<meta name=\"description\" content=\"Regalateci una vacanza sulla spiaggia pi\u00f9 bella di Malinska! La spaziosa suite con vista sul mare piacer\u00e0 a tutti!\" \/>\n<meta name=\"robots\" content=\"index, follow, max-snippet:-1, max-image-preview:large, max-video-preview:-1\" \/>\n<link rel=\"canonical\" href=\"https:\/\/bluewaves.hr\/it\/camere-suite\/junior-suite-con-vista-mare\/\" \/>\n<meta property=\"og:locale\" content=\"it_IT\" \/>\n<meta property=\"og:type\" content=\"article\" \/>\n<meta property=\"og:title\" content=\"Junior Suite con vista mare - Blue Waves Resort\" \/>\n<meta property=\"og:description\" content=\"Regalateci una vacanza sulla spiaggia pi\u00f9 bella di Malinska! La spaziosa suite con vista sul mare piacer\u00e0 a tutti!\" \/>\n<meta property=\"og:url\" content=\"https:\/\/bluewaves.hr\/it\/camere-suite\/junior-suite-con-vista-mare\/\" \/>\n<meta property=\"og:site_name\" content=\"Blue Waves Resort\" \/>\n<meta property=\"article:modified_time\" content=\"2021-12-09T09:26:26+00:00\" \/>\n<meta name=\"twitter:card\" content=\"summary_large_image\" \/>\n<script type=\"application\/ld+json\" class=\"yoast-schema-graph\">{\"@context\":\"https:\/\/schema.org\",\"@graph\":[{\"@type\":\"WebPage\",\"@id\":\"https:\/\/bluewaves.hr\/it\/camere-suite\/junior-suite-con-vista-mare\/\",\"url\":\"https:\/\/bluewaves.hr\/it\/camere-suite\/junior-suite-con-vista-mare\/\",\"name\":\"Junior Suite con vista mare - Blue Waves Resort\",\"isPartOf\":{\"@id\":\"https:\/\/bluewaves.hr\/it\/#website\"},\"datePublished\":\"2019-12-16T10:03:23+00:00\",\"dateModified\":\"2021-12-09T09:26:26+00:00\",\"description\":\"Regalateci una vacanza sulla spiaggia pi\u00f9 bella di Malinska! La spaziosa suite con vista sul mare piacer\u00e0 a tutti!\",\"breadcrumb\":{\"@id\":\"https:\/\/bluewaves.hr\/it\/camere-suite\/junior-suite-con-vista-mare\/#breadcrumb\"},\"inLanguage\":\"it-IT\",\"potentialAction\":[{\"@type\":\"ReadAction\",\"target\":[\"https:\/\/bluewaves.hr\/it\/camere-suite\/junior-suite-con-vista-mare\/\"]}]},{\"@type\":\"BreadcrumbList\",\"@id\":\"https:\/\/bluewaves.hr\/it\/camere-suite\/junior-suite-con-vista-mare\/#breadcrumb\",\"itemListElement\":[{\"@type\":\"ListItem\",\"position\":1,\"name\":\"Home\",\"item\":\"https:\/\/bluewaves.hr\/it\/\"},{\"@type\":\"ListItem\",\"position\":2,\"name\":\"Camere &amp; Suite\",\"item\":\"https:\/\/bluewaves.hr\/it\/camere-suite\/\"},{\"@type\":\"ListItem\",\"position\":3,\"name\":\"Junior Suite con vista mare\"}]},{\"@type\":\"WebSite\",\"@id\":\"https:\/\/bluewaves.hr\/it\/#website\",\"url\":\"https:\/\/bluewaves.hr\/it\/\",\"name\":\"Blue Waves Resort\",\"description\":\"Just another ms.decms.eu site\",\"publisher\":{\"@id\":\"https:\/\/bluewaves.hr\/it\/#organization\"},\"potentialAction\":[{\"@type\":\"SearchAction\",\"target\":{\"@type\":\"EntryPoint\",\"urlTemplate\":\"https:\/\/bluewaves.hr\/it\/?s={search_term_string}\"},\"query-input\":{\"@type\":\"PropertyValueSpecification\",\"valueRequired\":true,\"valueName\":\"search_term_string\"}}],\"inLanguage\":\"it-IT\"},{\"@type\":\"Organization\",\"@id\":\"https:\/\/bluewaves.hr\/it\/#organization\",\"name\":\"Blue Waves Resort\",\"url\":\"https:\/\/bluewaves.hr\/it\/\",\"logo\":{\"@type\":\"ImageObject\",\"inLanguage\":\"it-IT\",\"@id\":\"https:\/\/bluewaves.hr\/it\/#\/schema\/logo\/image\/\",\"url\":\"https:\/\/bluewaves.hr\/wp-content\/uploads\/sites\/100\/2024\/01\/Blue-waves-logo-zlatni.png\",\"contentUrl\":\"https:\/\/bluewaves.hr\/wp-content\/uploads\/sites\/100\/2024\/01\/Blue-waves-logo-zlatni.png\",\"width\":1168,\"height\":652,\"caption\":\"Blue Waves Resort\"},\"image\":{\"@id\":\"https:\/\/bluewaves.hr\/it\/#\/schema\/logo\/image\/\"}}]}<\/script>\n<!-- \/ Yoast SEO plugin. -->","yoast_head_json":{"title":"Junior Suite con vista mare - Blue Waves Resort","description":"Regalateci una vacanza sulla spiaggia pi\u00f9 bella di Malinska! La spaziosa suite con vista sul mare piacer\u00e0 a tutti!","robots":{"index":"index","follow":"follow","max-snippet":"max-snippet:-1","max-image-preview":"max-image-preview:large","max-video-preview":"max-video-preview:-1"},"canonical":"https:\/\/bluewaves.hr\/it\/camere-suite\/junior-suite-con-vista-mare\/","og_locale":"it_IT","og_type":"article","og_title":"Junior Suite con vista mare - Blue Waves Resort","og_description":"Regalateci una vacanza sulla spiaggia pi\u00f9 bella di Malinska! La spaziosa suite con vista sul mare piacer\u00e0 a tutti!","og_url":"https:\/\/bluewaves.hr\/it\/camere-suite\/junior-suite-con-vista-mare\/","og_site_name":"Blue Waves Resort","article_modified_time":"2021-12-09T09:26:26+00:00","twitter_card":"summary_large_image","schema":{"@context":"https:\/\/schema.org","@graph":[{"@type":"WebPage","@id":"https:\/\/bluewaves.hr\/it\/camere-suite\/junior-suite-con-vista-mare\/","url":"https:\/\/bluewaves.hr\/it\/camere-suite\/junior-suite-con-vista-mare\/","name":"Junior Suite con vista mare - Blue Waves Resort","isPartOf":{"@id":"https:\/\/bluewaves.hr\/it\/#website"},"datePublished":"2019-12-16T10:03:23+00:00","dateModified":"2021-12-09T09:26:26+00:00","description":"Regalateci una vacanza sulla spiaggia pi\u00f9 bella di Malinska! La spaziosa suite con vista sul mare piacer\u00e0 a tutti!","breadcrumb":{"@id":"https:\/\/bluewaves.hr\/it\/camere-suite\/junior-suite-con-vista-mare\/#breadcrumb"},"inLanguage":"it-IT","potentialAction":[{"@type":"ReadAction","target":["https:\/\/bluewaves.hr\/it\/camere-suite\/junior-suite-con-vista-mare\/"]}]},{"@type":"BreadcrumbList","@id":"https:\/\/bluewaves.hr\/it\/camere-suite\/junior-suite-con-vista-mare\/#breadcrumb","itemListElement":[{"@type":"ListItem","position":1,"name":"Home","item":"https:\/\/bluewaves.hr\/it\/"},{"@type":"ListItem","position":2,"name":"Camere &amp; Suite","item":"https:\/\/bluewaves.hr\/it\/camere-suite\/"},{"@type":"ListItem","position":3,"name":"Junior Suite con vista mare"}]},{"@type":"WebSite","@id":"https:\/\/bluewaves.hr\/it\/#website","url":"https:\/\/bluewaves.hr\/it\/","name":"Blue Waves Resort","description":"Just another ms.decms.eu site","publisher":{"@id":"https:\/\/bluewaves.hr\/it\/#organization"},"potentialAction":[{"@type":"SearchAction","target":{"@type":"EntryPoint","urlTemplate":"https:\/\/bluewaves.hr\/it\/?s={search_term_string}"},"query-input":{"@type":"PropertyValueSpecification","valueRequired":true,"valueName":"search_term_string"}}],"inLanguage":"it-IT"},{"@type":"Organization","@id":"https:\/\/bluewaves.hr\/it\/#organization","name":"Blue Waves Resort","url":"https:\/\/bluewaves.hr\/it\/","logo":{"@type":"ImageObject","inLanguage":"it-IT","@id":"https:\/\/bluewaves.hr\/it\/#\/schema\/logo\/image\/","url":"https:\/\/bluewaves.hr\/wp-content\/uploads\/sites\/100\/2024\/01\/Blue-waves-logo-zlatni.png","contentUrl":"https:\/\/bluewaves.hr\/wp-content\/uploads\/sites\/100\/2024\/01\/Blue-waves-logo-zlatni.png","width":1168,"height":652,"caption":"Blue Waves Resort"},"image":{"@id":"https:\/\/bluewaves.hr\/it\/#\/schema\/logo\/image\/"}}]}},"acf":[],"_links":{"self":[{"href":"https:\/\/bluewaves.hr\/it\/wp-json\/wp\/v2\/pages\/656","targetHints":{"allow":["GET"]}}],"collection":[{"href":"https:\/\/bluewaves.hr\/it\/wp-json\/wp\/v2\/pages"}],"about":[{"href":"https:\/\/bluewaves.hr\/it\/wp-json\/wp\/v2\/types\/page"}],"author":[{"embeddable":true,"href":"https:\/\/bluewaves.hr\/it\/wp-json\/wp\/v2\/users\/4"}],"replies":[{"embeddable":true,"href":"https:\/\/bluewaves.hr\/it\/wp-json\/wp\/v2\/comments?post=656"}],"version-history":[{"count":0,"href":"https:\/\/bluewaves.hr\/it\/wp-json\/wp\/v2\/pages\/656\/revisions"}],"up":[{"embeddable":true,"href":"https:\/\/bluewaves.hr\/it\/wp-json\/wp\/v2\/pages\/627"}],"wp:attachment":[{"href":"https:\/\/bluewaves.hr\/it\/wp-json\/wp\/v2\/media?parent=656"}],"curies":[{"name":"wp","href":"https:\/\/api.w.org\/{rel}","templated":true}]}}