{"id":661,"date":"2019-12-16T10:22:45","date_gmt":"2019-12-16T10:22:45","guid":{"rendered":"http:\/\/blue-waves-resort.ms.decms.eu\/?page_id=661"},"modified":"2021-12-08T13:50:10","modified_gmt":"2021-12-08T13:50:10","slug":"family-junior-suite-con-balcone","status":"publish","type":"page","link":"https:\/\/bluewaves.hr\/it\/camere-suite\/family-junior-suite-con-balcone\/","title":{"rendered":"Family Junior Suite con balcone"},"content":{"rendered":"<p><strong>L\u2019ampio balcone<\/strong> fa di questa suite una delle unit\u00e0 abitative pi\u00f9 richieste del nostro albergo. Questo suite \u00e8 la scelta ideale sia per le famiglie, sia per le coppie che amano gli spazi pi\u00f9 confortevoli.<\/p>\n","protected":false},"excerpt":{"rendered":"<p>L\u2019ampio balcone fa di questa suite una delle unit\u00e0 abitative pi\u00f9 richieste del nostro albergo. Questo suite \u00e8 la scelta ideale sia per le famiglie, sia per le coppie che amano gli spazi pi\u00f9 confortevoli.<\/p>\n","protected":false},"author":4,"featured_media":0,"parent":627,"menu_order":7,"comment_status":"closed","ping_status":"closed","template":"template-single-room.php","meta":{"footnotes":""},"class_list":["post-661","page","type-page","status-publish","hentry"],"yoast_head":"<!-- This site is optimized with the Yoast SEO plugin v26.9 - https:\/\/yoast.com\/product\/yoast-seo-wordpress\/ -->\n<title>Family Junior Suite con balcone - Blue Waves Resort<\/title>\n<meta name=\"description\" content=\"Un ampio balcone, una camera da letto separata dal soggiorno, \u00e8 la scelta giusta per una famiglia con 2 bambini.\" \/>\n<meta name=\"robots\" content=\"index, follow, max-snippet:-1, max-image-preview:large, max-video-preview:-1\" \/>\n<link rel=\"canonical\" href=\"https:\/\/bluewaves.hr\/it\/camere-suite\/family-junior-suite-con-balcone\/\" \/>\n<meta property=\"og:locale\" content=\"it_IT\" \/>\n<meta property=\"og:type\" content=\"article\" \/>\n<meta property=\"og:title\" content=\"Family Junior Suite con balcone - Blue Waves Resort\" \/>\n<meta property=\"og:description\" content=\"Un ampio balcone, una camera da letto separata dal soggiorno, \u00e8 la scelta giusta per una famiglia con 2 bambini.\" \/>\n<meta property=\"og:url\" content=\"https:\/\/bluewaves.hr\/it\/camere-suite\/family-junior-suite-con-balcone\/\" \/>\n<meta property=\"og:site_name\" content=\"Blue Waves Resort\" \/>\n<meta property=\"article:modified_time\" content=\"2021-12-08T13:50:10+00:00\" \/>\n<meta name=\"twitter:card\" content=\"summary_large_image\" \/>\n<script type=\"application\/ld+json\" class=\"yoast-schema-graph\">{\"@context\":\"https:\/\/schema.org\",\"@graph\":[{\"@type\":\"WebPage\",\"@id\":\"https:\/\/bluewaves.hr\/it\/camere-suite\/family-junior-suite-con-balcone\/\",\"url\":\"https:\/\/bluewaves.hr\/it\/camere-suite\/family-junior-suite-con-balcone\/\",\"name\":\"Family Junior Suite con balcone - Blue Waves Resort\",\"isPartOf\":{\"@id\":\"https:\/\/bluewaves.hr\/it\/#website\"},\"datePublished\":\"2019-12-16T10:22:45+00:00\",\"dateModified\":\"2021-12-08T13:50:10+00:00\",\"description\":\"Un ampio balcone, una camera da letto separata dal soggiorno, \u00e8 la scelta giusta per una famiglia con 2 bambini.\",\"breadcrumb\":{\"@id\":\"https:\/\/bluewaves.hr\/it\/camere-suite\/family-junior-suite-con-balcone\/#breadcrumb\"},\"inLanguage\":\"it-IT\",\"potentialAction\":[{\"@type\":\"ReadAction\",\"target\":[\"https:\/\/bluewaves.hr\/it\/camere-suite\/family-junior-suite-con-balcone\/\"]}]},{\"@type\":\"BreadcrumbList\",\"@id\":\"https:\/\/bluewaves.hr\/it\/camere-suite\/family-junior-suite-con-balcone\/#breadcrumb\",\"itemListElement\":[{\"@type\":\"ListItem\",\"position\":1,\"name\":\"Home\",\"item\":\"https:\/\/bluewaves.hr\/it\/\"},{\"@type\":\"ListItem\",\"position\":2,\"name\":\"Camere &amp; Suite\",\"item\":\"https:\/\/bluewaves.hr\/it\/camere-suite\/\"},{\"@type\":\"ListItem\",\"position\":3,\"name\":\"Family Junior Suite con balcone\"}]},{\"@type\":\"WebSite\",\"@id\":\"https:\/\/bluewaves.hr\/it\/#website\",\"url\":\"https:\/\/bluewaves.hr\/it\/\",\"name\":\"Blue Waves Resort\",\"description\":\"Just another ms.decms.eu site\",\"publisher\":{\"@id\":\"https:\/\/bluewaves.hr\/it\/#organization\"},\"potentialAction\":[{\"@type\":\"SearchAction\",\"target\":{\"@type\":\"EntryPoint\",\"urlTemplate\":\"https:\/\/bluewaves.hr\/it\/?s={search_term_string}\"},\"query-input\":{\"@type\":\"PropertyValueSpecification\",\"valueRequired\":true,\"valueName\":\"search_term_string\"}}],\"inLanguage\":\"it-IT\"},{\"@type\":\"Organization\",\"@id\":\"https:\/\/bluewaves.hr\/it\/#organization\",\"name\":\"Blue Waves Resort\",\"url\":\"https:\/\/bluewaves.hr\/it\/\",\"logo\":{\"@type\":\"ImageObject\",\"inLanguage\":\"it-IT\",\"@id\":\"https:\/\/bluewaves.hr\/it\/#\/schema\/logo\/image\/\",\"url\":\"https:\/\/bluewaves.hr\/wp-content\/uploads\/sites\/100\/2024\/01\/Blue-waves-logo-zlatni.png\",\"contentUrl\":\"https:\/\/bluewaves.hr\/wp-content\/uploads\/sites\/100\/2024\/01\/Blue-waves-logo-zlatni.png\",\"width\":1168,\"height\":652,\"caption\":\"Blue Waves Resort\"},\"image\":{\"@id\":\"https:\/\/bluewaves.hr\/it\/#\/schema\/logo\/image\/\"}}]}<\/script>\n<!-- \/ Yoast SEO plugin. -->","yoast_head_json":{"title":"Family Junior Suite con balcone - Blue Waves Resort","description":"Un ampio balcone, una camera da letto separata dal soggiorno, \u00e8 la scelta giusta per una famiglia con 2 bambini.","robots":{"index":"index","follow":"follow","max-snippet":"max-snippet:-1","max-image-preview":"max-image-preview:large","max-video-preview":"max-video-preview:-1"},"canonical":"https:\/\/bluewaves.hr\/it\/camere-suite\/family-junior-suite-con-balcone\/","og_locale":"it_IT","og_type":"article","og_title":"Family Junior Suite con balcone - Blue Waves Resort","og_description":"Un ampio balcone, una camera da letto separata dal soggiorno, \u00e8 la scelta giusta per una famiglia con 2 bambini.","og_url":"https:\/\/bluewaves.hr\/it\/camere-suite\/family-junior-suite-con-balcone\/","og_site_name":"Blue Waves Resort","article_modified_time":"2021-12-08T13:50:10+00:00","twitter_card":"summary_large_image","schema":{"@context":"https:\/\/schema.org","@graph":[{"@type":"WebPage","@id":"https:\/\/bluewaves.hr\/it\/camere-suite\/family-junior-suite-con-balcone\/","url":"https:\/\/bluewaves.hr\/it\/camere-suite\/family-junior-suite-con-balcone\/","name":"Family Junior Suite con balcone - Blue Waves Resort","isPartOf":{"@id":"https:\/\/bluewaves.hr\/it\/#website"},"datePublished":"2019-12-16T10:22:45+00:00","dateModified":"2021-12-08T13:50:10+00:00","description":"Un ampio balcone, una camera da letto separata dal soggiorno, \u00e8 la scelta giusta per una famiglia con 2 bambini.","breadcrumb":{"@id":"https:\/\/bluewaves.hr\/it\/camere-suite\/family-junior-suite-con-balcone\/#breadcrumb"},"inLanguage":"it-IT","potentialAction":[{"@type":"ReadAction","target":["https:\/\/bluewaves.hr\/it\/camere-suite\/family-junior-suite-con-balcone\/"]}]},{"@type":"BreadcrumbList","@id":"https:\/\/bluewaves.hr\/it\/camere-suite\/family-junior-suite-con-balcone\/#breadcrumb","itemListElement":[{"@type":"ListItem","position":1,"name":"Home","item":"https:\/\/bluewaves.hr\/it\/"},{"@type":"ListItem","position":2,"name":"Camere &amp; Suite","item":"https:\/\/bluewaves.hr\/it\/camere-suite\/"},{"@type":"ListItem","position":3,"name":"Family Junior Suite con balcone"}]},{"@type":"WebSite","@id":"https:\/\/bluewaves.hr\/it\/#website","url":"https:\/\/bluewaves.hr\/it\/","name":"Blue Waves Resort","description":"Just another ms.decms.eu site","publisher":{"@id":"https:\/\/bluewaves.hr\/it\/#organization"},"potentialAction":[{"@type":"SearchAction","target":{"@type":"EntryPoint","urlTemplate":"https:\/\/bluewaves.hr\/it\/?s={search_term_string}"},"query-input":{"@type":"PropertyValueSpecification","valueRequired":true,"valueName":"search_term_string"}}],"inLanguage":"it-IT"},{"@type":"Organization","@id":"https:\/\/bluewaves.hr\/it\/#organization","name":"Blue Waves Resort","url":"https:\/\/bluewaves.hr\/it\/","logo":{"@type":"ImageObject","inLanguage":"it-IT","@id":"https:\/\/bluewaves.hr\/it\/#\/schema\/logo\/image\/","url":"https:\/\/bluewaves.hr\/wp-content\/uploads\/sites\/100\/2024\/01\/Blue-waves-logo-zlatni.png","contentUrl":"https:\/\/bluewaves.hr\/wp-content\/uploads\/sites\/100\/2024\/01\/Blue-waves-logo-zlatni.png","width":1168,"height":652,"caption":"Blue Waves Resort"},"image":{"@id":"https:\/\/bluewaves.hr\/it\/#\/schema\/logo\/image\/"}}]}},"acf":[],"_links":{"self":[{"href":"https:\/\/bluewaves.hr\/it\/wp-json\/wp\/v2\/pages\/661","targetHints":{"allow":["GET"]}}],"collection":[{"href":"https:\/\/bluewaves.hr\/it\/wp-json\/wp\/v2\/pages"}],"about":[{"href":"https:\/\/bluewaves.hr\/it\/wp-json\/wp\/v2\/types\/page"}],"author":[{"embeddable":true,"href":"https:\/\/bluewaves.hr\/it\/wp-json\/wp\/v2\/users\/4"}],"replies":[{"embeddable":true,"href":"https:\/\/bluewaves.hr\/it\/wp-json\/wp\/v2\/comments?post=661"}],"version-history":[{"count":0,"href":"https:\/\/bluewaves.hr\/it\/wp-json\/wp\/v2\/pages\/661\/revisions"}],"up":[{"embeddable":true,"href":"https:\/\/bluewaves.hr\/it\/wp-json\/wp\/v2\/pages\/627"}],"wp:attachment":[{"href":"https:\/\/bluewaves.hr\/it\/wp-json\/wp\/v2\/media?parent=661"}],"curies":[{"name":"wp","href":"https:\/\/api.w.org\/{rel}","templated":true}]}}