{"id":694,"date":"2019-12-16T13:44:30","date_gmt":"2019-12-16T13:44:30","guid":{"rendered":"http:\/\/blue-waves-resort.ms.decms.eu\/?page_id=694"},"modified":"2023-06-09T13:18:14","modified_gmt":"2023-06-09T13:18:14","slug":"spiaggia","status":"publish","type":"page","link":"https:\/\/bluewaves.hr\/it\/servizi\/spiaggia\/","title":{"rendered":"Spiaggia"},"content":{"rendered":"<p>Qual \u00e8 la cosa pi\u00f9 importante di una vacanza estiva? Mare e spiaggia, giusto? Pensiamo di essere tutti d&#8217;accordo, quasi tutti gli hotel di nuova costruzione sulla costa adriatica sono molto buoni. Quindi, che ne dici di uno per Lei? Sceglete la <strong>MIGLIORE SPIAGGIA<\/strong>!<\/p>\n<p>Rilassatevi e godetevi senza pensieri il sole e lo splendido mare cristallino in una delle spiagge pi\u00f9 belle di Malinska. <strong>La spiaggia di ghiaia nella baia Rova si trova immediatamente sotto l&#8217;albergo<\/strong>, non dovendo attraversare la strada \u00e8 pi\u00f9 facile prendersi cura dei pi\u00f9 piccoli. <strong>Ci sono lettini e ombrelloni inclusi nel prezzo che vengono forniti in base alla disponibilit\u00e0<\/strong>, sulla disponibilit\u00e0 e in numero limitato, per garantirvi il posto pi\u00f9 comodo possibile rilassarsi in compagnia del vostro libro preferito, ascoltare musica o semplicemente i suoni della natura.<\/p>\n<p>A completare l&#8217;atmosfera ci penser\u00e0 il personale del bar del vicino albergo, situato appena sulla spiaggia, che vi servir\u00e0 un rinfresco a scelta. Potete stare certi che <strong>la spiaggia \u00e8 il luogo perfetto per il relax e il divertimento<\/strong> di tutti i membri della famiglia \u2013 sia per nuotatori esperti sia per quelli che cominciano appena a nuotare.<\/p>\n","protected":false},"excerpt":{"rendered":"<p>Qual \u00e8 la cosa pi\u00f9 importante di una vacanza estiva? Mare e spiaggia, giusto? Pensiamo di essere tutti d&#8217;accordo, quasi tutti gli hotel di nuova costruzione sulla costa adriatica sono molto buoni. Quindi, che ne dici di uno per Lei? Sceglete la MIGLIORE SPIAGGIA! Rilassatevi e godetevi senza pensieri il sole e lo splendido mare [&hellip;]<\/p>\n","protected":false},"author":4,"featured_media":0,"parent":686,"menu_order":1,"comment_status":"closed","ping_status":"closed","template":"","meta":{"footnotes":""},"class_list":["post-694","page","type-page","status-publish","hentry"],"yoast_head":"<!-- This site is optimized with the Yoast SEO plugin v26.9 - https:\/\/yoast.com\/product\/yoast-seo-wordpress\/ -->\n<title>Spiaggia - Blue Waves Resort<\/title>\n<meta name=\"robots\" content=\"index, follow, max-snippet:-1, max-image-preview:large, max-video-preview:-1\" \/>\n<link rel=\"canonical\" href=\"https:\/\/bluewaves.hr\/it\/servizi\/spiaggia\/\" \/>\n<meta property=\"og:locale\" content=\"it_IT\" \/>\n<meta property=\"og:type\" content=\"article\" \/>\n<meta property=\"og:title\" content=\"Spiaggia - Blue Waves Resort\" \/>\n<meta property=\"og:description\" content=\"Qual \u00e8 la cosa pi\u00f9 importante di una vacanza estiva? Mare e spiaggia, giusto? Pensiamo di essere tutti d&#8217;accordo, quasi tutti gli hotel di nuova costruzione sulla costa adriatica sono molto buoni. Quindi, che ne dici di uno per Lei? Sceglete la MIGLIORE SPIAGGIA! Rilassatevi e godetevi senza pensieri il sole e lo splendido mare [&hellip;]\" \/>\n<meta property=\"og:url\" content=\"https:\/\/bluewaves.hr\/it\/servizi\/spiaggia\/\" \/>\n<meta property=\"og:site_name\" content=\"Blue Waves Resort\" \/>\n<meta property=\"article:modified_time\" content=\"2023-06-09T13:18:14+00:00\" \/>\n<meta name=\"twitter:card\" content=\"summary_large_image\" \/>\n<meta name=\"twitter:label1\" content=\"Tempo di lettura stimato\" \/>\n\t<meta name=\"twitter:data1\" content=\"2 minuti\" \/>\n<script type=\"application\/ld+json\" class=\"yoast-schema-graph\">{\"@context\":\"https:\/\/schema.org\",\"@graph\":[{\"@type\":\"WebPage\",\"@id\":\"https:\/\/bluewaves.hr\/it\/servizi\/spiaggia\/\",\"url\":\"https:\/\/bluewaves.hr\/it\/servizi\/spiaggia\/\",\"name\":\"Spiaggia - Blue Waves Resort\",\"isPartOf\":{\"@id\":\"https:\/\/bluewaves.hr\/it\/#website\"},\"datePublished\":\"2019-12-16T13:44:30+00:00\",\"dateModified\":\"2023-06-09T13:18:14+00:00\",\"breadcrumb\":{\"@id\":\"https:\/\/bluewaves.hr\/it\/servizi\/spiaggia\/#breadcrumb\"},\"inLanguage\":\"it-IT\",\"potentialAction\":[{\"@type\":\"ReadAction\",\"target\":[\"https:\/\/bluewaves.hr\/it\/servizi\/spiaggia\/\"]}]},{\"@type\":\"BreadcrumbList\",\"@id\":\"https:\/\/bluewaves.hr\/it\/servizi\/spiaggia\/#breadcrumb\",\"itemListElement\":[{\"@type\":\"ListItem\",\"position\":1,\"name\":\"Home\",\"item\":\"https:\/\/bluewaves.hr\/it\/\"},{\"@type\":\"ListItem\",\"position\":2,\"name\":\"Servizi\",\"item\":\"https:\/\/bluewaves.hr\/it\/servizi\/\"},{\"@type\":\"ListItem\",\"position\":3,\"name\":\"Spiaggia\"}]},{\"@type\":\"WebSite\",\"@id\":\"https:\/\/bluewaves.hr\/it\/#website\",\"url\":\"https:\/\/bluewaves.hr\/it\/\",\"name\":\"Blue Waves Resort\",\"description\":\"Just another ms.decms.eu site\",\"publisher\":{\"@id\":\"https:\/\/bluewaves.hr\/it\/#organization\"},\"potentialAction\":[{\"@type\":\"SearchAction\",\"target\":{\"@type\":\"EntryPoint\",\"urlTemplate\":\"https:\/\/bluewaves.hr\/it\/?s={search_term_string}\"},\"query-input\":{\"@type\":\"PropertyValueSpecification\",\"valueRequired\":true,\"valueName\":\"search_term_string\"}}],\"inLanguage\":\"it-IT\"},{\"@type\":\"Organization\",\"@id\":\"https:\/\/bluewaves.hr\/it\/#organization\",\"name\":\"Blue Waves Resort\",\"url\":\"https:\/\/bluewaves.hr\/it\/\",\"logo\":{\"@type\":\"ImageObject\",\"inLanguage\":\"it-IT\",\"@id\":\"https:\/\/bluewaves.hr\/it\/#\/schema\/logo\/image\/\",\"url\":\"https:\/\/bluewaves.hr\/wp-content\/uploads\/sites\/100\/2024\/01\/Blue-waves-logo-zlatni.png\",\"contentUrl\":\"https:\/\/bluewaves.hr\/wp-content\/uploads\/sites\/100\/2024\/01\/Blue-waves-logo-zlatni.png\",\"width\":1168,\"height\":652,\"caption\":\"Blue Waves Resort\"},\"image\":{\"@id\":\"https:\/\/bluewaves.hr\/it\/#\/schema\/logo\/image\/\"}}]}<\/script>\n<!-- \/ Yoast SEO plugin. -->","yoast_head_json":{"title":"Spiaggia - Blue Waves Resort","robots":{"index":"index","follow":"follow","max-snippet":"max-snippet:-1","max-image-preview":"max-image-preview:large","max-video-preview":"max-video-preview:-1"},"canonical":"https:\/\/bluewaves.hr\/it\/servizi\/spiaggia\/","og_locale":"it_IT","og_type":"article","og_title":"Spiaggia - Blue Waves Resort","og_description":"Qual \u00e8 la cosa pi\u00f9 importante di una vacanza estiva? Mare e spiaggia, giusto? Pensiamo di essere tutti d&#8217;accordo, quasi tutti gli hotel di nuova costruzione sulla costa adriatica sono molto buoni. Quindi, che ne dici di uno per Lei? Sceglete la MIGLIORE SPIAGGIA! Rilassatevi e godetevi senza pensieri il sole e lo splendido mare [&hellip;]","og_url":"https:\/\/bluewaves.hr\/it\/servizi\/spiaggia\/","og_site_name":"Blue Waves Resort","article_modified_time":"2023-06-09T13:18:14+00:00","twitter_card":"summary_large_image","twitter_misc":{"Tempo di lettura stimato":"2 minuti"},"schema":{"@context":"https:\/\/schema.org","@graph":[{"@type":"WebPage","@id":"https:\/\/bluewaves.hr\/it\/servizi\/spiaggia\/","url":"https:\/\/bluewaves.hr\/it\/servizi\/spiaggia\/","name":"Spiaggia - Blue Waves Resort","isPartOf":{"@id":"https:\/\/bluewaves.hr\/it\/#website"},"datePublished":"2019-12-16T13:44:30+00:00","dateModified":"2023-06-09T13:18:14+00:00","breadcrumb":{"@id":"https:\/\/bluewaves.hr\/it\/servizi\/spiaggia\/#breadcrumb"},"inLanguage":"it-IT","potentialAction":[{"@type":"ReadAction","target":["https:\/\/bluewaves.hr\/it\/servizi\/spiaggia\/"]}]},{"@type":"BreadcrumbList","@id":"https:\/\/bluewaves.hr\/it\/servizi\/spiaggia\/#breadcrumb","itemListElement":[{"@type":"ListItem","position":1,"name":"Home","item":"https:\/\/bluewaves.hr\/it\/"},{"@type":"ListItem","position":2,"name":"Servizi","item":"https:\/\/bluewaves.hr\/it\/servizi\/"},{"@type":"ListItem","position":3,"name":"Spiaggia"}]},{"@type":"WebSite","@id":"https:\/\/bluewaves.hr\/it\/#website","url":"https:\/\/bluewaves.hr\/it\/","name":"Blue Waves Resort","description":"Just another ms.decms.eu site","publisher":{"@id":"https:\/\/bluewaves.hr\/it\/#organization"},"potentialAction":[{"@type":"SearchAction","target":{"@type":"EntryPoint","urlTemplate":"https:\/\/bluewaves.hr\/it\/?s={search_term_string}"},"query-input":{"@type":"PropertyValueSpecification","valueRequired":true,"valueName":"search_term_string"}}],"inLanguage":"it-IT"},{"@type":"Organization","@id":"https:\/\/bluewaves.hr\/it\/#organization","name":"Blue Waves Resort","url":"https:\/\/bluewaves.hr\/it\/","logo":{"@type":"ImageObject","inLanguage":"it-IT","@id":"https:\/\/bluewaves.hr\/it\/#\/schema\/logo\/image\/","url":"https:\/\/bluewaves.hr\/wp-content\/uploads\/sites\/100\/2024\/01\/Blue-waves-logo-zlatni.png","contentUrl":"https:\/\/bluewaves.hr\/wp-content\/uploads\/sites\/100\/2024\/01\/Blue-waves-logo-zlatni.png","width":1168,"height":652,"caption":"Blue Waves Resort"},"image":{"@id":"https:\/\/bluewaves.hr\/it\/#\/schema\/logo\/image\/"}}]}},"acf":[],"_links":{"self":[{"href":"https:\/\/bluewaves.hr\/it\/wp-json\/wp\/v2\/pages\/694","targetHints":{"allow":["GET"]}}],"collection":[{"href":"https:\/\/bluewaves.hr\/it\/wp-json\/wp\/v2\/pages"}],"about":[{"href":"https:\/\/bluewaves.hr\/it\/wp-json\/wp\/v2\/types\/page"}],"author":[{"embeddable":true,"href":"https:\/\/bluewaves.hr\/it\/wp-json\/wp\/v2\/users\/4"}],"replies":[{"embeddable":true,"href":"https:\/\/bluewaves.hr\/it\/wp-json\/wp\/v2\/comments?post=694"}],"version-history":[{"count":0,"href":"https:\/\/bluewaves.hr\/it\/wp-json\/wp\/v2\/pages\/694\/revisions"}],"up":[{"embeddable":true,"href":"https:\/\/bluewaves.hr\/it\/wp-json\/wp\/v2\/pages\/686"}],"wp:attachment":[{"href":"https:\/\/bluewaves.hr\/it\/wp-json\/wp\/v2\/media?parent=694"}],"curies":[{"name":"wp","href":"https:\/\/api.w.org\/{rel}","templated":true}]}}