{"id":716,"date":"2019-12-16T15:35:33","date_gmt":"2019-12-16T15:35:33","guid":{"rendered":"http:\/\/blue-waves-resort.ms.decms.eu\/?page_id=716"},"modified":"2023-11-07T08:51:43","modified_gmt":"2023-11-07T08:51:43","slug":"il-principale-ristorante-del-resort-con-servizio-a-buffet","status":"publish","type":"page","link":"https:\/\/bluewaves.hr\/it\/ristoranti-bar\/il-principale-ristorante-del-resort-con-servizio-a-buffet\/","title":{"rendered":"Il principale buffet ristorante"},"content":{"rendered":"<p>Iniziate la giornata facendo colazione nel ristorante del resort. Scegliete tra panini appena sfornati, cereali con latte o yogurt, caff\u00e8 o t\u00e8 bollenti, succhi di frutta, uova con bacon fumanti, affettati vari e formaggi. Il principale ristorante del resort con servizio a buffet \u00e8 aperto al mattino per la prima colazione e la sera per cena. Godetevi la sua gran variet\u00e0 di specialit\u00e0 di terra e di mare con contorno, antipasti caldi e freddi, insalate e dessert. Le bibite con cena sono escluse. Il principale ristorante del resort con servizio a buffet si trova ad un passo dalla spiaggia. Dotato di un\u2019ampia terrazza, guarda direttamente sul mare.<\/p>\n<p>&nbsp;<\/p>\n","protected":false},"excerpt":{"rendered":"<p>Iniziate la giornata facendo colazione nel ristorante del resort. Scegliete tra panini appena sfornati, cereali con latte o yogurt, caff\u00e8 o t\u00e8 bollenti, succhi di frutta, uova con bacon fumanti, affettati vari e formaggi. Il principale ristorante del resort con servizio a buffet \u00e8 aperto al mattino per la prima colazione e la sera per [&hellip;]<\/p>\n","protected":false},"author":4,"featured_media":346,"parent":712,"menu_order":1,"comment_status":"closed","ping_status":"closed","template":"template-sigle-restaurant.php","meta":{"footnotes":""},"class_list":["post-716","page","type-page","status-publish","has-post-thumbnail","hentry"],"yoast_head":"<!-- This site is optimized with the Yoast SEO plugin v26.9 - https:\/\/yoast.com\/product\/yoast-seo-wordpress\/ -->\n<title>Il principale buffet ristorante - Blue Waves Resort<\/title>\n<meta name=\"description\" content=\"Il principale ristorante del resort con servizio a buffet \u00e8 aperto al mattino per la prima colazione e la sera per cena.\" \/>\n<meta name=\"robots\" content=\"index, follow, max-snippet:-1, max-image-preview:large, max-video-preview:-1\" \/>\n<link rel=\"canonical\" href=\"https:\/\/bluewaves.hr\/it\/ristoranti-bar\/il-principale-ristorante-del-resort-con-servizio-a-buffet\/\" \/>\n<meta property=\"og:locale\" content=\"it_IT\" \/>\n<meta property=\"og:type\" content=\"article\" \/>\n<meta property=\"og:title\" content=\"Il principale buffet ristorante - Blue Waves Resort\" \/>\n<meta property=\"og:description\" content=\"Il principale ristorante del resort con servizio a buffet \u00e8 aperto al mattino per la prima colazione e la sera per cena.\" \/>\n<meta property=\"og:url\" content=\"https:\/\/bluewaves.hr\/it\/ristoranti-bar\/il-principale-ristorante-del-resort-con-servizio-a-buffet\/\" \/>\n<meta property=\"og:site_name\" content=\"Blue Waves Resort\" \/>\n<meta property=\"article:modified_time\" content=\"2023-11-07T08:51:43+00:00\" \/>\n<meta property=\"og:image\" content=\"https:\/\/bluewaves.hr\/wp-content\/uploads\/sites\/100\/2019\/12\/BWR_gallery_01-1.jpg\" \/>\n\t<meta property=\"og:image:width\" content=\"2200\" \/>\n\t<meta property=\"og:image:height\" content=\"1200\" \/>\n\t<meta property=\"og:image:type\" content=\"image\/jpeg\" \/>\n<meta name=\"twitter:card\" content=\"summary_large_image\" \/>\n<meta name=\"twitter:label1\" content=\"Tempo di lettura stimato\" \/>\n\t<meta name=\"twitter:data1\" content=\"1 minuto\" \/>\n<script type=\"application\/ld+json\" class=\"yoast-schema-graph\">{\"@context\":\"https:\/\/schema.org\",\"@graph\":[{\"@type\":\"WebPage\",\"@id\":\"https:\/\/bluewaves.hr\/it\/ristoranti-bar\/il-principale-ristorante-del-resort-con-servizio-a-buffet\/\",\"url\":\"https:\/\/bluewaves.hr\/it\/ristoranti-bar\/il-principale-ristorante-del-resort-con-servizio-a-buffet\/\",\"name\":\"Il principale buffet ristorante - Blue Waves Resort\",\"isPartOf\":{\"@id\":\"https:\/\/bluewaves.hr\/it\/#website\"},\"primaryImageOfPage\":{\"@id\":\"https:\/\/bluewaves.hr\/it\/ristoranti-bar\/il-principale-ristorante-del-resort-con-servizio-a-buffet\/#primaryimage\"},\"image\":{\"@id\":\"https:\/\/bluewaves.hr\/it\/ristoranti-bar\/il-principale-ristorante-del-resort-con-servizio-a-buffet\/#primaryimage\"},\"thumbnailUrl\":\"https:\/\/bluewaves.hr\/wp-content\/uploads\/sites\/100\/2019\/12\/BWR_gallery_01-1.jpg\",\"datePublished\":\"2019-12-16T15:35:33+00:00\",\"dateModified\":\"2023-11-07T08:51:43+00:00\",\"description\":\"Il principale ristorante del resort con servizio a buffet \u00e8 aperto al mattino per la prima colazione e la sera per cena.\",\"breadcrumb\":{\"@id\":\"https:\/\/bluewaves.hr\/it\/ristoranti-bar\/il-principale-ristorante-del-resort-con-servizio-a-buffet\/#breadcrumb\"},\"inLanguage\":\"it-IT\",\"potentialAction\":[{\"@type\":\"ReadAction\",\"target\":[\"https:\/\/bluewaves.hr\/it\/ristoranti-bar\/il-principale-ristorante-del-resort-con-servizio-a-buffet\/\"]}]},{\"@type\":\"ImageObject\",\"inLanguage\":\"it-IT\",\"@id\":\"https:\/\/bluewaves.hr\/it\/ristoranti-bar\/il-principale-ristorante-del-resort-con-servizio-a-buffet\/#primaryimage\",\"url\":\"https:\/\/bluewaves.hr\/wp-content\/uploads\/sites\/100\/2019\/12\/BWR_gallery_01-1.jpg\",\"contentUrl\":\"https:\/\/bluewaves.hr\/wp-content\/uploads\/sites\/100\/2019\/12\/BWR_gallery_01-1.jpg\",\"width\":2200,\"height\":1200},{\"@type\":\"BreadcrumbList\",\"@id\":\"https:\/\/bluewaves.hr\/it\/ristoranti-bar\/il-principale-ristorante-del-resort-con-servizio-a-buffet\/#breadcrumb\",\"itemListElement\":[{\"@type\":\"ListItem\",\"position\":1,\"name\":\"Home\",\"item\":\"https:\/\/bluewaves.hr\/it\/\"},{\"@type\":\"ListItem\",\"position\":2,\"name\":\"Ristoranti &#038; Bar\",\"item\":\"https:\/\/bluewaves.hr\/it\/ristoranti-bar\/\"},{\"@type\":\"ListItem\",\"position\":3,\"name\":\"Il principale buffet ristorante\"}]},{\"@type\":\"WebSite\",\"@id\":\"https:\/\/bluewaves.hr\/it\/#website\",\"url\":\"https:\/\/bluewaves.hr\/it\/\",\"name\":\"Blue Waves Resort\",\"description\":\"Just another ms.decms.eu site\",\"publisher\":{\"@id\":\"https:\/\/bluewaves.hr\/it\/#organization\"},\"potentialAction\":[{\"@type\":\"SearchAction\",\"target\":{\"@type\":\"EntryPoint\",\"urlTemplate\":\"https:\/\/bluewaves.hr\/it\/?s={search_term_string}\"},\"query-input\":{\"@type\":\"PropertyValueSpecification\",\"valueRequired\":true,\"valueName\":\"search_term_string\"}}],\"inLanguage\":\"it-IT\"},{\"@type\":\"Organization\",\"@id\":\"https:\/\/bluewaves.hr\/it\/#organization\",\"name\":\"Blue Waves Resort\",\"url\":\"https:\/\/bluewaves.hr\/it\/\",\"logo\":{\"@type\":\"ImageObject\",\"inLanguage\":\"it-IT\",\"@id\":\"https:\/\/bluewaves.hr\/it\/#\/schema\/logo\/image\/\",\"url\":\"https:\/\/bluewaves.hr\/wp-content\/uploads\/sites\/100\/2024\/01\/Blue-waves-logo-zlatni.png\",\"contentUrl\":\"https:\/\/bluewaves.hr\/wp-content\/uploads\/sites\/100\/2024\/01\/Blue-waves-logo-zlatni.png\",\"width\":1168,\"height\":652,\"caption\":\"Blue Waves Resort\"},\"image\":{\"@id\":\"https:\/\/bluewaves.hr\/it\/#\/schema\/logo\/image\/\"}}]}<\/script>\n<!-- \/ Yoast SEO plugin. -->","yoast_head_json":{"title":"Il principale buffet ristorante - Blue Waves Resort","description":"Il principale ristorante del resort con servizio a buffet \u00e8 aperto al mattino per la prima colazione e la sera per cena.","robots":{"index":"index","follow":"follow","max-snippet":"max-snippet:-1","max-image-preview":"max-image-preview:large","max-video-preview":"max-video-preview:-1"},"canonical":"https:\/\/bluewaves.hr\/it\/ristoranti-bar\/il-principale-ristorante-del-resort-con-servizio-a-buffet\/","og_locale":"it_IT","og_type":"article","og_title":"Il principale buffet ristorante - Blue Waves Resort","og_description":"Il principale ristorante del resort con servizio a buffet \u00e8 aperto al mattino per la prima colazione e la sera per cena.","og_url":"https:\/\/bluewaves.hr\/it\/ristoranti-bar\/il-principale-ristorante-del-resort-con-servizio-a-buffet\/","og_site_name":"Blue Waves Resort","article_modified_time":"2023-11-07T08:51:43+00:00","og_image":[{"width":2200,"height":1200,"url":"https:\/\/bluewaves.hr\/wp-content\/uploads\/sites\/100\/2019\/12\/BWR_gallery_01-1.jpg","type":"image\/jpeg"}],"twitter_card":"summary_large_image","twitter_misc":{"Tempo di lettura stimato":"1 minuto"},"schema":{"@context":"https:\/\/schema.org","@graph":[{"@type":"WebPage","@id":"https:\/\/bluewaves.hr\/it\/ristoranti-bar\/il-principale-ristorante-del-resort-con-servizio-a-buffet\/","url":"https:\/\/bluewaves.hr\/it\/ristoranti-bar\/il-principale-ristorante-del-resort-con-servizio-a-buffet\/","name":"Il principale buffet ristorante - Blue Waves Resort","isPartOf":{"@id":"https:\/\/bluewaves.hr\/it\/#website"},"primaryImageOfPage":{"@id":"https:\/\/bluewaves.hr\/it\/ristoranti-bar\/il-principale-ristorante-del-resort-con-servizio-a-buffet\/#primaryimage"},"image":{"@id":"https:\/\/bluewaves.hr\/it\/ristoranti-bar\/il-principale-ristorante-del-resort-con-servizio-a-buffet\/#primaryimage"},"thumbnailUrl":"https:\/\/bluewaves.hr\/wp-content\/uploads\/sites\/100\/2019\/12\/BWR_gallery_01-1.jpg","datePublished":"2019-12-16T15:35:33+00:00","dateModified":"2023-11-07T08:51:43+00:00","description":"Il principale ristorante del resort con servizio a buffet \u00e8 aperto al mattino per la prima colazione e la sera per cena.","breadcrumb":{"@id":"https:\/\/bluewaves.hr\/it\/ristoranti-bar\/il-principale-ristorante-del-resort-con-servizio-a-buffet\/#breadcrumb"},"inLanguage":"it-IT","potentialAction":[{"@type":"ReadAction","target":["https:\/\/bluewaves.hr\/it\/ristoranti-bar\/il-principale-ristorante-del-resort-con-servizio-a-buffet\/"]}]},{"@type":"ImageObject","inLanguage":"it-IT","@id":"https:\/\/bluewaves.hr\/it\/ristoranti-bar\/il-principale-ristorante-del-resort-con-servizio-a-buffet\/#primaryimage","url":"https:\/\/bluewaves.hr\/wp-content\/uploads\/sites\/100\/2019\/12\/BWR_gallery_01-1.jpg","contentUrl":"https:\/\/bluewaves.hr\/wp-content\/uploads\/sites\/100\/2019\/12\/BWR_gallery_01-1.jpg","width":2200,"height":1200},{"@type":"BreadcrumbList","@id":"https:\/\/bluewaves.hr\/it\/ristoranti-bar\/il-principale-ristorante-del-resort-con-servizio-a-buffet\/#breadcrumb","itemListElement":[{"@type":"ListItem","position":1,"name":"Home","item":"https:\/\/bluewaves.hr\/it\/"},{"@type":"ListItem","position":2,"name":"Ristoranti &#038; Bar","item":"https:\/\/bluewaves.hr\/it\/ristoranti-bar\/"},{"@type":"ListItem","position":3,"name":"Il principale buffet ristorante"}]},{"@type":"WebSite","@id":"https:\/\/bluewaves.hr\/it\/#website","url":"https:\/\/bluewaves.hr\/it\/","name":"Blue Waves Resort","description":"Just another ms.decms.eu site","publisher":{"@id":"https:\/\/bluewaves.hr\/it\/#organization"},"potentialAction":[{"@type":"SearchAction","target":{"@type":"EntryPoint","urlTemplate":"https:\/\/bluewaves.hr\/it\/?s={search_term_string}"},"query-input":{"@type":"PropertyValueSpecification","valueRequired":true,"valueName":"search_term_string"}}],"inLanguage":"it-IT"},{"@type":"Organization","@id":"https:\/\/bluewaves.hr\/it\/#organization","name":"Blue Waves Resort","url":"https:\/\/bluewaves.hr\/it\/","logo":{"@type":"ImageObject","inLanguage":"it-IT","@id":"https:\/\/bluewaves.hr\/it\/#\/schema\/logo\/image\/","url":"https:\/\/bluewaves.hr\/wp-content\/uploads\/sites\/100\/2024\/01\/Blue-waves-logo-zlatni.png","contentUrl":"https:\/\/bluewaves.hr\/wp-content\/uploads\/sites\/100\/2024\/01\/Blue-waves-logo-zlatni.png","width":1168,"height":652,"caption":"Blue Waves Resort"},"image":{"@id":"https:\/\/bluewaves.hr\/it\/#\/schema\/logo\/image\/"}}]}},"acf":[],"_links":{"self":[{"href":"https:\/\/bluewaves.hr\/it\/wp-json\/wp\/v2\/pages\/716","targetHints":{"allow":["GET"]}}],"collection":[{"href":"https:\/\/bluewaves.hr\/it\/wp-json\/wp\/v2\/pages"}],"about":[{"href":"https:\/\/bluewaves.hr\/it\/wp-json\/wp\/v2\/types\/page"}],"author":[{"embeddable":true,"href":"https:\/\/bluewaves.hr\/it\/wp-json\/wp\/v2\/users\/4"}],"replies":[{"embeddable":true,"href":"https:\/\/bluewaves.hr\/it\/wp-json\/wp\/v2\/comments?post=716"}],"version-history":[{"count":0,"href":"https:\/\/bluewaves.hr\/it\/wp-json\/wp\/v2\/pages\/716\/revisions"}],"up":[{"embeddable":true,"href":"https:\/\/bluewaves.hr\/it\/wp-json\/wp\/v2\/pages\/712"}],"wp:featuredmedia":[{"embeddable":true,"href":"https:\/\/bluewaves.hr\/it\/wp-json\/wp\/v2\/media\/346"}],"wp:attachment":[{"href":"https:\/\/bluewaves.hr\/it\/wp-json\/wp\/v2\/media?parent=716"}],"curies":[{"name":"wp","href":"https:\/\/api.w.org\/{rel}","templated":true}]}}