{"id":1081,"date":"2020-03-12T13:20:20","date_gmt":"2020-03-12T13:20:20","guid":{"rendered":"https:\/\/bluewaves.hr\/?page_id=1081"},"modified":"2020-12-14T13:04:48","modified_gmt":"2020-12-14T13:04:48","slug":"radite-s-nama","status":"publish","type":"page","link":"https:\/\/bluewaves.hr\/sl\/radite-s-nama\/","title":{"rendered":"Radite S Nama"},"content":{"rendered":"\n                <div class='gf_browser_gecko gform_wrapper' id='gform_wrapper_23' ><div id='gf_23' class='gform_anchor' tabindex='-1'><\/div><form method='post' enctype='multipart\/form-data' target='gform_ajax_frame_23' id='gform_23'  action='\/sl\/wp-json\/wp\/v2\/pages\/1081#gf_23'>\n                        <div class='gform_body'><ul id='gform_fields_23' class='gform_fields top_label form_sublabel_below description_below'><li id='field_23_14'  class='gfield gfield_contains_required field_sublabel_below field_description_below gfield_visibility_visible' ><label class='gfield_label' for='input_23_14' >Ime i prezime<span class='gfield_required'>*<\/span><\/label><div class='ginput_container ginput_container_text'><input name='input_14' id='input_23_14' type='text' value='' class='large'    placeholder='Ime i prezime' aria-required=\"true\" aria-invalid=\"false\" \/><\/div><\/li><li id='field_23_23'  class='gfield gfield_contains_required field_sublabel_below field_description_below gfield_visibility_visible' ><label class='gfield_label' for='input_23_23' >E-mail adresa<span class='gfield_required'>*<\/span><\/label><div class='ginput_container ginput_container_email'>\n                            <input name='input_23' id='input_23_23' type='text' value='' class='medium'   placeholder='Va\u0161 e-mail adresa' aria-required=\"true\" aria-invalid=\"false\" \/>\n                        <\/div><\/li><li id='field_23_24'  class='gfield gfield_contains_required field_sublabel_below field_description_below gfield_visibility_visible' ><label class='gfield_label' for='input_23_24' >Broj telefona ili mobitela<span class='gfield_required'>*<\/span><\/label><div class='ginput_container ginput_container_phone'><input name='input_24' id='input_23_24' type='text' value='' class='medium'  placeholder='Tvoja broj telefona ili mobitela' aria-required=\"true\" aria-invalid=\"false\"  \/><\/div><\/li><li id='field_23_25'  class='gfield field_sublabel_below field_description_below gfield_visibility_visible' ><label class='gfield_label' for='input_23_25' >Minimalna o\u010dekivana pla\u0107a<\/label><div class='ginput_container ginput_container_text'><input name='input_25' id='input_23_25' type='text' value='' class='medium'      aria-invalid=\"false\" \/><\/div><\/li><li id='field_23_18'  class='gfield gfield_contains_required field_sublabel_below field_description_below gfield_visibility_visible' ><label class='gfield_label' for='input_23_18' >Primarno radno mjesto za koje se prijavljujete<span class='gfield_required'>*<\/span><\/label><div class='ginput_container ginput_container_select'><select name='input_18' id='input_23_18' class='medium gfield_select'   aria-required=\"true\" aria-invalid=\"false\"><option value='Odaberite radno mjesto' >Odaberite radno mjesto<\/option><option value='Konobar\/ica' >Konobar\/ica<\/option><option value='Pomo\u0107ni konobar\/ica' >Pomo\u0107ni konobar\/ica<\/option><option value='Barmen\/ica' >Barmen\/ica<\/option><option value='Kuhar\/ica' >Kuhar\/ica<\/option><option value='Pomo\u0107ni kuhar\/ica' >Pomo\u0107ni kuhar\/ica<\/option><option value='Sobar\/Sobarica' >Sobar\/Sobarica<\/option><option value='Drugi polo\u017eaj' >Drugi polo\u017eaj<\/option><\/select><\/div><\/li><li id='field_23_19'  class='gfield field_sublabel_below field_description_below gfield_visibility_visible' ><label class='gfield_label' for='input_23_19' >Sekundarno radno mjesto za koje se prijavljujete<\/label><div class='ginput_container ginput_container_select'><select name='input_19' id='input_23_19' class='medium gfield_select'    aria-invalid=\"false\"><option value='Odaberite radno mjesto' >Odaberite radno mjesto<\/option><option value='Konobar\/ica' >Konobar\/ica<\/option><option value='Pomo\u0107ni konobar\/ica' >Pomo\u0107ni konobar\/ica<\/option><option value='Barmen\/ica' >Barmen\/ica<\/option><option value='Kuhar\/ica' >Kuhar\/ica<\/option><option value='Pomo\u0107ni kuhar\/ica' >Pomo\u0107ni kuhar\/ica<\/option><option value='Sobar\/Sobarica' >Sobar\/Sobarica<\/option><option value='Ostalo' >Ostalo<\/option><\/select><\/div><\/li><li id='field_23_20'  class='gfield gfield_contains_required field_sublabel_below field_description_below gfield_visibility_visible' ><label class='gfield_label'  >Godine iskustva za primarno odabrano radno mjesto<span class='gfield_required'>*<\/span><\/label><div class='ginput_container ginput_container_radio'><ul class='gfield_radio' id='input_23_20'><li class='gchoice_23_20_0'><input name='input_20' type='radio' value='1 do 3 godine'  id='choice_23_20_0'    \/><label for='choice_23_20_0' id='label_23_20_0'>1 do 3 godine<\/label><\/li><li class='gchoice_23_20_1'><input name='input_20' type='radio' value='3 do 5 godina'  id='choice_23_20_1'    \/><label for='choice_23_20_1' id='label_23_20_1'>3 do 5 godina<\/label><\/li><li class='gchoice_23_20_2'><input name='input_20' type='radio' value='5 do 10 godina'  id='choice_23_20_2'    \/><label for='choice_23_20_2' id='label_23_20_2'>5 do 10 godina<\/label><\/li><li class='gchoice_23_20_3'><input name='input_20' type='radio' value='10+ godina'  id='choice_23_20_3'    \/><label for='choice_23_20_3' id='label_23_20_3'>10+ godina<\/label><\/li><\/ul><\/div><\/li><li id='field_23_21'  class='gfield field_sublabel_below field_description_below gfield_visibility_visible' ><label class='gfield_label'  >Godine iskustva za sekundarno odabrano radno mjesto<\/label><div class='ginput_container ginput_container_radio'><ul class='gfield_radio' id='input_23_21'><li class='gchoice_23_21_0'><input name='input_21' type='radio' value='1 do 3 godine'  id='choice_23_21_0'    \/><label for='choice_23_21_0' id='label_23_21_0'>1 do 3 godine<\/label><\/li><li class='gchoice_23_21_1'><input name='input_21' type='radio' value='3 do 5 godina'  id='choice_23_21_1'    \/><label for='choice_23_21_1' id='label_23_21_1'>3 do 5 godina<\/label><\/li><li class='gchoice_23_21_2'><input name='input_21' type='radio' value='5 do 10 godina'  id='choice_23_21_2'    \/><label for='choice_23_21_2' id='label_23_21_2'>5 do 10 godina<\/label><\/li><li class='gchoice_23_21_3'><input name='input_21' type='radio' value='10+ godina'  id='choice_23_21_3'    \/><label for='choice_23_21_3' id='label_23_21_3'>10+ godina<\/label><\/li><\/ul><\/div><\/li><li id='field_23_16'  class='gfield gfield_contains_required field_sublabel_below field_description_below gfield_visibility_visible' ><label class='gfield_label'  >Preferirano\/Prikladno razdoblje zaposlenja<span class='gfield_required'>*<\/span><\/label><div class='ginput_container ginput_container_radio'><ul class='gfield_radio' id='input_23_16'><li class='gchoice_23_16_0'><input name='input_16' type='radio' value='01.04 - 01.11 (7 mjeseci)' checked='checked' id='choice_23_16_0'    \/><label for='choice_23_16_0' id='label_23_16_0'>01.04 - 01.11 (7 mjeseci)<\/label><\/li><li class='gchoice_23_16_1'><input name='input_16' type='radio' value='01.05 - 01.10 (5 mjeseci)'  id='choice_23_16_1'    \/><label for='choice_23_16_1' id='label_23_16_1'>01.05 - 01.10 (5 mjeseci)<\/label><\/li><li class='gchoice_23_16_2'><input name='input_16' type='radio' value='15.05 - 15.09 (4 mjeseca)'  id='choice_23_16_2'    \/><label for='choice_23_16_2' id='label_23_16_2'>15.05 - 15.09 (4 mjeseca)<\/label><\/li><li class='gchoice_23_16_3'><input name='input_16' type='radio' value='15.06.-15.09 (3 mjeseca)'  id='choice_23_16_3'    \/><label for='choice_23_16_3' id='label_23_16_3'>15.06.-15.09 (3 mjeseca)<\/label><\/li><\/ul><\/div><\/li><li id='field_23_9'  class='gfield privacy gfield_contains_required field_sublabel_below field_description_below gfield_visibility_visible' ><label class='gfield_label'  >Politika zasebnosti<span class='gfield_required'>*<\/span><\/label><div class='ginput_container ginput_container_checkbox'><ul class='gfield_checkbox' id='input_23_9'><li class='gchoice_23_9_1'>\n\t\t\t\t\t\t\t\t<input name='input_9.1' type='checkbox'  value='Da, sprejel sem pravilnik o zasebnosti'  id='choice_23_9_1'   \/>\n\t\t\t\t\t\t\t\t<label for='choice_23_9_1' id='label_23_9_1'>Da, sprejel sem pravilnik o zasebnosti<\/label>\n\t\t\t\t\t\t\t<\/li><\/ul><\/div><\/li><li id='field_23_11'  class='gfield field_sublabel_below field_description_below gfield_visibility_visible' ><label class='gfield_label' for='input_23_11' >CAPTCHA<\/label><div id='input_23_11' class='ginput_container ginput_recaptcha' data-sitekey='6LetGMsUAAAAAFVTibSBIvAHHrys6fTQkvaNCUbF'  data-theme='light' data-tabindex='0'  data-badge=''><\/div><\/li><li id='field_23_26'  class='gfield gform_validation_container field_sublabel_below field_description_below gfield_visibility_visible' ><label class='gfield_label' for='input_23_26' >Name<\/label><div class='ginput_container'><input name='input_26' id='input_23_26' type='text' value='' \/><\/div><div class='gfield_description' id='gfield_description_23_26'>This field is for validation purposes and should be left unchanged.<\/div><\/li>\n                            <\/ul><\/div>\n        <div class='gform_footer top_label'> <input type='submit' id='gform_submit_button_23' class='gform_button button' value='Po\u0161alji'  onclick='if(window[\"gf_submitting_23\"]){return false;}  window[\"gf_submitting_23\"]=true;  ' onkeypress='if( event.keyCode == 13 ){ if(window[\"gf_submitting_23\"]){return false;} window[\"gf_submitting_23\"]=true;  jQuery(\"#gform_23\").trigger(\"submit\",[true]); }' \/> <input type='hidden' name='gform_ajax' value='form_id=23&amp;title=&amp;description=&amp;tabindex=0' \/>\n            <input type='hidden' class='gform_hidden' name='is_submit_23' value='1' \/>\n            <input type='hidden' class='gform_hidden' name='gform_submit' value='23' \/>\n            \n            <input type='hidden' class='gform_hidden' name='gform_unique_id' value='' \/>\n            <input type='hidden' class='gform_hidden' name='state_23' value='WyJbXSIsIjMzYmYyMWNkYTJhNzA4YTM1YzdlNzFmY2RiNzcyYTQwIl0=' \/>\n            <input type='hidden' class='gform_hidden' name='gform_target_page_number_23' id='gform_target_page_number_23' value='0' \/>\n            <input type='hidden' class='gform_hidden' name='gform_source_page_number_23' id='gform_source_page_number_23' value='1' \/>\n            <input type='hidden' name='gform_field_values' value='' \/>\n            \n        <\/div>\n                        <\/form>\n                        <\/div>\n                <iframe style='display:none;width:0px;height:0px;' src='about:blank' name='gform_ajax_frame_23' id='gform_ajax_frame_23' title='This iframe contains the logic required to handle Ajax powered Gravity Forms.'><\/iframe>\n                <script type='text\/javascript'>document.addEventListener( \"DOMContentLoaded\", function() { jQuery(document).ready(function($){gformInitSpinner( 23, 'https:\/\/bluewaves.hr\/wp-content\/plugins\/gravityforms\/images\/spinner.gif' );jQuery('#gform_ajax_frame_23').on('load',function(){var contents = jQuery(this).contents().find('*').html();var is_postback = contents.indexOf('GF_AJAX_POSTBACK') >= 0;if(!is_postback){return;}var form_content = jQuery(this).contents().find('#gform_wrapper_23');var is_confirmation = jQuery(this).contents().find('#gform_confirmation_wrapper_23').length > 0;var is_redirect = contents.indexOf('gformRedirect(){') >= 0;var is_form = form_content.length > 0 && ! is_redirect && ! is_confirmation;var mt = parseInt(jQuery('html').css('margin-top'), 10) + parseInt(jQuery('body').css('margin-top'), 10) + 100;if(is_form){jQuery('#gform_wrapper_23').html(form_content.html());if(form_content.hasClass('gform_validation_error')){jQuery('#gform_wrapper_23').addClass('gform_validation_error');} else {jQuery('#gform_wrapper_23').removeClass('gform_validation_error');}setTimeout( function() { \/* delay the scroll by 50 milliseconds to fix a bug in chrome *\/ jQuery(document).scrollTop(jQuery('#gform_wrapper_23').offset().top - mt); }, 50 );if(window['gformInitDatepicker']) {gformInitDatepicker();}if(window['gformInitPriceFields']) {gformInitPriceFields();}var current_page = jQuery('#gform_source_page_number_23').val();gformInitSpinner( 23, 'https:\/\/bluewaves.hr\/wp-content\/plugins\/gravityforms\/images\/spinner.gif' );jQuery(document).trigger('gform_page_loaded', [23, current_page]);window['gf_submitting_23'] = false;}else if(!is_redirect){var confirmation_content = jQuery(this).contents().find('.GF_AJAX_POSTBACK').html();if(!confirmation_content){confirmation_content = contents;}setTimeout(function(){jQuery('#gform_wrapper_23').replaceWith(confirmation_content);jQuery(document).scrollTop(jQuery('#gf_23').offset().top - mt);jQuery(document).trigger('gform_confirmation_loaded', [23]);window['gf_submitting_23'] = false;}, 50);}else{jQuery('#gform_23').append(contents);if(window['gformRedirect']) {gformRedirect();}}jQuery(document).trigger('gform_post_render', [23, current_page]);} );} ); }, false );<\/script>\n","protected":false},"excerpt":{"rendered":"","protected":false},"author":9,"featured_media":0,"parent":0,"menu_order":0,"comment_status":"closed","ping_status":"closed","template":"","meta":{"footnotes":""},"class_list":["post-1081","page","type-page","status-publish","hentry"],"yoast_head":"<!-- This site is optimized with the Yoast SEO plugin v26.9 - https:\/\/yoast.com\/product\/yoast-seo-wordpress\/ -->\n<title>Radite S Nama - Blue Waves Resort<\/title>\n<meta name=\"description\" content=\"I\u0161\u010dete slu\u017ebo? Ponujamo dober dohodek, mo\u017enost nastanitve, topel obrok, nabiranje izku\u0161enj v hotelu s 4 zvezdicami ob morju. - Blue Waves Resort\" \/>\n<meta name=\"robots\" content=\"index, follow, max-snippet:-1, max-image-preview:large, max-video-preview:-1\" \/>\n<link rel=\"canonical\" href=\"https:\/\/bluewaves.hr\/sl\/radite-s-nama\/\" \/>\n<meta property=\"og:locale\" content=\"sl_SI\" \/>\n<meta property=\"og:type\" content=\"article\" \/>\n<meta property=\"og:title\" content=\"Radite S Nama - Blue Waves Resort\" \/>\n<meta property=\"og:description\" content=\"I\u0161\u010dete slu\u017ebo? Ponujamo dober dohodek, mo\u017enost nastanitve, topel obrok, nabiranje izku\u0161enj v hotelu s 4 zvezdicami ob morju. - Blue Waves Resort\" \/>\n<meta property=\"og:url\" content=\"https:\/\/bluewaves.hr\/sl\/radite-s-nama\/\" \/>\n<meta property=\"og:site_name\" content=\"Blue Waves Resort\" \/>\n<meta property=\"article:modified_time\" content=\"2020-12-14T13:04:48+00:00\" \/>\n<meta name=\"twitter:card\" content=\"summary_large_image\" \/>\n<script type=\"application\/ld+json\" class=\"yoast-schema-graph\">{\"@context\":\"https:\/\/schema.org\",\"@graph\":[{\"@type\":\"WebPage\",\"@id\":\"https:\/\/bluewaves.hr\/sl\/radite-s-nama\/\",\"url\":\"https:\/\/bluewaves.hr\/sl\/radite-s-nama\/\",\"name\":\"Radite S Nama - Blue Waves Resort\",\"isPartOf\":{\"@id\":\"https:\/\/bluewaves.hr\/sl\/#website\"},\"datePublished\":\"2020-03-12T13:20:20+00:00\",\"dateModified\":\"2020-12-14T13:04:48+00:00\",\"description\":\"I\u0161\u010dete slu\u017ebo? Ponujamo dober dohodek, mo\u017enost nastanitve, topel obrok, nabiranje izku\u0161enj v hotelu s 4 zvezdicami ob morju. - Blue Waves Resort\",\"breadcrumb\":{\"@id\":\"https:\/\/bluewaves.hr\/sl\/radite-s-nama\/#breadcrumb\"},\"inLanguage\":\"sl-SI\",\"potentialAction\":[{\"@type\":\"ReadAction\",\"target\":[\"https:\/\/bluewaves.hr\/sl\/radite-s-nama\/\"]}]},{\"@type\":\"BreadcrumbList\",\"@id\":\"https:\/\/bluewaves.hr\/sl\/radite-s-nama\/#breadcrumb\",\"itemListElement\":[{\"@type\":\"ListItem\",\"position\":1,\"name\":\"Home\",\"item\":\"https:\/\/bluewaves.hr\/sl\/\"},{\"@type\":\"ListItem\",\"position\":2,\"name\":\"Radite S Nama\"}]},{\"@type\":\"WebSite\",\"@id\":\"https:\/\/bluewaves.hr\/sl\/#website\",\"url\":\"https:\/\/bluewaves.hr\/sl\/\",\"name\":\"Blue Waves Resort\",\"description\":\"Just another ms.decms.eu site\",\"publisher\":{\"@id\":\"https:\/\/bluewaves.hr\/sl\/#organization\"},\"potentialAction\":[{\"@type\":\"SearchAction\",\"target\":{\"@type\":\"EntryPoint\",\"urlTemplate\":\"https:\/\/bluewaves.hr\/sl\/?s={search_term_string}\"},\"query-input\":{\"@type\":\"PropertyValueSpecification\",\"valueRequired\":true,\"valueName\":\"search_term_string\"}}],\"inLanguage\":\"sl-SI\"},{\"@type\":\"Organization\",\"@id\":\"https:\/\/bluewaves.hr\/sl\/#organization\",\"name\":\"Blue Waves Resort\",\"url\":\"https:\/\/bluewaves.hr\/sl\/\",\"logo\":{\"@type\":\"ImageObject\",\"inLanguage\":\"sl-SI\",\"@id\":\"https:\/\/bluewaves.hr\/sl\/#\/schema\/logo\/image\/\",\"url\":\"https:\/\/bluewaves.hr\/wp-content\/uploads\/sites\/100\/2024\/01\/Blue-waves-logo-zlatni.png\",\"contentUrl\":\"https:\/\/bluewaves.hr\/wp-content\/uploads\/sites\/100\/2024\/01\/Blue-waves-logo-zlatni.png\",\"width\":1168,\"height\":652,\"caption\":\"Blue Waves Resort\"},\"image\":{\"@id\":\"https:\/\/bluewaves.hr\/sl\/#\/schema\/logo\/image\/\"}}]}<\/script>\n<!-- \/ Yoast SEO plugin. -->","yoast_head_json":{"title":"Radite S Nama - Blue Waves Resort","description":"I\u0161\u010dete slu\u017ebo? Ponujamo dober dohodek, mo\u017enost nastanitve, topel obrok, nabiranje izku\u0161enj v hotelu s 4 zvezdicami ob morju. - Blue Waves Resort","robots":{"index":"index","follow":"follow","max-snippet":"max-snippet:-1","max-image-preview":"max-image-preview:large","max-video-preview":"max-video-preview:-1"},"canonical":"https:\/\/bluewaves.hr\/sl\/radite-s-nama\/","og_locale":"sl_SI","og_type":"article","og_title":"Radite S Nama - Blue Waves Resort","og_description":"I\u0161\u010dete slu\u017ebo? Ponujamo dober dohodek, mo\u017enost nastanitve, topel obrok, nabiranje izku\u0161enj v hotelu s 4 zvezdicami ob morju. - Blue Waves Resort","og_url":"https:\/\/bluewaves.hr\/sl\/radite-s-nama\/","og_site_name":"Blue Waves Resort","article_modified_time":"2020-12-14T13:04:48+00:00","twitter_card":"summary_large_image","schema":{"@context":"https:\/\/schema.org","@graph":[{"@type":"WebPage","@id":"https:\/\/bluewaves.hr\/sl\/radite-s-nama\/","url":"https:\/\/bluewaves.hr\/sl\/radite-s-nama\/","name":"Radite S Nama - Blue Waves Resort","isPartOf":{"@id":"https:\/\/bluewaves.hr\/sl\/#website"},"datePublished":"2020-03-12T13:20:20+00:00","dateModified":"2020-12-14T13:04:48+00:00","description":"I\u0161\u010dete slu\u017ebo? Ponujamo dober dohodek, mo\u017enost nastanitve, topel obrok, nabiranje izku\u0161enj v hotelu s 4 zvezdicami ob morju. - Blue Waves Resort","breadcrumb":{"@id":"https:\/\/bluewaves.hr\/sl\/radite-s-nama\/#breadcrumb"},"inLanguage":"sl-SI","potentialAction":[{"@type":"ReadAction","target":["https:\/\/bluewaves.hr\/sl\/radite-s-nama\/"]}]},{"@type":"BreadcrumbList","@id":"https:\/\/bluewaves.hr\/sl\/radite-s-nama\/#breadcrumb","itemListElement":[{"@type":"ListItem","position":1,"name":"Home","item":"https:\/\/bluewaves.hr\/sl\/"},{"@type":"ListItem","position":2,"name":"Radite S Nama"}]},{"@type":"WebSite","@id":"https:\/\/bluewaves.hr\/sl\/#website","url":"https:\/\/bluewaves.hr\/sl\/","name":"Blue Waves Resort","description":"Just another ms.decms.eu site","publisher":{"@id":"https:\/\/bluewaves.hr\/sl\/#organization"},"potentialAction":[{"@type":"SearchAction","target":{"@type":"EntryPoint","urlTemplate":"https:\/\/bluewaves.hr\/sl\/?s={search_term_string}"},"query-input":{"@type":"PropertyValueSpecification","valueRequired":true,"valueName":"search_term_string"}}],"inLanguage":"sl-SI"},{"@type":"Organization","@id":"https:\/\/bluewaves.hr\/sl\/#organization","name":"Blue Waves Resort","url":"https:\/\/bluewaves.hr\/sl\/","logo":{"@type":"ImageObject","inLanguage":"sl-SI","@id":"https:\/\/bluewaves.hr\/sl\/#\/schema\/logo\/image\/","url":"https:\/\/bluewaves.hr\/wp-content\/uploads\/sites\/100\/2024\/01\/Blue-waves-logo-zlatni.png","contentUrl":"https:\/\/bluewaves.hr\/wp-content\/uploads\/sites\/100\/2024\/01\/Blue-waves-logo-zlatni.png","width":1168,"height":652,"caption":"Blue Waves Resort"},"image":{"@id":"https:\/\/bluewaves.hr\/sl\/#\/schema\/logo\/image\/"}}]}},"acf":[],"_links":{"self":[{"href":"https:\/\/bluewaves.hr\/sl\/wp-json\/wp\/v2\/pages\/1081","targetHints":{"allow":["GET"]}}],"collection":[{"href":"https:\/\/bluewaves.hr\/sl\/wp-json\/wp\/v2\/pages"}],"about":[{"href":"https:\/\/bluewaves.hr\/sl\/wp-json\/wp\/v2\/types\/page"}],"author":[{"embeddable":true,"href":"https:\/\/bluewaves.hr\/sl\/wp-json\/wp\/v2\/users\/9"}],"replies":[{"embeddable":true,"href":"https:\/\/bluewaves.hr\/sl\/wp-json\/wp\/v2\/comments?post=1081"}],"version-history":[{"count":0,"href":"https:\/\/bluewaves.hr\/sl\/wp-json\/wp\/v2\/pages\/1081\/revisions"}],"wp:attachment":[{"href":"https:\/\/bluewaves.hr\/sl\/wp-json\/wp\/v2\/media?parent=1081"}],"curies":[{"name":"wp","href":"https:\/\/api.w.org\/{rel}","templated":true}]}}