{"id":1292,"date":"2021-04-23T05:24:19","date_gmt":"2021-04-23T05:24:19","guid":{"rendered":"https:\/\/bluewaves.hr\/last-minute\/"},"modified":"2022-10-13T13:34:19","modified_gmt":"2022-10-13T13:34:19","slug":"pocitnice","status":"publish","type":"page","link":"https:\/\/bluewaves.hr\/sl\/pocitnice\/","title":{"rendered":"PO\u010cITNICE"},"content":{"rendered":"<p>Blue Waves Resort je hotel s 4 * v Malinski na otoku Krku. Nahaja se neposredno na pla\u017ei v mirnem okolju. Hotel ponuja 2 zunanja bazena, teraso za son\u010denje z brezpla\u010dnimi le\u017ealniki in sen\u010dniki, prostoren bar na terasi na pla\u017ei, restavracijo s pogledom na morje in igralnico. Parkiri\u0161\u010de je na voljo v hotelski gara\u017ei ali na ograjenem hotelskem parkiri\u0161\u010du. Wellness &amp; SPA ponuja notranji bazen, masa\u017eno kopel, izbiro savn, ogrevane kerami\u010dne le\u017ealnike v prostoru za sprostitev.<\/p>\n<p><strong>Ne zamudite na\u0161ih posebnih ponudb in u\u017eivajte v ugodnostih!<\/strong><\/p>\n<p>Prejmite <a href=\"https:\/\/bluewaves.hr\/sl\/newsletter\/\"><strong>newsletter<\/strong> <\/a>Blue Waves Resorta, da boste prvi prejeli posebne ponudbe in popuste.<\/p>\n","protected":false},"excerpt":{"rendered":"<p>Blue Waves Resort je hotel s 4 * v Malinski na otoku Krku. Nahaja se neposredno na pla\u017ei v mirnem okolju. Hotel ponuja 2 zunanja bazena, teraso za son\u010denje z brezpla\u010dnimi le\u017ealniki in sen\u010dniki, prostoren bar na terasi na pla\u017ei, restavracijo s pogledom na morje in igralnico. Parkiri\u0161\u010de je na voljo v hotelski gara\u017ei ali [&hellip;]<\/p>\n","protected":false},"author":98,"featured_media":0,"parent":0,"menu_order":0,"comment_status":"closed","ping_status":"closed","template":"template-restaurants.php","meta":{"footnotes":""},"class_list":["post-1292","page","type-page","status-publish","hentry"],"yoast_head":"<!-- This site is optimized with the Yoast SEO plugin v26.9 - https:\/\/yoast.com\/product\/yoast-seo-wordpress\/ -->\n<title>PO\u010cITNICE PONUDBE - Blue Waves Resort - OTOK KRK<\/title>\n<meta name=\"description\" content=\"Blue Waves Resort je hotel s 4 * v Malinski na otoku Krku. Ne zamudite na\u0161ih posebnih ponudb in u\u017eivajte v ugodnostih!\" \/>\n<meta name=\"robots\" content=\"index, follow, max-snippet:-1, max-image-preview:large, max-video-preview:-1\" \/>\n<link rel=\"canonical\" href=\"https:\/\/bluewaves.hr\/sl\/pocitnice\/\" \/>\n<meta property=\"og:locale\" content=\"sl_SI\" \/>\n<meta property=\"og:type\" content=\"article\" \/>\n<meta property=\"og:title\" content=\"PO\u010cITNICE PONUDBE - Blue Waves Resort - OTOK KRK\" \/>\n<meta property=\"og:description\" content=\"Blue Waves Resort je hotel s 4 * v Malinski na otoku Krku. Ne zamudite na\u0161ih posebnih ponudb in u\u017eivajte v ugodnostih!\" \/>\n<meta property=\"og:url\" content=\"https:\/\/bluewaves.hr\/sl\/pocitnice\/\" \/>\n<meta property=\"og:site_name\" content=\"Blue Waves Resort\" \/>\n<meta property=\"article:modified_time\" content=\"2022-10-13T13:34:19+00:00\" \/>\n<meta name=\"twitter:card\" content=\"summary_large_image\" \/>\n<meta name=\"twitter:label1\" content=\"Est. reading time\" \/>\n\t<meta name=\"twitter:data1\" content=\"1 minuta\" \/>\n<script type=\"application\/ld+json\" class=\"yoast-schema-graph\">{\"@context\":\"https:\/\/schema.org\",\"@graph\":[{\"@type\":\"WebPage\",\"@id\":\"https:\/\/bluewaves.hr\/sl\/pocitnice\/\",\"url\":\"https:\/\/bluewaves.hr\/sl\/pocitnice\/\",\"name\":\"PO\u010cITNICE PONUDBE - Blue Waves Resort - OTOK KRK\",\"isPartOf\":{\"@id\":\"https:\/\/bluewaves.hr\/sl\/#website\"},\"datePublished\":\"2021-04-23T05:24:19+00:00\",\"dateModified\":\"2022-10-13T13:34:19+00:00\",\"description\":\"Blue Waves Resort je hotel s 4 * v Malinski na otoku Krku. Ne zamudite na\u0161ih posebnih ponudb in u\u017eivajte v ugodnostih!\",\"breadcrumb\":{\"@id\":\"https:\/\/bluewaves.hr\/sl\/pocitnice\/#breadcrumb\"},\"inLanguage\":\"sl-SI\",\"potentialAction\":[{\"@type\":\"ReadAction\",\"target\":[\"https:\/\/bluewaves.hr\/sl\/pocitnice\/\"]}]},{\"@type\":\"BreadcrumbList\",\"@id\":\"https:\/\/bluewaves.hr\/sl\/pocitnice\/#breadcrumb\",\"itemListElement\":[{\"@type\":\"ListItem\",\"position\":1,\"name\":\"Home\",\"item\":\"https:\/\/bluewaves.hr\/sl\/\"},{\"@type\":\"ListItem\",\"position\":2,\"name\":\"PO\u010cITNICE\"}]},{\"@type\":\"WebSite\",\"@id\":\"https:\/\/bluewaves.hr\/sl\/#website\",\"url\":\"https:\/\/bluewaves.hr\/sl\/\",\"name\":\"Blue Waves Resort\",\"description\":\"Just another ms.decms.eu site\",\"publisher\":{\"@id\":\"https:\/\/bluewaves.hr\/sl\/#organization\"},\"potentialAction\":[{\"@type\":\"SearchAction\",\"target\":{\"@type\":\"EntryPoint\",\"urlTemplate\":\"https:\/\/bluewaves.hr\/sl\/?s={search_term_string}\"},\"query-input\":{\"@type\":\"PropertyValueSpecification\",\"valueRequired\":true,\"valueName\":\"search_term_string\"}}],\"inLanguage\":\"sl-SI\"},{\"@type\":\"Organization\",\"@id\":\"https:\/\/bluewaves.hr\/sl\/#organization\",\"name\":\"Blue Waves Resort\",\"url\":\"https:\/\/bluewaves.hr\/sl\/\",\"logo\":{\"@type\":\"ImageObject\",\"inLanguage\":\"sl-SI\",\"@id\":\"https:\/\/bluewaves.hr\/sl\/#\/schema\/logo\/image\/\",\"url\":\"https:\/\/bluewaves.hr\/wp-content\/uploads\/sites\/100\/2024\/01\/Blue-waves-logo-zlatni.png\",\"contentUrl\":\"https:\/\/bluewaves.hr\/wp-content\/uploads\/sites\/100\/2024\/01\/Blue-waves-logo-zlatni.png\",\"width\":1168,\"height\":652,\"caption\":\"Blue Waves Resort\"},\"image\":{\"@id\":\"https:\/\/bluewaves.hr\/sl\/#\/schema\/logo\/image\/\"}}]}<\/script>\n<!-- \/ Yoast SEO plugin. -->","yoast_head_json":{"title":"PO\u010cITNICE PONUDBE - Blue Waves Resort - OTOK KRK","description":"Blue Waves Resort je hotel s 4 * v Malinski na otoku Krku. Ne zamudite na\u0161ih posebnih ponudb in u\u017eivajte v ugodnostih!","robots":{"index":"index","follow":"follow","max-snippet":"max-snippet:-1","max-image-preview":"max-image-preview:large","max-video-preview":"max-video-preview:-1"},"canonical":"https:\/\/bluewaves.hr\/sl\/pocitnice\/","og_locale":"sl_SI","og_type":"article","og_title":"PO\u010cITNICE PONUDBE - Blue Waves Resort - OTOK KRK","og_description":"Blue Waves Resort je hotel s 4 * v Malinski na otoku Krku. Ne zamudite na\u0161ih posebnih ponudb in u\u017eivajte v ugodnostih!","og_url":"https:\/\/bluewaves.hr\/sl\/pocitnice\/","og_site_name":"Blue Waves Resort","article_modified_time":"2022-10-13T13:34:19+00:00","twitter_card":"summary_large_image","twitter_misc":{"Est. reading time":"1 minuta"},"schema":{"@context":"https:\/\/schema.org","@graph":[{"@type":"WebPage","@id":"https:\/\/bluewaves.hr\/sl\/pocitnice\/","url":"https:\/\/bluewaves.hr\/sl\/pocitnice\/","name":"PO\u010cITNICE PONUDBE - Blue Waves Resort - OTOK KRK","isPartOf":{"@id":"https:\/\/bluewaves.hr\/sl\/#website"},"datePublished":"2021-04-23T05:24:19+00:00","dateModified":"2022-10-13T13:34:19+00:00","description":"Blue Waves Resort je hotel s 4 * v Malinski na otoku Krku. Ne zamudite na\u0161ih posebnih ponudb in u\u017eivajte v ugodnostih!","breadcrumb":{"@id":"https:\/\/bluewaves.hr\/sl\/pocitnice\/#breadcrumb"},"inLanguage":"sl-SI","potentialAction":[{"@type":"ReadAction","target":["https:\/\/bluewaves.hr\/sl\/pocitnice\/"]}]},{"@type":"BreadcrumbList","@id":"https:\/\/bluewaves.hr\/sl\/pocitnice\/#breadcrumb","itemListElement":[{"@type":"ListItem","position":1,"name":"Home","item":"https:\/\/bluewaves.hr\/sl\/"},{"@type":"ListItem","position":2,"name":"PO\u010cITNICE"}]},{"@type":"WebSite","@id":"https:\/\/bluewaves.hr\/sl\/#website","url":"https:\/\/bluewaves.hr\/sl\/","name":"Blue Waves Resort","description":"Just another ms.decms.eu site","publisher":{"@id":"https:\/\/bluewaves.hr\/sl\/#organization"},"potentialAction":[{"@type":"SearchAction","target":{"@type":"EntryPoint","urlTemplate":"https:\/\/bluewaves.hr\/sl\/?s={search_term_string}"},"query-input":{"@type":"PropertyValueSpecification","valueRequired":true,"valueName":"search_term_string"}}],"inLanguage":"sl-SI"},{"@type":"Organization","@id":"https:\/\/bluewaves.hr\/sl\/#organization","name":"Blue Waves Resort","url":"https:\/\/bluewaves.hr\/sl\/","logo":{"@type":"ImageObject","inLanguage":"sl-SI","@id":"https:\/\/bluewaves.hr\/sl\/#\/schema\/logo\/image\/","url":"https:\/\/bluewaves.hr\/wp-content\/uploads\/sites\/100\/2024\/01\/Blue-waves-logo-zlatni.png","contentUrl":"https:\/\/bluewaves.hr\/wp-content\/uploads\/sites\/100\/2024\/01\/Blue-waves-logo-zlatni.png","width":1168,"height":652,"caption":"Blue Waves Resort"},"image":{"@id":"https:\/\/bluewaves.hr\/sl\/#\/schema\/logo\/image\/"}}]}},"acf":[],"_links":{"self":[{"href":"https:\/\/bluewaves.hr\/sl\/wp-json\/wp\/v2\/pages\/1292","targetHints":{"allow":["GET"]}}],"collection":[{"href":"https:\/\/bluewaves.hr\/sl\/wp-json\/wp\/v2\/pages"}],"about":[{"href":"https:\/\/bluewaves.hr\/sl\/wp-json\/wp\/v2\/types\/page"}],"author":[{"embeddable":true,"href":"https:\/\/bluewaves.hr\/sl\/wp-json\/wp\/v2\/users\/98"}],"replies":[{"embeddable":true,"href":"https:\/\/bluewaves.hr\/sl\/wp-json\/wp\/v2\/comments?post=1292"}],"version-history":[{"count":0,"href":"https:\/\/bluewaves.hr\/sl\/wp-json\/wp\/v2\/pages\/1292\/revisions"}],"wp:attachment":[{"href":"https:\/\/bluewaves.hr\/sl\/wp-json\/wp\/v2\/media?parent=1292"}],"curies":[{"name":"wp","href":"https:\/\/api.w.org\/{rel}","templated":true}]}}