{"id":1305,"date":"2021-04-23T05:28:20","date_gmt":"2021-04-23T05:28:20","guid":{"rendered":"https:\/\/bluewaves.hr\/last-minute\/proljetni-odmor-28-05-06-06-2021\/"},"modified":"2026-03-31T10:26:56","modified_gmt":"2026-03-31T10:26:56","slug":"pomladne-pocitnice-malinska-hrvaska","status":"publish","type":"page","link":"https:\/\/bluewaves.hr\/sl\/pocitnice\/pomladne-pocitnice-malinska-hrvaska\/","title":{"rendered":"Pomladne po\u010ditnice"},"content":{"rendered":"<p class=\"isSelectedEnd\"><strong>Pomladna wellness ponudba \u2013 15 % popusta za popoln oddih<\/strong><\/p>\n<p class=\"isSelectedEnd\">Izkoristite posebno pomladno ponudbo in u\u017eivajte v <strong>15 % popustu na bivanje<\/strong>. Pomlad je idealen \u010das za sprostitev in regeneracijo, z dodatnimi ugodnostmi pa bo va\u0161 oddih \u0161e prijetnej\u0161i.<\/p>\n<p class=\"isSelectedEnd\">Ponudba vklju\u010duje:<\/p>\n<ul data-spread=\"false\">\n<li><strong>120 minut uporabe SPA centra na osebo<\/strong><\/li>\n<li><strong>Voucher v vrednosti 8 \u20ac za masa\u017eo<\/strong><\/li>\n<\/ul>\n<p class=\"isSelectedEnd\">Sprostite se v wellnessu, pozabite na stres in napolnite svojo energijo. Naj bo to romanti\u010den vikend ali kratek pobeg \u2013 ta ponudba zdru\u017euje udobje in prihranek.<\/p>\n<p><strong>Rezervirajte pravo\u010dasno in si zagotovite svoj pomladni oddih po ugodni ceni.<\/strong><\/p>\n","protected":false},"excerpt":{"rendered":"<p>Pomladna wellness ponudba \u2013 15 % popusta za popoln oddih Izkoristite posebno pomladno ponudbo in u\u017eivajte v 15 % popustu na bivanje. Pomlad je idealen \u010das za sprostitev in regeneracijo, z dodatnimi ugodnostmi pa bo va\u0161 oddih \u0161e prijetnej\u0161i. Ponudba vklju\u010duje: 120 minut uporabe SPA centra na osebo Voucher v vrednosti 8 \u20ac za masa\u017eo [&hellip;]<\/p>\n","protected":false},"author":98,"featured_media":1568,"parent":1292,"menu_order":1,"comment_status":"closed","ping_status":"closed","template":"","meta":{"footnotes":""},"class_list":["post-1305","page","type-page","status-publish","has-post-thumbnail","hentry"],"yoast_head":"<!-- This site is optimized with the Yoast SEO plugin v26.9 - https:\/\/yoast.com\/product\/yoast-seo-wordpress\/ -->\n<title>Pomladne po\u010ditnice - Blue Waves Resort<\/title>\n<meta name=\"description\" content=\"Izkoristite pomladno wellness ponudbo: 15 % popusta, 120 minut SPA in voucher za masa\u017eo. Rezervirajte svoj spro\u0161\u010dujo\u010d oddih \u0161e danes.\" \/>\n<meta name=\"robots\" content=\"index, follow, max-snippet:-1, max-image-preview:large, max-video-preview:-1\" \/>\n<link rel=\"canonical\" href=\"https:\/\/bluewaves.hr\/sl\/pocitnice\/pomladne-pocitnice-malinska-hrvaska\/\" \/>\n<meta property=\"og:locale\" content=\"sl_SI\" \/>\n<meta property=\"og:type\" content=\"article\" \/>\n<meta property=\"og:title\" content=\"Pomladne po\u010ditnice - Blue Waves Resort\" \/>\n<meta property=\"og:description\" content=\"Izkoristite pomladno wellness ponudbo: 15 % popusta, 120 minut SPA in voucher za masa\u017eo. Rezervirajte svoj spro\u0161\u010dujo\u010d oddih \u0161e danes.\" \/>\n<meta property=\"og:url\" content=\"https:\/\/bluewaves.hr\/sl\/pocitnice\/pomladne-pocitnice-malinska-hrvaska\/\" \/>\n<meta property=\"og:site_name\" content=\"Blue Waves Resort\" \/>\n<meta property=\"article:modified_time\" content=\"2026-03-31T10:26:56+00:00\" \/>\n<meta property=\"og:image\" content=\"https:\/\/bluewaves.hr\/wp-content\/uploads\/sites\/100\/2022\/10\/Dodir-Mediterana-1024x819.png\" \/>\n\t<meta property=\"og:image:width\" content=\"1024\" \/>\n\t<meta property=\"og:image:height\" content=\"819\" \/>\n\t<meta property=\"og:image:type\" content=\"image\/png\" \/>\n<meta name=\"twitter:card\" content=\"summary_large_image\" \/>\n<meta name=\"twitter:label1\" content=\"Est. reading time\" \/>\n\t<meta name=\"twitter:data1\" content=\"1 minuta\" \/>\n<script type=\"application\/ld+json\" class=\"yoast-schema-graph\">{\"@context\":\"https:\/\/schema.org\",\"@graph\":[{\"@type\":\"WebPage\",\"@id\":\"https:\/\/bluewaves.hr\/sl\/pocitnice\/pomladne-pocitnice-malinska-hrvaska\/\",\"url\":\"https:\/\/bluewaves.hr\/sl\/pocitnice\/pomladne-pocitnice-malinska-hrvaska\/\",\"name\":\"Pomladne po\u010ditnice - Blue Waves Resort\",\"isPartOf\":{\"@id\":\"https:\/\/bluewaves.hr\/sl\/#website\"},\"primaryImageOfPage\":{\"@id\":\"https:\/\/bluewaves.hr\/sl\/pocitnice\/pomladne-pocitnice-malinska-hrvaska\/#primaryimage\"},\"image\":{\"@id\":\"https:\/\/bluewaves.hr\/sl\/pocitnice\/pomladne-pocitnice-malinska-hrvaska\/#primaryimage\"},\"thumbnailUrl\":\"https:\/\/bluewaves.hr\/wp-content\/uploads\/sites\/100\/2022\/10\/Dodir-Mediterana.png\",\"datePublished\":\"2021-04-23T05:28:20+00:00\",\"dateModified\":\"2026-03-31T10:26:56+00:00\",\"description\":\"Izkoristite pomladno wellness ponudbo: 15 % popusta, 120 minut SPA in voucher za masa\u017eo. Rezervirajte svoj spro\u0161\u010dujo\u010d oddih \u0161e danes.\",\"breadcrumb\":{\"@id\":\"https:\/\/bluewaves.hr\/sl\/pocitnice\/pomladne-pocitnice-malinska-hrvaska\/#breadcrumb\"},\"inLanguage\":\"sl-SI\",\"potentialAction\":[{\"@type\":\"ReadAction\",\"target\":[\"https:\/\/bluewaves.hr\/sl\/pocitnice\/pomladne-pocitnice-malinska-hrvaska\/\"]}]},{\"@type\":\"ImageObject\",\"inLanguage\":\"sl-SI\",\"@id\":\"https:\/\/bluewaves.hr\/sl\/pocitnice\/pomladne-pocitnice-malinska-hrvaska\/#primaryimage\",\"url\":\"https:\/\/bluewaves.hr\/wp-content\/uploads\/sites\/100\/2022\/10\/Dodir-Mediterana.png\",\"contentUrl\":\"https:\/\/bluewaves.hr\/wp-content\/uploads\/sites\/100\/2022\/10\/Dodir-Mediterana.png\",\"width\":1500,\"height\":1200,\"caption\":\"Promo image for the spa package with finnish sauna and a massage.\"},{\"@type\":\"BreadcrumbList\",\"@id\":\"https:\/\/bluewaves.hr\/sl\/pocitnice\/pomladne-pocitnice-malinska-hrvaska\/#breadcrumb\",\"itemListElement\":[{\"@type\":\"ListItem\",\"position\":1,\"name\":\"Home\",\"item\":\"https:\/\/bluewaves.hr\/sl\/\"},{\"@type\":\"ListItem\",\"position\":2,\"name\":\"PO\u010cITNICE\",\"item\":\"https:\/\/bluewaves.hr\/sl\/pocitnice\/\"},{\"@type\":\"ListItem\",\"position\":3,\"name\":\"Pomladne po\u010ditnice\"}]},{\"@type\":\"WebSite\",\"@id\":\"https:\/\/bluewaves.hr\/sl\/#website\",\"url\":\"https:\/\/bluewaves.hr\/sl\/\",\"name\":\"Blue Waves Resort\",\"description\":\"Just another ms.decms.eu site\",\"publisher\":{\"@id\":\"https:\/\/bluewaves.hr\/sl\/#organization\"},\"potentialAction\":[{\"@type\":\"SearchAction\",\"target\":{\"@type\":\"EntryPoint\",\"urlTemplate\":\"https:\/\/bluewaves.hr\/sl\/?s={search_term_string}\"},\"query-input\":{\"@type\":\"PropertyValueSpecification\",\"valueRequired\":true,\"valueName\":\"search_term_string\"}}],\"inLanguage\":\"sl-SI\"},{\"@type\":\"Organization\",\"@id\":\"https:\/\/bluewaves.hr\/sl\/#organization\",\"name\":\"Blue Waves Resort\",\"url\":\"https:\/\/bluewaves.hr\/sl\/\",\"logo\":{\"@type\":\"ImageObject\",\"inLanguage\":\"sl-SI\",\"@id\":\"https:\/\/bluewaves.hr\/sl\/#\/schema\/logo\/image\/\",\"url\":\"https:\/\/bluewaves.hr\/wp-content\/uploads\/sites\/100\/2024\/01\/Blue-waves-logo-zlatni.png\",\"contentUrl\":\"https:\/\/bluewaves.hr\/wp-content\/uploads\/sites\/100\/2024\/01\/Blue-waves-logo-zlatni.png\",\"width\":1168,\"height\":652,\"caption\":\"Blue Waves Resort\"},\"image\":{\"@id\":\"https:\/\/bluewaves.hr\/sl\/#\/schema\/logo\/image\/\"}}]}<\/script>\n<!-- \/ Yoast SEO plugin. -->","yoast_head_json":{"title":"Pomladne po\u010ditnice - Blue Waves Resort","description":"Izkoristite pomladno wellness ponudbo: 15 % popusta, 120 minut SPA in voucher za masa\u017eo. Rezervirajte svoj spro\u0161\u010dujo\u010d oddih \u0161e danes.","robots":{"index":"index","follow":"follow","max-snippet":"max-snippet:-1","max-image-preview":"max-image-preview:large","max-video-preview":"max-video-preview:-1"},"canonical":"https:\/\/bluewaves.hr\/sl\/pocitnice\/pomladne-pocitnice-malinska-hrvaska\/","og_locale":"sl_SI","og_type":"article","og_title":"Pomladne po\u010ditnice - Blue Waves Resort","og_description":"Izkoristite pomladno wellness ponudbo: 15 % popusta, 120 minut SPA in voucher za masa\u017eo. Rezervirajte svoj spro\u0161\u010dujo\u010d oddih \u0161e danes.","og_url":"https:\/\/bluewaves.hr\/sl\/pocitnice\/pomladne-pocitnice-malinska-hrvaska\/","og_site_name":"Blue Waves Resort","article_modified_time":"2026-03-31T10:26:56+00:00","og_image":[{"width":1024,"height":819,"url":"https:\/\/bluewaves.hr\/wp-content\/uploads\/sites\/100\/2022\/10\/Dodir-Mediterana-1024x819.png","type":"image\/png"}],"twitter_card":"summary_large_image","twitter_misc":{"Est. reading time":"1 minuta"},"schema":{"@context":"https:\/\/schema.org","@graph":[{"@type":"WebPage","@id":"https:\/\/bluewaves.hr\/sl\/pocitnice\/pomladne-pocitnice-malinska-hrvaska\/","url":"https:\/\/bluewaves.hr\/sl\/pocitnice\/pomladne-pocitnice-malinska-hrvaska\/","name":"Pomladne po\u010ditnice - Blue Waves Resort","isPartOf":{"@id":"https:\/\/bluewaves.hr\/sl\/#website"},"primaryImageOfPage":{"@id":"https:\/\/bluewaves.hr\/sl\/pocitnice\/pomladne-pocitnice-malinska-hrvaska\/#primaryimage"},"image":{"@id":"https:\/\/bluewaves.hr\/sl\/pocitnice\/pomladne-pocitnice-malinska-hrvaska\/#primaryimage"},"thumbnailUrl":"https:\/\/bluewaves.hr\/wp-content\/uploads\/sites\/100\/2022\/10\/Dodir-Mediterana.png","datePublished":"2021-04-23T05:28:20+00:00","dateModified":"2026-03-31T10:26:56+00:00","description":"Izkoristite pomladno wellness ponudbo: 15 % popusta, 120 minut SPA in voucher za masa\u017eo. Rezervirajte svoj spro\u0161\u010dujo\u010d oddih \u0161e danes.","breadcrumb":{"@id":"https:\/\/bluewaves.hr\/sl\/pocitnice\/pomladne-pocitnice-malinska-hrvaska\/#breadcrumb"},"inLanguage":"sl-SI","potentialAction":[{"@type":"ReadAction","target":["https:\/\/bluewaves.hr\/sl\/pocitnice\/pomladne-pocitnice-malinska-hrvaska\/"]}]},{"@type":"ImageObject","inLanguage":"sl-SI","@id":"https:\/\/bluewaves.hr\/sl\/pocitnice\/pomladne-pocitnice-malinska-hrvaska\/#primaryimage","url":"https:\/\/bluewaves.hr\/wp-content\/uploads\/sites\/100\/2022\/10\/Dodir-Mediterana.png","contentUrl":"https:\/\/bluewaves.hr\/wp-content\/uploads\/sites\/100\/2022\/10\/Dodir-Mediterana.png","width":1500,"height":1200,"caption":"Promo image for the spa package with finnish sauna and a massage."},{"@type":"BreadcrumbList","@id":"https:\/\/bluewaves.hr\/sl\/pocitnice\/pomladne-pocitnice-malinska-hrvaska\/#breadcrumb","itemListElement":[{"@type":"ListItem","position":1,"name":"Home","item":"https:\/\/bluewaves.hr\/sl\/"},{"@type":"ListItem","position":2,"name":"PO\u010cITNICE","item":"https:\/\/bluewaves.hr\/sl\/pocitnice\/"},{"@type":"ListItem","position":3,"name":"Pomladne po\u010ditnice"}]},{"@type":"WebSite","@id":"https:\/\/bluewaves.hr\/sl\/#website","url":"https:\/\/bluewaves.hr\/sl\/","name":"Blue Waves Resort","description":"Just another ms.decms.eu site","publisher":{"@id":"https:\/\/bluewaves.hr\/sl\/#organization"},"potentialAction":[{"@type":"SearchAction","target":{"@type":"EntryPoint","urlTemplate":"https:\/\/bluewaves.hr\/sl\/?s={search_term_string}"},"query-input":{"@type":"PropertyValueSpecification","valueRequired":true,"valueName":"search_term_string"}}],"inLanguage":"sl-SI"},{"@type":"Organization","@id":"https:\/\/bluewaves.hr\/sl\/#organization","name":"Blue Waves Resort","url":"https:\/\/bluewaves.hr\/sl\/","logo":{"@type":"ImageObject","inLanguage":"sl-SI","@id":"https:\/\/bluewaves.hr\/sl\/#\/schema\/logo\/image\/","url":"https:\/\/bluewaves.hr\/wp-content\/uploads\/sites\/100\/2024\/01\/Blue-waves-logo-zlatni.png","contentUrl":"https:\/\/bluewaves.hr\/wp-content\/uploads\/sites\/100\/2024\/01\/Blue-waves-logo-zlatni.png","width":1168,"height":652,"caption":"Blue Waves Resort"},"image":{"@id":"https:\/\/bluewaves.hr\/sl\/#\/schema\/logo\/image\/"}}]}},"acf":[],"_links":{"self":[{"href":"https:\/\/bluewaves.hr\/sl\/wp-json\/wp\/v2\/pages\/1305","targetHints":{"allow":["GET"]}}],"collection":[{"href":"https:\/\/bluewaves.hr\/sl\/wp-json\/wp\/v2\/pages"}],"about":[{"href":"https:\/\/bluewaves.hr\/sl\/wp-json\/wp\/v2\/types\/page"}],"author":[{"embeddable":true,"href":"https:\/\/bluewaves.hr\/sl\/wp-json\/wp\/v2\/users\/98"}],"replies":[{"embeddable":true,"href":"https:\/\/bluewaves.hr\/sl\/wp-json\/wp\/v2\/comments?post=1305"}],"version-history":[{"count":0,"href":"https:\/\/bluewaves.hr\/sl\/wp-json\/wp\/v2\/pages\/1305\/revisions"}],"up":[{"embeddable":true,"href":"https:\/\/bluewaves.hr\/sl\/wp-json\/wp\/v2\/pages\/1292"}],"wp:featuredmedia":[{"embeddable":true,"href":"https:\/\/bluewaves.hr\/sl\/wp-json\/wp\/v2\/media\/1568"}],"wp:attachment":[{"href":"https:\/\/bluewaves.hr\/sl\/wp-json\/wp\/v2\/media?parent=1305"}],"curies":[{"name":"wp","href":"https:\/\/api.w.org\/{rel}","templated":true}]}}