{"id":1430,"date":"2021-05-06T08:29:28","date_gmt":"2021-05-06T08:29:28","guid":{"rendered":"https:\/\/bluewaves.hr\/cenik-hotelskih-storitev\/hotelske-sobe\/"},"modified":"2021-05-06T09:02:15","modified_gmt":"2021-05-06T09:02:15","slug":"kontakt-recepcija","status":"publish","type":"page","link":"https:\/\/bluewaves.hr\/sl\/cenik-hotelskih-storitev\/kontakt-recepcija\/","title":{"rendered":"KONTAKT RECEPCIJA"},"content":{"rendered":"<p style=\"text-align: center\">Dragi gostje,<\/p>\n<p style=\"text-align: center\">Recepcija je na voljo 24 ur na dan, 7 dni v tednu. \u010ce imate vpra\u0161anja ali \u017eelite naro\u010diti in rezervirati hotelske storitve, nas kontaktirajte.<br \/>\nSprejem lahko pokli\u010dete s stacionarnega telefona v sobi, tako da pokli\u010dete <strong>0<\/strong>.<br \/>\n\u010ce kli\u010dete iz va\u0161eg telefona, pokli\u010dite <strong>+385911654538<\/strong>.<\/p>\n<p style=\"text-align: center\">\u017delimo vam prijetno bivanje!<\/p>\n<p style=\"text-align: center\"><strong>Blue Waves Resort<\/strong><\/p>\n","protected":false},"excerpt":{"rendered":"<p>Dragi gostje, Recepcija je na voljo 24 ur na dan, 7 dni v tednu. \u010ce imate vpra\u0161anja ali \u017eelite naro\u010diti in rezervirati hotelske storitve, nas kontaktirajte. Sprejem lahko pokli\u010dete s stacionarnega telefona v sobi, tako da pokli\u010dete 0. \u010ce kli\u010dete iz va\u0161eg telefona, pokli\u010dite +385911654538. \u017delimo vam prijetno bivanje! Blue Waves Resort<\/p>\n","protected":false},"author":98,"featured_media":0,"parent":1399,"menu_order":0,"comment_status":"closed","ping_status":"closed","template":"","meta":{"footnotes":""},"class_list":["post-1430","page","type-page","status-publish","hentry"],"yoast_head":"<!-- This site is optimized with the Yoast SEO plugin v26.9 - https:\/\/yoast.com\/product\/yoast-seo-wordpress\/ -->\n<title>KONTAKT RECEPCIJA - Blue Waves Resort<\/title>\n<meta name=\"robots\" content=\"index, follow, max-snippet:-1, max-image-preview:large, max-video-preview:-1\" \/>\n<link rel=\"canonical\" href=\"https:\/\/bluewaves.hr\/sl\/cenik-hotelskih-storitev\/kontakt-recepcija\/\" \/>\n<meta property=\"og:locale\" content=\"sl_SI\" \/>\n<meta property=\"og:type\" content=\"article\" \/>\n<meta property=\"og:title\" content=\"KONTAKT RECEPCIJA - Blue Waves Resort\" \/>\n<meta property=\"og:description\" content=\"Dragi gostje, Recepcija je na voljo 24 ur na dan, 7 dni v tednu. \u010ce imate vpra\u0161anja ali \u017eelite naro\u010diti in rezervirati hotelske storitve, nas kontaktirajte. Sprejem lahko pokli\u010dete s stacionarnega telefona v sobi, tako da pokli\u010dete 0. \u010ce kli\u010dete iz va\u0161eg telefona, pokli\u010dite +385911654538. \u017delimo vam prijetno bivanje! Blue Waves Resort\" \/>\n<meta property=\"og:url\" content=\"https:\/\/bluewaves.hr\/sl\/cenik-hotelskih-storitev\/kontakt-recepcija\/\" \/>\n<meta property=\"og:site_name\" content=\"Blue Waves Resort\" \/>\n<meta property=\"article:modified_time\" content=\"2021-05-06T09:02:15+00:00\" \/>\n<meta name=\"twitter:card\" content=\"summary_large_image\" \/>\n<script type=\"application\/ld+json\" class=\"yoast-schema-graph\">{\"@context\":\"https:\/\/schema.org\",\"@graph\":[{\"@type\":\"WebPage\",\"@id\":\"https:\/\/bluewaves.hr\/sl\/cenik-hotelskih-storitev\/kontakt-recepcija\/\",\"url\":\"https:\/\/bluewaves.hr\/sl\/cenik-hotelskih-storitev\/kontakt-recepcija\/\",\"name\":\"KONTAKT RECEPCIJA - Blue Waves Resort\",\"isPartOf\":{\"@id\":\"https:\/\/bluewaves.hr\/sl\/#website\"},\"datePublished\":\"2021-05-06T08:29:28+00:00\",\"dateModified\":\"2021-05-06T09:02:15+00:00\",\"breadcrumb\":{\"@id\":\"https:\/\/bluewaves.hr\/sl\/cenik-hotelskih-storitev\/kontakt-recepcija\/#breadcrumb\"},\"inLanguage\":\"sl-SI\",\"potentialAction\":[{\"@type\":\"ReadAction\",\"target\":[\"https:\/\/bluewaves.hr\/sl\/cenik-hotelskih-storitev\/kontakt-recepcija\/\"]}]},{\"@type\":\"BreadcrumbList\",\"@id\":\"https:\/\/bluewaves.hr\/sl\/cenik-hotelskih-storitev\/kontakt-recepcija\/#breadcrumb\",\"itemListElement\":[{\"@type\":\"ListItem\",\"position\":1,\"name\":\"Home\",\"item\":\"https:\/\/bluewaves.hr\/sl\/\"},{\"@type\":\"ListItem\",\"position\":2,\"name\":\"CENIK HOTELSKIH STORITEV\",\"item\":\"https:\/\/bluewaves.hr\/sl\/cenik-hotelskih-storitev\/\"},{\"@type\":\"ListItem\",\"position\":3,\"name\":\"KONTAKT RECEPCIJA\"}]},{\"@type\":\"WebSite\",\"@id\":\"https:\/\/bluewaves.hr\/sl\/#website\",\"url\":\"https:\/\/bluewaves.hr\/sl\/\",\"name\":\"Blue Waves Resort\",\"description\":\"Just another ms.decms.eu site\",\"publisher\":{\"@id\":\"https:\/\/bluewaves.hr\/sl\/#organization\"},\"potentialAction\":[{\"@type\":\"SearchAction\",\"target\":{\"@type\":\"EntryPoint\",\"urlTemplate\":\"https:\/\/bluewaves.hr\/sl\/?s={search_term_string}\"},\"query-input\":{\"@type\":\"PropertyValueSpecification\",\"valueRequired\":true,\"valueName\":\"search_term_string\"}}],\"inLanguage\":\"sl-SI\"},{\"@type\":\"Organization\",\"@id\":\"https:\/\/bluewaves.hr\/sl\/#organization\",\"name\":\"Blue Waves Resort\",\"url\":\"https:\/\/bluewaves.hr\/sl\/\",\"logo\":{\"@type\":\"ImageObject\",\"inLanguage\":\"sl-SI\",\"@id\":\"https:\/\/bluewaves.hr\/sl\/#\/schema\/logo\/image\/\",\"url\":\"https:\/\/bluewaves.hr\/wp-content\/uploads\/sites\/100\/2024\/01\/Blue-waves-logo-zlatni.png\",\"contentUrl\":\"https:\/\/bluewaves.hr\/wp-content\/uploads\/sites\/100\/2024\/01\/Blue-waves-logo-zlatni.png\",\"width\":1168,\"height\":652,\"caption\":\"Blue Waves Resort\"},\"image\":{\"@id\":\"https:\/\/bluewaves.hr\/sl\/#\/schema\/logo\/image\/\"}}]}<\/script>\n<!-- \/ Yoast SEO plugin. -->","yoast_head_json":{"title":"KONTAKT RECEPCIJA - Blue Waves Resort","robots":{"index":"index","follow":"follow","max-snippet":"max-snippet:-1","max-image-preview":"max-image-preview:large","max-video-preview":"max-video-preview:-1"},"canonical":"https:\/\/bluewaves.hr\/sl\/cenik-hotelskih-storitev\/kontakt-recepcija\/","og_locale":"sl_SI","og_type":"article","og_title":"KONTAKT RECEPCIJA - Blue Waves Resort","og_description":"Dragi gostje, Recepcija je na voljo 24 ur na dan, 7 dni v tednu. \u010ce imate vpra\u0161anja ali \u017eelite naro\u010diti in rezervirati hotelske storitve, nas kontaktirajte. Sprejem lahko pokli\u010dete s stacionarnega telefona v sobi, tako da pokli\u010dete 0. \u010ce kli\u010dete iz va\u0161eg telefona, pokli\u010dite +385911654538. \u017delimo vam prijetno bivanje! Blue Waves Resort","og_url":"https:\/\/bluewaves.hr\/sl\/cenik-hotelskih-storitev\/kontakt-recepcija\/","og_site_name":"Blue Waves Resort","article_modified_time":"2021-05-06T09:02:15+00:00","twitter_card":"summary_large_image","schema":{"@context":"https:\/\/schema.org","@graph":[{"@type":"WebPage","@id":"https:\/\/bluewaves.hr\/sl\/cenik-hotelskih-storitev\/kontakt-recepcija\/","url":"https:\/\/bluewaves.hr\/sl\/cenik-hotelskih-storitev\/kontakt-recepcija\/","name":"KONTAKT RECEPCIJA - Blue Waves Resort","isPartOf":{"@id":"https:\/\/bluewaves.hr\/sl\/#website"},"datePublished":"2021-05-06T08:29:28+00:00","dateModified":"2021-05-06T09:02:15+00:00","breadcrumb":{"@id":"https:\/\/bluewaves.hr\/sl\/cenik-hotelskih-storitev\/kontakt-recepcija\/#breadcrumb"},"inLanguage":"sl-SI","potentialAction":[{"@type":"ReadAction","target":["https:\/\/bluewaves.hr\/sl\/cenik-hotelskih-storitev\/kontakt-recepcija\/"]}]},{"@type":"BreadcrumbList","@id":"https:\/\/bluewaves.hr\/sl\/cenik-hotelskih-storitev\/kontakt-recepcija\/#breadcrumb","itemListElement":[{"@type":"ListItem","position":1,"name":"Home","item":"https:\/\/bluewaves.hr\/sl\/"},{"@type":"ListItem","position":2,"name":"CENIK HOTELSKIH STORITEV","item":"https:\/\/bluewaves.hr\/sl\/cenik-hotelskih-storitev\/"},{"@type":"ListItem","position":3,"name":"KONTAKT RECEPCIJA"}]},{"@type":"WebSite","@id":"https:\/\/bluewaves.hr\/sl\/#website","url":"https:\/\/bluewaves.hr\/sl\/","name":"Blue Waves Resort","description":"Just another ms.decms.eu site","publisher":{"@id":"https:\/\/bluewaves.hr\/sl\/#organization"},"potentialAction":[{"@type":"SearchAction","target":{"@type":"EntryPoint","urlTemplate":"https:\/\/bluewaves.hr\/sl\/?s={search_term_string}"},"query-input":{"@type":"PropertyValueSpecification","valueRequired":true,"valueName":"search_term_string"}}],"inLanguage":"sl-SI"},{"@type":"Organization","@id":"https:\/\/bluewaves.hr\/sl\/#organization","name":"Blue Waves Resort","url":"https:\/\/bluewaves.hr\/sl\/","logo":{"@type":"ImageObject","inLanguage":"sl-SI","@id":"https:\/\/bluewaves.hr\/sl\/#\/schema\/logo\/image\/","url":"https:\/\/bluewaves.hr\/wp-content\/uploads\/sites\/100\/2024\/01\/Blue-waves-logo-zlatni.png","contentUrl":"https:\/\/bluewaves.hr\/wp-content\/uploads\/sites\/100\/2024\/01\/Blue-waves-logo-zlatni.png","width":1168,"height":652,"caption":"Blue Waves Resort"},"image":{"@id":"https:\/\/bluewaves.hr\/sl\/#\/schema\/logo\/image\/"}}]}},"acf":[],"_links":{"self":[{"href":"https:\/\/bluewaves.hr\/sl\/wp-json\/wp\/v2\/pages\/1430","targetHints":{"allow":["GET"]}}],"collection":[{"href":"https:\/\/bluewaves.hr\/sl\/wp-json\/wp\/v2\/pages"}],"about":[{"href":"https:\/\/bluewaves.hr\/sl\/wp-json\/wp\/v2\/types\/page"}],"author":[{"embeddable":true,"href":"https:\/\/bluewaves.hr\/sl\/wp-json\/wp\/v2\/users\/98"}],"replies":[{"embeddable":true,"href":"https:\/\/bluewaves.hr\/sl\/wp-json\/wp\/v2\/comments?post=1430"}],"version-history":[{"count":0,"href":"https:\/\/bluewaves.hr\/sl\/wp-json\/wp\/v2\/pages\/1430\/revisions"}],"up":[{"embeddable":true,"href":"https:\/\/bluewaves.hr\/sl\/wp-json\/wp\/v2\/pages\/1399"}],"wp:attachment":[{"href":"https:\/\/bluewaves.hr\/sl\/wp-json\/wp\/v2\/media?parent=1430"}],"curies":[{"name":"wp","href":"https:\/\/api.w.org\/{rel}","templated":true}]}}