{"id":1584,"date":"2022-11-11T09:07:33","date_gmt":"2022-11-11T09:07:33","guid":{"rendered":"https:\/\/bluewaves.hr\/?page_id=1584"},"modified":"2026-03-30T08:08:15","modified_gmt":"2026-03-30T08:08:15","slug":"posebna-ponudba-hrvaska-malinska","status":"publish","type":"page","link":"https:\/\/bluewaves.hr\/sl\/pocitnice\/posebna-ponudba-hrvaska-malinska\/","title":{"rendered":"NAJBOLJ\u0160A RAZPOLO\u017dLJIVA CENA"},"content":{"rendered":"<p class=\"\" data-start=\"3866\" data-end=\"3969\">Izkoristite <strong>Najbolj\u0161u razpolo\u017eljivu cenu<\/strong>\u00a0v Blue Waves Resortu in <strong>pridobite 5% popusta<\/strong> na va\u0161 popoln dopust!<\/p>\n<h3 class=\"\" data-start=\"3971\" data-end=\"4009\">Kaj vas \u010daka v <span style=\"color: #000080\">Blue Waves Resortu<\/span>?<\/h3>\n<ul>\n<li data-start=\"4013\" data-end=\"4070\">Prostorne in moderno opremljene sobe, ve\u010dinom s pogledom na morje.<\/li>\n<li data-start=\"4013\" data-end=\"4070\">Zunanji bazeni in wellness center za popolno sprostitev.<\/li>\n<li data-start=\"4013\" data-end=\"4070\">Bogat izbor gastronomskih dobrot v na\u0161em restavraciji s pogledom na morje.<\/li>\n<li data-start=\"4013\" data-end=\"4070\">Aktivnosti za vso dru\u017eino, vklju\u010dno z otro\u0161ko igralnico in animacijo v juliju in avgustu.<\/li>\n<\/ul>\n<h3 class=\"\" data-start=\"4280\" data-end=\"4318\">Zakaj izbrati <span style=\"color: #000080\">Najbolj\u0161u razpolo\u017eljivu cenu<\/span>?<\/h3>\n<ul>\n<li data-start=\"4322\" data-end=\"4438\"><strong data-start=\"4322\" data-end=\"4345\">Ekskluziven popust:<\/strong> Pridobite 5-10% popusta na vse vrste sob pri neposredni rezervaciji preko na\u0161e spletne strani.<\/li>\n<li data-start=\"4322\" data-end=\"4438\"><strong data-start=\"4441\" data-end=\"4476\">Fleksibilni pogoji rezervacije:<\/strong> Brezpla\u010dna odpoved do 14 dni pred prihodom, kar vam omogo\u010da popolno brezskrbnost.<\/li>\n<li data-start=\"4322\" data-end=\"4438\"><strong data-start=\"4560\" data-end=\"4582\">Dodatne ugodnosti:<\/strong> Brezpla\u010dna uporaba zunanjih bazenov in le\u017ealnikov ob bazenih ter dostop do centra Health &amp; Relax med va\u0161im bivanjem..<\/li>\n<\/ul>\n<p class=\"\" data-start=\"4661\" data-end=\"4834\">Ne zamudite prilo\u017enosti za popoln dopust po ugodnej\u0161i ceni. Rezervirajte svoj prihodnji oddih v Blue Waves Resortu \u0161e danes in za\u010dnite od\u0161tevanje do va\u0161ega sanjskega oddiha!<\/p>\n<p class=\"\" data-start=\"4836\" data-end=\"4876\"><strong data-start=\"4836\" data-end=\"4876\">Kontaktirajte nas za ve\u010d informacij:<\/strong><\/p>\n<ul>\n<li data-start=\"4880\" data-end=\"4904\">Telefon: +385 51 654 000<\/li>\n<li data-start=\"4880\" data-end=\"4904\">Email: <a rel=\"noopener\" data-start=\"4914\" data-end=\"4939\">reservations@bluewaves.hr<\/a><\/li>\n<\/ul>\n<p class=\"\" data-start=\"4941\" data-end=\"5029\">Va\u0161 sanjski dopust se za\u010dne tukaj. Veselimo se, da vas pozdravimo v Blue Waves Resortu!<\/p>\n","protected":false},"excerpt":{"rendered":"<p>Izkoristite Najbolj\u0161u razpolo\u017eljivu cenu\u00a0v Blue Waves Resortu in pridobite 5% popusta na va\u0161 popoln dopust! Kaj vas \u010daka v Blue Waves Resortu? Prostorne in moderno opremljene sobe, ve\u010dinom s pogledom na morje. Zunanji bazeni in wellness center za popolno sprostitev. Bogat izbor gastronomskih dobrot v na\u0161em restavraciji s pogledom na morje. Aktivnosti za vso dru\u017eino, [&hellip;]<\/p>\n","protected":false},"author":98,"featured_media":535,"parent":1292,"menu_order":2,"comment_status":"closed","ping_status":"closed","template":"","meta":{"footnotes":""},"class_list":["post-1584","page","type-page","status-publish","has-post-thumbnail","hentry"],"yoast_head":"<!-- This site is optimized with the Yoast SEO plugin v26.9 - https:\/\/yoast.com\/product\/yoast-seo-wordpress\/ -->\n<title>NAJBOLJ\u0160A RAZPOLO\u017dLJIVA CENA - Blue Waves Resort<\/title>\n<meta name=\"description\" content=\"\ud83c\udf0aRezervirajte svoj letni dopust zdaj in prihranite 5%. Blue Waves Resort 4* v Malinski na eni izmed najlep\u0161ih pla\u017e na otoku Krku!\ud83c\udf0a\" \/>\n<meta name=\"robots\" content=\"index, follow, max-snippet:-1, max-image-preview:large, max-video-preview:-1\" \/>\n<link rel=\"canonical\" href=\"https:\/\/bluewaves.hr\/sl\/pocitnice\/posebna-ponudba-hrvaska-malinska\/\" \/>\n<meta property=\"og:locale\" content=\"sl_SI\" \/>\n<meta property=\"og:type\" content=\"article\" \/>\n<meta property=\"og:title\" content=\"NAJBOLJ\u0160A RAZPOLO\u017dLJIVA CENA - Blue Waves Resort\" \/>\n<meta property=\"og:description\" content=\"\ud83c\udf0aRezervirajte svoj letni dopust zdaj in prihranite 5%. Blue Waves Resort 4* v Malinski na eni izmed najlep\u0161ih pla\u017e na otoku Krku!\ud83c\udf0a\" \/>\n<meta property=\"og:url\" content=\"https:\/\/bluewaves.hr\/sl\/pocitnice\/posebna-ponudba-hrvaska-malinska\/\" \/>\n<meta property=\"og:site_name\" content=\"Blue Waves Resort\" \/>\n<meta property=\"article:modified_time\" content=\"2026-03-30T08:08:15+00:00\" \/>\n<meta property=\"og:image\" content=\"https:\/\/bluewaves.hr\/wp-content\/uploads\/sites\/100\/2019\/12\/fb_sm_instagram_2091320381227357145_3063419317_pic.jpg\" \/>\n\t<meta property=\"og:image:width\" content=\"1000\" \/>\n\t<meta property=\"og:image:height\" content=\"666\" \/>\n\t<meta property=\"og:image:type\" content=\"image\/jpeg\" \/>\n<meta name=\"twitter:card\" content=\"summary_large_image\" \/>\n<meta name=\"twitter:label1\" content=\"Est. reading time\" \/>\n\t<meta name=\"twitter:data1\" content=\"1 minuta\" \/>\n<script type=\"application\/ld+json\" class=\"yoast-schema-graph\">{\"@context\":\"https:\/\/schema.org\",\"@graph\":[{\"@type\":\"WebPage\",\"@id\":\"https:\/\/bluewaves.hr\/sl\/pocitnice\/posebna-ponudba-hrvaska-malinska\/\",\"url\":\"https:\/\/bluewaves.hr\/sl\/pocitnice\/posebna-ponudba-hrvaska-malinska\/\",\"name\":\"NAJBOLJ\u0160A RAZPOLO\u017dLJIVA CENA - Blue Waves Resort\",\"isPartOf\":{\"@id\":\"https:\/\/bluewaves.hr\/sl\/#website\"},\"primaryImageOfPage\":{\"@id\":\"https:\/\/bluewaves.hr\/sl\/pocitnice\/posebna-ponudba-hrvaska-malinska\/#primaryimage\"},\"image\":{\"@id\":\"https:\/\/bluewaves.hr\/sl\/pocitnice\/posebna-ponudba-hrvaska-malinska\/#primaryimage\"},\"thumbnailUrl\":\"https:\/\/bluewaves.hr\/wp-content\/uploads\/sites\/100\/2019\/12\/fb_sm_instagram_2091320381227357145_3063419317_pic.jpg\",\"datePublished\":\"2022-11-11T09:07:33+00:00\",\"dateModified\":\"2026-03-30T08:08:15+00:00\",\"description\":\"\ud83c\udf0aRezervirajte svoj letni dopust zdaj in prihranite 5%. Blue Waves Resort 4* v Malinski na eni izmed najlep\u0161ih pla\u017e na otoku Krku!\ud83c\udf0a\",\"breadcrumb\":{\"@id\":\"https:\/\/bluewaves.hr\/sl\/pocitnice\/posebna-ponudba-hrvaska-malinska\/#breadcrumb\"},\"inLanguage\":\"sl-SI\",\"potentialAction\":[{\"@type\":\"ReadAction\",\"target\":[\"https:\/\/bluewaves.hr\/sl\/pocitnice\/posebna-ponudba-hrvaska-malinska\/\"]}]},{\"@type\":\"ImageObject\",\"inLanguage\":\"sl-SI\",\"@id\":\"https:\/\/bluewaves.hr\/sl\/pocitnice\/posebna-ponudba-hrvaska-malinska\/#primaryimage\",\"url\":\"https:\/\/bluewaves.hr\/wp-content\/uploads\/sites\/100\/2019\/12\/fb_sm_instagram_2091320381227357145_3063419317_pic.jpg\",\"contentUrl\":\"https:\/\/bluewaves.hr\/wp-content\/uploads\/sites\/100\/2019\/12\/fb_sm_instagram_2091320381227357145_3063419317_pic.jpg\",\"width\":1000,\"height\":666,\"caption\":\"Beautiful pebbel beach with clear blue sea.\"},{\"@type\":\"BreadcrumbList\",\"@id\":\"https:\/\/bluewaves.hr\/sl\/pocitnice\/posebna-ponudba-hrvaska-malinska\/#breadcrumb\",\"itemListElement\":[{\"@type\":\"ListItem\",\"position\":1,\"name\":\"Home\",\"item\":\"https:\/\/bluewaves.hr\/sl\/\"},{\"@type\":\"ListItem\",\"position\":2,\"name\":\"PO\u010cITNICE\",\"item\":\"https:\/\/bluewaves.hr\/sl\/pocitnice\/\"},{\"@type\":\"ListItem\",\"position\":3,\"name\":\"NAJBOLJ\u0160A RAZPOLO\u017dLJIVA CENA\"}]},{\"@type\":\"WebSite\",\"@id\":\"https:\/\/bluewaves.hr\/sl\/#website\",\"url\":\"https:\/\/bluewaves.hr\/sl\/\",\"name\":\"Blue Waves Resort\",\"description\":\"Just another ms.decms.eu site\",\"publisher\":{\"@id\":\"https:\/\/bluewaves.hr\/sl\/#organization\"},\"potentialAction\":[{\"@type\":\"SearchAction\",\"target\":{\"@type\":\"EntryPoint\",\"urlTemplate\":\"https:\/\/bluewaves.hr\/sl\/?s={search_term_string}\"},\"query-input\":{\"@type\":\"PropertyValueSpecification\",\"valueRequired\":true,\"valueName\":\"search_term_string\"}}],\"inLanguage\":\"sl-SI\"},{\"@type\":\"Organization\",\"@id\":\"https:\/\/bluewaves.hr\/sl\/#organization\",\"name\":\"Blue Waves Resort\",\"url\":\"https:\/\/bluewaves.hr\/sl\/\",\"logo\":{\"@type\":\"ImageObject\",\"inLanguage\":\"sl-SI\",\"@id\":\"https:\/\/bluewaves.hr\/sl\/#\/schema\/logo\/image\/\",\"url\":\"https:\/\/bluewaves.hr\/wp-content\/uploads\/sites\/100\/2024\/01\/Blue-waves-logo-zlatni.png\",\"contentUrl\":\"https:\/\/bluewaves.hr\/wp-content\/uploads\/sites\/100\/2024\/01\/Blue-waves-logo-zlatni.png\",\"width\":1168,\"height\":652,\"caption\":\"Blue Waves Resort\"},\"image\":{\"@id\":\"https:\/\/bluewaves.hr\/sl\/#\/schema\/logo\/image\/\"}}]}<\/script>\n<!-- \/ Yoast SEO plugin. -->","yoast_head_json":{"title":"NAJBOLJ\u0160A RAZPOLO\u017dLJIVA CENA - Blue Waves Resort","description":"\ud83c\udf0aRezervirajte svoj letni dopust zdaj in prihranite 5%. Blue Waves Resort 4* v Malinski na eni izmed najlep\u0161ih pla\u017e na otoku Krku!\ud83c\udf0a","robots":{"index":"index","follow":"follow","max-snippet":"max-snippet:-1","max-image-preview":"max-image-preview:large","max-video-preview":"max-video-preview:-1"},"canonical":"https:\/\/bluewaves.hr\/sl\/pocitnice\/posebna-ponudba-hrvaska-malinska\/","og_locale":"sl_SI","og_type":"article","og_title":"NAJBOLJ\u0160A RAZPOLO\u017dLJIVA CENA - Blue Waves Resort","og_description":"\ud83c\udf0aRezervirajte svoj letni dopust zdaj in prihranite 5%. Blue Waves Resort 4* v Malinski na eni izmed najlep\u0161ih pla\u017e na otoku Krku!\ud83c\udf0a","og_url":"https:\/\/bluewaves.hr\/sl\/pocitnice\/posebna-ponudba-hrvaska-malinska\/","og_site_name":"Blue Waves Resort","article_modified_time":"2026-03-30T08:08:15+00:00","og_image":[{"width":1000,"height":666,"url":"https:\/\/bluewaves.hr\/wp-content\/uploads\/sites\/100\/2019\/12\/fb_sm_instagram_2091320381227357145_3063419317_pic.jpg","type":"image\/jpeg"}],"twitter_card":"summary_large_image","twitter_misc":{"Est. reading time":"1 minuta"},"schema":{"@context":"https:\/\/schema.org","@graph":[{"@type":"WebPage","@id":"https:\/\/bluewaves.hr\/sl\/pocitnice\/posebna-ponudba-hrvaska-malinska\/","url":"https:\/\/bluewaves.hr\/sl\/pocitnice\/posebna-ponudba-hrvaska-malinska\/","name":"NAJBOLJ\u0160A RAZPOLO\u017dLJIVA CENA - Blue Waves Resort","isPartOf":{"@id":"https:\/\/bluewaves.hr\/sl\/#website"},"primaryImageOfPage":{"@id":"https:\/\/bluewaves.hr\/sl\/pocitnice\/posebna-ponudba-hrvaska-malinska\/#primaryimage"},"image":{"@id":"https:\/\/bluewaves.hr\/sl\/pocitnice\/posebna-ponudba-hrvaska-malinska\/#primaryimage"},"thumbnailUrl":"https:\/\/bluewaves.hr\/wp-content\/uploads\/sites\/100\/2019\/12\/fb_sm_instagram_2091320381227357145_3063419317_pic.jpg","datePublished":"2022-11-11T09:07:33+00:00","dateModified":"2026-03-30T08:08:15+00:00","description":"\ud83c\udf0aRezervirajte svoj letni dopust zdaj in prihranite 5%. Blue Waves Resort 4* v Malinski na eni izmed najlep\u0161ih pla\u017e na otoku Krku!\ud83c\udf0a","breadcrumb":{"@id":"https:\/\/bluewaves.hr\/sl\/pocitnice\/posebna-ponudba-hrvaska-malinska\/#breadcrumb"},"inLanguage":"sl-SI","potentialAction":[{"@type":"ReadAction","target":["https:\/\/bluewaves.hr\/sl\/pocitnice\/posebna-ponudba-hrvaska-malinska\/"]}]},{"@type":"ImageObject","inLanguage":"sl-SI","@id":"https:\/\/bluewaves.hr\/sl\/pocitnice\/posebna-ponudba-hrvaska-malinska\/#primaryimage","url":"https:\/\/bluewaves.hr\/wp-content\/uploads\/sites\/100\/2019\/12\/fb_sm_instagram_2091320381227357145_3063419317_pic.jpg","contentUrl":"https:\/\/bluewaves.hr\/wp-content\/uploads\/sites\/100\/2019\/12\/fb_sm_instagram_2091320381227357145_3063419317_pic.jpg","width":1000,"height":666,"caption":"Beautiful pebbel beach with clear blue sea."},{"@type":"BreadcrumbList","@id":"https:\/\/bluewaves.hr\/sl\/pocitnice\/posebna-ponudba-hrvaska-malinska\/#breadcrumb","itemListElement":[{"@type":"ListItem","position":1,"name":"Home","item":"https:\/\/bluewaves.hr\/sl\/"},{"@type":"ListItem","position":2,"name":"PO\u010cITNICE","item":"https:\/\/bluewaves.hr\/sl\/pocitnice\/"},{"@type":"ListItem","position":3,"name":"NAJBOLJ\u0160A RAZPOLO\u017dLJIVA CENA"}]},{"@type":"WebSite","@id":"https:\/\/bluewaves.hr\/sl\/#website","url":"https:\/\/bluewaves.hr\/sl\/","name":"Blue Waves Resort","description":"Just another ms.decms.eu site","publisher":{"@id":"https:\/\/bluewaves.hr\/sl\/#organization"},"potentialAction":[{"@type":"SearchAction","target":{"@type":"EntryPoint","urlTemplate":"https:\/\/bluewaves.hr\/sl\/?s={search_term_string}"},"query-input":{"@type":"PropertyValueSpecification","valueRequired":true,"valueName":"search_term_string"}}],"inLanguage":"sl-SI"},{"@type":"Organization","@id":"https:\/\/bluewaves.hr\/sl\/#organization","name":"Blue Waves Resort","url":"https:\/\/bluewaves.hr\/sl\/","logo":{"@type":"ImageObject","inLanguage":"sl-SI","@id":"https:\/\/bluewaves.hr\/sl\/#\/schema\/logo\/image\/","url":"https:\/\/bluewaves.hr\/wp-content\/uploads\/sites\/100\/2024\/01\/Blue-waves-logo-zlatni.png","contentUrl":"https:\/\/bluewaves.hr\/wp-content\/uploads\/sites\/100\/2024\/01\/Blue-waves-logo-zlatni.png","width":1168,"height":652,"caption":"Blue Waves Resort"},"image":{"@id":"https:\/\/bluewaves.hr\/sl\/#\/schema\/logo\/image\/"}}]}},"acf":[],"_links":{"self":[{"href":"https:\/\/bluewaves.hr\/sl\/wp-json\/wp\/v2\/pages\/1584","targetHints":{"allow":["GET"]}}],"collection":[{"href":"https:\/\/bluewaves.hr\/sl\/wp-json\/wp\/v2\/pages"}],"about":[{"href":"https:\/\/bluewaves.hr\/sl\/wp-json\/wp\/v2\/types\/page"}],"author":[{"embeddable":true,"href":"https:\/\/bluewaves.hr\/sl\/wp-json\/wp\/v2\/users\/98"}],"replies":[{"embeddable":true,"href":"https:\/\/bluewaves.hr\/sl\/wp-json\/wp\/v2\/comments?post=1584"}],"version-history":[{"count":0,"href":"https:\/\/bluewaves.hr\/sl\/wp-json\/wp\/v2\/pages\/1584\/revisions"}],"up":[{"embeddable":true,"href":"https:\/\/bluewaves.hr\/sl\/wp-json\/wp\/v2\/pages\/1292"}],"wp:featuredmedia":[{"embeddable":true,"href":"https:\/\/bluewaves.hr\/sl\/wp-json\/wp\/v2\/media\/535"}],"wp:attachment":[{"href":"https:\/\/bluewaves.hr\/sl\/wp-json\/wp\/v2\/media?parent=1584"}],"curies":[{"name":"wp","href":"https:\/\/api.w.org\/{rel}","templated":true}]}}