{"id":1604,"date":"2023-02-15T13:27:43","date_gmt":"2023-02-15T13:27:43","guid":{"rendered":"https:\/\/bluewaves.hr\/?page_id=1604"},"modified":"2026-04-20T12:04:58","modified_gmt":"2026-04-20T12:04:58","slug":"prvi-maj","status":"publish","type":"page","link":"https:\/\/bluewaves.hr\/sl\/pocitnice\/prvi-maj\/","title":{"rendered":"POSEBNA PONUDBA ZA PRAZNIK RADA 1. MAJ"},"content":{"rendered":"<p><strong>Pre\u017eivite Prvi maj v Blue Waves Resortu in u\u017eivajte v spomladanskem soncu na najlep\u0161i pla\u017ei v Malinski!<\/strong><br \/>\n\u010ce tega velikono\u010dnega vikenda niste uspeli spremeniti v podalj\u0161an vikend, je tu nova prilo\u017enost za praznik dela, ponujamo vam posebno ceno za bivanje od <strong>30. aprila do 4. maja<\/strong>!<\/p>\n<ul>\n<li><strong>20% popust na POLUPANSION za vse tipe sob<\/strong><\/li>\n<li>1 x v \u010dasu bivanja brezpla\u010den vstop v <strong>SPA 120 min<\/strong>. (finska savna, bio savna, parna kopel, ogrevani kerami\u010dni le\u017ealniki, ogrevana klop)<\/li>\n<li>Brezpla\u010dna uporaba<strong> Health &amp; Relax cone<\/strong> vsak dan (notranji bazen, fitnes, jacuzzi)<\/li>\n<li>Uporaba zunanjih bazenov ter le\u017ealnikov in sen\u010dnikov ob bazenih (odvisno od vremena)<\/li>\n<li>Brezpla\u010dna uporaba <strong>igralnice za otroke<\/strong> vsak dan (PlayStation 4, Xbox One, namizni nogomet, air hockey)<\/li>\n<li><strong>1 x Wellness vav\u010der v vrednosti 8,00 \u20ac<\/strong> na osebo (velja za starej\u0161e od 18 let), ki ga lahko koristite za storitve masa\u017ee.<\/li>\n<\/ul>\n<p>&nbsp;<\/p>\n<p>&nbsp;<\/p>\n","protected":false},"excerpt":{"rendered":"<p>Pre\u017eivite Prvi maj v Blue Waves Resortu in u\u017eivajte v spomladanskem soncu na najlep\u0161i pla\u017ei v Malinski! \u010ce tega velikono\u010dnega vikenda niste uspeli spremeniti v podalj\u0161an vikend, je tu nova prilo\u017enost za praznik dela, ponujamo vam posebno ceno za bivanje od 30. aprila do 4. maja! 20% popust na POLUPANSION za vse tipe sob 1 [&hellip;]<\/p>\n","protected":false},"author":98,"featured_media":1678,"parent":1292,"menu_order":0,"comment_status":"closed","ping_status":"closed","template":"","meta":{"footnotes":""},"class_list":["post-1604","page","type-page","status-publish","has-post-thumbnail","hentry"],"yoast_head":"<!-- This site is optimized with the Yoast SEO plugin v26.9 - https:\/\/yoast.com\/product\/yoast-seo-wordpress\/ -->\n<title>POSEBNA PONUDBA ZA PRAZNIK RADA 1. MAJ - Blue Waves Resort<\/title>\n<meta name=\"description\" content=\"Pre\u017eivite praznik dela v Blue Waves Resortu in u\u017eivajte v spomladanskem soncu na najlep\u0161i pla\u017ei v Malinski.\" \/>\n<meta name=\"robots\" content=\"index, follow, max-snippet:-1, max-image-preview:large, max-video-preview:-1\" \/>\n<link rel=\"canonical\" href=\"https:\/\/bluewaves.hr\/sl\/pocitnice\/prvi-maj\/\" \/>\n<meta property=\"og:locale\" content=\"sl_SI\" \/>\n<meta property=\"og:type\" content=\"article\" \/>\n<meta property=\"og:title\" content=\"POSEBNA PONUDBA ZA PRAZNIK RADA 1. MAJ - Blue Waves Resort\" \/>\n<meta property=\"og:description\" content=\"Pre\u017eivite praznik dela v Blue Waves Resortu in u\u017eivajte v spomladanskem soncu na najlep\u0161i pla\u017ei v Malinski.\" \/>\n<meta property=\"og:url\" content=\"https:\/\/bluewaves.hr\/sl\/pocitnice\/prvi-maj\/\" \/>\n<meta property=\"og:site_name\" content=\"Blue Waves Resort\" \/>\n<meta property=\"article:modified_time\" content=\"2026-04-20T12:04:58+00:00\" \/>\n<meta property=\"og:image\" content=\"https:\/\/bluewaves.hr\/wp-content\/uploads\/sites\/100\/2024\/04\/Praznik-rada.png\" \/>\n\t<meta property=\"og:image:width\" content=\"940\" \/>\n\t<meta property=\"og:image:height\" content=\"788\" \/>\n\t<meta property=\"og:image:type\" content=\"image\/png\" \/>\n<meta name=\"twitter:card\" content=\"summary_large_image\" \/>\n<meta name=\"twitter:label1\" content=\"Est. reading time\" \/>\n\t<meta name=\"twitter:data1\" content=\"1 minuta\" \/>\n<script type=\"application\/ld+json\" class=\"yoast-schema-graph\">{\"@context\":\"https:\/\/schema.org\",\"@graph\":[{\"@type\":\"WebPage\",\"@id\":\"https:\/\/bluewaves.hr\/sl\/pocitnice\/prvi-maj\/\",\"url\":\"https:\/\/bluewaves.hr\/sl\/pocitnice\/prvi-maj\/\",\"name\":\"POSEBNA PONUDBA ZA PRAZNIK RADA 1. MAJ - Blue Waves Resort\",\"isPartOf\":{\"@id\":\"https:\/\/bluewaves.hr\/sl\/#website\"},\"primaryImageOfPage\":{\"@id\":\"https:\/\/bluewaves.hr\/sl\/pocitnice\/prvi-maj\/#primaryimage\"},\"image\":{\"@id\":\"https:\/\/bluewaves.hr\/sl\/pocitnice\/prvi-maj\/#primaryimage\"},\"thumbnailUrl\":\"https:\/\/bluewaves.hr\/wp-content\/uploads\/sites\/100\/2024\/04\/Praznik-rada.png\",\"datePublished\":\"2023-02-15T13:27:43+00:00\",\"dateModified\":\"2026-04-20T12:04:58+00:00\",\"description\":\"Pre\u017eivite praznik dela v Blue Waves Resortu in u\u017eivajte v spomladanskem soncu na najlep\u0161i pla\u017ei v Malinski.\",\"breadcrumb\":{\"@id\":\"https:\/\/bluewaves.hr\/sl\/pocitnice\/prvi-maj\/#breadcrumb\"},\"inLanguage\":\"sl-SI\",\"potentialAction\":[{\"@type\":\"ReadAction\",\"target\":[\"https:\/\/bluewaves.hr\/sl\/pocitnice\/prvi-maj\/\"]}]},{\"@type\":\"ImageObject\",\"inLanguage\":\"sl-SI\",\"@id\":\"https:\/\/bluewaves.hr\/sl\/pocitnice\/prvi-maj\/#primaryimage\",\"url\":\"https:\/\/bluewaves.hr\/wp-content\/uploads\/sites\/100\/2024\/04\/Praznik-rada.png\",\"contentUrl\":\"https:\/\/bluewaves.hr\/wp-content\/uploads\/sites\/100\/2024\/04\/Praznik-rada.png\",\"width\":940,\"height\":788},{\"@type\":\"BreadcrumbList\",\"@id\":\"https:\/\/bluewaves.hr\/sl\/pocitnice\/prvi-maj\/#breadcrumb\",\"itemListElement\":[{\"@type\":\"ListItem\",\"position\":1,\"name\":\"Home\",\"item\":\"https:\/\/bluewaves.hr\/sl\/\"},{\"@type\":\"ListItem\",\"position\":2,\"name\":\"PO\u010cITNICE\",\"item\":\"https:\/\/bluewaves.hr\/sl\/pocitnice\/\"},{\"@type\":\"ListItem\",\"position\":3,\"name\":\"POSEBNA PONUDBA ZA PRAZNIK RADA 1. MAJ\"}]},{\"@type\":\"WebSite\",\"@id\":\"https:\/\/bluewaves.hr\/sl\/#website\",\"url\":\"https:\/\/bluewaves.hr\/sl\/\",\"name\":\"Blue Waves Resort\",\"description\":\"Just another ms.decms.eu site\",\"publisher\":{\"@id\":\"https:\/\/bluewaves.hr\/sl\/#organization\"},\"potentialAction\":[{\"@type\":\"SearchAction\",\"target\":{\"@type\":\"EntryPoint\",\"urlTemplate\":\"https:\/\/bluewaves.hr\/sl\/?s={search_term_string}\"},\"query-input\":{\"@type\":\"PropertyValueSpecification\",\"valueRequired\":true,\"valueName\":\"search_term_string\"}}],\"inLanguage\":\"sl-SI\"},{\"@type\":\"Organization\",\"@id\":\"https:\/\/bluewaves.hr\/sl\/#organization\",\"name\":\"Blue Waves Resort\",\"url\":\"https:\/\/bluewaves.hr\/sl\/\",\"logo\":{\"@type\":\"ImageObject\",\"inLanguage\":\"sl-SI\",\"@id\":\"https:\/\/bluewaves.hr\/sl\/#\/schema\/logo\/image\/\",\"url\":\"https:\/\/bluewaves.hr\/wp-content\/uploads\/sites\/100\/2024\/01\/Blue-waves-logo-zlatni.png\",\"contentUrl\":\"https:\/\/bluewaves.hr\/wp-content\/uploads\/sites\/100\/2024\/01\/Blue-waves-logo-zlatni.png\",\"width\":1168,\"height\":652,\"caption\":\"Blue Waves Resort\"},\"image\":{\"@id\":\"https:\/\/bluewaves.hr\/sl\/#\/schema\/logo\/image\/\"}}]}<\/script>\n<!-- \/ Yoast SEO plugin. -->","yoast_head_json":{"title":"POSEBNA PONUDBA ZA PRAZNIK RADA 1. MAJ - Blue Waves Resort","description":"Pre\u017eivite praznik dela v Blue Waves Resortu in u\u017eivajte v spomladanskem soncu na najlep\u0161i pla\u017ei v Malinski.","robots":{"index":"index","follow":"follow","max-snippet":"max-snippet:-1","max-image-preview":"max-image-preview:large","max-video-preview":"max-video-preview:-1"},"canonical":"https:\/\/bluewaves.hr\/sl\/pocitnice\/prvi-maj\/","og_locale":"sl_SI","og_type":"article","og_title":"POSEBNA PONUDBA ZA PRAZNIK RADA 1. MAJ - Blue Waves Resort","og_description":"Pre\u017eivite praznik dela v Blue Waves Resortu in u\u017eivajte v spomladanskem soncu na najlep\u0161i pla\u017ei v Malinski.","og_url":"https:\/\/bluewaves.hr\/sl\/pocitnice\/prvi-maj\/","og_site_name":"Blue Waves Resort","article_modified_time":"2026-04-20T12:04:58+00:00","og_image":[{"width":940,"height":788,"url":"https:\/\/bluewaves.hr\/wp-content\/uploads\/sites\/100\/2024\/04\/Praznik-rada.png","type":"image\/png"}],"twitter_card":"summary_large_image","twitter_misc":{"Est. reading time":"1 minuta"},"schema":{"@context":"https:\/\/schema.org","@graph":[{"@type":"WebPage","@id":"https:\/\/bluewaves.hr\/sl\/pocitnice\/prvi-maj\/","url":"https:\/\/bluewaves.hr\/sl\/pocitnice\/prvi-maj\/","name":"POSEBNA PONUDBA ZA PRAZNIK RADA 1. MAJ - Blue Waves Resort","isPartOf":{"@id":"https:\/\/bluewaves.hr\/sl\/#website"},"primaryImageOfPage":{"@id":"https:\/\/bluewaves.hr\/sl\/pocitnice\/prvi-maj\/#primaryimage"},"image":{"@id":"https:\/\/bluewaves.hr\/sl\/pocitnice\/prvi-maj\/#primaryimage"},"thumbnailUrl":"https:\/\/bluewaves.hr\/wp-content\/uploads\/sites\/100\/2024\/04\/Praznik-rada.png","datePublished":"2023-02-15T13:27:43+00:00","dateModified":"2026-04-20T12:04:58+00:00","description":"Pre\u017eivite praznik dela v Blue Waves Resortu in u\u017eivajte v spomladanskem soncu na najlep\u0161i pla\u017ei v Malinski.","breadcrumb":{"@id":"https:\/\/bluewaves.hr\/sl\/pocitnice\/prvi-maj\/#breadcrumb"},"inLanguage":"sl-SI","potentialAction":[{"@type":"ReadAction","target":["https:\/\/bluewaves.hr\/sl\/pocitnice\/prvi-maj\/"]}]},{"@type":"ImageObject","inLanguage":"sl-SI","@id":"https:\/\/bluewaves.hr\/sl\/pocitnice\/prvi-maj\/#primaryimage","url":"https:\/\/bluewaves.hr\/wp-content\/uploads\/sites\/100\/2024\/04\/Praznik-rada.png","contentUrl":"https:\/\/bluewaves.hr\/wp-content\/uploads\/sites\/100\/2024\/04\/Praznik-rada.png","width":940,"height":788},{"@type":"BreadcrumbList","@id":"https:\/\/bluewaves.hr\/sl\/pocitnice\/prvi-maj\/#breadcrumb","itemListElement":[{"@type":"ListItem","position":1,"name":"Home","item":"https:\/\/bluewaves.hr\/sl\/"},{"@type":"ListItem","position":2,"name":"PO\u010cITNICE","item":"https:\/\/bluewaves.hr\/sl\/pocitnice\/"},{"@type":"ListItem","position":3,"name":"POSEBNA PONUDBA ZA PRAZNIK RADA 1. MAJ"}]},{"@type":"WebSite","@id":"https:\/\/bluewaves.hr\/sl\/#website","url":"https:\/\/bluewaves.hr\/sl\/","name":"Blue Waves Resort","description":"Just another ms.decms.eu site","publisher":{"@id":"https:\/\/bluewaves.hr\/sl\/#organization"},"potentialAction":[{"@type":"SearchAction","target":{"@type":"EntryPoint","urlTemplate":"https:\/\/bluewaves.hr\/sl\/?s={search_term_string}"},"query-input":{"@type":"PropertyValueSpecification","valueRequired":true,"valueName":"search_term_string"}}],"inLanguage":"sl-SI"},{"@type":"Organization","@id":"https:\/\/bluewaves.hr\/sl\/#organization","name":"Blue Waves Resort","url":"https:\/\/bluewaves.hr\/sl\/","logo":{"@type":"ImageObject","inLanguage":"sl-SI","@id":"https:\/\/bluewaves.hr\/sl\/#\/schema\/logo\/image\/","url":"https:\/\/bluewaves.hr\/wp-content\/uploads\/sites\/100\/2024\/01\/Blue-waves-logo-zlatni.png","contentUrl":"https:\/\/bluewaves.hr\/wp-content\/uploads\/sites\/100\/2024\/01\/Blue-waves-logo-zlatni.png","width":1168,"height":652,"caption":"Blue Waves Resort"},"image":{"@id":"https:\/\/bluewaves.hr\/sl\/#\/schema\/logo\/image\/"}}]}},"acf":[],"_links":{"self":[{"href":"https:\/\/bluewaves.hr\/sl\/wp-json\/wp\/v2\/pages\/1604","targetHints":{"allow":["GET"]}}],"collection":[{"href":"https:\/\/bluewaves.hr\/sl\/wp-json\/wp\/v2\/pages"}],"about":[{"href":"https:\/\/bluewaves.hr\/sl\/wp-json\/wp\/v2\/types\/page"}],"author":[{"embeddable":true,"href":"https:\/\/bluewaves.hr\/sl\/wp-json\/wp\/v2\/users\/98"}],"replies":[{"embeddable":true,"href":"https:\/\/bluewaves.hr\/sl\/wp-json\/wp\/v2\/comments?post=1604"}],"version-history":[{"count":0,"href":"https:\/\/bluewaves.hr\/sl\/wp-json\/wp\/v2\/pages\/1604\/revisions"}],"up":[{"embeddable":true,"href":"https:\/\/bluewaves.hr\/sl\/wp-json\/wp\/v2\/pages\/1292"}],"wp:featuredmedia":[{"embeddable":true,"href":"https:\/\/bluewaves.hr\/sl\/wp-json\/wp\/v2\/media\/1678"}],"wp:attachment":[{"href":"https:\/\/bluewaves.hr\/sl\/wp-json\/wp\/v2\/media?parent=1604"}],"curies":[{"name":"wp","href":"https:\/\/api.w.org\/{rel}","templated":true}]}}