{"id":6,"date":"2019-11-05T15:32:03","date_gmt":"2019-11-05T15:32:03","guid":{"rendered":"http:\/\/blue-waves-resort.ms.decms.eu\/?page_id=6"},"modified":"2023-12-21T10:53:00","modified_gmt":"2023-12-21T10:53:00","slug":"blue-waves-resort","status":"publish","type":"page","link":"https:\/\/bluewaves.hr\/sl\/","title":{"rendered":"Dobrodo\u0161li v Blue Waves Resort"},"content":{"rendered":"<p><span class=\"VIiyi\" lang=\"sl\"><span class=\"JLqJ4b ChMk0b\" data-language-for-alternatives=\"sl\" data-language-to-translate-into=\"en\" data-phrase-index=\"0\">Blue Waves Resort je edinstven dru\u017einski <strong>hotel v Malinski na otoku Krku<\/strong>.<\/span><\/span> Na\u0161e poslanstvo se je za\u010delo leta 2009, ko je Resort zgrajen, traja pa vse do danes. <strong>Otok Krk je idealna destinacija za oddih med gotovo celim letom ter<\/strong> si zaslu\u017ei hotel, v katerem lahko u\u017eivate kot v udobju lastnega doma, medtem ko ste isto\u010dasno perfektno pogo\u0161\u010deni. Dovolite, da zadovoljimo vse Va\u0161e \u017eelje, nekatere pa tudi predvidimo. \ud83d\ude42<\/p>\n<p>Slogan na\u0161ega Resorta &#8211; Va\u0161 dom na pla\u017ei v potankosti opisuje Va\u0161e ob\u010dutke, saj se bomo od trenutka Va\u0161ega prihoda v <strong>Blue Waves Resort ****<\/strong> potrudili, da se po\u010dutite kod doma. <strong>Va\u0161 novi dom<\/strong> se nahaja na sami pla\u017ei, ob kristalno \u010distem morju, <strong>v najlep\u0161i uvali Malinske<\/strong>.<\/p>\n<p style=\"text-align: center\">\n","protected":false},"excerpt":{"rendered":"<p>Blue Waves Resort je edinstven dru\u017einski hotel v Malinski na otoku Krku. Na\u0161e poslanstvo se je za\u010delo leta 2009, ko je Resort zgrajen, traja pa vse do danes. Otok Krk je idealna destinacija za oddih med gotovo celim letom ter si zaslu\u017ei hotel, v katerem lahko u\u017eivate kot v udobju lastnega doma, medtem ko ste [&hellip;]<\/p>\n","protected":false},"author":4,"featured_media":0,"parent":0,"menu_order":0,"comment_status":"closed","ping_status":"open","template":"","meta":{"footnotes":""},"class_list":["post-6","page","type-page","status-publish","hentry"],"yoast_head":"<!-- This site is optimized with the Yoast SEO plugin v26.9 - https:\/\/yoast.com\/product\/yoast-seo-wordpress\/ -->\n<title>Dobrodo\u0161li v Blue Waves Resort - Blue Waves Resort<\/title>\n<meta name=\"description\" content=\"Hotel s 4 zvezdicami se nahaja ob pla\u017ei in ponuja wellness, SPA, zunanji in notranji bazen, restavracije in bare, parkiri\u0161\u010de, wifi. Malinska, otok Krk\" \/>\n<meta name=\"robots\" content=\"index, follow, max-snippet:-1, max-image-preview:large, max-video-preview:-1\" \/>\n<link rel=\"canonical\" href=\"https:\/\/bluewaves.hr\/sl\/\" \/>\n<meta property=\"og:locale\" content=\"sl_SI\" \/>\n<meta property=\"og:type\" content=\"article\" \/>\n<meta property=\"og:title\" content=\"Dobrodo\u0161li v Blue Waves Resort - Blue Waves Resort\" \/>\n<meta property=\"og:description\" content=\"Hotel s 4 zvezdicami se nahaja ob pla\u017ei in ponuja wellness, SPA, zunanji in notranji bazen, restavracije in bare, parkiri\u0161\u010de, wifi. Malinska, otok Krk\" \/>\n<meta property=\"og:url\" content=\"https:\/\/bluewaves.hr\/sl\/\" \/>\n<meta property=\"og:site_name\" content=\"Blue Waves Resort\" \/>\n<meta property=\"article:modified_time\" content=\"2023-12-21T10:53:00+00:00\" \/>\n<meta name=\"twitter:card\" content=\"summary_large_image\" \/>\n<meta name=\"twitter:label1\" content=\"Est. reading time\" \/>\n\t<meta name=\"twitter:data1\" content=\"1 minuta\" \/>\n<script type=\"application\/ld+json\" class=\"yoast-schema-graph\">{\"@context\":\"https:\/\/schema.org\",\"@graph\":[{\"@type\":\"WebPage\",\"@id\":\"https:\/\/bluewaves.hr\/sl\/\",\"url\":\"https:\/\/bluewaves.hr\/sl\/\",\"name\":\"Dobrodo\u0161li v Blue Waves Resort - Blue Waves Resort\",\"isPartOf\":{\"@id\":\"https:\/\/bluewaves.hr\/sl\/#website\"},\"datePublished\":\"2019-11-05T15:32:03+00:00\",\"dateModified\":\"2023-12-21T10:53:00+00:00\",\"description\":\"Hotel s 4 zvezdicami se nahaja ob pla\u017ei in ponuja wellness, SPA, zunanji in notranji bazen, restavracije in bare, parkiri\u0161\u010de, wifi. Malinska, otok Krk\",\"breadcrumb\":{\"@id\":\"https:\/\/bluewaves.hr\/sl\/#breadcrumb\"},\"inLanguage\":\"sl-SI\",\"potentialAction\":[{\"@type\":\"ReadAction\",\"target\":[\"https:\/\/bluewaves.hr\/sl\/\"]}]},{\"@type\":\"BreadcrumbList\",\"@id\":\"https:\/\/bluewaves.hr\/sl\/#breadcrumb\",\"itemListElement\":[{\"@type\":\"ListItem\",\"position\":1,\"name\":\"Home\",\"item\":\"https:\/\/bluewaves.hr\/sl\/\"},{\"@type\":\"ListItem\",\"position\":2,\"name\":\"Dobrodo\u0161li v Blue Waves Resort\"}]},{\"@type\":\"WebSite\",\"@id\":\"https:\/\/bluewaves.hr\/sl\/#website\",\"url\":\"https:\/\/bluewaves.hr\/sl\/\",\"name\":\"Blue Waves Resort\",\"description\":\"Just another ms.decms.eu site\",\"publisher\":{\"@id\":\"https:\/\/bluewaves.hr\/sl\/#organization\"},\"potentialAction\":[{\"@type\":\"SearchAction\",\"target\":{\"@type\":\"EntryPoint\",\"urlTemplate\":\"https:\/\/bluewaves.hr\/sl\/?s={search_term_string}\"},\"query-input\":{\"@type\":\"PropertyValueSpecification\",\"valueRequired\":true,\"valueName\":\"search_term_string\"}}],\"inLanguage\":\"sl-SI\"},{\"@type\":\"Organization\",\"@id\":\"https:\/\/bluewaves.hr\/sl\/#organization\",\"name\":\"Blue Waves Resort\",\"url\":\"https:\/\/bluewaves.hr\/sl\/\",\"logo\":{\"@type\":\"ImageObject\",\"inLanguage\":\"sl-SI\",\"@id\":\"https:\/\/bluewaves.hr\/sl\/#\/schema\/logo\/image\/\",\"url\":\"https:\/\/bluewaves.hr\/wp-content\/uploads\/sites\/100\/2024\/01\/Blue-waves-logo-zlatni.png\",\"contentUrl\":\"https:\/\/bluewaves.hr\/wp-content\/uploads\/sites\/100\/2024\/01\/Blue-waves-logo-zlatni.png\",\"width\":1168,\"height\":652,\"caption\":\"Blue Waves Resort\"},\"image\":{\"@id\":\"https:\/\/bluewaves.hr\/sl\/#\/schema\/logo\/image\/\"}}]}<\/script>\n<!-- \/ Yoast SEO plugin. -->","yoast_head_json":{"title":"Dobrodo\u0161li v Blue Waves Resort - Blue Waves Resort","description":"Hotel s 4 zvezdicami se nahaja ob pla\u017ei in ponuja wellness, SPA, zunanji in notranji bazen, restavracije in bare, parkiri\u0161\u010de, wifi. Malinska, otok Krk","robots":{"index":"index","follow":"follow","max-snippet":"max-snippet:-1","max-image-preview":"max-image-preview:large","max-video-preview":"max-video-preview:-1"},"canonical":"https:\/\/bluewaves.hr\/sl\/","og_locale":"sl_SI","og_type":"article","og_title":"Dobrodo\u0161li v Blue Waves Resort - Blue Waves Resort","og_description":"Hotel s 4 zvezdicami se nahaja ob pla\u017ei in ponuja wellness, SPA, zunanji in notranji bazen, restavracije in bare, parkiri\u0161\u010de, wifi. Malinska, otok Krk","og_url":"https:\/\/bluewaves.hr\/sl\/","og_site_name":"Blue Waves Resort","article_modified_time":"2023-12-21T10:53:00+00:00","twitter_card":"summary_large_image","twitter_misc":{"Est. reading time":"1 minuta"},"schema":{"@context":"https:\/\/schema.org","@graph":[{"@type":"WebPage","@id":"https:\/\/bluewaves.hr\/sl\/","url":"https:\/\/bluewaves.hr\/sl\/","name":"Dobrodo\u0161li v Blue Waves Resort - Blue Waves Resort","isPartOf":{"@id":"https:\/\/bluewaves.hr\/sl\/#website"},"datePublished":"2019-11-05T15:32:03+00:00","dateModified":"2023-12-21T10:53:00+00:00","description":"Hotel s 4 zvezdicami se nahaja ob pla\u017ei in ponuja wellness, SPA, zunanji in notranji bazen, restavracije in bare, parkiri\u0161\u010de, wifi. Malinska, otok Krk","breadcrumb":{"@id":"https:\/\/bluewaves.hr\/sl\/#breadcrumb"},"inLanguage":"sl-SI","potentialAction":[{"@type":"ReadAction","target":["https:\/\/bluewaves.hr\/sl\/"]}]},{"@type":"BreadcrumbList","@id":"https:\/\/bluewaves.hr\/sl\/#breadcrumb","itemListElement":[{"@type":"ListItem","position":1,"name":"Home","item":"https:\/\/bluewaves.hr\/sl\/"},{"@type":"ListItem","position":2,"name":"Dobrodo\u0161li v Blue Waves Resort"}]},{"@type":"WebSite","@id":"https:\/\/bluewaves.hr\/sl\/#website","url":"https:\/\/bluewaves.hr\/sl\/","name":"Blue Waves Resort","description":"Just another ms.decms.eu site","publisher":{"@id":"https:\/\/bluewaves.hr\/sl\/#organization"},"potentialAction":[{"@type":"SearchAction","target":{"@type":"EntryPoint","urlTemplate":"https:\/\/bluewaves.hr\/sl\/?s={search_term_string}"},"query-input":{"@type":"PropertyValueSpecification","valueRequired":true,"valueName":"search_term_string"}}],"inLanguage":"sl-SI"},{"@type":"Organization","@id":"https:\/\/bluewaves.hr\/sl\/#organization","name":"Blue Waves Resort","url":"https:\/\/bluewaves.hr\/sl\/","logo":{"@type":"ImageObject","inLanguage":"sl-SI","@id":"https:\/\/bluewaves.hr\/sl\/#\/schema\/logo\/image\/","url":"https:\/\/bluewaves.hr\/wp-content\/uploads\/sites\/100\/2024\/01\/Blue-waves-logo-zlatni.png","contentUrl":"https:\/\/bluewaves.hr\/wp-content\/uploads\/sites\/100\/2024\/01\/Blue-waves-logo-zlatni.png","width":1168,"height":652,"caption":"Blue Waves Resort"},"image":{"@id":"https:\/\/bluewaves.hr\/sl\/#\/schema\/logo\/image\/"}}]}},"acf":[],"_links":{"self":[{"href":"https:\/\/bluewaves.hr\/sl\/wp-json\/wp\/v2\/pages\/6","targetHints":{"allow":["GET"]}}],"collection":[{"href":"https:\/\/bluewaves.hr\/sl\/wp-json\/wp\/v2\/pages"}],"about":[{"href":"https:\/\/bluewaves.hr\/sl\/wp-json\/wp\/v2\/types\/page"}],"author":[{"embeddable":true,"href":"https:\/\/bluewaves.hr\/sl\/wp-json\/wp\/v2\/users\/4"}],"replies":[{"embeddable":true,"href":"https:\/\/bluewaves.hr\/sl\/wp-json\/wp\/v2\/comments?post=6"}],"version-history":[{"count":0,"href":"https:\/\/bluewaves.hr\/sl\/wp-json\/wp\/v2\/pages\/6\/revisions"}],"wp:attachment":[{"href":"https:\/\/bluewaves.hr\/sl\/wp-json\/wp\/v2\/media?parent=6"}],"curies":[{"name":"wp","href":"https:\/\/api.w.org\/{rel}","templated":true}]}}