{"id":647,"date":"2019-12-16T09:39:57","date_gmt":"2019-12-16T09:39:57","guid":{"rendered":"http:\/\/blue-waves-resort.ms.decms.eu\/?page_id=647"},"modified":"2021-12-08T13:35:06","modified_gmt":"2021-12-08T13:35:06","slug":"superior-dvoposteljna-soba-z-terasom","status":"publish","type":"page","link":"https:\/\/bluewaves.hr\/sl\/sobe-suite\/superior-dvoposteljna-soba-z-terasom\/","title":{"rendered":"Superior dvoposteljna soba z terasom"},"content":{"rendered":"<p>Lepa <strong>terasa<\/strong>, obkro\u017eena z zelenjem, je popolna izbira za par, ki raje biva v pritli\u010dju. Dober spanec vam bo zagotovila velika zakonska postelja, sprostitev \u010dez dan pa zofa.<\/p>\n","protected":false},"excerpt":{"rendered":"<p>Lepa terasa, obkro\u017eena z zelenjem, je popolna izbira za par, ki raje biva v pritli\u010dju. Dober spanec vam bo zagotovila velika zakonska postelja, sprostitev \u010dez dan pa zofa.<\/p>\n","protected":false},"author":4,"featured_media":0,"parent":628,"menu_order":4,"comment_status":"closed","ping_status":"closed","template":"template-single-room.php","meta":{"footnotes":""},"class_list":["post-647","page","type-page","status-publish","hentry"],"yoast_head":"<!-- This site is optimized with the Yoast SEO plugin v26.9 - https:\/\/yoast.com\/product\/yoast-seo-wordpress\/ -->\n<title>Superior dvoposteljna soba z terasom - Blue Waves Resort<\/title>\n<meta name=\"description\" content=\"\u010cudovita terasa, obdana z zelenjem, z udobno notranjostjo je odli\u010dna izbira za par, ki ima raje pritli\u010dje.\" \/>\n<meta name=\"robots\" content=\"index, follow, max-snippet:-1, max-image-preview:large, max-video-preview:-1\" \/>\n<link rel=\"canonical\" href=\"https:\/\/bluewaves.hr\/sl\/sobe-suite\/superior-dvoposteljna-soba-z-terasom\/\" \/>\n<meta property=\"og:locale\" content=\"sl_SI\" \/>\n<meta property=\"og:type\" content=\"article\" \/>\n<meta property=\"og:title\" content=\"Superior dvoposteljna soba z terasom - Blue Waves Resort\" \/>\n<meta property=\"og:description\" content=\"\u010cudovita terasa, obdana z zelenjem, z udobno notranjostjo je odli\u010dna izbira za par, ki ima raje pritli\u010dje.\" \/>\n<meta property=\"og:url\" content=\"https:\/\/bluewaves.hr\/sl\/sobe-suite\/superior-dvoposteljna-soba-z-terasom\/\" \/>\n<meta property=\"og:site_name\" content=\"Blue Waves Resort\" \/>\n<meta property=\"article:modified_time\" content=\"2021-12-08T13:35:06+00:00\" \/>\n<meta name=\"twitter:card\" content=\"summary_large_image\" \/>\n<script type=\"application\/ld+json\" class=\"yoast-schema-graph\">{\"@context\":\"https:\/\/schema.org\",\"@graph\":[{\"@type\":\"WebPage\",\"@id\":\"https:\/\/bluewaves.hr\/sl\/sobe-suite\/superior-dvoposteljna-soba-z-terasom\/\",\"url\":\"https:\/\/bluewaves.hr\/sl\/sobe-suite\/superior-dvoposteljna-soba-z-terasom\/\",\"name\":\"Superior dvoposteljna soba z terasom - Blue Waves Resort\",\"isPartOf\":{\"@id\":\"https:\/\/bluewaves.hr\/sl\/#website\"},\"datePublished\":\"2019-12-16T09:39:57+00:00\",\"dateModified\":\"2021-12-08T13:35:06+00:00\",\"description\":\"\u010cudovita terasa, obdana z zelenjem, z udobno notranjostjo je odli\u010dna izbira za par, ki ima raje pritli\u010dje.\",\"breadcrumb\":{\"@id\":\"https:\/\/bluewaves.hr\/sl\/sobe-suite\/superior-dvoposteljna-soba-z-terasom\/#breadcrumb\"},\"inLanguage\":\"sl-SI\",\"potentialAction\":[{\"@type\":\"ReadAction\",\"target\":[\"https:\/\/bluewaves.hr\/sl\/sobe-suite\/superior-dvoposteljna-soba-z-terasom\/\"]}]},{\"@type\":\"BreadcrumbList\",\"@id\":\"https:\/\/bluewaves.hr\/sl\/sobe-suite\/superior-dvoposteljna-soba-z-terasom\/#breadcrumb\",\"itemListElement\":[{\"@type\":\"ListItem\",\"position\":1,\"name\":\"Home\",\"item\":\"https:\/\/bluewaves.hr\/sl\/\"},{\"@type\":\"ListItem\",\"position\":2,\"name\":\"Sobe &amp; suite\",\"item\":\"https:\/\/bluewaves.hr\/sl\/sobe-suite\/\"},{\"@type\":\"ListItem\",\"position\":3,\"name\":\"Superior dvoposteljna soba z terasom\"}]},{\"@type\":\"WebSite\",\"@id\":\"https:\/\/bluewaves.hr\/sl\/#website\",\"url\":\"https:\/\/bluewaves.hr\/sl\/\",\"name\":\"Blue Waves Resort\",\"description\":\"Just another ms.decms.eu site\",\"publisher\":{\"@id\":\"https:\/\/bluewaves.hr\/sl\/#organization\"},\"potentialAction\":[{\"@type\":\"SearchAction\",\"target\":{\"@type\":\"EntryPoint\",\"urlTemplate\":\"https:\/\/bluewaves.hr\/sl\/?s={search_term_string}\"},\"query-input\":{\"@type\":\"PropertyValueSpecification\",\"valueRequired\":true,\"valueName\":\"search_term_string\"}}],\"inLanguage\":\"sl-SI\"},{\"@type\":\"Organization\",\"@id\":\"https:\/\/bluewaves.hr\/sl\/#organization\",\"name\":\"Blue Waves Resort\",\"url\":\"https:\/\/bluewaves.hr\/sl\/\",\"logo\":{\"@type\":\"ImageObject\",\"inLanguage\":\"sl-SI\",\"@id\":\"https:\/\/bluewaves.hr\/sl\/#\/schema\/logo\/image\/\",\"url\":\"https:\/\/bluewaves.hr\/wp-content\/uploads\/sites\/100\/2024\/01\/Blue-waves-logo-zlatni.png\",\"contentUrl\":\"https:\/\/bluewaves.hr\/wp-content\/uploads\/sites\/100\/2024\/01\/Blue-waves-logo-zlatni.png\",\"width\":1168,\"height\":652,\"caption\":\"Blue Waves Resort\"},\"image\":{\"@id\":\"https:\/\/bluewaves.hr\/sl\/#\/schema\/logo\/image\/\"}}]}<\/script>\n<!-- \/ Yoast SEO plugin. -->","yoast_head_json":{"title":"Superior dvoposteljna soba z terasom - Blue Waves Resort","description":"\u010cudovita terasa, obdana z zelenjem, z udobno notranjostjo je odli\u010dna izbira za par, ki ima raje pritli\u010dje.","robots":{"index":"index","follow":"follow","max-snippet":"max-snippet:-1","max-image-preview":"max-image-preview:large","max-video-preview":"max-video-preview:-1"},"canonical":"https:\/\/bluewaves.hr\/sl\/sobe-suite\/superior-dvoposteljna-soba-z-terasom\/","og_locale":"sl_SI","og_type":"article","og_title":"Superior dvoposteljna soba z terasom - Blue Waves Resort","og_description":"\u010cudovita terasa, obdana z zelenjem, z udobno notranjostjo je odli\u010dna izbira za par, ki ima raje pritli\u010dje.","og_url":"https:\/\/bluewaves.hr\/sl\/sobe-suite\/superior-dvoposteljna-soba-z-terasom\/","og_site_name":"Blue Waves Resort","article_modified_time":"2021-12-08T13:35:06+00:00","twitter_card":"summary_large_image","schema":{"@context":"https:\/\/schema.org","@graph":[{"@type":"WebPage","@id":"https:\/\/bluewaves.hr\/sl\/sobe-suite\/superior-dvoposteljna-soba-z-terasom\/","url":"https:\/\/bluewaves.hr\/sl\/sobe-suite\/superior-dvoposteljna-soba-z-terasom\/","name":"Superior dvoposteljna soba z terasom - Blue Waves Resort","isPartOf":{"@id":"https:\/\/bluewaves.hr\/sl\/#website"},"datePublished":"2019-12-16T09:39:57+00:00","dateModified":"2021-12-08T13:35:06+00:00","description":"\u010cudovita terasa, obdana z zelenjem, z udobno notranjostjo je odli\u010dna izbira za par, ki ima raje pritli\u010dje.","breadcrumb":{"@id":"https:\/\/bluewaves.hr\/sl\/sobe-suite\/superior-dvoposteljna-soba-z-terasom\/#breadcrumb"},"inLanguage":"sl-SI","potentialAction":[{"@type":"ReadAction","target":["https:\/\/bluewaves.hr\/sl\/sobe-suite\/superior-dvoposteljna-soba-z-terasom\/"]}]},{"@type":"BreadcrumbList","@id":"https:\/\/bluewaves.hr\/sl\/sobe-suite\/superior-dvoposteljna-soba-z-terasom\/#breadcrumb","itemListElement":[{"@type":"ListItem","position":1,"name":"Home","item":"https:\/\/bluewaves.hr\/sl\/"},{"@type":"ListItem","position":2,"name":"Sobe &amp; suite","item":"https:\/\/bluewaves.hr\/sl\/sobe-suite\/"},{"@type":"ListItem","position":3,"name":"Superior dvoposteljna soba z terasom"}]},{"@type":"WebSite","@id":"https:\/\/bluewaves.hr\/sl\/#website","url":"https:\/\/bluewaves.hr\/sl\/","name":"Blue Waves Resort","description":"Just another ms.decms.eu site","publisher":{"@id":"https:\/\/bluewaves.hr\/sl\/#organization"},"potentialAction":[{"@type":"SearchAction","target":{"@type":"EntryPoint","urlTemplate":"https:\/\/bluewaves.hr\/sl\/?s={search_term_string}"},"query-input":{"@type":"PropertyValueSpecification","valueRequired":true,"valueName":"search_term_string"}}],"inLanguage":"sl-SI"},{"@type":"Organization","@id":"https:\/\/bluewaves.hr\/sl\/#organization","name":"Blue Waves Resort","url":"https:\/\/bluewaves.hr\/sl\/","logo":{"@type":"ImageObject","inLanguage":"sl-SI","@id":"https:\/\/bluewaves.hr\/sl\/#\/schema\/logo\/image\/","url":"https:\/\/bluewaves.hr\/wp-content\/uploads\/sites\/100\/2024\/01\/Blue-waves-logo-zlatni.png","contentUrl":"https:\/\/bluewaves.hr\/wp-content\/uploads\/sites\/100\/2024\/01\/Blue-waves-logo-zlatni.png","width":1168,"height":652,"caption":"Blue Waves Resort"},"image":{"@id":"https:\/\/bluewaves.hr\/sl\/#\/schema\/logo\/image\/"}}]}},"acf":[],"_links":{"self":[{"href":"https:\/\/bluewaves.hr\/sl\/wp-json\/wp\/v2\/pages\/647","targetHints":{"allow":["GET"]}}],"collection":[{"href":"https:\/\/bluewaves.hr\/sl\/wp-json\/wp\/v2\/pages"}],"about":[{"href":"https:\/\/bluewaves.hr\/sl\/wp-json\/wp\/v2\/types\/page"}],"author":[{"embeddable":true,"href":"https:\/\/bluewaves.hr\/sl\/wp-json\/wp\/v2\/users\/4"}],"replies":[{"embeddable":true,"href":"https:\/\/bluewaves.hr\/sl\/wp-json\/wp\/v2\/comments?post=647"}],"version-history":[{"count":0,"href":"https:\/\/bluewaves.hr\/sl\/wp-json\/wp\/v2\/pages\/647\/revisions"}],"up":[{"embeddable":true,"href":"https:\/\/bluewaves.hr\/sl\/wp-json\/wp\/v2\/pages\/628"}],"wp:attachment":[{"href":"https:\/\/bluewaves.hr\/sl\/wp-json\/wp\/v2\/media?parent=647"}],"curies":[{"name":"wp","href":"https:\/\/api.w.org\/{rel}","templated":true}]}}