{"id":652,"date":"2019-12-16T09:54:32","date_gmt":"2019-12-16T09:54:32","guid":{"rendered":"http:\/\/blue-waves-resort.ms.decms.eu\/?page_id=652"},"modified":"2021-12-08T13:40:57","modified_gmt":"2021-12-08T13:40:57","slug":"family-junior-suite","status":"publish","type":"page","link":"https:\/\/bluewaves.hr\/sl\/sobe-suite\/family-junior-suite\/","title":{"rendered":"Family Junior Suite"},"content":{"rendered":"<p>Bi si radi privo\u0161\u010dili <strong>dru\u017einski<\/strong> dopust, med katerim se boste po\u010dutili kot doma? Potem je ta soba prava izbira. Po kosilu si privo\u0161\u010dite popoldanski po\u010ditek v prostorni zakonski postelji, medtem ko va\u0161i otroci u\u017eivajo ob LCD-televizorju, udobno zleknjeni na zofi v dnevni sobi.<\/p>\n","protected":false},"excerpt":{"rendered":"<p>Bi si radi privo\u0161\u010dili dru\u017einski dopust, med katerim se boste po\u010dutili kot doma? Potem je ta soba prava izbira. Po kosilu si privo\u0161\u010dite popoldanski po\u010ditek v prostorni zakonski postelji, medtem ko va\u0161i otroci u\u017eivajo ob LCD-televizorju, udobno zleknjeni na zofi v dnevni sobi.<\/p>\n","protected":false},"author":4,"featured_media":0,"parent":628,"menu_order":6,"comment_status":"closed","ping_status":"closed","template":"template-single-room.php","meta":{"footnotes":""},"class_list":["post-652","page","type-page","status-publish","hentry"],"yoast_head":"<!-- This site is optimized with the Yoast SEO plugin v26.9 - https:\/\/yoast.com\/product\/yoast-seo-wordpress\/ -->\n<title>Family Junior Suite - Blue Waves Resort<\/title>\n<meta name=\"description\" content=\"Dru\u017einska soba je idealna za 2 odrasla in 2 otroka do 12. leta in ponuja spalnico, lo\u010deno od dnevne sobe z raztegljivim kav\u010dem.\" \/>\n<meta name=\"robots\" content=\"index, follow, max-snippet:-1, max-image-preview:large, max-video-preview:-1\" \/>\n<link rel=\"canonical\" href=\"https:\/\/bluewaves.hr\/sl\/sobe-suite\/family-junior-suite\/\" \/>\n<meta property=\"og:locale\" content=\"sl_SI\" \/>\n<meta property=\"og:type\" content=\"article\" \/>\n<meta property=\"og:title\" content=\"Family Junior Suite - Blue Waves Resort\" \/>\n<meta property=\"og:description\" content=\"Dru\u017einska soba je idealna za 2 odrasla in 2 otroka do 12. leta in ponuja spalnico, lo\u010deno od dnevne sobe z raztegljivim kav\u010dem.\" \/>\n<meta property=\"og:url\" content=\"https:\/\/bluewaves.hr\/sl\/sobe-suite\/family-junior-suite\/\" \/>\n<meta property=\"og:site_name\" content=\"Blue Waves Resort\" \/>\n<meta property=\"article:modified_time\" content=\"2021-12-08T13:40:57+00:00\" \/>\n<meta name=\"twitter:card\" content=\"summary_large_image\" \/>\n<script type=\"application\/ld+json\" class=\"yoast-schema-graph\">{\"@context\":\"https:\/\/schema.org\",\"@graph\":[{\"@type\":\"WebPage\",\"@id\":\"https:\/\/bluewaves.hr\/sl\/sobe-suite\/family-junior-suite\/\",\"url\":\"https:\/\/bluewaves.hr\/sl\/sobe-suite\/family-junior-suite\/\",\"name\":\"Family Junior Suite - Blue Waves Resort\",\"isPartOf\":{\"@id\":\"https:\/\/bluewaves.hr\/sl\/#website\"},\"datePublished\":\"2019-12-16T09:54:32+00:00\",\"dateModified\":\"2021-12-08T13:40:57+00:00\",\"description\":\"Dru\u017einska soba je idealna za 2 odrasla in 2 otroka do 12. leta in ponuja spalnico, lo\u010deno od dnevne sobe z raztegljivim kav\u010dem.\",\"breadcrumb\":{\"@id\":\"https:\/\/bluewaves.hr\/sl\/sobe-suite\/family-junior-suite\/#breadcrumb\"},\"inLanguage\":\"sl-SI\",\"potentialAction\":[{\"@type\":\"ReadAction\",\"target\":[\"https:\/\/bluewaves.hr\/sl\/sobe-suite\/family-junior-suite\/\"]}]},{\"@type\":\"BreadcrumbList\",\"@id\":\"https:\/\/bluewaves.hr\/sl\/sobe-suite\/family-junior-suite\/#breadcrumb\",\"itemListElement\":[{\"@type\":\"ListItem\",\"position\":1,\"name\":\"Home\",\"item\":\"https:\/\/bluewaves.hr\/sl\/\"},{\"@type\":\"ListItem\",\"position\":2,\"name\":\"Sobe &amp; suite\",\"item\":\"https:\/\/bluewaves.hr\/sl\/sobe-suite\/\"},{\"@type\":\"ListItem\",\"position\":3,\"name\":\"Family Junior Suite\"}]},{\"@type\":\"WebSite\",\"@id\":\"https:\/\/bluewaves.hr\/sl\/#website\",\"url\":\"https:\/\/bluewaves.hr\/sl\/\",\"name\":\"Blue Waves Resort\",\"description\":\"Just another ms.decms.eu site\",\"publisher\":{\"@id\":\"https:\/\/bluewaves.hr\/sl\/#organization\"},\"potentialAction\":[{\"@type\":\"SearchAction\",\"target\":{\"@type\":\"EntryPoint\",\"urlTemplate\":\"https:\/\/bluewaves.hr\/sl\/?s={search_term_string}\"},\"query-input\":{\"@type\":\"PropertyValueSpecification\",\"valueRequired\":true,\"valueName\":\"search_term_string\"}}],\"inLanguage\":\"sl-SI\"},{\"@type\":\"Organization\",\"@id\":\"https:\/\/bluewaves.hr\/sl\/#organization\",\"name\":\"Blue Waves Resort\",\"url\":\"https:\/\/bluewaves.hr\/sl\/\",\"logo\":{\"@type\":\"ImageObject\",\"inLanguage\":\"sl-SI\",\"@id\":\"https:\/\/bluewaves.hr\/sl\/#\/schema\/logo\/image\/\",\"url\":\"https:\/\/bluewaves.hr\/wp-content\/uploads\/sites\/100\/2024\/01\/Blue-waves-logo-zlatni.png\",\"contentUrl\":\"https:\/\/bluewaves.hr\/wp-content\/uploads\/sites\/100\/2024\/01\/Blue-waves-logo-zlatni.png\",\"width\":1168,\"height\":652,\"caption\":\"Blue Waves Resort\"},\"image\":{\"@id\":\"https:\/\/bluewaves.hr\/sl\/#\/schema\/logo\/image\/\"}}]}<\/script>\n<!-- \/ Yoast SEO plugin. -->","yoast_head_json":{"title":"Family Junior Suite - Blue Waves Resort","description":"Dru\u017einska soba je idealna za 2 odrasla in 2 otroka do 12. leta in ponuja spalnico, lo\u010deno od dnevne sobe z raztegljivim kav\u010dem.","robots":{"index":"index","follow":"follow","max-snippet":"max-snippet:-1","max-image-preview":"max-image-preview:large","max-video-preview":"max-video-preview:-1"},"canonical":"https:\/\/bluewaves.hr\/sl\/sobe-suite\/family-junior-suite\/","og_locale":"sl_SI","og_type":"article","og_title":"Family Junior Suite - Blue Waves Resort","og_description":"Dru\u017einska soba je idealna za 2 odrasla in 2 otroka do 12. leta in ponuja spalnico, lo\u010deno od dnevne sobe z raztegljivim kav\u010dem.","og_url":"https:\/\/bluewaves.hr\/sl\/sobe-suite\/family-junior-suite\/","og_site_name":"Blue Waves Resort","article_modified_time":"2021-12-08T13:40:57+00:00","twitter_card":"summary_large_image","schema":{"@context":"https:\/\/schema.org","@graph":[{"@type":"WebPage","@id":"https:\/\/bluewaves.hr\/sl\/sobe-suite\/family-junior-suite\/","url":"https:\/\/bluewaves.hr\/sl\/sobe-suite\/family-junior-suite\/","name":"Family Junior Suite - Blue Waves Resort","isPartOf":{"@id":"https:\/\/bluewaves.hr\/sl\/#website"},"datePublished":"2019-12-16T09:54:32+00:00","dateModified":"2021-12-08T13:40:57+00:00","description":"Dru\u017einska soba je idealna za 2 odrasla in 2 otroka do 12. leta in ponuja spalnico, lo\u010deno od dnevne sobe z raztegljivim kav\u010dem.","breadcrumb":{"@id":"https:\/\/bluewaves.hr\/sl\/sobe-suite\/family-junior-suite\/#breadcrumb"},"inLanguage":"sl-SI","potentialAction":[{"@type":"ReadAction","target":["https:\/\/bluewaves.hr\/sl\/sobe-suite\/family-junior-suite\/"]}]},{"@type":"BreadcrumbList","@id":"https:\/\/bluewaves.hr\/sl\/sobe-suite\/family-junior-suite\/#breadcrumb","itemListElement":[{"@type":"ListItem","position":1,"name":"Home","item":"https:\/\/bluewaves.hr\/sl\/"},{"@type":"ListItem","position":2,"name":"Sobe &amp; suite","item":"https:\/\/bluewaves.hr\/sl\/sobe-suite\/"},{"@type":"ListItem","position":3,"name":"Family Junior Suite"}]},{"@type":"WebSite","@id":"https:\/\/bluewaves.hr\/sl\/#website","url":"https:\/\/bluewaves.hr\/sl\/","name":"Blue Waves Resort","description":"Just another ms.decms.eu site","publisher":{"@id":"https:\/\/bluewaves.hr\/sl\/#organization"},"potentialAction":[{"@type":"SearchAction","target":{"@type":"EntryPoint","urlTemplate":"https:\/\/bluewaves.hr\/sl\/?s={search_term_string}"},"query-input":{"@type":"PropertyValueSpecification","valueRequired":true,"valueName":"search_term_string"}}],"inLanguage":"sl-SI"},{"@type":"Organization","@id":"https:\/\/bluewaves.hr\/sl\/#organization","name":"Blue Waves Resort","url":"https:\/\/bluewaves.hr\/sl\/","logo":{"@type":"ImageObject","inLanguage":"sl-SI","@id":"https:\/\/bluewaves.hr\/sl\/#\/schema\/logo\/image\/","url":"https:\/\/bluewaves.hr\/wp-content\/uploads\/sites\/100\/2024\/01\/Blue-waves-logo-zlatni.png","contentUrl":"https:\/\/bluewaves.hr\/wp-content\/uploads\/sites\/100\/2024\/01\/Blue-waves-logo-zlatni.png","width":1168,"height":652,"caption":"Blue Waves Resort"},"image":{"@id":"https:\/\/bluewaves.hr\/sl\/#\/schema\/logo\/image\/"}}]}},"acf":[],"_links":{"self":[{"href":"https:\/\/bluewaves.hr\/sl\/wp-json\/wp\/v2\/pages\/652","targetHints":{"allow":["GET"]}}],"collection":[{"href":"https:\/\/bluewaves.hr\/sl\/wp-json\/wp\/v2\/pages"}],"about":[{"href":"https:\/\/bluewaves.hr\/sl\/wp-json\/wp\/v2\/types\/page"}],"author":[{"embeddable":true,"href":"https:\/\/bluewaves.hr\/sl\/wp-json\/wp\/v2\/users\/4"}],"replies":[{"embeddable":true,"href":"https:\/\/bluewaves.hr\/sl\/wp-json\/wp\/v2\/comments?post=652"}],"version-history":[{"count":0,"href":"https:\/\/bluewaves.hr\/sl\/wp-json\/wp\/v2\/pages\/652\/revisions"}],"up":[{"embeddable":true,"href":"https:\/\/bluewaves.hr\/sl\/wp-json\/wp\/v2\/pages\/628"}],"wp:attachment":[{"href":"https:\/\/bluewaves.hr\/sl\/wp-json\/wp\/v2\/media?parent=652"}],"curies":[{"name":"wp","href":"https:\/\/api.w.org\/{rel}","templated":true}]}}