{"id":667,"date":"2019-12-16T11:47:26","date_gmt":"2019-12-16T11:47:26","guid":{"rendered":"http:\/\/blue-waves-resort.ms.decms.eu\/?page_id=667"},"modified":"2021-12-09T07:40:12","modified_gmt":"2021-12-09T07:40:12","slug":"family-superior-suite-z-balkonom-in-razgledom-na-morje","status":"publish","type":"page","link":"https:\/\/bluewaves.hr\/sl\/sobe-suite\/family-superior-suite-z-balkonom-in-razgledom-na-morje\/","title":{"rendered":"Family Superior Suite z balkonom in razgledom na morje"},"content":{"rendered":"<p>Na\u0161 moto \u00bb<strong>Va\u0161 dom na pla\u017ei<\/strong>\u00ab pride med bivanjem v tej sobi do pravega izraza. Dopust ob morju z dru\u017eino ali prijatelji z ob\u010dutkom udobja lastnega doma boste na\u0161li v tej resni\u010dno prostorni, sodobno opremljeni sobi. <strong>Prilagodite svoje bivanje in u\u017eivajte v prostornosti te sobe tako, kot ustreza vam<\/strong>. Ne glede na to, ali se boste odlo\u010dili za son\u010denje na <strong>balkonu z razgledom na morje<\/strong> ali gledanje najljub\u0161ega TV-programa na satelitskem LCD-televizorju v prostorni dnevni sobi \u2013 tu se boste zagotovo po\u010dutili kot doma.<\/p>\n","protected":false},"excerpt":{"rendered":"<p>Na\u0161 moto \u00bbVa\u0161 dom na pla\u017ei\u00ab pride med bivanjem v tej sobi do pravega izraza. Dopust ob morju z dru\u017eino ali prijatelji z ob\u010dutkom udobja lastnega doma boste na\u0161li v tej resni\u010dno prostorni, sodobno opremljeni sobi. Prilagodite svoje bivanje in u\u017eivajte v prostornosti te sobe tako, kot ustreza vam. Ne glede na to, ali se [&hellip;]<\/p>\n","protected":false},"author":4,"featured_media":0,"parent":628,"menu_order":8,"comment_status":"closed","ping_status":"closed","template":"template-single-room.php","meta":{"footnotes":""},"class_list":["post-667","page","type-page","status-publish","hentry"],"yoast_head":"<!-- This site is optimized with the Yoast SEO plugin v26.9 - https:\/\/yoast.com\/product\/yoast-seo-wordpress\/ -->\n<title>Family Superior Suite z balkonom in razgledom na morje - Blue Waves Resort<\/title>\n<meta name=\"description\" content=\"U\u017eivajte v prostorni nastanitvi z 2 spalnicama in dnevno sobo, balkonom s pogledom na morje, kopalnico in dodatnim strani\u0161\u010dem. Va\u0161 dom na pla\u017ei!\" \/>\n<meta name=\"robots\" content=\"index, follow, max-snippet:-1, max-image-preview:large, max-video-preview:-1\" \/>\n<link rel=\"canonical\" href=\"https:\/\/bluewaves.hr\/sl\/sobe-suite\/family-superior-suite-z-balkonom-in-razgledom-na-morje\/\" \/>\n<meta property=\"og:locale\" content=\"sl_SI\" \/>\n<meta property=\"og:type\" content=\"article\" \/>\n<meta property=\"og:title\" content=\"Family Superior Suite z balkonom in razgledom na morje - Blue Waves Resort\" \/>\n<meta property=\"og:description\" content=\"U\u017eivajte v prostorni nastanitvi z 2 spalnicama in dnevno sobo, balkonom s pogledom na morje, kopalnico in dodatnim strani\u0161\u010dem. Va\u0161 dom na pla\u017ei!\" \/>\n<meta property=\"og:url\" content=\"https:\/\/bluewaves.hr\/sl\/sobe-suite\/family-superior-suite-z-balkonom-in-razgledom-na-morje\/\" \/>\n<meta property=\"og:site_name\" content=\"Blue Waves Resort\" \/>\n<meta property=\"article:modified_time\" content=\"2021-12-09T07:40:12+00:00\" \/>\n<meta name=\"twitter:card\" content=\"summary_large_image\" \/>\n<script type=\"application\/ld+json\" class=\"yoast-schema-graph\">{\"@context\":\"https:\/\/schema.org\",\"@graph\":[{\"@type\":\"WebPage\",\"@id\":\"https:\/\/bluewaves.hr\/sl\/sobe-suite\/family-superior-suite-z-balkonom-in-razgledom-na-morje\/\",\"url\":\"https:\/\/bluewaves.hr\/sl\/sobe-suite\/family-superior-suite-z-balkonom-in-razgledom-na-morje\/\",\"name\":\"Family Superior Suite z balkonom in razgledom na morje - Blue Waves Resort\",\"isPartOf\":{\"@id\":\"https:\/\/bluewaves.hr\/sl\/#website\"},\"datePublished\":\"2019-12-16T11:47:26+00:00\",\"dateModified\":\"2021-12-09T07:40:12+00:00\",\"description\":\"U\u017eivajte v prostorni nastanitvi z 2 spalnicama in dnevno sobo, balkonom s pogledom na morje, kopalnico in dodatnim strani\u0161\u010dem. Va\u0161 dom na pla\u017ei!\",\"breadcrumb\":{\"@id\":\"https:\/\/bluewaves.hr\/sl\/sobe-suite\/family-superior-suite-z-balkonom-in-razgledom-na-morje\/#breadcrumb\"},\"inLanguage\":\"sl-SI\",\"potentialAction\":[{\"@type\":\"ReadAction\",\"target\":[\"https:\/\/bluewaves.hr\/sl\/sobe-suite\/family-superior-suite-z-balkonom-in-razgledom-na-morje\/\"]}]},{\"@type\":\"BreadcrumbList\",\"@id\":\"https:\/\/bluewaves.hr\/sl\/sobe-suite\/family-superior-suite-z-balkonom-in-razgledom-na-morje\/#breadcrumb\",\"itemListElement\":[{\"@type\":\"ListItem\",\"position\":1,\"name\":\"Home\",\"item\":\"https:\/\/bluewaves.hr\/sl\/\"},{\"@type\":\"ListItem\",\"position\":2,\"name\":\"Sobe &amp; suite\",\"item\":\"https:\/\/bluewaves.hr\/sl\/sobe-suite\/\"},{\"@type\":\"ListItem\",\"position\":3,\"name\":\"Family Superior Suite z balkonom in razgledom na morje\"}]},{\"@type\":\"WebSite\",\"@id\":\"https:\/\/bluewaves.hr\/sl\/#website\",\"url\":\"https:\/\/bluewaves.hr\/sl\/\",\"name\":\"Blue Waves Resort\",\"description\":\"Just another ms.decms.eu site\",\"publisher\":{\"@id\":\"https:\/\/bluewaves.hr\/sl\/#organization\"},\"potentialAction\":[{\"@type\":\"SearchAction\",\"target\":{\"@type\":\"EntryPoint\",\"urlTemplate\":\"https:\/\/bluewaves.hr\/sl\/?s={search_term_string}\"},\"query-input\":{\"@type\":\"PropertyValueSpecification\",\"valueRequired\":true,\"valueName\":\"search_term_string\"}}],\"inLanguage\":\"sl-SI\"},{\"@type\":\"Organization\",\"@id\":\"https:\/\/bluewaves.hr\/sl\/#organization\",\"name\":\"Blue Waves Resort\",\"url\":\"https:\/\/bluewaves.hr\/sl\/\",\"logo\":{\"@type\":\"ImageObject\",\"inLanguage\":\"sl-SI\",\"@id\":\"https:\/\/bluewaves.hr\/sl\/#\/schema\/logo\/image\/\",\"url\":\"https:\/\/bluewaves.hr\/wp-content\/uploads\/sites\/100\/2024\/01\/Blue-waves-logo-zlatni.png\",\"contentUrl\":\"https:\/\/bluewaves.hr\/wp-content\/uploads\/sites\/100\/2024\/01\/Blue-waves-logo-zlatni.png\",\"width\":1168,\"height\":652,\"caption\":\"Blue Waves Resort\"},\"image\":{\"@id\":\"https:\/\/bluewaves.hr\/sl\/#\/schema\/logo\/image\/\"}}]}<\/script>\n<!-- \/ Yoast SEO plugin. -->","yoast_head_json":{"title":"Family Superior Suite z balkonom in razgledom na morje - Blue Waves Resort","description":"U\u017eivajte v prostorni nastanitvi z 2 spalnicama in dnevno sobo, balkonom s pogledom na morje, kopalnico in dodatnim strani\u0161\u010dem. Va\u0161 dom na pla\u017ei!","robots":{"index":"index","follow":"follow","max-snippet":"max-snippet:-1","max-image-preview":"max-image-preview:large","max-video-preview":"max-video-preview:-1"},"canonical":"https:\/\/bluewaves.hr\/sl\/sobe-suite\/family-superior-suite-z-balkonom-in-razgledom-na-morje\/","og_locale":"sl_SI","og_type":"article","og_title":"Family Superior Suite z balkonom in razgledom na morje - Blue Waves Resort","og_description":"U\u017eivajte v prostorni nastanitvi z 2 spalnicama in dnevno sobo, balkonom s pogledom na morje, kopalnico in dodatnim strani\u0161\u010dem. Va\u0161 dom na pla\u017ei!","og_url":"https:\/\/bluewaves.hr\/sl\/sobe-suite\/family-superior-suite-z-balkonom-in-razgledom-na-morje\/","og_site_name":"Blue Waves Resort","article_modified_time":"2021-12-09T07:40:12+00:00","twitter_card":"summary_large_image","schema":{"@context":"https:\/\/schema.org","@graph":[{"@type":"WebPage","@id":"https:\/\/bluewaves.hr\/sl\/sobe-suite\/family-superior-suite-z-balkonom-in-razgledom-na-morje\/","url":"https:\/\/bluewaves.hr\/sl\/sobe-suite\/family-superior-suite-z-balkonom-in-razgledom-na-morje\/","name":"Family Superior Suite z balkonom in razgledom na morje - Blue Waves Resort","isPartOf":{"@id":"https:\/\/bluewaves.hr\/sl\/#website"},"datePublished":"2019-12-16T11:47:26+00:00","dateModified":"2021-12-09T07:40:12+00:00","description":"U\u017eivajte v prostorni nastanitvi z 2 spalnicama in dnevno sobo, balkonom s pogledom na morje, kopalnico in dodatnim strani\u0161\u010dem. Va\u0161 dom na pla\u017ei!","breadcrumb":{"@id":"https:\/\/bluewaves.hr\/sl\/sobe-suite\/family-superior-suite-z-balkonom-in-razgledom-na-morje\/#breadcrumb"},"inLanguage":"sl-SI","potentialAction":[{"@type":"ReadAction","target":["https:\/\/bluewaves.hr\/sl\/sobe-suite\/family-superior-suite-z-balkonom-in-razgledom-na-morje\/"]}]},{"@type":"BreadcrumbList","@id":"https:\/\/bluewaves.hr\/sl\/sobe-suite\/family-superior-suite-z-balkonom-in-razgledom-na-morje\/#breadcrumb","itemListElement":[{"@type":"ListItem","position":1,"name":"Home","item":"https:\/\/bluewaves.hr\/sl\/"},{"@type":"ListItem","position":2,"name":"Sobe &amp; suite","item":"https:\/\/bluewaves.hr\/sl\/sobe-suite\/"},{"@type":"ListItem","position":3,"name":"Family Superior Suite z balkonom in razgledom na morje"}]},{"@type":"WebSite","@id":"https:\/\/bluewaves.hr\/sl\/#website","url":"https:\/\/bluewaves.hr\/sl\/","name":"Blue Waves Resort","description":"Just another ms.decms.eu site","publisher":{"@id":"https:\/\/bluewaves.hr\/sl\/#organization"},"potentialAction":[{"@type":"SearchAction","target":{"@type":"EntryPoint","urlTemplate":"https:\/\/bluewaves.hr\/sl\/?s={search_term_string}"},"query-input":{"@type":"PropertyValueSpecification","valueRequired":true,"valueName":"search_term_string"}}],"inLanguage":"sl-SI"},{"@type":"Organization","@id":"https:\/\/bluewaves.hr\/sl\/#organization","name":"Blue Waves Resort","url":"https:\/\/bluewaves.hr\/sl\/","logo":{"@type":"ImageObject","inLanguage":"sl-SI","@id":"https:\/\/bluewaves.hr\/sl\/#\/schema\/logo\/image\/","url":"https:\/\/bluewaves.hr\/wp-content\/uploads\/sites\/100\/2024\/01\/Blue-waves-logo-zlatni.png","contentUrl":"https:\/\/bluewaves.hr\/wp-content\/uploads\/sites\/100\/2024\/01\/Blue-waves-logo-zlatni.png","width":1168,"height":652,"caption":"Blue Waves Resort"},"image":{"@id":"https:\/\/bluewaves.hr\/sl\/#\/schema\/logo\/image\/"}}]}},"acf":[],"_links":{"self":[{"href":"https:\/\/bluewaves.hr\/sl\/wp-json\/wp\/v2\/pages\/667","targetHints":{"allow":["GET"]}}],"collection":[{"href":"https:\/\/bluewaves.hr\/sl\/wp-json\/wp\/v2\/pages"}],"about":[{"href":"https:\/\/bluewaves.hr\/sl\/wp-json\/wp\/v2\/types\/page"}],"author":[{"embeddable":true,"href":"https:\/\/bluewaves.hr\/sl\/wp-json\/wp\/v2\/users\/4"}],"replies":[{"embeddable":true,"href":"https:\/\/bluewaves.hr\/sl\/wp-json\/wp\/v2\/comments?post=667"}],"version-history":[{"count":0,"href":"https:\/\/bluewaves.hr\/sl\/wp-json\/wp\/v2\/pages\/667\/revisions"}],"up":[{"embeddable":true,"href":"https:\/\/bluewaves.hr\/sl\/wp-json\/wp\/v2\/pages\/628"}],"wp:attachment":[{"href":"https:\/\/bluewaves.hr\/sl\/wp-json\/wp\/v2\/media?parent=667"}],"curies":[{"name":"wp","href":"https:\/\/api.w.org\/{rel}","templated":true}]}}