{"id":695,"date":"2019-12-16T13:46:25","date_gmt":"2019-12-16T13:46:25","guid":{"rendered":"http:\/\/blue-waves-resort.ms.decms.eu\/?page_id=695"},"modified":"2023-06-09T13:20:28","modified_gmt":"2023-06-09T13:20:28","slug":"plaza","status":"publish","type":"page","link":"https:\/\/bluewaves.hr\/sl\/storitve\/plaza\/","title":{"rendered":"Pla\u017ea"},"content":{"rendered":"<p>Kaj je pri poletnih po\u010ditnicah najpomembnej\u0161e? Morje in pla\u017ea, kajne? Menimo, da se vsi strinjamo, vsi novozgrajeni hoteli na jadranski obali so zelo dobri. Kako torej izbrati najbolj\u0161ega za vas? Z izbiro <strong>NAJBOLJ\u0160E PLA\u017dE<\/strong>!<\/p>\n<p>Prepustite se brezskrbnemu u\u017eivanju na soncu in v kristalno \u010distem morju na eni izmed najlep\u0161ih pla\u017e v Malinski. <strong>Pla\u017ea v zalivu Rova se nahaja neposredno ob hotelu<\/strong>, kar bo olaj\u0161alo skrb za najmlaj\u0161e, saj ni treba pre\u010dkati ceste. <strong>V ceno so vklju\u010deni le\u017ealniki in sen\u010dniki<\/strong>, ki so na voljo glede na razpolo\u017eljivost, glede na razpolo\u017eljivost in v omejenem \u0161tevilu, da vam zagotovijo \u010dim bolj udobno mesto za sprostitev v dru\u017ebi svoje najljub\u0161e knjige, ob poslu\u0161anju glasbe ali zgolj zvokov narave.<\/p>\n<p>Za popolno vzdu\u0161je bo poskrbelo osebje iz bli\u017enjega hotelskega bara na pla\u017ei, ki vam bo pripravilo osve\u017eitev po va\u0161i izbiri. <strong>Prepri\u010dajte se, da je ova pla\u017ea popoln kraj za sprostitev in zabavo<\/strong> vseh dru\u017einskih \u010dlanov, tako za izku\u0161ene plavalce kot za tiste, ki se plavati \u0161ele u\u010dijo.<\/p>\n","protected":false},"excerpt":{"rendered":"<p>Kaj je pri poletnih po\u010ditnicah najpomembnej\u0161e? Morje in pla\u017ea, kajne? Menimo, da se vsi strinjamo, vsi novozgrajeni hoteli na jadranski obali so zelo dobri. Kako torej izbrati najbolj\u0161ega za vas? Z izbiro NAJBOLJ\u0160E PLA\u017dE! Prepustite se brezskrbnemu u\u017eivanju na soncu in v kristalno \u010distem morju na eni izmed najlep\u0161ih pla\u017e v Malinski. Pla\u017ea v zalivu [&hellip;]<\/p>\n","protected":false},"author":4,"featured_media":0,"parent":687,"menu_order":1,"comment_status":"closed","ping_status":"closed","template":"","meta":{"footnotes":""},"class_list":["post-695","page","type-page","status-publish","hentry"],"yoast_head":"<!-- This site is optimized with the Yoast SEO plugin v26.9 - https:\/\/yoast.com\/product\/yoast-seo-wordpress\/ -->\n<title>Pla\u017ea - Blue Waves Resort<\/title>\n<meta name=\"robots\" content=\"index, follow, max-snippet:-1, max-image-preview:large, max-video-preview:-1\" \/>\n<link rel=\"canonical\" href=\"https:\/\/bluewaves.hr\/sl\/storitve\/plaza\/\" \/>\n<meta property=\"og:locale\" content=\"sl_SI\" \/>\n<meta property=\"og:type\" content=\"article\" \/>\n<meta property=\"og:title\" content=\"Pla\u017ea - Blue Waves Resort\" \/>\n<meta property=\"og:description\" content=\"Kaj je pri poletnih po\u010ditnicah najpomembnej\u0161e? Morje in pla\u017ea, kajne? Menimo, da se vsi strinjamo, vsi novozgrajeni hoteli na jadranski obali so zelo dobri. Kako torej izbrati najbolj\u0161ega za vas? Z izbiro NAJBOLJ\u0160E PLA\u017dE! Prepustite se brezskrbnemu u\u017eivanju na soncu in v kristalno \u010distem morju na eni izmed najlep\u0161ih pla\u017e v Malinski. Pla\u017ea v zalivu [&hellip;]\" \/>\n<meta property=\"og:url\" content=\"https:\/\/bluewaves.hr\/sl\/storitve\/plaza\/\" \/>\n<meta property=\"og:site_name\" content=\"Blue Waves Resort\" \/>\n<meta property=\"article:modified_time\" content=\"2023-06-09T13:20:28+00:00\" \/>\n<meta name=\"twitter:card\" content=\"summary_large_image\" \/>\n<meta name=\"twitter:label1\" content=\"Est. reading time\" \/>\n\t<meta name=\"twitter:data1\" content=\"1 minuta\" \/>\n<script type=\"application\/ld+json\" class=\"yoast-schema-graph\">{\"@context\":\"https:\/\/schema.org\",\"@graph\":[{\"@type\":\"WebPage\",\"@id\":\"https:\/\/bluewaves.hr\/sl\/storitve\/plaza\/\",\"url\":\"https:\/\/bluewaves.hr\/sl\/storitve\/plaza\/\",\"name\":\"Pla\u017ea - Blue Waves Resort\",\"isPartOf\":{\"@id\":\"https:\/\/bluewaves.hr\/sl\/#website\"},\"datePublished\":\"2019-12-16T13:46:25+00:00\",\"dateModified\":\"2023-06-09T13:20:28+00:00\",\"breadcrumb\":{\"@id\":\"https:\/\/bluewaves.hr\/sl\/storitve\/plaza\/#breadcrumb\"},\"inLanguage\":\"sl-SI\",\"potentialAction\":[{\"@type\":\"ReadAction\",\"target\":[\"https:\/\/bluewaves.hr\/sl\/storitve\/plaza\/\"]}]},{\"@type\":\"BreadcrumbList\",\"@id\":\"https:\/\/bluewaves.hr\/sl\/storitve\/plaza\/#breadcrumb\",\"itemListElement\":[{\"@type\":\"ListItem\",\"position\":1,\"name\":\"Home\",\"item\":\"https:\/\/bluewaves.hr\/sl\/\"},{\"@type\":\"ListItem\",\"position\":2,\"name\":\"Storitve\",\"item\":\"https:\/\/bluewaves.hr\/sl\/storitve\/\"},{\"@type\":\"ListItem\",\"position\":3,\"name\":\"Pla\u017ea\"}]},{\"@type\":\"WebSite\",\"@id\":\"https:\/\/bluewaves.hr\/sl\/#website\",\"url\":\"https:\/\/bluewaves.hr\/sl\/\",\"name\":\"Blue Waves Resort\",\"description\":\"Just another ms.decms.eu site\",\"publisher\":{\"@id\":\"https:\/\/bluewaves.hr\/sl\/#organization\"},\"potentialAction\":[{\"@type\":\"SearchAction\",\"target\":{\"@type\":\"EntryPoint\",\"urlTemplate\":\"https:\/\/bluewaves.hr\/sl\/?s={search_term_string}\"},\"query-input\":{\"@type\":\"PropertyValueSpecification\",\"valueRequired\":true,\"valueName\":\"search_term_string\"}}],\"inLanguage\":\"sl-SI\"},{\"@type\":\"Organization\",\"@id\":\"https:\/\/bluewaves.hr\/sl\/#organization\",\"name\":\"Blue Waves Resort\",\"url\":\"https:\/\/bluewaves.hr\/sl\/\",\"logo\":{\"@type\":\"ImageObject\",\"inLanguage\":\"sl-SI\",\"@id\":\"https:\/\/bluewaves.hr\/sl\/#\/schema\/logo\/image\/\",\"url\":\"https:\/\/bluewaves.hr\/wp-content\/uploads\/sites\/100\/2024\/01\/Blue-waves-logo-zlatni.png\",\"contentUrl\":\"https:\/\/bluewaves.hr\/wp-content\/uploads\/sites\/100\/2024\/01\/Blue-waves-logo-zlatni.png\",\"width\":1168,\"height\":652,\"caption\":\"Blue Waves Resort\"},\"image\":{\"@id\":\"https:\/\/bluewaves.hr\/sl\/#\/schema\/logo\/image\/\"}}]}<\/script>\n<!-- \/ Yoast SEO plugin. -->","yoast_head_json":{"title":"Pla\u017ea - Blue Waves Resort","robots":{"index":"index","follow":"follow","max-snippet":"max-snippet:-1","max-image-preview":"max-image-preview:large","max-video-preview":"max-video-preview:-1"},"canonical":"https:\/\/bluewaves.hr\/sl\/storitve\/plaza\/","og_locale":"sl_SI","og_type":"article","og_title":"Pla\u017ea - Blue Waves Resort","og_description":"Kaj je pri poletnih po\u010ditnicah najpomembnej\u0161e? Morje in pla\u017ea, kajne? Menimo, da se vsi strinjamo, vsi novozgrajeni hoteli na jadranski obali so zelo dobri. Kako torej izbrati najbolj\u0161ega za vas? Z izbiro NAJBOLJ\u0160E PLA\u017dE! Prepustite se brezskrbnemu u\u017eivanju na soncu in v kristalno \u010distem morju na eni izmed najlep\u0161ih pla\u017e v Malinski. Pla\u017ea v zalivu [&hellip;]","og_url":"https:\/\/bluewaves.hr\/sl\/storitve\/plaza\/","og_site_name":"Blue Waves Resort","article_modified_time":"2023-06-09T13:20:28+00:00","twitter_card":"summary_large_image","twitter_misc":{"Est. reading time":"1 minuta"},"schema":{"@context":"https:\/\/schema.org","@graph":[{"@type":"WebPage","@id":"https:\/\/bluewaves.hr\/sl\/storitve\/plaza\/","url":"https:\/\/bluewaves.hr\/sl\/storitve\/plaza\/","name":"Pla\u017ea - Blue Waves Resort","isPartOf":{"@id":"https:\/\/bluewaves.hr\/sl\/#website"},"datePublished":"2019-12-16T13:46:25+00:00","dateModified":"2023-06-09T13:20:28+00:00","breadcrumb":{"@id":"https:\/\/bluewaves.hr\/sl\/storitve\/plaza\/#breadcrumb"},"inLanguage":"sl-SI","potentialAction":[{"@type":"ReadAction","target":["https:\/\/bluewaves.hr\/sl\/storitve\/plaza\/"]}]},{"@type":"BreadcrumbList","@id":"https:\/\/bluewaves.hr\/sl\/storitve\/plaza\/#breadcrumb","itemListElement":[{"@type":"ListItem","position":1,"name":"Home","item":"https:\/\/bluewaves.hr\/sl\/"},{"@type":"ListItem","position":2,"name":"Storitve","item":"https:\/\/bluewaves.hr\/sl\/storitve\/"},{"@type":"ListItem","position":3,"name":"Pla\u017ea"}]},{"@type":"WebSite","@id":"https:\/\/bluewaves.hr\/sl\/#website","url":"https:\/\/bluewaves.hr\/sl\/","name":"Blue Waves Resort","description":"Just another ms.decms.eu site","publisher":{"@id":"https:\/\/bluewaves.hr\/sl\/#organization"},"potentialAction":[{"@type":"SearchAction","target":{"@type":"EntryPoint","urlTemplate":"https:\/\/bluewaves.hr\/sl\/?s={search_term_string}"},"query-input":{"@type":"PropertyValueSpecification","valueRequired":true,"valueName":"search_term_string"}}],"inLanguage":"sl-SI"},{"@type":"Organization","@id":"https:\/\/bluewaves.hr\/sl\/#organization","name":"Blue Waves Resort","url":"https:\/\/bluewaves.hr\/sl\/","logo":{"@type":"ImageObject","inLanguage":"sl-SI","@id":"https:\/\/bluewaves.hr\/sl\/#\/schema\/logo\/image\/","url":"https:\/\/bluewaves.hr\/wp-content\/uploads\/sites\/100\/2024\/01\/Blue-waves-logo-zlatni.png","contentUrl":"https:\/\/bluewaves.hr\/wp-content\/uploads\/sites\/100\/2024\/01\/Blue-waves-logo-zlatni.png","width":1168,"height":652,"caption":"Blue Waves Resort"},"image":{"@id":"https:\/\/bluewaves.hr\/sl\/#\/schema\/logo\/image\/"}}]}},"acf":[],"_links":{"self":[{"href":"https:\/\/bluewaves.hr\/sl\/wp-json\/wp\/v2\/pages\/695","targetHints":{"allow":["GET"]}}],"collection":[{"href":"https:\/\/bluewaves.hr\/sl\/wp-json\/wp\/v2\/pages"}],"about":[{"href":"https:\/\/bluewaves.hr\/sl\/wp-json\/wp\/v2\/types\/page"}],"author":[{"embeddable":true,"href":"https:\/\/bluewaves.hr\/sl\/wp-json\/wp\/v2\/users\/4"}],"replies":[{"embeddable":true,"href":"https:\/\/bluewaves.hr\/sl\/wp-json\/wp\/v2\/comments?post=695"}],"version-history":[{"count":0,"href":"https:\/\/bluewaves.hr\/sl\/wp-json\/wp\/v2\/pages\/695\/revisions"}],"up":[{"embeddable":true,"href":"https:\/\/bluewaves.hr\/sl\/wp-json\/wp\/v2\/pages\/687"}],"wp:attachment":[{"href":"https:\/\/bluewaves.hr\/sl\/wp-json\/wp\/v2\/media?parent=695"}],"curies":[{"name":"wp","href":"https:\/\/api.w.org\/{rel}","templated":true}]}}