{"id":718,"date":"2019-12-16T15:36:39","date_gmt":"2019-12-16T15:36:39","guid":{"rendered":"http:\/\/blue-waves-resort.ms.decms.eu\/?page_id=718"},"modified":"2023-11-07T08:54:10","modified_gmt":"2023-11-07T08:54:10","slug":"glavna-samopostrezna-restavracija","status":"publish","type":"page","link":"https:\/\/bluewaves.hr\/sl\/restavracije-in-bari\/glavna-samopostrezna-restavracija\/","title":{"rendered":"Glavna samopostre\u017ena restavracija"},"content":{"rendered":"<p>Za\u010dnite dan z zajtrkom v hotelski restavraciji. Izbirate lahko med sve\u017eimi \u0161tru\u010dkami, \u017eitaricami z mlekom ali jogurtom, vro\u010do kavo ali \u010dajem, sadnimi sokovi, toplo samopostre\u017eno ponudbo jajc in slanine, salamami in siri. Glavna samopostre\u017ena restavracija je odprta v \u010dasu jutranjega zajtrka in ve\u010derje. U\u017eivajte v bogati izbiri mesnih in ribjih jedi s prilogami, hladnih in toplih predjedi, solat in sladic. Pija\u010da ob ve\u010derji ni vklju\u010dena. Glavna samopostre\u017ena restavracija se nahaja ob pla\u017ei in ponuja neposreden razgled na morje in prostrano teraso.<\/p>\n<p>&nbsp;<\/p>\n","protected":false},"excerpt":{"rendered":"<p>Za\u010dnite dan z zajtrkom v hotelski restavraciji. Izbirate lahko med sve\u017eimi \u0161tru\u010dkami, \u017eitaricami z mlekom ali jogurtom, vro\u010do kavo ali \u010dajem, sadnimi sokovi, toplo samopostre\u017eno ponudbo jajc in slanine, salamami in siri. Glavna samopostre\u017ena restavracija je odprta v \u010dasu jutranjega zajtrka in ve\u010derje. U\u017eivajte v bogati izbiri mesnih in ribjih jedi s prilogami, hladnih in [&hellip;]<\/p>\n","protected":false},"author":4,"featured_media":346,"parent":714,"menu_order":1,"comment_status":"closed","ping_status":"closed","template":"template-sigle-restaurant.php","meta":{"footnotes":""},"class_list":["post-718","page","type-page","status-publish","has-post-thumbnail","hentry"],"yoast_head":"<!-- This site is optimized with the Yoast SEO plugin v26.9 - https:\/\/yoast.com\/product\/yoast-seo-wordpress\/ -->\n<title>Glavna samopostre\u017ena restavracija - Blue Waves Resort<\/title>\n<meta name=\"description\" content=\"Za\u010dnite dan z zajtrkom v hotelski restavraciji. Glavna samopostre\u017ena restavracija je odprta v \u010dasu jutranjega zajtrka in ve\u010derje.\" \/>\n<meta name=\"robots\" content=\"index, follow, max-snippet:-1, max-image-preview:large, max-video-preview:-1\" \/>\n<link rel=\"canonical\" href=\"https:\/\/bluewaves.hr\/sl\/restavracije-in-bari\/glavna-samopostrezna-restavracija\/\" \/>\n<meta property=\"og:locale\" content=\"sl_SI\" \/>\n<meta property=\"og:type\" content=\"article\" \/>\n<meta property=\"og:title\" content=\"Glavna samopostre\u017ena restavracija - Blue Waves Resort\" \/>\n<meta property=\"og:description\" content=\"Za\u010dnite dan z zajtrkom v hotelski restavraciji. Glavna samopostre\u017ena restavracija je odprta v \u010dasu jutranjega zajtrka in ve\u010derje.\" \/>\n<meta property=\"og:url\" content=\"https:\/\/bluewaves.hr\/sl\/restavracije-in-bari\/glavna-samopostrezna-restavracija\/\" \/>\n<meta property=\"og:site_name\" content=\"Blue Waves Resort\" \/>\n<meta property=\"article:modified_time\" content=\"2023-11-07T08:54:10+00:00\" \/>\n<meta property=\"og:image\" content=\"https:\/\/bluewaves.hr\/wp-content\/uploads\/sites\/100\/2019\/12\/BWR_gallery_01-1.jpg\" \/>\n\t<meta property=\"og:image:width\" content=\"2200\" \/>\n\t<meta property=\"og:image:height\" content=\"1200\" \/>\n\t<meta property=\"og:image:type\" content=\"image\/jpeg\" \/>\n<meta name=\"twitter:card\" content=\"summary_large_image\" \/>\n<script type=\"application\/ld+json\" class=\"yoast-schema-graph\">{\"@context\":\"https:\/\/schema.org\",\"@graph\":[{\"@type\":\"WebPage\",\"@id\":\"https:\/\/bluewaves.hr\/sl\/restavracije-in-bari\/glavna-samopostrezna-restavracija\/\",\"url\":\"https:\/\/bluewaves.hr\/sl\/restavracije-in-bari\/glavna-samopostrezna-restavracija\/\",\"name\":\"Glavna samopostre\u017ena restavracija - Blue Waves Resort\",\"isPartOf\":{\"@id\":\"https:\/\/bluewaves.hr\/sl\/#website\"},\"primaryImageOfPage\":{\"@id\":\"https:\/\/bluewaves.hr\/sl\/restavracije-in-bari\/glavna-samopostrezna-restavracija\/#primaryimage\"},\"image\":{\"@id\":\"https:\/\/bluewaves.hr\/sl\/restavracije-in-bari\/glavna-samopostrezna-restavracija\/#primaryimage\"},\"thumbnailUrl\":\"https:\/\/bluewaves.hr\/wp-content\/uploads\/sites\/100\/2019\/12\/BWR_gallery_01-1.jpg\",\"datePublished\":\"2019-12-16T15:36:39+00:00\",\"dateModified\":\"2023-11-07T08:54:10+00:00\",\"description\":\"Za\u010dnite dan z zajtrkom v hotelski restavraciji. Glavna samopostre\u017ena restavracija je odprta v \u010dasu jutranjega zajtrka in ve\u010derje.\",\"breadcrumb\":{\"@id\":\"https:\/\/bluewaves.hr\/sl\/restavracije-in-bari\/glavna-samopostrezna-restavracija\/#breadcrumb\"},\"inLanguage\":\"sl-SI\",\"potentialAction\":[{\"@type\":\"ReadAction\",\"target\":[\"https:\/\/bluewaves.hr\/sl\/restavracije-in-bari\/glavna-samopostrezna-restavracija\/\"]}]},{\"@type\":\"ImageObject\",\"inLanguage\":\"sl-SI\",\"@id\":\"https:\/\/bluewaves.hr\/sl\/restavracije-in-bari\/glavna-samopostrezna-restavracija\/#primaryimage\",\"url\":\"https:\/\/bluewaves.hr\/wp-content\/uploads\/sites\/100\/2019\/12\/BWR_gallery_01-1.jpg\",\"contentUrl\":\"https:\/\/bluewaves.hr\/wp-content\/uploads\/sites\/100\/2019\/12\/BWR_gallery_01-1.jpg\",\"width\":2200,\"height\":1200},{\"@type\":\"BreadcrumbList\",\"@id\":\"https:\/\/bluewaves.hr\/sl\/restavracije-in-bari\/glavna-samopostrezna-restavracija\/#breadcrumb\",\"itemListElement\":[{\"@type\":\"ListItem\",\"position\":1,\"name\":\"Home\",\"item\":\"https:\/\/bluewaves.hr\/sl\/\"},{\"@type\":\"ListItem\",\"position\":2,\"name\":\"Restavracije in bari\",\"item\":\"https:\/\/bluewaves.hr\/sl\/restavracije-in-bari\/\"},{\"@type\":\"ListItem\",\"position\":3,\"name\":\"Glavna samopostre\u017ena restavracija\"}]},{\"@type\":\"WebSite\",\"@id\":\"https:\/\/bluewaves.hr\/sl\/#website\",\"url\":\"https:\/\/bluewaves.hr\/sl\/\",\"name\":\"Blue Waves Resort\",\"description\":\"Just another ms.decms.eu site\",\"publisher\":{\"@id\":\"https:\/\/bluewaves.hr\/sl\/#organization\"},\"potentialAction\":[{\"@type\":\"SearchAction\",\"target\":{\"@type\":\"EntryPoint\",\"urlTemplate\":\"https:\/\/bluewaves.hr\/sl\/?s={search_term_string}\"},\"query-input\":{\"@type\":\"PropertyValueSpecification\",\"valueRequired\":true,\"valueName\":\"search_term_string\"}}],\"inLanguage\":\"sl-SI\"},{\"@type\":\"Organization\",\"@id\":\"https:\/\/bluewaves.hr\/sl\/#organization\",\"name\":\"Blue Waves Resort\",\"url\":\"https:\/\/bluewaves.hr\/sl\/\",\"logo\":{\"@type\":\"ImageObject\",\"inLanguage\":\"sl-SI\",\"@id\":\"https:\/\/bluewaves.hr\/sl\/#\/schema\/logo\/image\/\",\"url\":\"https:\/\/bluewaves.hr\/wp-content\/uploads\/sites\/100\/2024\/01\/Blue-waves-logo-zlatni.png\",\"contentUrl\":\"https:\/\/bluewaves.hr\/wp-content\/uploads\/sites\/100\/2024\/01\/Blue-waves-logo-zlatni.png\",\"width\":1168,\"height\":652,\"caption\":\"Blue Waves Resort\"},\"image\":{\"@id\":\"https:\/\/bluewaves.hr\/sl\/#\/schema\/logo\/image\/\"}}]}<\/script>\n<!-- \/ Yoast SEO plugin. -->","yoast_head_json":{"title":"Glavna samopostre\u017ena restavracija - Blue Waves Resort","description":"Za\u010dnite dan z zajtrkom v hotelski restavraciji. Glavna samopostre\u017ena restavracija je odprta v \u010dasu jutranjega zajtrka in ve\u010derje.","robots":{"index":"index","follow":"follow","max-snippet":"max-snippet:-1","max-image-preview":"max-image-preview:large","max-video-preview":"max-video-preview:-1"},"canonical":"https:\/\/bluewaves.hr\/sl\/restavracije-in-bari\/glavna-samopostrezna-restavracija\/","og_locale":"sl_SI","og_type":"article","og_title":"Glavna samopostre\u017ena restavracija - Blue Waves Resort","og_description":"Za\u010dnite dan z zajtrkom v hotelski restavraciji. Glavna samopostre\u017ena restavracija je odprta v \u010dasu jutranjega zajtrka in ve\u010derje.","og_url":"https:\/\/bluewaves.hr\/sl\/restavracije-in-bari\/glavna-samopostrezna-restavracija\/","og_site_name":"Blue Waves Resort","article_modified_time":"2023-11-07T08:54:10+00:00","og_image":[{"width":2200,"height":1200,"url":"https:\/\/bluewaves.hr\/wp-content\/uploads\/sites\/100\/2019\/12\/BWR_gallery_01-1.jpg","type":"image\/jpeg"}],"twitter_card":"summary_large_image","schema":{"@context":"https:\/\/schema.org","@graph":[{"@type":"WebPage","@id":"https:\/\/bluewaves.hr\/sl\/restavracije-in-bari\/glavna-samopostrezna-restavracija\/","url":"https:\/\/bluewaves.hr\/sl\/restavracije-in-bari\/glavna-samopostrezna-restavracija\/","name":"Glavna samopostre\u017ena restavracija - Blue Waves Resort","isPartOf":{"@id":"https:\/\/bluewaves.hr\/sl\/#website"},"primaryImageOfPage":{"@id":"https:\/\/bluewaves.hr\/sl\/restavracije-in-bari\/glavna-samopostrezna-restavracija\/#primaryimage"},"image":{"@id":"https:\/\/bluewaves.hr\/sl\/restavracije-in-bari\/glavna-samopostrezna-restavracija\/#primaryimage"},"thumbnailUrl":"https:\/\/bluewaves.hr\/wp-content\/uploads\/sites\/100\/2019\/12\/BWR_gallery_01-1.jpg","datePublished":"2019-12-16T15:36:39+00:00","dateModified":"2023-11-07T08:54:10+00:00","description":"Za\u010dnite dan z zajtrkom v hotelski restavraciji. Glavna samopostre\u017ena restavracija je odprta v \u010dasu jutranjega zajtrka in ve\u010derje.","breadcrumb":{"@id":"https:\/\/bluewaves.hr\/sl\/restavracije-in-bari\/glavna-samopostrezna-restavracija\/#breadcrumb"},"inLanguage":"sl-SI","potentialAction":[{"@type":"ReadAction","target":["https:\/\/bluewaves.hr\/sl\/restavracije-in-bari\/glavna-samopostrezna-restavracija\/"]}]},{"@type":"ImageObject","inLanguage":"sl-SI","@id":"https:\/\/bluewaves.hr\/sl\/restavracije-in-bari\/glavna-samopostrezna-restavracija\/#primaryimage","url":"https:\/\/bluewaves.hr\/wp-content\/uploads\/sites\/100\/2019\/12\/BWR_gallery_01-1.jpg","contentUrl":"https:\/\/bluewaves.hr\/wp-content\/uploads\/sites\/100\/2019\/12\/BWR_gallery_01-1.jpg","width":2200,"height":1200},{"@type":"BreadcrumbList","@id":"https:\/\/bluewaves.hr\/sl\/restavracije-in-bari\/glavna-samopostrezna-restavracija\/#breadcrumb","itemListElement":[{"@type":"ListItem","position":1,"name":"Home","item":"https:\/\/bluewaves.hr\/sl\/"},{"@type":"ListItem","position":2,"name":"Restavracije in bari","item":"https:\/\/bluewaves.hr\/sl\/restavracije-in-bari\/"},{"@type":"ListItem","position":3,"name":"Glavna samopostre\u017ena restavracija"}]},{"@type":"WebSite","@id":"https:\/\/bluewaves.hr\/sl\/#website","url":"https:\/\/bluewaves.hr\/sl\/","name":"Blue Waves Resort","description":"Just another ms.decms.eu site","publisher":{"@id":"https:\/\/bluewaves.hr\/sl\/#organization"},"potentialAction":[{"@type":"SearchAction","target":{"@type":"EntryPoint","urlTemplate":"https:\/\/bluewaves.hr\/sl\/?s={search_term_string}"},"query-input":{"@type":"PropertyValueSpecification","valueRequired":true,"valueName":"search_term_string"}}],"inLanguage":"sl-SI"},{"@type":"Organization","@id":"https:\/\/bluewaves.hr\/sl\/#organization","name":"Blue Waves Resort","url":"https:\/\/bluewaves.hr\/sl\/","logo":{"@type":"ImageObject","inLanguage":"sl-SI","@id":"https:\/\/bluewaves.hr\/sl\/#\/schema\/logo\/image\/","url":"https:\/\/bluewaves.hr\/wp-content\/uploads\/sites\/100\/2024\/01\/Blue-waves-logo-zlatni.png","contentUrl":"https:\/\/bluewaves.hr\/wp-content\/uploads\/sites\/100\/2024\/01\/Blue-waves-logo-zlatni.png","width":1168,"height":652,"caption":"Blue Waves Resort"},"image":{"@id":"https:\/\/bluewaves.hr\/sl\/#\/schema\/logo\/image\/"}}]}},"acf":[],"_links":{"self":[{"href":"https:\/\/bluewaves.hr\/sl\/wp-json\/wp\/v2\/pages\/718","targetHints":{"allow":["GET"]}}],"collection":[{"href":"https:\/\/bluewaves.hr\/sl\/wp-json\/wp\/v2\/pages"}],"about":[{"href":"https:\/\/bluewaves.hr\/sl\/wp-json\/wp\/v2\/types\/page"}],"author":[{"embeddable":true,"href":"https:\/\/bluewaves.hr\/sl\/wp-json\/wp\/v2\/users\/4"}],"replies":[{"embeddable":true,"href":"https:\/\/bluewaves.hr\/sl\/wp-json\/wp\/v2\/comments?post=718"}],"version-history":[{"count":0,"href":"https:\/\/bluewaves.hr\/sl\/wp-json\/wp\/v2\/pages\/718\/revisions"}],"up":[{"embeddable":true,"href":"https:\/\/bluewaves.hr\/sl\/wp-json\/wp\/v2\/pages\/714"}],"wp:featuredmedia":[{"embeddable":true,"href":"https:\/\/bluewaves.hr\/sl\/wp-json\/wp\/v2\/media\/346"}],"wp:attachment":[{"href":"https:\/\/bluewaves.hr\/sl\/wp-json\/wp\/v2\/media?parent=718"}],"curies":[{"name":"wp","href":"https:\/\/api.w.org\/{rel}","templated":true}]}}