{"id":753,"date":"2019-12-16T16:09:53","date_gmt":"2019-12-16T16:09:53","guid":{"rendered":"http:\/\/blue-waves-resort.ms.decms.eu\/?page_id=753"},"modified":"2019-12-16T16:09:53","modified_gmt":"2019-12-16T16:09:53","slug":"pool-bar","status":"publish","type":"page","link":"https:\/\/bluewaves.hr\/sl\/restavracije-in-bari\/pool-bar\/","title":{"rendered":"Pool bar"},"content":{"rendered":"<p>Pool bar se nahaja poleg glavnega bazena, <strong>iz katerega se ponuja razgled na pla\u017eo in morje<\/strong>. \u010cez dan se lahko tu osve\u017eite z brezalkoholnim sadnim koktajlom in sladoledom. Iz bara lahko enostavno pridete do bazena in se sprostite na le\u017ealniku pod sen\u010dnikom.<\/p>\n","protected":false},"excerpt":{"rendered":"<p>Pool bar se nahaja poleg glavnega bazena, iz katerega se ponuja razgled na pla\u017eo in morje. \u010cez dan se lahko tu osve\u017eite z brezalkoholnim sadnim koktajlom in sladoledom. Iz bara lahko enostavno pridete do bazena in se sprostite na le\u017ealniku pod sen\u010dnikom.<\/p>\n","protected":false},"author":4,"featured_media":0,"parent":714,"menu_order":3,"comment_status":"closed","ping_status":"closed","template":"template-sigle-restaurant.php","meta":{"footnotes":""},"class_list":["post-753","page","type-page","status-publish","hentry"],"yoast_head":"<!-- This site is optimized with the Yoast SEO plugin v26.9 - https:\/\/yoast.com\/product\/yoast-seo-wordpress\/ -->\n<title>Pool bar - Blue Waves Resort<\/title>\n<meta name=\"robots\" content=\"index, follow, max-snippet:-1, max-image-preview:large, max-video-preview:-1\" \/>\n<link rel=\"canonical\" href=\"https:\/\/bluewaves.hr\/sl\/restavracije-in-bari\/pool-bar\/\" \/>\n<meta property=\"og:locale\" content=\"sl_SI\" \/>\n<meta property=\"og:type\" content=\"article\" \/>\n<meta property=\"og:title\" content=\"Pool bar - Blue Waves Resort\" \/>\n<meta property=\"og:description\" content=\"Pool bar se nahaja poleg glavnega bazena, iz katerega se ponuja razgled na pla\u017eo in morje. \u010cez dan se lahko tu osve\u017eite z brezalkoholnim sadnim koktajlom in sladoledom. Iz bara lahko enostavno pridete do bazena in se sprostite na le\u017ealniku pod sen\u010dnikom.\" \/>\n<meta property=\"og:url\" content=\"https:\/\/bluewaves.hr\/sl\/restavracije-in-bari\/pool-bar\/\" \/>\n<meta property=\"og:site_name\" content=\"Blue Waves Resort\" \/>\n<meta name=\"twitter:card\" content=\"summary_large_image\" \/>\n<script type=\"application\/ld+json\" class=\"yoast-schema-graph\">{\"@context\":\"https:\/\/schema.org\",\"@graph\":[{\"@type\":\"WebPage\",\"@id\":\"https:\/\/bluewaves.hr\/sl\/restavracije-in-bari\/pool-bar\/\",\"url\":\"https:\/\/bluewaves.hr\/sl\/restavracije-in-bari\/pool-bar\/\",\"name\":\"Pool bar - Blue Waves Resort\",\"isPartOf\":{\"@id\":\"https:\/\/bluewaves.hr\/sl\/#website\"},\"datePublished\":\"2019-12-16T16:09:53+00:00\",\"breadcrumb\":{\"@id\":\"https:\/\/bluewaves.hr\/sl\/restavracije-in-bari\/pool-bar\/#breadcrumb\"},\"inLanguage\":\"sl-SI\",\"potentialAction\":[{\"@type\":\"ReadAction\",\"target\":[\"https:\/\/bluewaves.hr\/sl\/restavracije-in-bari\/pool-bar\/\"]}]},{\"@type\":\"BreadcrumbList\",\"@id\":\"https:\/\/bluewaves.hr\/sl\/restavracije-in-bari\/pool-bar\/#breadcrumb\",\"itemListElement\":[{\"@type\":\"ListItem\",\"position\":1,\"name\":\"Home\",\"item\":\"https:\/\/bluewaves.hr\/sl\/\"},{\"@type\":\"ListItem\",\"position\":2,\"name\":\"Restavracije in bari\",\"item\":\"https:\/\/bluewaves.hr\/sl\/restavracije-in-bari\/\"},{\"@type\":\"ListItem\",\"position\":3,\"name\":\"Pool bar\"}]},{\"@type\":\"WebSite\",\"@id\":\"https:\/\/bluewaves.hr\/sl\/#website\",\"url\":\"https:\/\/bluewaves.hr\/sl\/\",\"name\":\"Blue Waves Resort\",\"description\":\"Just another ms.decms.eu site\",\"publisher\":{\"@id\":\"https:\/\/bluewaves.hr\/sl\/#organization\"},\"potentialAction\":[{\"@type\":\"SearchAction\",\"target\":{\"@type\":\"EntryPoint\",\"urlTemplate\":\"https:\/\/bluewaves.hr\/sl\/?s={search_term_string}\"},\"query-input\":{\"@type\":\"PropertyValueSpecification\",\"valueRequired\":true,\"valueName\":\"search_term_string\"}}],\"inLanguage\":\"sl-SI\"},{\"@type\":\"Organization\",\"@id\":\"https:\/\/bluewaves.hr\/sl\/#organization\",\"name\":\"Blue Waves Resort\",\"url\":\"https:\/\/bluewaves.hr\/sl\/\",\"logo\":{\"@type\":\"ImageObject\",\"inLanguage\":\"sl-SI\",\"@id\":\"https:\/\/bluewaves.hr\/sl\/#\/schema\/logo\/image\/\",\"url\":\"https:\/\/bluewaves.hr\/wp-content\/uploads\/sites\/100\/2024\/01\/Blue-waves-logo-zlatni.png\",\"contentUrl\":\"https:\/\/bluewaves.hr\/wp-content\/uploads\/sites\/100\/2024\/01\/Blue-waves-logo-zlatni.png\",\"width\":1168,\"height\":652,\"caption\":\"Blue Waves Resort\"},\"image\":{\"@id\":\"https:\/\/bluewaves.hr\/sl\/#\/schema\/logo\/image\/\"}}]}<\/script>\n<!-- \/ Yoast SEO plugin. -->","yoast_head_json":{"title":"Pool bar - Blue Waves Resort","robots":{"index":"index","follow":"follow","max-snippet":"max-snippet:-1","max-image-preview":"max-image-preview:large","max-video-preview":"max-video-preview:-1"},"canonical":"https:\/\/bluewaves.hr\/sl\/restavracije-in-bari\/pool-bar\/","og_locale":"sl_SI","og_type":"article","og_title":"Pool bar - Blue Waves Resort","og_description":"Pool bar se nahaja poleg glavnega bazena, iz katerega se ponuja razgled na pla\u017eo in morje. \u010cez dan se lahko tu osve\u017eite z brezalkoholnim sadnim koktajlom in sladoledom. Iz bara lahko enostavno pridete do bazena in se sprostite na le\u017ealniku pod sen\u010dnikom.","og_url":"https:\/\/bluewaves.hr\/sl\/restavracije-in-bari\/pool-bar\/","og_site_name":"Blue Waves Resort","twitter_card":"summary_large_image","schema":{"@context":"https:\/\/schema.org","@graph":[{"@type":"WebPage","@id":"https:\/\/bluewaves.hr\/sl\/restavracije-in-bari\/pool-bar\/","url":"https:\/\/bluewaves.hr\/sl\/restavracije-in-bari\/pool-bar\/","name":"Pool bar - Blue Waves Resort","isPartOf":{"@id":"https:\/\/bluewaves.hr\/sl\/#website"},"datePublished":"2019-12-16T16:09:53+00:00","breadcrumb":{"@id":"https:\/\/bluewaves.hr\/sl\/restavracije-in-bari\/pool-bar\/#breadcrumb"},"inLanguage":"sl-SI","potentialAction":[{"@type":"ReadAction","target":["https:\/\/bluewaves.hr\/sl\/restavracije-in-bari\/pool-bar\/"]}]},{"@type":"BreadcrumbList","@id":"https:\/\/bluewaves.hr\/sl\/restavracije-in-bari\/pool-bar\/#breadcrumb","itemListElement":[{"@type":"ListItem","position":1,"name":"Home","item":"https:\/\/bluewaves.hr\/sl\/"},{"@type":"ListItem","position":2,"name":"Restavracije in bari","item":"https:\/\/bluewaves.hr\/sl\/restavracije-in-bari\/"},{"@type":"ListItem","position":3,"name":"Pool bar"}]},{"@type":"WebSite","@id":"https:\/\/bluewaves.hr\/sl\/#website","url":"https:\/\/bluewaves.hr\/sl\/","name":"Blue Waves Resort","description":"Just another ms.decms.eu site","publisher":{"@id":"https:\/\/bluewaves.hr\/sl\/#organization"},"potentialAction":[{"@type":"SearchAction","target":{"@type":"EntryPoint","urlTemplate":"https:\/\/bluewaves.hr\/sl\/?s={search_term_string}"},"query-input":{"@type":"PropertyValueSpecification","valueRequired":true,"valueName":"search_term_string"}}],"inLanguage":"sl-SI"},{"@type":"Organization","@id":"https:\/\/bluewaves.hr\/sl\/#organization","name":"Blue Waves Resort","url":"https:\/\/bluewaves.hr\/sl\/","logo":{"@type":"ImageObject","inLanguage":"sl-SI","@id":"https:\/\/bluewaves.hr\/sl\/#\/schema\/logo\/image\/","url":"https:\/\/bluewaves.hr\/wp-content\/uploads\/sites\/100\/2024\/01\/Blue-waves-logo-zlatni.png","contentUrl":"https:\/\/bluewaves.hr\/wp-content\/uploads\/sites\/100\/2024\/01\/Blue-waves-logo-zlatni.png","width":1168,"height":652,"caption":"Blue Waves Resort"},"image":{"@id":"https:\/\/bluewaves.hr\/sl\/#\/schema\/logo\/image\/"}}]}},"acf":[],"_links":{"self":[{"href":"https:\/\/bluewaves.hr\/sl\/wp-json\/wp\/v2\/pages\/753","targetHints":{"allow":["GET"]}}],"collection":[{"href":"https:\/\/bluewaves.hr\/sl\/wp-json\/wp\/v2\/pages"}],"about":[{"href":"https:\/\/bluewaves.hr\/sl\/wp-json\/wp\/v2\/types\/page"}],"author":[{"embeddable":true,"href":"https:\/\/bluewaves.hr\/sl\/wp-json\/wp\/v2\/users\/4"}],"replies":[{"embeddable":true,"href":"https:\/\/bluewaves.hr\/sl\/wp-json\/wp\/v2\/comments?post=753"}],"version-history":[{"count":0,"href":"https:\/\/bluewaves.hr\/sl\/wp-json\/wp\/v2\/pages\/753\/revisions"}],"up":[{"embeddable":true,"href":"https:\/\/bluewaves.hr\/sl\/wp-json\/wp\/v2\/pages\/714"}],"wp:attachment":[{"href":"https:\/\/bluewaves.hr\/sl\/wp-json\/wp\/v2\/media?parent=753"}],"curies":[{"name":"wp","href":"https:\/\/api.w.org\/{rel}","templated":true}]}}