{"id":763,"date":"2019-12-16T16:16:12","date_gmt":"2019-12-16T16:16:12","guid":{"rendered":"http:\/\/blue-waves-resort.ms.decms.eu\/?page_id=763"},"modified":"2019-12-16T16:16:12","modified_gmt":"2019-12-16T16:16:12","slug":"obmocje-health-relax","status":"publish","type":"page","link":"https:\/\/bluewaves.hr\/sl\/wellness-spa\/obmocje-health-relax\/","title":{"rendered":"Obmo\u010dje Health &#038; Relax"},"content":{"rendered":"<p>\u010ce ob\u010dasno potrebujete oddih od sonca in morja ali pa preprosto \u017eelite obnoviti svojo energijo, vam predlagamo, da se prepustite u\u017eitkom v obmo\u010dju Spa &amp; Relax. Prijetna masa\u017ea ali toplota savne vas bosta zagotovo sprostili, na voljo pa sta tudi majhen notranji bazen z ogrevano sladko vodo in jacuzzi. Za aktivno spro\u0161\u010danje je na voljo sodobno opremljena soba za fitnes s pogledom na notranji bazen. Spro\u0161\u010dujo\u010de bivanje za\u010dnite s plavanjem v ogrevanem bazenu, nato si v savni okrepite duha in telo, na koncu pa je na vrsti \u0161e jacuzzi z vodno masa\u017eo.<\/p>\n<p>Ob koncu se sprostite na le\u017ealniku ob bazenu in si privo\u0161\u010dite topel \u010daj ali sadje. Uporaba obmo\u010dja Health &amp; Relax je brezpla\u010dna ob predhodni rezervaciji na recepciji Wellnessa.<\/p>\n","protected":false},"excerpt":{"rendered":"<p>\u010ce ob\u010dasno potrebujete oddih od sonca in morja ali pa preprosto \u017eelite obnoviti svojo energijo, vam predlagamo, da se prepustite u\u017eitkom v obmo\u010dju Spa &amp; Relax. Prijetna masa\u017ea ali toplota savne vas bosta zagotovo sprostili, na voljo pa sta tudi majhen notranji bazen z ogrevano sladko vodo in jacuzzi. Za aktivno spro\u0161\u010danje je na voljo [&hellip;]<\/p>\n","protected":false},"author":3,"featured_media":0,"parent":757,"menu_order":2,"comment_status":"closed","ping_status":"closed","template":"","meta":{"footnotes":""},"class_list":["post-763","page","type-page","status-publish","hentry"],"yoast_head":"<!-- This site is optimized with the Yoast SEO plugin v26.9 - https:\/\/yoast.com\/product\/yoast-seo-wordpress\/ -->\n<title>Obmo\u010dje Health &amp; Relax - Blue Waves Resort<\/title>\n<meta name=\"robots\" content=\"index, follow, max-snippet:-1, max-image-preview:large, max-video-preview:-1\" \/>\n<link rel=\"canonical\" href=\"https:\/\/bluewaves.hr\/sl\/wellness-spa\/obmocje-health-relax\/\" \/>\n<meta property=\"og:locale\" content=\"sl_SI\" \/>\n<meta property=\"og:type\" content=\"article\" \/>\n<meta property=\"og:title\" content=\"Obmo\u010dje Health &amp; Relax - Blue Waves Resort\" \/>\n<meta property=\"og:description\" content=\"\u010ce ob\u010dasno potrebujete oddih od sonca in morja ali pa preprosto \u017eelite obnoviti svojo energijo, vam predlagamo, da se prepustite u\u017eitkom v obmo\u010dju Spa &amp; Relax. Prijetna masa\u017ea ali toplota savne vas bosta zagotovo sprostili, na voljo pa sta tudi majhen notranji bazen z ogrevano sladko vodo in jacuzzi. Za aktivno spro\u0161\u010danje je na voljo [&hellip;]\" \/>\n<meta property=\"og:url\" content=\"https:\/\/bluewaves.hr\/sl\/wellness-spa\/obmocje-health-relax\/\" \/>\n<meta property=\"og:site_name\" content=\"Blue Waves Resort\" \/>\n<meta name=\"twitter:card\" content=\"summary_large_image\" \/>\n<meta name=\"twitter:label1\" content=\"Est. reading time\" \/>\n\t<meta name=\"twitter:data1\" content=\"1 minuta\" \/>\n<script type=\"application\/ld+json\" class=\"yoast-schema-graph\">{\"@context\":\"https:\/\/schema.org\",\"@graph\":[{\"@type\":\"WebPage\",\"@id\":\"https:\/\/bluewaves.hr\/sl\/wellness-spa\/obmocje-health-relax\/\",\"url\":\"https:\/\/bluewaves.hr\/sl\/wellness-spa\/obmocje-health-relax\/\",\"name\":\"Obmo\u010dje Health & Relax - Blue Waves Resort\",\"isPartOf\":{\"@id\":\"https:\/\/bluewaves.hr\/sl\/#website\"},\"datePublished\":\"2019-12-16T16:16:12+00:00\",\"breadcrumb\":{\"@id\":\"https:\/\/bluewaves.hr\/sl\/wellness-spa\/obmocje-health-relax\/#breadcrumb\"},\"inLanguage\":\"sl-SI\",\"potentialAction\":[{\"@type\":\"ReadAction\",\"target\":[\"https:\/\/bluewaves.hr\/sl\/wellness-spa\/obmocje-health-relax\/\"]}]},{\"@type\":\"BreadcrumbList\",\"@id\":\"https:\/\/bluewaves.hr\/sl\/wellness-spa\/obmocje-health-relax\/#breadcrumb\",\"itemListElement\":[{\"@type\":\"ListItem\",\"position\":1,\"name\":\"Home\",\"item\":\"https:\/\/bluewaves.hr\/sl\/\"},{\"@type\":\"ListItem\",\"position\":2,\"name\":\"Wellness &#038; SPA\",\"item\":\"https:\/\/bluewaves.hr\/sl\/wellness-spa\/\"},{\"@type\":\"ListItem\",\"position\":3,\"name\":\"Obmo\u010dje Health &#038; Relax\"}]},{\"@type\":\"WebSite\",\"@id\":\"https:\/\/bluewaves.hr\/sl\/#website\",\"url\":\"https:\/\/bluewaves.hr\/sl\/\",\"name\":\"Blue Waves Resort\",\"description\":\"Just another ms.decms.eu site\",\"publisher\":{\"@id\":\"https:\/\/bluewaves.hr\/sl\/#organization\"},\"potentialAction\":[{\"@type\":\"SearchAction\",\"target\":{\"@type\":\"EntryPoint\",\"urlTemplate\":\"https:\/\/bluewaves.hr\/sl\/?s={search_term_string}\"},\"query-input\":{\"@type\":\"PropertyValueSpecification\",\"valueRequired\":true,\"valueName\":\"search_term_string\"}}],\"inLanguage\":\"sl-SI\"},{\"@type\":\"Organization\",\"@id\":\"https:\/\/bluewaves.hr\/sl\/#organization\",\"name\":\"Blue Waves Resort\",\"url\":\"https:\/\/bluewaves.hr\/sl\/\",\"logo\":{\"@type\":\"ImageObject\",\"inLanguage\":\"sl-SI\",\"@id\":\"https:\/\/bluewaves.hr\/sl\/#\/schema\/logo\/image\/\",\"url\":\"https:\/\/bluewaves.hr\/wp-content\/uploads\/sites\/100\/2024\/01\/Blue-waves-logo-zlatni.png\",\"contentUrl\":\"https:\/\/bluewaves.hr\/wp-content\/uploads\/sites\/100\/2024\/01\/Blue-waves-logo-zlatni.png\",\"width\":1168,\"height\":652,\"caption\":\"Blue Waves Resort\"},\"image\":{\"@id\":\"https:\/\/bluewaves.hr\/sl\/#\/schema\/logo\/image\/\"}}]}<\/script>\n<!-- \/ Yoast SEO plugin. -->","yoast_head_json":{"title":"Obmo\u010dje Health & Relax - Blue Waves Resort","robots":{"index":"index","follow":"follow","max-snippet":"max-snippet:-1","max-image-preview":"max-image-preview:large","max-video-preview":"max-video-preview:-1"},"canonical":"https:\/\/bluewaves.hr\/sl\/wellness-spa\/obmocje-health-relax\/","og_locale":"sl_SI","og_type":"article","og_title":"Obmo\u010dje Health & Relax - Blue Waves Resort","og_description":"\u010ce ob\u010dasno potrebujete oddih od sonca in morja ali pa preprosto \u017eelite obnoviti svojo energijo, vam predlagamo, da se prepustite u\u017eitkom v obmo\u010dju Spa &amp; Relax. Prijetna masa\u017ea ali toplota savne vas bosta zagotovo sprostili, na voljo pa sta tudi majhen notranji bazen z ogrevano sladko vodo in jacuzzi. Za aktivno spro\u0161\u010danje je na voljo [&hellip;]","og_url":"https:\/\/bluewaves.hr\/sl\/wellness-spa\/obmocje-health-relax\/","og_site_name":"Blue Waves Resort","twitter_card":"summary_large_image","twitter_misc":{"Est. reading time":"1 minuta"},"schema":{"@context":"https:\/\/schema.org","@graph":[{"@type":"WebPage","@id":"https:\/\/bluewaves.hr\/sl\/wellness-spa\/obmocje-health-relax\/","url":"https:\/\/bluewaves.hr\/sl\/wellness-spa\/obmocje-health-relax\/","name":"Obmo\u010dje Health & Relax - Blue Waves Resort","isPartOf":{"@id":"https:\/\/bluewaves.hr\/sl\/#website"},"datePublished":"2019-12-16T16:16:12+00:00","breadcrumb":{"@id":"https:\/\/bluewaves.hr\/sl\/wellness-spa\/obmocje-health-relax\/#breadcrumb"},"inLanguage":"sl-SI","potentialAction":[{"@type":"ReadAction","target":["https:\/\/bluewaves.hr\/sl\/wellness-spa\/obmocje-health-relax\/"]}]},{"@type":"BreadcrumbList","@id":"https:\/\/bluewaves.hr\/sl\/wellness-spa\/obmocje-health-relax\/#breadcrumb","itemListElement":[{"@type":"ListItem","position":1,"name":"Home","item":"https:\/\/bluewaves.hr\/sl\/"},{"@type":"ListItem","position":2,"name":"Wellness &#038; SPA","item":"https:\/\/bluewaves.hr\/sl\/wellness-spa\/"},{"@type":"ListItem","position":3,"name":"Obmo\u010dje Health &#038; Relax"}]},{"@type":"WebSite","@id":"https:\/\/bluewaves.hr\/sl\/#website","url":"https:\/\/bluewaves.hr\/sl\/","name":"Blue Waves Resort","description":"Just another ms.decms.eu site","publisher":{"@id":"https:\/\/bluewaves.hr\/sl\/#organization"},"potentialAction":[{"@type":"SearchAction","target":{"@type":"EntryPoint","urlTemplate":"https:\/\/bluewaves.hr\/sl\/?s={search_term_string}"},"query-input":{"@type":"PropertyValueSpecification","valueRequired":true,"valueName":"search_term_string"}}],"inLanguage":"sl-SI"},{"@type":"Organization","@id":"https:\/\/bluewaves.hr\/sl\/#organization","name":"Blue Waves Resort","url":"https:\/\/bluewaves.hr\/sl\/","logo":{"@type":"ImageObject","inLanguage":"sl-SI","@id":"https:\/\/bluewaves.hr\/sl\/#\/schema\/logo\/image\/","url":"https:\/\/bluewaves.hr\/wp-content\/uploads\/sites\/100\/2024\/01\/Blue-waves-logo-zlatni.png","contentUrl":"https:\/\/bluewaves.hr\/wp-content\/uploads\/sites\/100\/2024\/01\/Blue-waves-logo-zlatni.png","width":1168,"height":652,"caption":"Blue Waves Resort"},"image":{"@id":"https:\/\/bluewaves.hr\/sl\/#\/schema\/logo\/image\/"}}]}},"acf":[],"_links":{"self":[{"href":"https:\/\/bluewaves.hr\/sl\/wp-json\/wp\/v2\/pages\/763","targetHints":{"allow":["GET"]}}],"collection":[{"href":"https:\/\/bluewaves.hr\/sl\/wp-json\/wp\/v2\/pages"}],"about":[{"href":"https:\/\/bluewaves.hr\/sl\/wp-json\/wp\/v2\/types\/page"}],"author":[{"embeddable":true,"href":"https:\/\/bluewaves.hr\/sl\/wp-json\/wp\/v2\/users\/3"}],"replies":[{"embeddable":true,"href":"https:\/\/bluewaves.hr\/sl\/wp-json\/wp\/v2\/comments?post=763"}],"version-history":[{"count":0,"href":"https:\/\/bluewaves.hr\/sl\/wp-json\/wp\/v2\/pages\/763\/revisions"}],"up":[{"embeddable":true,"href":"https:\/\/bluewaves.hr\/sl\/wp-json\/wp\/v2\/pages\/757"}],"wp:attachment":[{"href":"https:\/\/bluewaves.hr\/sl\/wp-json\/wp\/v2\/media?parent=763"}],"curies":[{"name":"wp","href":"https:\/\/api.w.org\/{rel}","templated":true}]}}