{"id":783,"date":"2019-12-16T16:44:10","date_gmt":"2019-12-16T16:44:10","guid":{"rendered":"http:\/\/blue-waves-resort.ms.decms.eu\/?page_id=783"},"modified":"2019-12-16T16:45:12","modified_gmt":"2019-12-16T16:45:12","slug":"dogodki-in-aktivnosti","status":"publish","type":"page","link":"https:\/\/bluewaves.hr\/sl\/dogodki-in-aktivnosti\/","title":{"rendered":"Dogodki in aktivnosti"},"content":{"rendered":"<p>Poleg ob\u010dutka doma si v letovi\u0161\u010du Blue Waves Resort \u017eelimo, da se boste kot doma po\u010dutili tudi na na\u0161em pre\u010dudovitem otoku Krk, zato bi vam radi predstavili glavne dogodke, ki potekajo v na\u0161em okolju, in aktivnosti, v katerih lahko sodelujete.<\/p>\n","protected":false},"excerpt":{"rendered":"<p>Poleg ob\u010dutka doma si v letovi\u0161\u010du Blue Waves Resort \u017eelimo, da se boste kot doma po\u010dutili tudi na na\u0161em pre\u010dudovitem otoku Krk, zato bi vam radi predstavili glavne dogodke, ki potekajo v na\u0161em okolju, in aktivnosti, v katerih lahko sodelujete.<\/p>\n","protected":false},"author":4,"featured_media":0,"parent":0,"menu_order":80,"comment_status":"closed","ping_status":"closed","template":"template-events.php","meta":{"footnotes":""},"class_list":["post-783","page","type-page","status-publish","hentry"],"yoast_head":"<!-- This site is optimized with the Yoast SEO plugin v26.9 - https:\/\/yoast.com\/product\/yoast-seo-wordpress\/ -->\n<title>Dogodki in aktivnosti - Blue Waves Resort<\/title>\n<meta name=\"robots\" content=\"index, follow, max-snippet:-1, max-image-preview:large, max-video-preview:-1\" \/>\n<link rel=\"canonical\" href=\"https:\/\/bluewaves.hr\/sl\/dogodki-in-aktivnosti\/\" \/>\n<meta property=\"og:locale\" content=\"sl_SI\" \/>\n<meta property=\"og:type\" content=\"article\" \/>\n<meta property=\"og:title\" content=\"Dogodki in aktivnosti - Blue Waves Resort\" \/>\n<meta property=\"og:description\" content=\"Poleg ob\u010dutka doma si v letovi\u0161\u010du Blue Waves Resort \u017eelimo, da se boste kot doma po\u010dutili tudi na na\u0161em pre\u010dudovitem otoku Krk, zato bi vam radi predstavili glavne dogodke, ki potekajo v na\u0161em okolju, in aktivnosti, v katerih lahko sodelujete.\" \/>\n<meta property=\"og:url\" content=\"https:\/\/bluewaves.hr\/sl\/dogodki-in-aktivnosti\/\" \/>\n<meta property=\"og:site_name\" content=\"Blue Waves Resort\" \/>\n<meta property=\"article:modified_time\" content=\"2019-12-16T16:45:12+00:00\" \/>\n<meta name=\"twitter:card\" content=\"summary_large_image\" \/>\n<script type=\"application\/ld+json\" class=\"yoast-schema-graph\">{\"@context\":\"https:\/\/schema.org\",\"@graph\":[{\"@type\":\"WebPage\",\"@id\":\"https:\/\/bluewaves.hr\/sl\/dogodki-in-aktivnosti\/\",\"url\":\"https:\/\/bluewaves.hr\/sl\/dogodki-in-aktivnosti\/\",\"name\":\"Dogodki in aktivnosti - Blue Waves Resort\",\"isPartOf\":{\"@id\":\"https:\/\/bluewaves.hr\/sl\/#website\"},\"datePublished\":\"2019-12-16T16:44:10+00:00\",\"dateModified\":\"2019-12-16T16:45:12+00:00\",\"breadcrumb\":{\"@id\":\"https:\/\/bluewaves.hr\/sl\/dogodki-in-aktivnosti\/#breadcrumb\"},\"inLanguage\":\"sl-SI\",\"potentialAction\":[{\"@type\":\"ReadAction\",\"target\":[\"https:\/\/bluewaves.hr\/sl\/dogodki-in-aktivnosti\/\"]}]},{\"@type\":\"BreadcrumbList\",\"@id\":\"https:\/\/bluewaves.hr\/sl\/dogodki-in-aktivnosti\/#breadcrumb\",\"itemListElement\":[{\"@type\":\"ListItem\",\"position\":1,\"name\":\"Home\",\"item\":\"https:\/\/bluewaves.hr\/sl\/\"},{\"@type\":\"ListItem\",\"position\":2,\"name\":\"Dogodki in aktivnosti\"}]},{\"@type\":\"WebSite\",\"@id\":\"https:\/\/bluewaves.hr\/sl\/#website\",\"url\":\"https:\/\/bluewaves.hr\/sl\/\",\"name\":\"Blue Waves Resort\",\"description\":\"Just another ms.decms.eu site\",\"publisher\":{\"@id\":\"https:\/\/bluewaves.hr\/sl\/#organization\"},\"potentialAction\":[{\"@type\":\"SearchAction\",\"target\":{\"@type\":\"EntryPoint\",\"urlTemplate\":\"https:\/\/bluewaves.hr\/sl\/?s={search_term_string}\"},\"query-input\":{\"@type\":\"PropertyValueSpecification\",\"valueRequired\":true,\"valueName\":\"search_term_string\"}}],\"inLanguage\":\"sl-SI\"},{\"@type\":\"Organization\",\"@id\":\"https:\/\/bluewaves.hr\/sl\/#organization\",\"name\":\"Blue Waves Resort\",\"url\":\"https:\/\/bluewaves.hr\/sl\/\",\"logo\":{\"@type\":\"ImageObject\",\"inLanguage\":\"sl-SI\",\"@id\":\"https:\/\/bluewaves.hr\/sl\/#\/schema\/logo\/image\/\",\"url\":\"https:\/\/bluewaves.hr\/wp-content\/uploads\/sites\/100\/2024\/01\/Blue-waves-logo-zlatni.png\",\"contentUrl\":\"https:\/\/bluewaves.hr\/wp-content\/uploads\/sites\/100\/2024\/01\/Blue-waves-logo-zlatni.png\",\"width\":1168,\"height\":652,\"caption\":\"Blue Waves Resort\"},\"image\":{\"@id\":\"https:\/\/bluewaves.hr\/sl\/#\/schema\/logo\/image\/\"}}]}<\/script>\n<!-- \/ Yoast SEO plugin. -->","yoast_head_json":{"title":"Dogodki in aktivnosti - Blue Waves Resort","robots":{"index":"index","follow":"follow","max-snippet":"max-snippet:-1","max-image-preview":"max-image-preview:large","max-video-preview":"max-video-preview:-1"},"canonical":"https:\/\/bluewaves.hr\/sl\/dogodki-in-aktivnosti\/","og_locale":"sl_SI","og_type":"article","og_title":"Dogodki in aktivnosti - Blue Waves Resort","og_description":"Poleg ob\u010dutka doma si v letovi\u0161\u010du Blue Waves Resort \u017eelimo, da se boste kot doma po\u010dutili tudi na na\u0161em pre\u010dudovitem otoku Krk, zato bi vam radi predstavili glavne dogodke, ki potekajo v na\u0161em okolju, in aktivnosti, v katerih lahko sodelujete.","og_url":"https:\/\/bluewaves.hr\/sl\/dogodki-in-aktivnosti\/","og_site_name":"Blue Waves Resort","article_modified_time":"2019-12-16T16:45:12+00:00","twitter_card":"summary_large_image","schema":{"@context":"https:\/\/schema.org","@graph":[{"@type":"WebPage","@id":"https:\/\/bluewaves.hr\/sl\/dogodki-in-aktivnosti\/","url":"https:\/\/bluewaves.hr\/sl\/dogodki-in-aktivnosti\/","name":"Dogodki in aktivnosti - Blue Waves Resort","isPartOf":{"@id":"https:\/\/bluewaves.hr\/sl\/#website"},"datePublished":"2019-12-16T16:44:10+00:00","dateModified":"2019-12-16T16:45:12+00:00","breadcrumb":{"@id":"https:\/\/bluewaves.hr\/sl\/dogodki-in-aktivnosti\/#breadcrumb"},"inLanguage":"sl-SI","potentialAction":[{"@type":"ReadAction","target":["https:\/\/bluewaves.hr\/sl\/dogodki-in-aktivnosti\/"]}]},{"@type":"BreadcrumbList","@id":"https:\/\/bluewaves.hr\/sl\/dogodki-in-aktivnosti\/#breadcrumb","itemListElement":[{"@type":"ListItem","position":1,"name":"Home","item":"https:\/\/bluewaves.hr\/sl\/"},{"@type":"ListItem","position":2,"name":"Dogodki in aktivnosti"}]},{"@type":"WebSite","@id":"https:\/\/bluewaves.hr\/sl\/#website","url":"https:\/\/bluewaves.hr\/sl\/","name":"Blue Waves Resort","description":"Just another ms.decms.eu site","publisher":{"@id":"https:\/\/bluewaves.hr\/sl\/#organization"},"potentialAction":[{"@type":"SearchAction","target":{"@type":"EntryPoint","urlTemplate":"https:\/\/bluewaves.hr\/sl\/?s={search_term_string}"},"query-input":{"@type":"PropertyValueSpecification","valueRequired":true,"valueName":"search_term_string"}}],"inLanguage":"sl-SI"},{"@type":"Organization","@id":"https:\/\/bluewaves.hr\/sl\/#organization","name":"Blue Waves Resort","url":"https:\/\/bluewaves.hr\/sl\/","logo":{"@type":"ImageObject","inLanguage":"sl-SI","@id":"https:\/\/bluewaves.hr\/sl\/#\/schema\/logo\/image\/","url":"https:\/\/bluewaves.hr\/wp-content\/uploads\/sites\/100\/2024\/01\/Blue-waves-logo-zlatni.png","contentUrl":"https:\/\/bluewaves.hr\/wp-content\/uploads\/sites\/100\/2024\/01\/Blue-waves-logo-zlatni.png","width":1168,"height":652,"caption":"Blue Waves Resort"},"image":{"@id":"https:\/\/bluewaves.hr\/sl\/#\/schema\/logo\/image\/"}}]}},"acf":[],"_links":{"self":[{"href":"https:\/\/bluewaves.hr\/sl\/wp-json\/wp\/v2\/pages\/783","targetHints":{"allow":["GET"]}}],"collection":[{"href":"https:\/\/bluewaves.hr\/sl\/wp-json\/wp\/v2\/pages"}],"about":[{"href":"https:\/\/bluewaves.hr\/sl\/wp-json\/wp\/v2\/types\/page"}],"author":[{"embeddable":true,"href":"https:\/\/bluewaves.hr\/sl\/wp-json\/wp\/v2\/users\/4"}],"replies":[{"embeddable":true,"href":"https:\/\/bluewaves.hr\/sl\/wp-json\/wp\/v2\/comments?post=783"}],"version-history":[{"count":0,"href":"https:\/\/bluewaves.hr\/sl\/wp-json\/wp\/v2\/pages\/783\/revisions"}],"wp:attachment":[{"href":"https:\/\/bluewaves.hr\/sl\/wp-json\/wp\/v2\/media?parent=783"}],"curies":[{"name":"wp","href":"https:\/\/api.w.org\/{rel}","templated":true}]}}