{"id":813,"date":"2019-12-16T17:03:50","date_gmt":"2019-12-16T17:03:50","guid":{"rendered":"http:\/\/blue-waves-resort.ms.decms.eu\/?page_id=813"},"modified":"2023-02-02T10:28:58","modified_gmt":"2023-02-02T10:28:58","slug":"pogosta-vprasanja-in-odgovori","status":"publish","type":"page","link":"https:\/\/bluewaves.hr\/sl\/pogosta-vprasanja-in-odgovori\/","title":{"rendered":"Pogosta vpra\u0161anja in odgovori"},"content":{"rendered":"","protected":false},"excerpt":{"rendered":"","protected":false},"author":4,"featured_media":0,"parent":0,"menu_order":120,"comment_status":"closed","ping_status":"closed","template":"template-faqs.php","meta":{"footnotes":""},"class_list":["post-813","page","type-page","status-publish","hentry"],"yoast_head":"<!-- This site is optimized with the Yoast SEO plugin v26.9 - https:\/\/yoast.com\/product\/yoast-seo-wordpress\/ -->\n<title>Pogosta vpra\u0161anja in odgovori - Blue Waves Resort Malinska<\/title>\n<meta name=\"description\" content=\"Prijava je od 15.00, odjava pa do 10.00. Brez\u017ei\u010dni internet je brezpla\u010den v sobah in javnih hotelskih prostorih.\" \/>\n<meta name=\"robots\" content=\"index, follow, max-snippet:-1, max-image-preview:large, max-video-preview:-1\" \/>\n<link rel=\"canonical\" href=\"https:\/\/bluewaves.hr\/sl\/pogosta-vprasanja-in-odgovori\/\" \/>\n<meta property=\"og:locale\" content=\"sl_SI\" \/>\n<meta property=\"og:type\" content=\"article\" \/>\n<meta property=\"og:title\" content=\"Pogosta vpra\u0161anja in odgovori - Blue Waves Resort Malinska\" \/>\n<meta property=\"og:description\" content=\"Prijava je od 15.00, odjava pa do 10.00. Brez\u017ei\u010dni internet je brezpla\u010den v sobah in javnih hotelskih prostorih.\" \/>\n<meta property=\"og:url\" content=\"https:\/\/bluewaves.hr\/sl\/pogosta-vprasanja-in-odgovori\/\" \/>\n<meta property=\"og:site_name\" content=\"Blue Waves Resort\" \/>\n<meta property=\"article:modified_time\" content=\"2023-02-02T10:28:58+00:00\" \/>\n<meta name=\"twitter:card\" content=\"summary_large_image\" \/>\n<script type=\"application\/ld+json\" class=\"yoast-schema-graph\">{\"@context\":\"https:\/\/schema.org\",\"@graph\":[{\"@type\":\"WebPage\",\"@id\":\"https:\/\/bluewaves.hr\/sl\/pogosta-vprasanja-in-odgovori\/\",\"url\":\"https:\/\/bluewaves.hr\/sl\/pogosta-vprasanja-in-odgovori\/\",\"name\":\"Pogosta vpra\u0161anja in odgovori - Blue Waves Resort Malinska\",\"isPartOf\":{\"@id\":\"https:\/\/bluewaves.hr\/sl\/#website\"},\"datePublished\":\"2019-12-16T17:03:50+00:00\",\"dateModified\":\"2023-02-02T10:28:58+00:00\",\"description\":\"Prijava je od 15.00, odjava pa do 10.00. Brez\u017ei\u010dni internet je brezpla\u010den v sobah in javnih hotelskih prostorih.\",\"breadcrumb\":{\"@id\":\"https:\/\/bluewaves.hr\/sl\/pogosta-vprasanja-in-odgovori\/#breadcrumb\"},\"inLanguage\":\"sl-SI\",\"potentialAction\":[{\"@type\":\"ReadAction\",\"target\":[\"https:\/\/bluewaves.hr\/sl\/pogosta-vprasanja-in-odgovori\/\"]}]},{\"@type\":\"BreadcrumbList\",\"@id\":\"https:\/\/bluewaves.hr\/sl\/pogosta-vprasanja-in-odgovori\/#breadcrumb\",\"itemListElement\":[{\"@type\":\"ListItem\",\"position\":1,\"name\":\"Home\",\"item\":\"https:\/\/bluewaves.hr\/sl\/\"},{\"@type\":\"ListItem\",\"position\":2,\"name\":\"Pogosta vpra\u0161anja in odgovori\"}]},{\"@type\":\"WebSite\",\"@id\":\"https:\/\/bluewaves.hr\/sl\/#website\",\"url\":\"https:\/\/bluewaves.hr\/sl\/\",\"name\":\"Blue Waves Resort\",\"description\":\"Just another ms.decms.eu site\",\"publisher\":{\"@id\":\"https:\/\/bluewaves.hr\/sl\/#organization\"},\"potentialAction\":[{\"@type\":\"SearchAction\",\"target\":{\"@type\":\"EntryPoint\",\"urlTemplate\":\"https:\/\/bluewaves.hr\/sl\/?s={search_term_string}\"},\"query-input\":{\"@type\":\"PropertyValueSpecification\",\"valueRequired\":true,\"valueName\":\"search_term_string\"}}],\"inLanguage\":\"sl-SI\"},{\"@type\":\"Organization\",\"@id\":\"https:\/\/bluewaves.hr\/sl\/#organization\",\"name\":\"Blue Waves Resort\",\"url\":\"https:\/\/bluewaves.hr\/sl\/\",\"logo\":{\"@type\":\"ImageObject\",\"inLanguage\":\"sl-SI\",\"@id\":\"https:\/\/bluewaves.hr\/sl\/#\/schema\/logo\/image\/\",\"url\":\"https:\/\/bluewaves.hr\/wp-content\/uploads\/sites\/100\/2024\/01\/Blue-waves-logo-zlatni.png\",\"contentUrl\":\"https:\/\/bluewaves.hr\/wp-content\/uploads\/sites\/100\/2024\/01\/Blue-waves-logo-zlatni.png\",\"width\":1168,\"height\":652,\"caption\":\"Blue Waves Resort\"},\"image\":{\"@id\":\"https:\/\/bluewaves.hr\/sl\/#\/schema\/logo\/image\/\"}}]}<\/script>\n<!-- \/ Yoast SEO plugin. -->","yoast_head_json":{"title":"Pogosta vpra\u0161anja in odgovori - Blue Waves Resort Malinska","description":"Prijava je od 15.00, odjava pa do 10.00. Brez\u017ei\u010dni internet je brezpla\u010den v sobah in javnih hotelskih prostorih.","robots":{"index":"index","follow":"follow","max-snippet":"max-snippet:-1","max-image-preview":"max-image-preview:large","max-video-preview":"max-video-preview:-1"},"canonical":"https:\/\/bluewaves.hr\/sl\/pogosta-vprasanja-in-odgovori\/","og_locale":"sl_SI","og_type":"article","og_title":"Pogosta vpra\u0161anja in odgovori - Blue Waves Resort Malinska","og_description":"Prijava je od 15.00, odjava pa do 10.00. Brez\u017ei\u010dni internet je brezpla\u010den v sobah in javnih hotelskih prostorih.","og_url":"https:\/\/bluewaves.hr\/sl\/pogosta-vprasanja-in-odgovori\/","og_site_name":"Blue Waves Resort","article_modified_time":"2023-02-02T10:28:58+00:00","twitter_card":"summary_large_image","schema":{"@context":"https:\/\/schema.org","@graph":[{"@type":"WebPage","@id":"https:\/\/bluewaves.hr\/sl\/pogosta-vprasanja-in-odgovori\/","url":"https:\/\/bluewaves.hr\/sl\/pogosta-vprasanja-in-odgovori\/","name":"Pogosta vpra\u0161anja in odgovori - Blue Waves Resort Malinska","isPartOf":{"@id":"https:\/\/bluewaves.hr\/sl\/#website"},"datePublished":"2019-12-16T17:03:50+00:00","dateModified":"2023-02-02T10:28:58+00:00","description":"Prijava je od 15.00, odjava pa do 10.00. Brez\u017ei\u010dni internet je brezpla\u010den v sobah in javnih hotelskih prostorih.","breadcrumb":{"@id":"https:\/\/bluewaves.hr\/sl\/pogosta-vprasanja-in-odgovori\/#breadcrumb"},"inLanguage":"sl-SI","potentialAction":[{"@type":"ReadAction","target":["https:\/\/bluewaves.hr\/sl\/pogosta-vprasanja-in-odgovori\/"]}]},{"@type":"BreadcrumbList","@id":"https:\/\/bluewaves.hr\/sl\/pogosta-vprasanja-in-odgovori\/#breadcrumb","itemListElement":[{"@type":"ListItem","position":1,"name":"Home","item":"https:\/\/bluewaves.hr\/sl\/"},{"@type":"ListItem","position":2,"name":"Pogosta vpra\u0161anja in odgovori"}]},{"@type":"WebSite","@id":"https:\/\/bluewaves.hr\/sl\/#website","url":"https:\/\/bluewaves.hr\/sl\/","name":"Blue Waves Resort","description":"Just another ms.decms.eu site","publisher":{"@id":"https:\/\/bluewaves.hr\/sl\/#organization"},"potentialAction":[{"@type":"SearchAction","target":{"@type":"EntryPoint","urlTemplate":"https:\/\/bluewaves.hr\/sl\/?s={search_term_string}"},"query-input":{"@type":"PropertyValueSpecification","valueRequired":true,"valueName":"search_term_string"}}],"inLanguage":"sl-SI"},{"@type":"Organization","@id":"https:\/\/bluewaves.hr\/sl\/#organization","name":"Blue Waves Resort","url":"https:\/\/bluewaves.hr\/sl\/","logo":{"@type":"ImageObject","inLanguage":"sl-SI","@id":"https:\/\/bluewaves.hr\/sl\/#\/schema\/logo\/image\/","url":"https:\/\/bluewaves.hr\/wp-content\/uploads\/sites\/100\/2024\/01\/Blue-waves-logo-zlatni.png","contentUrl":"https:\/\/bluewaves.hr\/wp-content\/uploads\/sites\/100\/2024\/01\/Blue-waves-logo-zlatni.png","width":1168,"height":652,"caption":"Blue Waves Resort"},"image":{"@id":"https:\/\/bluewaves.hr\/sl\/#\/schema\/logo\/image\/"}}]}},"acf":[],"_links":{"self":[{"href":"https:\/\/bluewaves.hr\/sl\/wp-json\/wp\/v2\/pages\/813","targetHints":{"allow":["GET"]}}],"collection":[{"href":"https:\/\/bluewaves.hr\/sl\/wp-json\/wp\/v2\/pages"}],"about":[{"href":"https:\/\/bluewaves.hr\/sl\/wp-json\/wp\/v2\/types\/page"}],"author":[{"embeddable":true,"href":"https:\/\/bluewaves.hr\/sl\/wp-json\/wp\/v2\/users\/4"}],"replies":[{"embeddable":true,"href":"https:\/\/bluewaves.hr\/sl\/wp-json\/wp\/v2\/comments?post=813"}],"version-history":[{"count":0,"href":"https:\/\/bluewaves.hr\/sl\/wp-json\/wp\/v2\/pages\/813\/revisions"}],"wp:attachment":[{"href":"https:\/\/bluewaves.hr\/sl\/wp-json\/wp\/v2\/media?parent=813"}],"curies":[{"name":"wp","href":"https:\/\/api.w.org\/{rel}","templated":true}]}}