{"id":818,"date":"2019-12-16T17:04:47","date_gmt":"2019-12-16T17:04:47","guid":{"rendered":"http:\/\/blue-waves-resort.ms.decms.eu\/?page_id=818"},"modified":"2022-08-09T12:03:32","modified_gmt":"2022-08-09T12:03:32","slug":"pogoji-uporabe","status":"publish","type":"page","link":"https:\/\/bluewaves.hr\/sl\/pogoji-uporabe\/","title":{"rendered":"Pogoji uporabe"},"content":{"rendered":"<p><strong>Pogoji uporabe<\/strong><\/p>\n<p>Hvala, ker ste obiskali stran Blue Waves Resort. To stran in vse strani, ki jih ona vsebuje (skupaj, \u201cstran\u201d ali \u201cspletna stran\u201d) dajejo na voljo dru\u017eba Byder projektiranje d.o.o., Rova 33, Malinska, OIB HR55670089612 (v nadaljnjem besedilu:\u201cmi\u201d, \u201cnas\u201d, \u201cna\u0161e\u201d). Z uporabo te spletne strani sprejemate pogoje uporabe. \u010ce ne sprejemate pogojev, ne uporabljajte te spletne strani. Od \u010dasa do \u010dasa lahko spremenimo Izjavo o zasebnosti in Sporazum o uporabi, ki zadevata to spletno stranic, na osnovi morebitnih sprememb na\u0161e spletne strani in izku\u0161enj na\u0161ih uporabnikov. \u010ce imate vpra\u0161anja v zvezi z na\u0161o stranjo, s pravili o zasebnosti ali s sporazumom o uporabi, vas prosimo, da nam po\u0161ljete e-sporo\u010dilo na naslov info@bluewaves.hr.<\/p>\n<p>&nbsp;<\/p>\n<p><strong>Omejitve uporabe<\/strong><\/p>\n<p>Strinjamo se z neomejeno, neprenosljivo pravico do dostopa in uporabe na\u0161e spletne strani v nekomercialne namene. Vsaka nepoobla\u0161\u010dena uporaba te spletne strani ima za samodejno posledico prekinitev te pravice. Te pogoje lahko posodobimo ali spremenimo brez predhodnega obvestila. \u010ce nadaljujete z uporabo te spletne strani potem, ko objavimo spremembe pogojev, to pomeni, da sogla\u0161ate s spremenjenimi pogoji. \u010ce zakon ne zahteva druga\u010de, stopijo vse spremembe pogojev v veljavnost takoj po objavi na na\u0161i spletni strani.<\/p>\n<p>&nbsp;<\/p>\n<p><strong>Uporaba strani<\/strong><\/p>\n<p>Dostop na stran in do podatkov, ki jih vsebuje, je podvr\u017een navedenim pogojem in pravilom. Vsaka uporaba te spletne strani po prevzemu za\u010detne strani se bo smatrala kot privolitev v naslednje pravne pogoje:<\/p>\n<p>Vsebine te strani so dostopne samo osebam, ki lahko sklenejo pravno zavezujo\u010do pogodbo po veljavnem , kart pomeni, da niso dostopne mladoletnim osebam. Z uporabo te strani izjavljate, da imate dovolj let starosti za uporabo te strani in za sklepanje pravno zavezujo\u010dih odnosov za obveznosti, ki lahko nastanejo z uporabo te strani. Prav tako jam\u010dite, da ste pravno poobla\u0161\u010deni za opravljanje rezervacij potovanj in\/ali nakup za sebe ali za druge osebe, v katerih imenu ste poobla\u0161\u010deni za delovanje.<\/p>\n<p>To stran smete uporabljati samo za legitimne rezervacije ali nakup in je ne boste uporabljali v kateri koli drug namen, vklju\u010dno, ali brez omejitve na, \u0161pekulacijske, la\u017ene ali prevarne rezervacije, ali kakr\u0161ne koli rezervacije v pri\u010dakovanju povpra\u0161evanja.<\/p>\n<p>Ta stran je namenjena izklju\u010dno va\u0161i osebni uporabi. Komercialna uporaba te strani je strogo prepovedana, razen v primeru na\u0161e predhodne pisne odobritve. Sogla\u0161ate, da ne boste uporabljali te spletne strani za po\u0161iljanje veri\u017enih pisem, ne\u017eelene po\u0161te (junk in spamming), propagando (komercialno ali nekomercialno) ali masovno komunikacijo katere koli vrste, vklju\u010dno, ali brez omejitve na, skupne maile kateri koli osebi, ki ni dala izrecnega dovoljenja, da se jo vklju\u010di na tak seznam. Razen tega sogla\u0161ate, da ne boste kreirali hypertext povezav s katere koli strani, ki jo kontrolirate vi ali nekdo drug na to stran brez izrecne pisne odobritve z na\u0161e strani, prav tako sogla\u0161ate, da se ne boste pretvarjali, da ste neka druga oseba ali predstavnik katerega koli subjekta, resni\u010dnega ali fiktivnega, vklju\u010dno z zaposlenimi ali na\u0161imi agenti ali katero koli tretjo stranjo, ki nudi storitve v zvezi s to stranjo.<\/p>\n<p>Sogla\u0161ate, da ne boste uporabljali robotov, spiderjev, drugih samodejnih priprav ali ro\u010dnih procesov, de bi nadzirali ali kopirali stran ali katero koli vsebino ali informacijo, ki ju ta vsebuje, razen, \u010de predhodno pridobite na\u0161o izrecno pisno odobritev. Sogla\u0161ate, da ne boste na kakr\u0161en koli na\u010din vplivali ali posku\u0161ali vplivati na pravilno delovanje strani.<br \/>\nSogla\u0161ate, da tej strani ne boste posredovali: (i) kakr\u0161nih koli ra\u010dunalni\u0161kih virusov, \u010drvov, \u010dasovnih bomb in\/ali drugih programskih rutin, katerih namen je, da uni\u010dijo, \u0161kodljivo vplivajo, prekinejo ali odtujijo kateri koli sistem, podatke ali informacije; in (ii) kakr\u0161nih koli vsebin, ki bi lahko bile za nas kakor koli zavezujo\u010de.<\/p>\n<p>V obsegu, ki ga dopu\u0161\u010dajo veljavni zakon in regulative, se informacije, ki so dostopne na strani, ne morejo smatrati kot osnova za katero koli pomembno osebno ali poslovno odlo\u010ditev ter sogla\u0161ate, da nas ne boste smatrali za kakorkoli odgovorne za morebitno neizpolnitev va\u0161ih pri\u010dakovanj.<\/p>\n<p>Ta stran vsebuje povezave na ostale spletne strani. Povezave objavljamo izklju\u010dno kot ugodnost za vas in samo v informativne namene. Nismo pregledali vseh informacij na teh drugih spletnih straneh. Uvr\u0161\u010danje teh povezav na nikakr\u0161en na\u010din ne pomeni, da podpiramo ali odobravamo vsebino, reklame, proizvode, storitev, politike ali druge materiale, ki se nahajajo na teh spletnih straneh ali ki so dostopni z njih. \u010ce se odlo\u010dite za dostop na druge spletne strani, delate to na lastno odgovornost.<\/p>\n<p>Opisi proizvodov, objavljeni na na\u0161ih straneh o proizvodih, so prikazi na\u0161ih dobaviteljev. Stran lahko vsebuje tehni\u010dne neto\u010dnosti ali tipografske napake ali pomanjkljivosti. Ne odgovarjamo za tipografske napake in neto\u010dne cene, informacije o proizvodih, reklame ali podatke o dostavi. Ogla\u0161evane cene in dostopne koli\u010dine so podvr\u017eene spremembam brez predhodne najave.<\/p>\n<p>NE PREVZEMAMO ODGOVORNOSTI ZA MOREBITNE \u0160KODE ALI PO\u0160KODBE, VKLJU\u010cNO (ALI BREZ OMEJITVE NA) POSEBNE ALI POSLEDI\u010cNE \u0160KODE, POVZRO\u010cENE Z VA\u0160O UPORABO (ALI MANJKAJO\u010cO MO\u017dNOSTJO UPORABE) TE SPLETNE STRANI, VKLJU\u010cNO Z MOREBITNO \u0160KODO ALI PO\u0160KODBO, POVZRO\u010cENO ZARADI NAPAKE V IZVEDBI, NAPAKO, OPUSTITVIJO, PREKINITVIJO, POMANJKLJIVOSTJO, ZAMUDO, RA\u010cUNALNI\u0160KIMI VIRUSI, OKVARO, ALI NEKIMI DRUGIMI OKVARAMI RA\u010cUNALNIKA. IZJAVLJATE, DA DAJEMO VSEBINE TE SPLETNE STRANI NA VOLJO V STANJU, V KATEREM SE NAHAJAJO, BREZ VSAKR\u0160NE GARANCIJE KATERE KOLI VRSTE. TO SPLETNO STRAN IN VSE MATERIALE, KI JIH ONA VSEBUJE, UPORABLJATE IZKLJU\u010cNO NA LASTNO ODGOVORNOST.<\/p>\n<h2>Pogoji prodaje<\/h2>\n<p>Na\u010dini pla\u010dila in pogoji<br \/>\n\u2022 Kreditna kartica bo zara\u010dunana za celoten znesek v skladu s pogoji sprejete ponudbe.<br \/>\n\u2022 Sprejemamo naslednje kartice: MasterCard, Maestro in Visa<br \/>\n<img loading=\"lazy\" decoding=\"async\" class=\"alignnone size-medium wp-image-1050\" src=\"https:\/\/www.bluewaves.hr\/wp-content\/uploads\/sites\/100\/2020\/01\/master-card-png-7-300x246.png\" alt=\"\" width=\"300\" height=\"246\" srcset=\"https:\/\/bluewaves.hr\/wp-content\/uploads\/sites\/100\/2020\/01\/master-card-png-7-300x246.png 300w, https:\/\/bluewaves.hr\/wp-content\/uploads\/sites\/100\/2020\/01\/master-card-png-7.png 512w\" sizes=\"auto, (max-width: 300px) 100vw, 300px\" \/><img loading=\"lazy\" decoding=\"async\" class=\"alignnone size-medium wp-image-1052\" src=\"https:\/\/www.bluewaves.hr\/wp-content\/uploads\/sites\/100\/2020\/01\/Visa-300x169.png\" alt=\"\" width=\"300\" height=\"169\" srcset=\"https:\/\/bluewaves.hr\/wp-content\/uploads\/sites\/100\/2020\/01\/Visa-300x169.png 300w, https:\/\/bluewaves.hr\/wp-content\/uploads\/sites\/100\/2020\/01\/Visa-768x432.png 768w, https:\/\/bluewaves.hr\/wp-content\/uploads\/sites\/100\/2020\/01\/Visa.png 800w\" sizes=\"auto, (max-width: 300px) 100vw, 300px\" \/><img loading=\"lazy\" decoding=\"async\" class=\"alignnone size-medium wp-image-1051\" src=\"https:\/\/www.bluewaves.hr\/wp-content\/uploads\/sites\/100\/2020\/01\/mc-secure-300x153.png\" alt=\"\" width=\"300\" height=\"153\" srcset=\"https:\/\/bluewaves.hr\/wp-content\/uploads\/sites\/100\/2020\/01\/mc-secure-300x153.png 300w, https:\/\/bluewaves.hr\/wp-content\/uploads\/sites\/100\/2020\/01\/mc-secure.png 380w\" sizes=\"auto, (max-width: 300px) 100vw, 300px\" \/><img loading=\"lazy\" decoding=\"async\" class=\"alignnone size-medium wp-image-1053\" src=\"https:\/\/www.bluewaves.hr\/wp-content\/uploads\/sites\/100\/2020\/01\/Logo-Verified_by_Visa-300x200.png\" alt=\"\" width=\"300\" height=\"200\" srcset=\"https:\/\/bluewaves.hr\/wp-content\/uploads\/sites\/100\/2020\/01\/Logo-Verified_by_Visa-300x200.png 300w, https:\/\/bluewaves.hr\/wp-content\/uploads\/sites\/100\/2020\/01\/Logo-Verified_by_Visa-768x512.png 768w, https:\/\/bluewaves.hr\/wp-content\/uploads\/sites\/100\/2020\/01\/Logo-Verified_by_Visa-1024x683.png 1024w, https:\/\/bluewaves.hr\/wp-content\/uploads\/sites\/100\/2020\/01\/Logo-Verified_by_Visa-600x400.png 600w, https:\/\/bluewaves.hr\/wp-content\/uploads\/sites\/100\/2020\/01\/Logo-Verified_by_Visa-450x300.png 450w, https:\/\/bluewaves.hr\/wp-content\/uploads\/sites\/100\/2020\/01\/Logo-Verified_by_Visa.png 1600w\" sizes=\"auto, (max-width: 300px) 100vw, 300px\" \/><br \/>\n\u2022 Kreditno kartico bomo bremenili v lokalni valuti (HRK).<br \/>\n\u2022 Va\u0161i osebni podatki in podatki o kreditni kartici so popolnoma za\u0161\u010diteni. Prenos podatkov poteka prek varnostnega stre\u017enika.<br \/>\n\u2022 Vra\u010dilo zneska kreditne kartice se izvede pod naslednjimi pogoji:<br \/>\n&#8211; Povra\u010dilo denarja je mogo\u010de zahtevati v skladu s pogoji, navedenimi na potrditvi rezervacije.<br \/>\n&#8211; Vra\u010dilo bo izvedeno na enak na\u010din, kot je bila transakcija izvr\u0161ena.<br \/>\n\u2022 V primeru, da kreditne kartice ni mogo\u010de zara\u010dunati, si pridr\u017eujemo pravico do preklica naro\u010dila<br \/>\n\u2022 \u010ce imate kakr\u0161na koli vpra\u0161anja, nam pi\u0161ite na 00385 51 654 002 ali na elektronski naslov info@bluewaves.hr.<\/p>\n<h4>TRGOVINA &#8211; BLUE WAVES RESORT<\/h4>\n<p>Ime podjetja: Byder projektiranje d.o.o.<br \/>\nSede\u017e: Rova 33, 51511 Malinska<br \/>\nOIB: HR55670089612<br \/>\nT: +385 51 654 002<br \/>\nE-po\u0161ta: info@bluewaves.hr<\/p>\n<h4>Izjava o za\u0161\u010diti in zbiranju osebnih podatkov in njeni uporabi<\/h4>\n<p>Byder projektiranje d.o.o. (Blue Waves Resort) zbira samo potrebne, osnovne osebne podatke strank, ki so potrebni za izpolnitev njegovih poslovnih obveznosti. Zbrani osebni podatki se strogo hranijo, uporabljajo samo za namene, za katere so bili zbrani, in so dostopni samo poobla\u0161\u010denim zaposlenim.<br \/>\nVsi zaposleni Byder design d.o.o. (Blue Waves Resort) in njegovi poslovni partnerji so odgovorni za spo\u0161tovanje na\u010del zasebnosti.<\/p>\n<h3>Izjava o uporabi WSPay<\/h3>\n<p>Byder projektiranje d.o.o. (Blue Waves Resort) za pla\u010dila prek spleta uporablja sistem WSPay.<br \/>\n<img loading=\"lazy\" decoding=\"async\" class=\"size-medium wp-image-1054 aligncenter\" src=\"https:\/\/www.bluewaves.hr\/wp-content\/uploads\/sites\/100\/2020\/01\/wspay-logo-300x169.jpg\" alt=\"\" width=\"300\" height=\"169\" srcset=\"https:\/\/bluewaves.hr\/wp-content\/uploads\/sites\/100\/2020\/01\/wspay-logo-300x169.jpg 300w, https:\/\/bluewaves.hr\/wp-content\/uploads\/sites\/100\/2020\/01\/wspay-logo-768x432.jpg 768w, https:\/\/bluewaves.hr\/wp-content\/uploads\/sites\/100\/2020\/01\/wspay-logo.jpg 800w\" sizes=\"auto, (max-width: 300px) 100vw, 300px\" \/><br \/>\nWSPay je varen sistem za spletno pla\u010devanje, pla\u010dilo v realnem \u010dasu, kreditne in debetne kartice ter druge na\u010dine pla\u010dila. WSPay kupcu in trgovcu zagotavlja varen vnos in prenos vnesenih podatkov kartice, kar potrjuje PCI DSS certifikat, ki ga ima WSPay. WSPay uporablja 256 bitno \u0161ifrirano SSL potrdilo in kriptografski protokol TLS 1.2 kot najvi\u0161jo raven za\u0161\u010dite vnosa in prenosa podatkov.<\/p>\n<h4>Izjava o zasebnosti<\/h4>\n<p>Varstvo osebnih podatkov v skladu s Splo\u0161no uredbo Evropskega parlamenta in Sveta 2016\/679-Uredba o varstvu podatkov in izvajanje Splo\u0161ne uredbe o varstvu podatkov<br \/>\nWSPay kot izvajalec odobritve in izdajanja ra\u010dunov s kreditnimi karticami obdeluje osebne podatke kot sredstvo za obdelavo in obdeluje osebne podatke v skladu s Splo\u0161no uredbo Evropskega parlamenta in Sveta o varstvu podatkov 2016\/679 in strogimi pravili PCI DSS L1 o za\u0161\u010diti vpisa in prenos podatkov.<br \/>\nWSPay uporablja 256 bitno \u0161ifrirano SSL potrdilo in kriptografski protokol TLS 1.2 kot najvi\u0161jo raven za\u0161\u010dite vnosa in prenosa podatkov.<br \/>\nOsebni podatki, ki se uporabljajo za avtorizacijo in zbiranje ali za izpolnjevanje obveznosti iz sporazuma ali na podlagi sporazuma, se \u0161tejejo za zaupne.<br \/>\nWSPay ne obdeluje in ne uporablja osebnih podatkov, razen za namene izvajanja avtorizacije in pogodbe za obra\u010dun.<br \/>\nWSPay zagotavlja, da so izpolnjene vse zahteve, dolo\u010dene v veljavnih predpisih o varstvu osebnih podatkov za ponudnike obdelave osebnih podatkov, in zlasti, da so sprejeti vsi potrebni tehni\u010dni, organizacijski in varnostni ukrepi, \u0161e posebej pa to potrjuje PCI DSS L1 certificiranje.<\/p>\n<p><strong>Lastni\u0161tvo<\/strong><\/p>\n<p>Vse vsebine te spletne strani, kot so grafika, logotipi, \u010dlanki in ostali materiali, so lastnina Byder projektiranje d.o.o. ter so za\u0161\u010diteni z avtorskim pravom in drugimi zakoni. Vsi za\u0161\u010ditni znaki in logotipi, prikazani na tej spletni strani, so lastnina njihovih lastnikov, ki so lahko, vendar niso nujno povezani z na\u0161o organizacijo.<\/p>\n<p>&nbsp;<\/p>\n<p><strong>Veljavno pravo<\/strong><\/p>\n<p>Sogla\u0161ate, da je va\u0161a uporaba te strani, ta Izjava o zasebnosti in Sporazum o uporabi ter morebitni spori v zvezi s temi dokumenti v vsakem pogledu podvr\u017eeni ustreznim zakonom Republike Hrva\u0161ke. Morebitne spore v zvezi z navedenim se bodo re\u0161evali izklju\u010dno pri pristojnih sodi\u0161\u010dih v Reki na Hrva\u0161kem.<\/p>\n<p>&nbsp;<\/p>\n<p><strong>Obvestilo o pravici do vlo\u017eitve pisne prito\u017ebe<\/strong><\/p>\n<p>V skladu s \u010dlenom 21 (1) Zakona o opravljanju storitev v turizmu (NN 130\/17) cenjenje potro\u0161nike obve\u0161\u010damo, da se lahko v primeru nezadovoljstva z na\u0161imi storitvami prito\u017eijo po po\u0161ti na naslov, elektronski po\u0161ti, telefaksu, z vpisom v Knjigo prito\u017eb, ki je v objektu. Prejem pisne prito\u017ebe bomo nemudoma potrdili v pisni obliki in nanjo pisno odgovorili v roku 15 dni od prejema.<\/p>\n","protected":false},"excerpt":{"rendered":"<p>Pogoji uporabe Hvala, ker ste obiskali stran Blue Waves Resort. To stran in vse strani, ki jih ona vsebuje (skupaj, \u201cstran\u201d ali \u201cspletna stran\u201d) dajejo na voljo dru\u017eba Byder projektiranje d.o.o., Rova 33, Malinska, OIB HR55670089612 (v nadaljnjem besedilu:\u201cmi\u201d, \u201cnas\u201d, \u201cna\u0161e\u201d). Z uporabo te spletne strani sprejemate pogoje uporabe. \u010ce ne sprejemate pogojev, ne uporabljajte [&hellip;]<\/p>\n","protected":false},"author":3,"featured_media":0,"parent":0,"menu_order":140,"comment_status":"closed","ping_status":"closed","template":"","meta":{"footnotes":""},"class_list":["post-818","page","type-page","status-publish","hentry"],"yoast_head":"<!-- This site is optimized with the Yoast SEO plugin v26.9 - https:\/\/yoast.com\/product\/yoast-seo-wordpress\/ -->\n<title>Pogoji uporabe - Blue Waves Resort<\/title>\n<meta name=\"robots\" content=\"index, follow, max-snippet:-1, max-image-preview:large, max-video-preview:-1\" \/>\n<link rel=\"canonical\" href=\"https:\/\/bluewaves.hr\/sl\/pogoji-uporabe\/\" \/>\n<meta property=\"og:locale\" content=\"sl_SI\" \/>\n<meta property=\"og:type\" content=\"article\" \/>\n<meta property=\"og:title\" content=\"Pogoji uporabe - Blue Waves Resort\" \/>\n<meta property=\"og:description\" content=\"Pogoji uporabe Hvala, ker ste obiskali stran Blue Waves Resort. To stran in vse strani, ki jih ona vsebuje (skupaj, \u201cstran\u201d ali \u201cspletna stran\u201d) dajejo na voljo dru\u017eba Byder projektiranje d.o.o., Rova 33, Malinska, OIB HR55670089612 (v nadaljnjem besedilu:\u201cmi\u201d, \u201cnas\u201d, \u201cna\u0161e\u201d). Z uporabo te spletne strani sprejemate pogoje uporabe. \u010ce ne sprejemate pogojev, ne uporabljajte [&hellip;]\" \/>\n<meta property=\"og:url\" content=\"https:\/\/bluewaves.hr\/sl\/pogoji-uporabe\/\" \/>\n<meta property=\"og:site_name\" content=\"Blue Waves Resort\" \/>\n<meta property=\"article:modified_time\" content=\"2022-08-09T12:03:32+00:00\" \/>\n<meta property=\"og:image\" content=\"https:\/\/www.bluewaves.hr\/wp-content\/uploads\/sites\/100\/2020\/01\/master-card-png-7-300x246.png\" \/>\n<meta name=\"twitter:card\" content=\"summary_large_image\" \/>\n<meta name=\"twitter:label1\" content=\"Est. reading time\" \/>\n\t<meta name=\"twitter:data1\" content=\"8 minut\" \/>\n<script type=\"application\/ld+json\" class=\"yoast-schema-graph\">{\"@context\":\"https:\/\/schema.org\",\"@graph\":[{\"@type\":\"WebPage\",\"@id\":\"https:\/\/bluewaves.hr\/sl\/pogoji-uporabe\/\",\"url\":\"https:\/\/bluewaves.hr\/sl\/pogoji-uporabe\/\",\"name\":\"Pogoji uporabe - Blue Waves Resort\",\"isPartOf\":{\"@id\":\"https:\/\/bluewaves.hr\/sl\/#website\"},\"primaryImageOfPage\":{\"@id\":\"https:\/\/bluewaves.hr\/sl\/pogoji-uporabe\/#primaryimage\"},\"image\":{\"@id\":\"https:\/\/bluewaves.hr\/sl\/pogoji-uporabe\/#primaryimage\"},\"thumbnailUrl\":\"https:\/\/www.bluewaves.hr\/wp-content\/uploads\/sites\/100\/2020\/01\/master-card-png-7-300x246.png\",\"datePublished\":\"2019-12-16T17:04:47+00:00\",\"dateModified\":\"2022-08-09T12:03:32+00:00\",\"breadcrumb\":{\"@id\":\"https:\/\/bluewaves.hr\/sl\/pogoji-uporabe\/#breadcrumb\"},\"inLanguage\":\"sl-SI\",\"potentialAction\":[{\"@type\":\"ReadAction\",\"target\":[\"https:\/\/bluewaves.hr\/sl\/pogoji-uporabe\/\"]}]},{\"@type\":\"ImageObject\",\"inLanguage\":\"sl-SI\",\"@id\":\"https:\/\/bluewaves.hr\/sl\/pogoji-uporabe\/#primaryimage\",\"url\":\"https:\/\/www.bluewaves.hr\/wp-content\/uploads\/sites\/100\/2020\/01\/master-card-png-7-300x246.png\",\"contentUrl\":\"https:\/\/www.bluewaves.hr\/wp-content\/uploads\/sites\/100\/2020\/01\/master-card-png-7-300x246.png\"},{\"@type\":\"BreadcrumbList\",\"@id\":\"https:\/\/bluewaves.hr\/sl\/pogoji-uporabe\/#breadcrumb\",\"itemListElement\":[{\"@type\":\"ListItem\",\"position\":1,\"name\":\"Home\",\"item\":\"https:\/\/bluewaves.hr\/sl\/\"},{\"@type\":\"ListItem\",\"position\":2,\"name\":\"Pogoji uporabe\"}]},{\"@type\":\"WebSite\",\"@id\":\"https:\/\/bluewaves.hr\/sl\/#website\",\"url\":\"https:\/\/bluewaves.hr\/sl\/\",\"name\":\"Blue Waves Resort\",\"description\":\"Just another ms.decms.eu site\",\"publisher\":{\"@id\":\"https:\/\/bluewaves.hr\/sl\/#organization\"},\"potentialAction\":[{\"@type\":\"SearchAction\",\"target\":{\"@type\":\"EntryPoint\",\"urlTemplate\":\"https:\/\/bluewaves.hr\/sl\/?s={search_term_string}\"},\"query-input\":{\"@type\":\"PropertyValueSpecification\",\"valueRequired\":true,\"valueName\":\"search_term_string\"}}],\"inLanguage\":\"sl-SI\"},{\"@type\":\"Organization\",\"@id\":\"https:\/\/bluewaves.hr\/sl\/#organization\",\"name\":\"Blue Waves Resort\",\"url\":\"https:\/\/bluewaves.hr\/sl\/\",\"logo\":{\"@type\":\"ImageObject\",\"inLanguage\":\"sl-SI\",\"@id\":\"https:\/\/bluewaves.hr\/sl\/#\/schema\/logo\/image\/\",\"url\":\"https:\/\/bluewaves.hr\/wp-content\/uploads\/sites\/100\/2024\/01\/Blue-waves-logo-zlatni.png\",\"contentUrl\":\"https:\/\/bluewaves.hr\/wp-content\/uploads\/sites\/100\/2024\/01\/Blue-waves-logo-zlatni.png\",\"width\":1168,\"height\":652,\"caption\":\"Blue Waves Resort\"},\"image\":{\"@id\":\"https:\/\/bluewaves.hr\/sl\/#\/schema\/logo\/image\/\"}}]}<\/script>\n<!-- \/ Yoast SEO plugin. -->","yoast_head_json":{"title":"Pogoji uporabe - Blue Waves Resort","robots":{"index":"index","follow":"follow","max-snippet":"max-snippet:-1","max-image-preview":"max-image-preview:large","max-video-preview":"max-video-preview:-1"},"canonical":"https:\/\/bluewaves.hr\/sl\/pogoji-uporabe\/","og_locale":"sl_SI","og_type":"article","og_title":"Pogoji uporabe - Blue Waves Resort","og_description":"Pogoji uporabe Hvala, ker ste obiskali stran Blue Waves Resort. To stran in vse strani, ki jih ona vsebuje (skupaj, \u201cstran\u201d ali \u201cspletna stran\u201d) dajejo na voljo dru\u017eba Byder projektiranje d.o.o., Rova 33, Malinska, OIB HR55670089612 (v nadaljnjem besedilu:\u201cmi\u201d, \u201cnas\u201d, \u201cna\u0161e\u201d). Z uporabo te spletne strani sprejemate pogoje uporabe. \u010ce ne sprejemate pogojev, ne uporabljajte [&hellip;]","og_url":"https:\/\/bluewaves.hr\/sl\/pogoji-uporabe\/","og_site_name":"Blue Waves Resort","article_modified_time":"2022-08-09T12:03:32+00:00","og_image":[{"url":"https:\/\/www.bluewaves.hr\/wp-content\/uploads\/sites\/100\/2020\/01\/master-card-png-7-300x246.png","type":"","width":"","height":""}],"twitter_card":"summary_large_image","twitter_misc":{"Est. reading time":"8 minut"},"schema":{"@context":"https:\/\/schema.org","@graph":[{"@type":"WebPage","@id":"https:\/\/bluewaves.hr\/sl\/pogoji-uporabe\/","url":"https:\/\/bluewaves.hr\/sl\/pogoji-uporabe\/","name":"Pogoji uporabe - Blue Waves Resort","isPartOf":{"@id":"https:\/\/bluewaves.hr\/sl\/#website"},"primaryImageOfPage":{"@id":"https:\/\/bluewaves.hr\/sl\/pogoji-uporabe\/#primaryimage"},"image":{"@id":"https:\/\/bluewaves.hr\/sl\/pogoji-uporabe\/#primaryimage"},"thumbnailUrl":"https:\/\/www.bluewaves.hr\/wp-content\/uploads\/sites\/100\/2020\/01\/master-card-png-7-300x246.png","datePublished":"2019-12-16T17:04:47+00:00","dateModified":"2022-08-09T12:03:32+00:00","breadcrumb":{"@id":"https:\/\/bluewaves.hr\/sl\/pogoji-uporabe\/#breadcrumb"},"inLanguage":"sl-SI","potentialAction":[{"@type":"ReadAction","target":["https:\/\/bluewaves.hr\/sl\/pogoji-uporabe\/"]}]},{"@type":"ImageObject","inLanguage":"sl-SI","@id":"https:\/\/bluewaves.hr\/sl\/pogoji-uporabe\/#primaryimage","url":"https:\/\/www.bluewaves.hr\/wp-content\/uploads\/sites\/100\/2020\/01\/master-card-png-7-300x246.png","contentUrl":"https:\/\/www.bluewaves.hr\/wp-content\/uploads\/sites\/100\/2020\/01\/master-card-png-7-300x246.png"},{"@type":"BreadcrumbList","@id":"https:\/\/bluewaves.hr\/sl\/pogoji-uporabe\/#breadcrumb","itemListElement":[{"@type":"ListItem","position":1,"name":"Home","item":"https:\/\/bluewaves.hr\/sl\/"},{"@type":"ListItem","position":2,"name":"Pogoji uporabe"}]},{"@type":"WebSite","@id":"https:\/\/bluewaves.hr\/sl\/#website","url":"https:\/\/bluewaves.hr\/sl\/","name":"Blue Waves Resort","description":"Just another ms.decms.eu site","publisher":{"@id":"https:\/\/bluewaves.hr\/sl\/#organization"},"potentialAction":[{"@type":"SearchAction","target":{"@type":"EntryPoint","urlTemplate":"https:\/\/bluewaves.hr\/sl\/?s={search_term_string}"},"query-input":{"@type":"PropertyValueSpecification","valueRequired":true,"valueName":"search_term_string"}}],"inLanguage":"sl-SI"},{"@type":"Organization","@id":"https:\/\/bluewaves.hr\/sl\/#organization","name":"Blue Waves Resort","url":"https:\/\/bluewaves.hr\/sl\/","logo":{"@type":"ImageObject","inLanguage":"sl-SI","@id":"https:\/\/bluewaves.hr\/sl\/#\/schema\/logo\/image\/","url":"https:\/\/bluewaves.hr\/wp-content\/uploads\/sites\/100\/2024\/01\/Blue-waves-logo-zlatni.png","contentUrl":"https:\/\/bluewaves.hr\/wp-content\/uploads\/sites\/100\/2024\/01\/Blue-waves-logo-zlatni.png","width":1168,"height":652,"caption":"Blue Waves Resort"},"image":{"@id":"https:\/\/bluewaves.hr\/sl\/#\/schema\/logo\/image\/"}}]}},"acf":[],"_links":{"self":[{"href":"https:\/\/bluewaves.hr\/sl\/wp-json\/wp\/v2\/pages\/818","targetHints":{"allow":["GET"]}}],"collection":[{"href":"https:\/\/bluewaves.hr\/sl\/wp-json\/wp\/v2\/pages"}],"about":[{"href":"https:\/\/bluewaves.hr\/sl\/wp-json\/wp\/v2\/types\/page"}],"author":[{"embeddable":true,"href":"https:\/\/bluewaves.hr\/sl\/wp-json\/wp\/v2\/users\/3"}],"replies":[{"embeddable":true,"href":"https:\/\/bluewaves.hr\/sl\/wp-json\/wp\/v2\/comments?post=818"}],"version-history":[{"count":0,"href":"https:\/\/bluewaves.hr\/sl\/wp-json\/wp\/v2\/pages\/818\/revisions"}],"wp:attachment":[{"href":"https:\/\/bluewaves.hr\/sl\/wp-json\/wp\/v2\/media?parent=818"}],"curies":[{"name":"wp","href":"https:\/\/api.w.org\/{rel}","templated":true}]}}